{"id":901,"date":"2025-09-09T00:58:03","date_gmt":"2025-09-08T17:58:03","guid":{"rendered":"https:\/\/vuoncauvong.com\/?post_type=product&#038;p=901"},"modified":"2026-04-14T15:31:47","modified_gmt":"2026-04-14T08:31:47","slug":"cay-luoi-ho-mini-de-ban","status":"publish","type":"product","link":"https:\/\/vuoncauvong.com\/index.php\/san-pham\/cay-luoi-ho-mini-de-ban\/","title":{"rendered":"C\u00e2y l\u01b0\u1ee1i h\u1ed5 mini \u0111\u1ec3 b\u00e0n"},"content":{"rendered":"<p data-start=\"193\" data-end=\"682\"><em><strong data-start=\"193\" data-end=\"215\">C\u00e2y l\u01b0\u1ee1i h\u1ed5 \u0111\u1ec3 b\u00e0n<\/strong><\/em>\u00a0l\u00e0 m\u1ed9t trong nh\u1eefng lo\u1ea1i c\u00e2y c\u1ea3nh \u0111\u01b0\u1ee3c \u01b0a chu\u1ed9ng nh\u1ea5t hi\u1ec7n nay nh\u1edd v\u1ebb ngo\u00e0i kh\u1ecfe kho\u1eafn, sang tr\u1ecdng v\u00e0 nhi\u1ec1u c\u00f4ng d\u1ee5ng t\u1ed1t cho s\u1ee9c kh\u1ecfe l\u1eabn phong th\u1ee7y. C\u00e2y c\u00f3 d\u00e1ng l\u00e1 th\u1eb3ng \u0111\u1ee9ng, d\u00e0y, xanh \u0111\u1eadm v\u1edbi nh\u1eefng v\u00e2n v\u00e0ng n\u1ed5i b\u1eadt d\u1ecdc theo m\u00e9p l\u00e1, t\u1ea1o n\u00ean v\u1ebb \u0111\u1eb9p m\u1ea1nh m\u1ebd, hi\u1ec7n \u0111\u1ea1i nh\u01b0ng v\u1eabn r\u1ea5t tinh t\u1ebf. Nh\u1edd k\u00edch th\u01b0\u1edbc nh\u1ecf g\u1ecdn, l\u01b0\u1ee1i h\u1ed5 \u0111\u1ec3 b\u00e0n th\u01b0\u1eddng \u0111\u01b0\u1ee3c ch\u1ecdn \u0111\u1ec3 trang tr\u00ed b\u00e0n l\u00e0m vi\u1ec7c, b\u00e0n h\u1ecdc, qu\u1ea7y l\u1ec5 t\u00e2n hay k\u1ec7 s\u00e1ch, mang l\u1ea1i c\u1ea3m gi\u00e1c g\u1ecdn g\u00e0ng v\u00e0 sang tr\u1ecdng cho kh\u00f4ng gian.<\/p>\n<p data-start=\"684\" data-end=\"1263\">V\u1ec1\u00a0<strong data-start=\"687\" data-end=\"699\">t\u00e1c d\u1ee5ng<\/strong>,\u00a0<em><strong>c\u00e2y l\u01b0\u1ee1i h\u1ed5<\/strong>\u00a0<\/em>n\u1ed5i ti\u1ebfng v\u1edbi kh\u1ea3 n\u0103ng thanh l\u1ecdc kh\u00f4ng kh\u00ed. Theo nghi\u00ean c\u1ee9u c\u1ee7a NASA, \u0111\u00e2y l\u00e0 m\u1ed9t trong nh\u1eefng lo\u1ea1i c\u00e2y c\u00f3 th\u1ec3 h\u1ea5p th\u1ee5 kh\u00ed \u0111\u1ed9c h\u1ea1i nh\u01b0 formaldehyde, toluene, benzen\u2026 v\u00e0 nh\u1ea3 oxy v\u00e0o ban \u0111\u00eam. V\u00ec v\u1eady, l\u01b0\u1ee1i h\u1ed5 gi\u00fap kh\u00f4ng gian trong l\u00e0nh, m\u00e1t m\u1ebb v\u00e0 h\u1ed7 tr\u1ee3 gi\u1ea5c ng\u1ee7 s\u00e2u h\u01a1n. V\u1edbi s\u1eafc xanh \u2013 v\u00e0ng n\u1ed5i b\u1eadt, c\u00e2y c\u00f2n t\u1ea1o c\u1ea3m gi\u00e1c th\u01b0 gi\u00e3n, gi\u1ea3i t\u1ecfa c\u0103ng th\u1eb3ng, gi\u00fap tinh th\u1ea7n t\u1ec9nh t\u00e1o v\u00e0 t\u0103ng hi\u1ec7u qu\u1ea3 c\u00f4ng vi\u1ec7c, h\u1ecdc t\u1eadp. \u0110\u00e2y ch\u00ednh l\u00e0 l\u1ef1a ch\u1ecdn l\u00fd t\u01b0\u1edfng cho nh\u1eefng ai mong mu\u1ed1n theo \u0111u\u1ed5i phong c\u00e1ch\u00a0<strong data-start=\"1193\" data-end=\"1206\">s\u1ed1ng xanh<\/strong>, \u0111\u01b0a thi\u00ean nhi\u00ean v\u00e0o g\u1ea7n h\u01a1n trong cu\u1ed9c s\u1ed1ng hi\u1ec7n \u0111\u1ea1i.<\/p>\n<p data-start=\"1265\" data-end=\"1622\">Trong\u00a0<strong data-start=\"1271\" data-end=\"1285\">phong th\u1ee7y<\/strong>,\u00a0<em><strong>l\u01b0\u1ee1i h\u1ed5<\/strong><\/em>\u00a0\u0111\u01b0\u1ee3c xem l\u00e0 bi\u1ec3u t\u01b0\u1ee3ng c\u1ee7a s\u1ef1 m\u1ea1nh m\u1ebd, quy\u1ebft \u0111o\u00e1n v\u00e0 may m\u1eafn. D\u00e1ng l\u00e1 v\u01b0\u01a1n th\u1eb3ng t\u01b0\u1ee3ng tr\u01b0ng cho \u00fd ch\u00ed ki\u00ean c\u01b0\u1eddng, gi\u00fap gia ch\u1ee7 v\u01b0\u1ee3t qua kh\u00f3 kh\u0103n v\u00e0 \u0111\u1ea1t \u0111\u01b0\u1ee3c th\u00e0nh c\u00f4ng. Ngo\u00e0i ra, c\u00e2y c\u00f2n c\u00f3 t\u00e1c d\u1ee5ng tr\u1eeb t\u00e0, xua \u0111u\u1ed5i n\u0103ng l\u01b0\u1ee3ng x\u1ea5u v\u00e0 thu h\u00fat t\u00e0i l\u1ed9c. V\u1ec1 ng\u0169 h\u00e0nh, c\u00e2y l\u01b0\u1ee1i h\u1ed5 \u0111\u1eb7c bi\u1ec7t h\u1ee3p v\u1edbi\u00a0<strong data-start=\"1589\" data-end=\"1619\">ng\u01b0\u1eddi m\u1ec7nh Th\u1ed5 v\u00e0 m\u1ec7nh Kim<\/strong>:<\/p>\n<ul data-start=\"1623\" data-end=\"1986\">\n<li data-start=\"1623\" data-end=\"1731\">\n<p data-start=\"1625\" data-end=\"1731\"><strong data-start=\"1625\" data-end=\"1637\">M\u1ec7nh Th\u1ed5<\/strong>: s\u1eafc v\u00e0ng tr\u00ean l\u00e1 l\u00e0 m\u00e0u b\u1ea3n m\u1ec7nh, gi\u00fap gia t\u0103ng v\u01b0\u1ee3ng kh\u00ed, mang l\u1ea1i may m\u1eafn v\u00e0 s\u1ef1 \u1ed5n \u0111\u1ecbnh.<\/p>\n<\/li>\n<li data-start=\"1732\" data-end=\"1986\">\n<p data-start=\"1734\" data-end=\"1986\"><strong data-start=\"1734\" data-end=\"1746\">M\u1ec7nh Kim<\/strong>: m\u00e0u v\u00e0ng c\u0169ng l\u00e0 m\u00e0u t\u01b0\u01a1ng sinh, h\u1ed7 tr\u1ee3 s\u1ef1 nghi\u1ec7p hanh th\u00f4ng, t\u00e0i ch\u00ednh thu\u1eadn l\u1ee3i.<br data-start=\"1830\" data-end=\"1833\" \/>Tuy nhi\u00ean, nh\u1edd s\u1ef1 h\u00e0i h\u00f2a v\u1ec1 m\u00e0u s\u1eafc, l\u01b0\u1ee1i h\u1ed5 c\u0169ng c\u00f3 th\u1ec3 tr\u01b0ng b\u00e0y \u1edf h\u1ea7u h\u1ebft kh\u00f4ng gian v\u00e0 ph\u00f9 h\u1ee3p nhi\u1ec1u m\u1ec7nh kh\u00e1c, gi\u00fap c\u00e2n b\u1eb1ng n\u0103ng l\u01b0\u1ee3ng t\u00edch c\u1ef1c.<\/p>\n<\/li>\n<\/ul>\n<p data-start=\"1988\" data-end=\"2472\">V\u1ec1\u00a0<strong data-start=\"1991\" data-end=\"2008\">c\u00e1ch ch\u0103m s\u00f3c<\/strong>,\u00a0<em><strong>l\u01b0\u1ee1i h\u1ed5<\/strong><\/em>\u00a0l\u00e0 m\u1ed9t trong nh\u1eefng lo\u1ea1i c\u00e2y d\u1ec5 s\u1ed1ng nh\u1ea5t, g\u1ea7n nh\u01b0 \u201ckh\u00f3 ch\u1ebft\u201d. C\u00e2y ch\u1ecbu h\u1ea1n t\u1ed1t, ch\u1ec9 c\u1ea7n t\u01b0\u1edbi n\u01b0\u1edbc 1\u20132 l\u1ea7n\/tu\u1ea7n khi \u0111\u1ea5t kh\u00f4; tr\u00e1nh t\u01b0\u1edbi qu\u00e1 nhi\u1ec1u khi\u1ebfn r\u1ec5 b\u1ecb \u00fang. L\u01b0\u1ee1i h\u1ed5 \u01b0a s\u00e1ng nh\u01b0ng c\u0169ng s\u1ed1ng t\u1ed1t trong m\u00f4i tr\u01b0\u1eddng thi\u1ebfu s\u00e1ng, r\u1ea5t th\u00edch h\u1ee3p \u0111\u1eb7t trong v\u0103n ph\u00f2ng, ph\u00f2ng ng\u1ee7 hay ph\u00f2ng kh\u00e1ch. \u0110\u1ecbnh k\u1ef3 1\u20132 th\u00e1ng c\u00f3 th\u1ec3 b\u00f3n th\u00eam ph\u00e2n tan ch\u1eadm ho\u1eb7c ph\u00e2n h\u1eefu c\u01a1 \u0111\u1ec3 c\u00e2y gi\u1eef l\u00e1 xanh \u0111\u1eb9p. Th\u1ec9nh tho\u1ea3ng lau s\u1ea1ch b\u1ee5i tr\u00ean l\u00e1 gi\u00fap c\u00e2y quang h\u1ee3p t\u1ed1t v\u00e0 s\u00e1ng b\u00f3ng h\u01a1n.<\/p>\n<p data-start=\"2474\" data-end=\"2815\">C\u00e2y l\u01b0\u1ee1i h\u1ed5 mini c\u1ee7a v\u01b0\u1eddn c\u00f3 k\u00edch th\u01b0\u1edbc nh\u1ecf g\u1ecdn, ph\u00f9 h\u1ee3p v\u1edbi c\u00e1c kh\u00f4ng gian nh\u1ecf, \u1ea5m c\u00fang. H\u00e3y \u0111\u1ec3 trong nh\u00e0 b\u1ea1n m\u1ed9t <em><strong data-start=\"2483\" data-end=\"2510\">ch\u1eadu c\u00e2y l\u01b0\u1ee1i h\u1ed5 \u0111\u1ec3 b\u00e0n<\/strong><\/em>\u00a0v\u1eeba c\u00f3 gi\u00e1 tr\u1ecb th\u1ea9m m\u1ef9 v\u00e0 c\u00f4ng d\u1ee5ng thanh l\u1ecdc kh\u00f4ng kh\u00ed, v\u1eeba mang \u00fd ngh\u0129a phong th\u1ee7y may m\u1eafn, tr\u1eeb t\u00e0 v\u00e0 thu h\u00fat t\u00e0i l\u1ed9c, \u0111\u1eb7c bi\u1ec7t h\u1ee3p v\u1edbi m\u1ec7nh Th\u1ed5 v\u00e0 Kim. V\u1edbi c\u00e1ch ch\u0103m s\u00f3c \u0111\u01a1n gi\u1ea3n, \u0111\u00e2y l\u00e0 l\u1ef1a ch\u1ecdn ho\u00e0n h\u1ea3o cho kh\u00f4ng gian s\u1ed1ng, l\u00e0m vi\u1ec7c c\u0169ng nh\u01b0 l\u00e0m qu\u00e0 t\u1eb7ng \u00fd ngh\u0129a cho ng\u01b0\u1eddi th\u00e2n, b\u1ea1n b\u00e8 v\u00e0 \u0111\u1ed1i t\u00e1c.<\/p>\n<p data-start=\"2283\" data-end=\"2658\">V\u01b0\u1eddn c\u00f3 nhi\u1ec1u m\u1eabu ch\u1eadu kh\u00e1c nhau cho b\u1ea1n l\u1ef1a ch\u1ecdn \u2013 gi\u00e1 s\u1ea3n ph\u1ea9m c\u00f3 th\u1ec3 thay \u0111\u1ed5i t\u00f9y m\u1eabu ch\u1eadu c\u1ee5 th\u1ec3.<\/p>\n<div class=\"\" data-block=\"true\" data-editor=\"2snst\" data-offset-key=\"7gfnn-0-0\">\n<div data-offset-key=\"7gfnn-0-0\">\n<p data-start=\"1528\" data-end=\"1797\"><strong>V\u01b0\u1eddn c\u00f3 ship h\u1ecfa t\u1ed1c n\u1ed9i th\u00e0nh H\u00e0 N\u1ed9i \u2013 h\u00e3y li\u00ean h\u1ec7 ngay v\u1edbi V\u01b0\u1eddn C\u1ea7u V\u1ed3ng \u0111\u1ec3 s\u1edf h\u1eefu m\u1ed9t ch\u1eadu c\u00e2y t\u00e0i l\u1ed9c v\u00e0 may m\u1eafn nh\u00e9!<\/strong><\/p>\n<\/div>\n<div class=\"_1mf _1mj\" data-offset-key=\"7gfnn-0-0\"><span data-offset-key=\"7gfnn-0-0\">\u2014\ud83c\udf42\u2014\u2013\ud83c\udf42\u2014\u2014\u2013\ud83c\udf42\u2014\u2013\ud83c\udf42\u2014\u2013\ud83c\udf42\u2014\u2013<\/span><\/div>\n<\/div>\n<div class=\"\" data-block=\"true\" data-editor=\"2snst\" data-offset-key=\"9skf-0-0\">\n<div class=\"_1mf _1mj\" data-offset-key=\"9skf-0-0\"><span data-offset-key=\"9skf-0-0\">V\u01b0\u1eddn C\u1ea7u V\u1ed3ng \u2013 ng\u00f5 309 Ph\u00fa Di\u1ec5n, B\u1eafc T\u1eeb Li\u00eam, H\u00e0 N\u1ed9i (\u0111i h\u1ebft \u0111\u01b0\u1eddng b\u00ea t\u00f4ng, nh\u00ecn b\u00ean tr\u00e1i l\u00e0 V\u01b0\u1eddn C\u1ea7u V\u1ed3ng<\/span><\/div>\n<\/div>\n<div class=\"\" data-block=\"true\" data-editor=\"2snst\" data-offset-key=\"9rv5h-0-0\">\n<div class=\"_1mf _1mj\" data-offset-key=\"9rv5h-0-0\"><span data-offset-key=\"9rv5h-0-0\">\u0110T: 03.8284.6606 \u2013 03.4884.6606<\/span><\/div>\n<\/div>\n<div class=\"\" data-block=\"true\" data-editor=\"2snst\" data-offset-key=\"95tua-0-0\">\n<div class=\"_1mf _1mj\" data-offset-key=\"95tua-0-0\"><span data-offset-key=\"95tua-0-0\">\ud835\udde0\ud835\uddee\ud835\uddfd: https:\/\/maps.app.goo.gl\/1A5ujusTfaw8iw5YA<\/span><\/div>\n<\/div>\n<div class=\"\" data-block=\"true\" data-editor=\"2snst\" data-offset-key=\"4nl6u-0-0\">\n<div class=\"_1mf _1mj\" data-offset-key=\"4nl6u-0-0\"><span data-offset-key=\"4nl6u-0-0\">\ud835\udddf\ud835\uddf6\ud835\uddfb\ud835\uddf8 \ud835\uddfa\ud835\ude02\ud835\uddee \ud835\uddfc\ud835\uddfb\ud835\uddf9\ud835\uddf6\ud835\uddfb\ud835\uddf2:<\/span><\/div>\n<\/div>\n<div class=\"\" data-block=\"true\" data-editor=\"2snst\" data-offset-key=\"an7nu-0-0\">\n<div class=\"_1mf _1mj\" data-offset-key=\"an7nu-0-0\"><span data-offset-key=\"an7nu-0-0\">Website: https:\/\/vuoncauvong.com<\/span><\/div>\n<\/div>\n<div class=\"\" data-block=\"true\" data-editor=\"2snst\" data-offset-key=\"2i8dj-0-0\">\n<div class=\"_1mf _1mj\" data-offset-key=\"2i8dj-0-0\"><span data-offset-key=\"2i8dj-0-0\">Tiktok: https:\/\/vt.tiktok.com\/vuoncauvong<\/span><\/div>\n<\/div>\n<div class=\"\" data-block=\"true\" data-editor=\"2snst\" data-offset-key=\"6496n-0-0\">\n<div class=\"_1mf _1mj\" data-offset-key=\"6496n-0-0\"><span data-offset-key=\"6496n-0-0\">Shopee: https:\/\/s.shopee.vn\/BJdCo1OW8<\/span><\/div>\n<\/div>\n","protected":false},"excerpt":{"rendered":"<p data-start=\"2474\" data-end=\"2815\">C\u00e2y l\u01b0\u1ee1i h\u1ed5 mini c\u1ee7a v\u01b0\u1eddn c\u00f3 k\u00edch th\u01b0\u1edbc nh\u1ecf g\u1ecdn, ph\u00f9 h\u1ee3p v\u1edbi c\u00e1c kh\u00f4ng gian nh\u1ecf, \u1ea5m c\u00fang. H\u00e3y \u0111\u1ec3 trong nh\u00e0 b\u1ea1n m\u1ed9t <em><strong data-start=\"2483\" data-end=\"2510\">ch\u1eadu c\u00e2y l\u01b0\u1ee1i h\u1ed5 \u0111\u1ec3 b\u00e0n<\/strong><\/em>\u00a0v\u1eeba c\u00f3 gi\u00e1 tr\u1ecb th\u1ea9m m\u1ef9 v\u00e0 c\u00f4ng d\u1ee5ng thanh l\u1ecdc kh\u00f4ng kh\u00ed, v\u1eeba mang \u00fd ngh\u0129a phong th\u1ee7y may m\u1eafn, tr\u1eeb t\u00e0 v\u00e0 thu h\u00fat t\u00e0i l\u1ed9c, \u0111\u1eb7c bi\u1ec7t h\u1ee3p v\u1edbi m\u1ec7nh Th\u1ed5 v\u00e0 Kim. V\u1edbi c\u00e1ch ch\u0103m s\u00f3c \u0111\u01a1n gi\u1ea3n, \u0111\u00e2y l\u00e0 l\u1ef1a ch\u1ecdn ho\u00e0n h\u1ea3o cho kh\u00f4ng gian s\u1ed1ng, l\u00e0m vi\u1ec7c c\u0169ng nh\u01b0 l\u00e0m qu\u00e0 t\u1eb7ng \u00fd ngh\u0129a cho ng\u01b0\u1eddi th\u00e2n, b\u1ea1n b\u00e8 v\u00e0 \u0111\u1ed1i t\u00e1c.<\/p>\n<p data-start=\"2283\" data-end=\"2658\">V\u01b0\u1eddn c\u00f3 nhi\u1ec1u m\u1eabu ch\u1eadu kh\u00e1c nhau cho b\u1ea1n l\u1ef1a ch\u1ecdn \u2013 gi\u00e1 s\u1ea3n ph\u1ea9m c\u00f3 th\u1ec3 thay \u0111\u1ed5i t\u00f9y m\u1eabu ch\u1eadu c\u1ee5 th\u1ec3.<\/p>\n<div class=\"\" data-block=\"true\" data-editor=\"2snst\" data-offset-key=\"7gfnn-0-0\">\n<div data-offset-key=\"7gfnn-0-0\">\n<p data-start=\"1528\" data-end=\"1797\"><strong>V\u01b0\u1eddn c\u00f3 ship h\u1ecfa t\u1ed1c n\u1ed9i th\u00e0nh H\u00e0 N\u1ed9i \u2013 h\u00e3y li\u00ean h\u1ec7 ngay v\u1edbi V\u01b0\u1eddn C\u1ea7u V\u1ed3ng \u0111\u1ec3 s\u1edf h\u1eefu m\u1ed9t ch\u1eadu c\u00e2y t\u00e0i l\u1ed9c v\u00e0 may m\u1eafn nh\u00e9!<\/strong><\/p>\n<\/div>\n<\/div>\n","protected":false},"featured_media":879,"comment_status":"open","ping_status":"closed","template":"","meta":[],"product_brand":[],"product_cat":[38],"product_tag":[],"class_list":{"0":"post-901","1":"product","2":"type-product","3":"status-publish","4":"has-post-thumbnail","6":"product_cat-cay-de-ban","8":"first","9":"instock","10":"sale","11":"shipping-taxable","12":"purchasable","13":"product-type-simple"},"jetpack_sharing_enabled":true,"_links":{"self":[{"href":"https:\/\/vuoncauvong.com\/index.php\/wp-json\/wp\/v2\/product\/901","targetHints":{"allow":["GET"]}}],"collection":[{"href":"https:\/\/vuoncauvong.com\/index.php\/wp-json\/wp\/v2\/product"}],"about":[{"href":"https:\/\/vuoncauvong.com\/index.php\/wp-json\/wp\/v2\/types\/product"}],"replies":[{"embeddable":true,"href":"https:\/\/vuoncauvong.com\/index.php\/wp-json\/wp\/v2\/comments?post=901"}],"wp:featuredmedia":[{"embeddable":true,"href":"https:\/\/vuoncauvong.com\/index.php\/wp-json\/wp\/v2\/media\/879"}],"wp:attachment":[{"href":"https:\/\/vuoncauvong.com\/index.php\/wp-json\/wp\/v2\/media?parent=901"}],"wp:term":[{"taxonomy":"product_brand","embeddable":true,"href":"https:\/\/vuoncauvong.com\/index.php\/wp-json\/wp\/v2\/product_brand?post=901"},{"taxonomy":"product_cat","embeddable":true,"href":"https:\/\/vuoncauvong.com\/index.php\/wp-json\/wp\/v2\/product_cat?post=901"},{"taxonomy":"product_tag","embeddable":true,"href":"https:\/\/vuoncauvong.com\/index.php\/wp-json\/wp\/v2\/product_tag?post=901"}],"curies":[{"name":"wp","href":"https:\/\/api.w.org\/{rel}","templated":true}]}}