{"id":899,"date":"2025-09-09T00:51:25","date_gmt":"2025-09-08T17:51:25","guid":{"rendered":"https:\/\/vuoncauvong.com\/?post_type=product&#038;p=899"},"modified":"2026-04-14T15:34:34","modified_gmt":"2026-04-14T08:34:34","slug":"chau-cay-van-loc-trang-de-ban","status":"publish","type":"product","link":"https:\/\/vuoncauvong.com\/index.php\/san-pham\/chau-cay-van-loc-trang-de-ban\/","title":{"rendered":"Ch\u1eadu c\u00e2y v\u1ea1n l\u1ed9c tr\u1eafng \u0111\u1ec3 b\u00e0n"},"content":{"rendered":"<p data-start=\"167\" data-end=\"644\">S\u1edf h\u1eefu v\u1ebb \u0111\u1eb9p thanh khi\u1ebft v\u00e0 tinh t\u1ebf, <em><strong data-start=\"205\" data-end=\"233\">c\u00e2y v\u1ea1n l\u1ed9c tr\u1eafng \u0111\u1ec3 b\u00e0n<\/strong><\/em> \u0111ang ng\u00e0y c\u00e0ng \u0111\u01b0\u1ee3c \u01b0a chu\u1ed9ng trong trang tr\u00ed n\u1ed9i th\u1ea5t c\u0169ng nh\u01b0 phong th\u1ee7y. Kh\u00e1c v\u1edbi s\u1eafc h\u1ed3ng \u2013 \u0111\u1ecf r\u1ef1c r\u1ee1 th\u01b0\u1eddng th\u1ea5y, v\u1ea1n l\u1ed9c tr\u1eafng g\u00e2y \u1ea5n t\u01b0\u1ee3ng b\u1edfi nh\u1eefng chi\u1ebfc l\u00e1 s\u00e1ng m\u00e0u, vi\u1ec1n xanh nh\u1ea1t, g\u00e2n v\u00e0 m\u1ea3ng tr\u1eafng ng\u00e0 lan t\u1ecfa kh\u1eafp b\u1ec1 m\u1eb7t. Ch\u00ednh s\u1ef1 k\u1ebft h\u1ee3p nh\u1eb9 nh\u00e0ng n\u00e0y t\u1ea1o n\u00ean c\u1ea3m gi\u00e1c tao nh\u00e3, thanh l\u1ecbch v\u00e0 y\u00ean b\u00ecnh \u2013 ph\u00f9 h\u1ee3p v\u1edbi nhi\u1ec1u kh\u00f4ng gian t\u1eeb ph\u00f2ng kh\u00e1ch, b\u00e0n l\u00e0m vi\u1ec7c, \u0111\u1ebfn qu\u00e1n c\u00e0 ph\u00ea ho\u1eb7c qu\u1ea7y l\u1ec5 t\u00e2n.<\/p>\n<p data-start=\"646\" data-end=\"1143\">Kh\u00f4ng ch\u1ec9 \u0111\u1eb9p, c\u00e2y c\u00f2n mang l\u1ea1i nhi\u1ec1u <strong data-start=\"684\" data-end=\"707\">t\u00e1c d\u1ee5ng thi\u1ebft th\u1ef1c<\/strong>. V\u1edbi kh\u1ea3 n\u0103ng l\u1ecdc b\u1ee5i, h\u1ea5p th\u1ee5 kh\u00ed \u0111\u1ed9c h\u1ea1i v\u00e0 tr\u1ea3 l\u1ea1i b\u1ea7u kh\u00f4ng kh\u00ed trong l\u00e0nh, <em><strong>v\u1ea1n l\u1ed9c tr\u1eafng<\/strong><\/em> gi\u00fap ng\u01b0\u1eddi tr\u1ed3ng c\u1ea3m th\u1ea5y d\u1ec5 ch\u1ecbu, th\u01b0 gi\u00e3n h\u01a1n. \u0110\u1eb7t m\u1ed9t ch\u1eadu nh\u1ecf tr\u00ean b\u00e0n l\u00e0m vi\u1ec7c s\u1ebd gi\u00fap xua tan s\u1ef1 c\u0103ng th\u1eb3ng, mang l\u1ea1i c\u1ea3m gi\u00e1c c\u00e2n b\u1eb1ng v\u00e0 tho\u1ea3i m\u00e1i, t\u1eeb \u0111\u00f3 kh\u01a1i g\u1ee3i th\u00eam s\u1ef1 s\u00e1ng t\u1ea1o v\u00e0 t\u1eadp trung. V\u1edbi phong c\u00e1ch <strong data-start=\"1019\" data-end=\"1032\">s\u1ed1ng xanh<\/strong> ng\u00e0y nay, vi\u1ec7c c\u00f3 m\u1ed9t ch\u1eadu c\u00e2y nh\u01b0 v\u1ea1n l\u1ed9c tr\u1eafng ch\u00ednh l\u00e0 l\u1ef1a ch\u1ecdn l\u00fd t\u01b0\u1edfng \u0111\u1ec3 \u201cl\u00e0m m\u1ec1m\u201d nh\u1ecbp s\u1ed1ng hi\u1ec7n \u0111\u1ea1i.<\/p>\n<p data-start=\"1145\" data-end=\"1429\">\u1ede kh\u00eda c\u1ea1nh <strong data-start=\"1157\" data-end=\"1171\">phong th\u1ee7y<\/strong>, v\u1ea1n l\u1ed9c tr\u1eafng mang th\u00f4ng \u0111i\u1ec7p v\u1ec1 may m\u1eafn, t\u00e0i l\u1ed9c v\u00e0 s\u1ef1 hanh th\u00f4ng trong c\u00f4ng vi\u1ec7c. M\u00e0u tr\u1eafng ng\u00e0 pha xanh t\u01b0\u1ee3ng tr\u01b0ng cho s\u1ef1 tinh kh\u00f4i, kh\u1edfi \u0111\u1ea7u thu\u1eadn l\u1ee3i v\u00e0 ngu\u1ed3n n\u0103ng l\u01b0\u1ee3ng trong s\u00e1ng. \u0110\u1eb7c bi\u1ec7t, c\u00e2y h\u1ee3p v\u1edbi nh\u1eefng ng\u01b0\u1eddi thu\u1ed9c <strong data-start=\"1401\" data-end=\"1426\">m\u1ec7nh Kim v\u00e0 m\u1ec7nh Th\u1ee7y<\/strong>:<\/p>\n<ul data-start=\"1430\" data-end=\"1787\">\n<li data-start=\"1430\" data-end=\"1527\">\n<p data-start=\"1432\" data-end=\"1527\"><strong data-start=\"1432\" data-end=\"1444\">M\u1ec7nh Kim<\/strong>: m\u00e0u tr\u1eafng l\u00e0 m\u00e0u b\u1ea3n m\u1ec7nh, gi\u00fap gia t\u0103ng v\u01b0\u1ee3ng kh\u00ed, thu h\u00fat may m\u1eafn v\u00e0 t\u00e0i l\u1ed9c.<\/p>\n<\/li>\n<li data-start=\"1528\" data-end=\"1787\">\n<p data-start=\"1530\" data-end=\"1787\"><strong data-start=\"1530\" data-end=\"1543\">M\u1ec7nh Th\u1ee7y<\/strong>: Kim sinh Th\u1ee7y, tr\u01b0ng <em><strong>v\u1ea1n l\u1ed9c tr\u1eafng<\/strong><\/em> gi\u00fap s\u1ef1 nghi\u1ec7p, t\u00e0i ch\u00ednh \u0111\u01b0\u1ee3c h\u1ed7 tr\u1ee3 thu\u1eadn l\u1ee3i.<br data-start=\"1628\" data-end=\"1631\" \/>Ch\u00ednh v\u00ec v\u1eady, <em><strong>v\u1ea1n l\u1ed9c tr\u1eafng<\/strong><\/em> r\u1ea5t \u0111\u01b0\u1ee3c \u01b0a chu\u1ed9ng l\u00e0m qu\u00e0 t\u1eb7ng khai tr\u01b0\u01a1ng, t\u00e2n gia ho\u1eb7c d\u00e0nh cho ng\u01b0\u1eddi th\u00e2n, b\u1ea1n b\u00e8 nh\u01b0 m\u1ed9t l\u1eddi ch\u00fac b\u00ecnh an v\u00e0 th\u1ecbnh v\u01b0\u1ee3ng.<\/p>\n<\/li>\n<\/ul>\n<p data-start=\"1789\" data-end=\"2230\">V\u1ec1 <strong data-start=\"1792\" data-end=\"1809\">c\u00e1ch ch\u0103m s\u00f3c<\/strong>, c\u00e2y kh\u00e1 d\u1ec5 t\u00ednh. <em><strong>V\u1ea1n l\u1ed9c tr\u1eafng<\/strong><\/em> \u01b0a s\u00e1ng nh\u1eb9, kh\u00f4ng ch\u1ecbu \u0111\u01b0\u1ee3c n\u1eafng g\u1eaft tr\u1ef1c ti\u1ebfp. N\u1ebfu \u0111\u1eb7t trong nh\u00e0, ch\u1ec9 c\u1ea7n b\u1ed1 tr\u00ed g\u1ea7n c\u1eeda s\u1ed5 ho\u1eb7c n\u01a1i c\u00f3 \u00e1nh s\u00e1ng gi\u00e1n ti\u1ebfp. C\u00e2y th\u00edch \u0111\u1ed9 \u1ea9m v\u1eeba ph\u1ea3i, n\u00ean t\u01b0\u1edbi 2\u20133 l\u1ea7n\/tu\u1ea7n khi th\u1ea5y \u0111\u1ea5t se kh\u00f4, tr\u00e1nh \u0111\u1ec3 ng\u1eadp \u00fang. Th\u1ec9nh tho\u1ea3ng lau s\u1ea1ch m\u1eb7t l\u00e1 gi\u00fap c\u00e2y lu\u00f4n s\u00e1ng b\u00f3ng v\u00e0 gi\u1eef m\u00e0u \u0111\u1eb9p. \u0110\u1ecbnh k\u1ef3 1\u20132 th\u00e1ng c\u00f3 th\u1ec3 b\u00f3n th\u00eam ph\u00e2n h\u1eefu c\u01a1 lo\u00e3ng \u0111\u1ec3 c\u00e2y ph\u00e1t tri\u1ec3n b\u1ec1n v\u1eefng v\u00e0 gi\u1eef \u0111\u01b0\u1ee3c \u0111\u1ed9 t\u01b0\u01a1i m\u1edbi.<\/p>\n<p data-start=\"2232\" data-end=\"2613\">T\u00f3m l\u1ea1i, <em><strong data-start=\"2241\" data-end=\"2274\">ch\u1eadu c\u00e2y v\u1ea1n l\u1ed9c tr\u1eafng \u0111\u1ec3 b\u00e0n<\/strong><\/em> kh\u00f4ng ch\u1ec9 mang n\u00e9t \u0111\u1eb9p thanh nh\u00e3, sang tr\u1ecdng m\u00e0 c\u00f2n c\u00f3 c\u00f4ng d\u1ee5ng thanh l\u1ecdc kh\u00f4ng kh\u00ed, t\u1ea1o s\u1ef1 th\u01b0 gi\u00e3n, h\u01b0\u1edbng t\u1edbi l\u1ed1i s\u1ed1ng xanh. V\u1edbi \u00fd ngh\u0129a phong th\u1ee7y may m\u1eafn, thu\u1eadn l\u1ee3i, \u0111\u1eb7c bi\u1ec7t h\u1ee3p v\u1edbi ng\u01b0\u1eddi m\u1ec7nh Kim v\u00e0 Th\u1ee7y, c\u00f9ng c\u00e1ch ch\u0103m s\u00f3c \u0111\u01a1n gi\u1ea3n, <strong><em>v\u1ea1n l\u1ed9c tr\u1eafng<\/em><\/strong> x\u1ee9ng \u0111\u00e1ng l\u00e0 l\u1ef1a ch\u1ecdn l\u00fd t\u01b0\u1edfng \u0111\u1ec3 l\u00e0m qu\u00e0 t\u1eb7ng ho\u1eb7c trang tr\u00ed cho m\u1ecdi kh\u00f4ng gian.<\/p>\n<p data-start=\"2283\" data-end=\"2658\">V\u01b0\u1eddn c\u00f3 nhi\u1ec1u m\u1eabu ch\u1eadu kh\u00e1c nhau cho b\u1ea1n l\u1ef1a ch\u1ecdn \u2013 gi\u00e1 s\u1ea3n ph\u1ea9m c\u00f3 th\u1ec3 thay \u0111\u1ed5i t\u00f9y m\u1eabu ch\u1eadu c\u1ee5 th\u1ec3.<\/p>\n<div class=\"\" data-block=\"true\" data-editor=\"2snst\" data-offset-key=\"7gfnn-0-0\">\n<div data-offset-key=\"7gfnn-0-0\">\n<p data-start=\"1528\" data-end=\"1797\"><strong>V\u01b0\u1eddn c\u00f3 ship h\u1ecfa t\u1ed1c n\u1ed9i th\u00e0nh H\u00e0 N\u1ed9i \u2013 h\u00e3y li\u00ean h\u1ec7 ngay v\u1edbi V\u01b0\u1eddn C\u1ea7u V\u1ed3ng \u0111\u1ec3 s\u1edf h\u1eefu m\u1ed9t ch\u1eadu c\u00e2y t\u00e0i l\u1ed9c v\u00e0 may m\u1eafn nh\u00e9!<\/strong><\/p>\n<\/div>\n<div class=\"_1mf _1mj\" data-offset-key=\"7gfnn-0-0\"><span data-offset-key=\"7gfnn-0-0\">\u2014\ud83c\udf42\u2014\u2013\ud83c\udf42\u2014\u2014\u2013\ud83c\udf42\u2014\u2013\ud83c\udf42\u2014\u2013\ud83c\udf42\u2014\u2013<\/span><\/div>\n<\/div>\n<div class=\"\" data-block=\"true\" data-editor=\"2snst\" data-offset-key=\"9skf-0-0\">\n<div class=\"_1mf _1mj\" data-offset-key=\"9skf-0-0\"><span data-offset-key=\"9skf-0-0\">V\u01b0\u1eddn C\u1ea7u V\u1ed3ng \u2013 ng\u00f5 309 Ph\u00fa Di\u1ec5n, B\u1eafc T\u1eeb Li\u00eam, H\u00e0 N\u1ed9i (\u0111i h\u1ebft \u0111\u01b0\u1eddng b\u00ea t\u00f4ng, nh\u00ecn b\u00ean tr\u00e1i l\u00e0 V\u01b0\u1eddn C\u1ea7u V\u1ed3ng<\/span><\/div>\n<\/div>\n<div class=\"\" data-block=\"true\" data-editor=\"2snst\" data-offset-key=\"9rv5h-0-0\">\n<div class=\"_1mf _1mj\" data-offset-key=\"9rv5h-0-0\"><span data-offset-key=\"9rv5h-0-0\">\u0110T: 03.8284.6606 \u2013 03.4884.6606<\/span><\/div>\n<\/div>\n<div class=\"\" data-block=\"true\" data-editor=\"2snst\" data-offset-key=\"95tua-0-0\">\n<div class=\"_1mf _1mj\" data-offset-key=\"95tua-0-0\"><span data-offset-key=\"95tua-0-0\">\ud835\udde0\ud835\uddee\ud835\uddfd: https:\/\/maps.app.goo.gl\/1A5ujusTfaw8iw5YA<\/span><\/div>\n<\/div>\n<div class=\"\" data-block=\"true\" data-editor=\"2snst\" data-offset-key=\"4nl6u-0-0\">\n<div class=\"_1mf _1mj\" data-offset-key=\"4nl6u-0-0\"><span data-offset-key=\"4nl6u-0-0\">\ud835\udddf\ud835\uddf6\ud835\uddfb\ud835\uddf8 \ud835\uddfa\ud835\ude02\ud835\uddee \ud835\uddfc\ud835\uddfb\ud835\uddf9\ud835\uddf6\ud835\uddfb\ud835\uddf2:<\/span><\/div>\n<\/div>\n<div class=\"\" data-block=\"true\" data-editor=\"2snst\" data-offset-key=\"an7nu-0-0\">\n<div class=\"_1mf _1mj\" data-offset-key=\"an7nu-0-0\"><span data-offset-key=\"an7nu-0-0\">Website: https:\/\/vuoncauvong.com<\/span><\/div>\n<\/div>\n<div class=\"\" data-block=\"true\" data-editor=\"2snst\" data-offset-key=\"2i8dj-0-0\">\n<div class=\"_1mf _1mj\" data-offset-key=\"2i8dj-0-0\"><span data-offset-key=\"2i8dj-0-0\">Tiktok: https:\/\/vt.tiktok.com\/vuoncauvong<\/span><\/div>\n<\/div>\n<div class=\"\" data-block=\"true\" data-editor=\"2snst\" data-offset-key=\"6496n-0-0\">\n<div class=\"_1mf _1mj\" data-offset-key=\"6496n-0-0\"><span data-offset-key=\"6496n-0-0\">Shopee: https:\/\/s.shopee.vn\/BJdCo1OW8<\/span><\/div>\n<\/div>\n","protected":false},"excerpt":{"rendered":"<p data-start=\"167\" data-end=\"644\">S\u1edf h\u1eefu v\u1ebb \u0111\u1eb9p thanh khi\u1ebft v\u00e0 tinh t\u1ebf, <strong data-start=\"205\" data-end=\"233\">c\u00e2y v\u1ea1n l\u1ed9c tr\u1eafng \u0111\u1ec3 b\u00e0n<\/strong> \u0111ang ng\u00e0y c\u00e0ng \u0111\u01b0\u1ee3c \u01b0a chu\u1ed9ng trong trang tr\u00ed n\u1ed9i th\u1ea5t c\u0169ng nh\u01b0 phong th\u1ee7y. Kh\u00e1c v\u1edbi s\u1eafc h\u1ed3ng \u2013 \u0111\u1ecf r\u1ef1c r\u1ee1 th\u01b0\u1eddng th\u1ea5y, v\u1ea1n l\u1ed9c tr\u1eafng g\u00e2y \u1ea5n t\u01b0\u1ee3ng b\u1edfi nh\u1eefng chi\u1ebfc l\u00e1 s\u00e1ng m\u00e0u, vi\u1ec1n xanh nh\u1ea1t, g\u00e2n v\u00e0 m\u1ea3ng tr\u1eafng ng\u00e0 lan t\u1ecfa kh\u1eafp b\u1ec1 m\u1eb7t. Ch\u00ednh s\u1ef1 k\u1ebft h\u1ee3p nh\u1eb9 nh\u00e0ng n\u00e0y t\u1ea1o n\u00ean c\u1ea3m gi\u00e1c tao nh\u00e3, thanh l\u1ecbch v\u00e0 y\u00ean b\u00ecnh \u2013 ph\u00f9 h\u1ee3p v\u1edbi nhi\u1ec1u kh\u00f4ng gian t\u1eeb ph\u00f2ng kh\u00e1ch, b\u00e0n l\u00e0m vi\u1ec7c, \u0111\u1ebfn qu\u00e1n c\u00e0 ph\u00ea ho\u1eb7c qu\u1ea7y l\u1ec5 t\u00e2n.<\/p>\n<p data-start=\"646\" data-end=\"1143\"><strong>Ch\u1eadu c\u00e2y v\u1ea1n l\u1ed9c tr\u1eafng \u0111\u1ec3 b\u00e0n<\/strong> kh\u00f4ng ch\u1ec9 mang n\u00e9t \u0111\u1eb9p thanh nh\u00e3, sang tr\u1ecdng m\u00e0 c\u00f2n c\u00f3 c\u00f4ng d\u1ee5ng thanh l\u1ecdc kh\u00f4ng kh\u00ed, t\u1ea1o s\u1ef1 th\u01b0 gi\u00e3n, h\u01b0\u1edbng t\u1edbi l\u1ed1i s\u1ed1ng xanh. V\u1edbi \u00fd ngh\u0129a phong th\u1ee7y may m\u1eafn, thu\u1eadn l\u1ee3i, <strong>\u0111\u1eb7c bi\u1ec7t h\u1ee3p v\u1edbi ng\u01b0\u1eddi m\u1ec7nh Kim v\u00e0 Th\u1ee7y<\/strong>, c\u00f9ng c\u00e1ch ch\u0103m s\u00f3c \u0111\u01a1n gi\u1ea3n, v\u1ea1n l\u1ed9c tr\u1eafng x\u1ee9ng \u0111\u00e1ng l\u00e0 l\u1ef1a ch\u1ecdn l\u00fd t\u01b0\u1edfng \u0111\u1ec3 l\u00e0m qu\u00e0 t\u1eb7ng ho\u1eb7c trang tr\u00ed cho m\u1ecdi kh\u00f4ng gian.<\/p>\n","protected":false},"featured_media":882,"comment_status":"open","ping_status":"closed","template":"","meta":[],"product_brand":[],"product_cat":[38],"product_tag":[],"class_list":{"0":"post-899","1":"product","2":"type-product","3":"status-publish","4":"has-post-thumbnail","6":"product_cat-cay-de-ban","8":"first","9":"instock","10":"sale","11":"shipping-taxable","12":"purchasable","13":"product-type-simple"},"jetpack_sharing_enabled":true,"_links":{"self":[{"href":"https:\/\/vuoncauvong.com\/index.php\/wp-json\/wp\/v2\/product\/899","targetHints":{"allow":["GET"]}}],"collection":[{"href":"https:\/\/vuoncauvong.com\/index.php\/wp-json\/wp\/v2\/product"}],"about":[{"href":"https:\/\/vuoncauvong.com\/index.php\/wp-json\/wp\/v2\/types\/product"}],"replies":[{"embeddable":true,"href":"https:\/\/vuoncauvong.com\/index.php\/wp-json\/wp\/v2\/comments?post=899"}],"wp:featuredmedia":[{"embeddable":true,"href":"https:\/\/vuoncauvong.com\/index.php\/wp-json\/wp\/v2\/media\/882"}],"wp:attachment":[{"href":"https:\/\/vuoncauvong.com\/index.php\/wp-json\/wp\/v2\/media?parent=899"}],"wp:term":[{"taxonomy":"product_brand","embeddable":true,"href":"https:\/\/vuoncauvong.com\/index.php\/wp-json\/wp\/v2\/product_brand?post=899"},{"taxonomy":"product_cat","embeddable":true,"href":"https:\/\/vuoncauvong.com\/index.php\/wp-json\/wp\/v2\/product_cat?post=899"},{"taxonomy":"product_tag","embeddable":true,"href":"https:\/\/vuoncauvong.com\/index.php\/wp-json\/wp\/v2\/product_tag?post=899"}],"curies":[{"name":"wp","href":"https:\/\/api.w.org\/{rel}","templated":true}]}}