{"id":898,"date":"2025-09-09T00:46:55","date_gmt":"2025-09-08T17:46:55","guid":{"rendered":"https:\/\/vuoncauvong.com\/?post_type=product&#038;p=898"},"modified":"2025-09-09T00:59:51","modified_gmt":"2025-09-08T17:59:51","slug":"chau-cay-van-loc-do-de-ban","status":"publish","type":"product","link":"https:\/\/vuoncauvong.com\/index.php\/san-pham\/chau-cay-van-loc-do-de-ban\/","title":{"rendered":"Ch\u1eadu c\u00e2y v\u1ea1n l\u1ed9c \u0111\u1ecf \u0111\u1ec3 b\u00e0n"},"content":{"rendered":"<p data-start=\"185\" data-end=\"591\"><em><strong data-start=\"185\" data-end=\"207\">C\u00e2y v\u1ea1n l\u1ed9c \u0111\u1ec3 b\u00e0n<\/strong><\/em> l\u00e0 m\u1ed9t trong nh\u1eefng lo\u1ea1i c\u00e2y c\u1ea3nh phong th\u1ee7y n\u1ed5i b\u1eadt v\u00e0 \u0111\u01b0\u1ee3c nhi\u1ec1u ng\u01b0\u1eddi \u01b0a chu\u1ed9ng nh\u1edd v\u1ebb \u0111\u1eb9p r\u1ef1c r\u1ee1, sang tr\u1ecdng. C\u00e2y c\u00f3 l\u00e1 to, d\u00e0y, v\u1edbi m\u00e0u h\u1ed3ng \u2013 \u0111\u1ecf pha xanh v\u00f4 c\u00f9ng b\u1eaft m\u1eaft, t\u1ea1o c\u1ea3m gi\u00e1c t\u01b0\u01a1i m\u1edbi v\u00e0 tr\u00e0n \u0111\u1ea7y s\u1ee9c s\u1ed1ng. D\u00e1ng c\u00e2y g\u1ecdn g\u00e0ng, d\u1ec5 tr\u01b0ng b\u00e0y, th\u01b0\u1eddng \u0111\u01b0\u1ee3c \u0111\u1eb7t tr\u00ean b\u00e0n l\u00e0m vi\u1ec7c, b\u00e0n ti\u1ebfp kh\u00e1ch hay k\u1ec7 trang tr\u00ed \u0111\u1ec3 mang \u0111\u1ebfn m\u1ed9t \u0111i\u1ec3m nh\u1ea5n sinh \u0111\u1ed9ng, \u1ea5n t\u01b0\u1ee3ng cho kh\u00f4ng gian.<\/p>\n<p data-start=\"593\" data-end=\"1136\">V\u1ec1 <strong data-start=\"596\" data-end=\"608\">t\u00e1c d\u1ee5ng<\/strong>, <em><strong>v\u1ea1n l\u1ed9c<\/strong><\/em> gi\u00fap thanh l\u1ecdc kh\u00f4ng kh\u00ed, lo\u1ea1i b\u1ecf b\u1ee5i b\u1ea9n v\u00e0 kh\u00ed \u0111\u1ed9c, mang l\u1ea1i b\u1ea7u kh\u00f4ng gian trong l\u00e0nh h\u01a1n. M\u00e0u l\u00e1 \u0111\u1ecf h\u1ed3ng n\u1ed5i b\u1eadt t\u1ea1o hi\u1ec7u \u1ee9ng th\u1ecb gi\u00e1c m\u1ea1nh m\u1ebd, g\u00f3p ph\u1ea7n xua tan c\u1ea3m gi\u00e1c m\u1ec7t m\u1ecfi, mang l\u1ea1i s\u1ef1 h\u1ee9ng kh\u1edfi v\u00e0 ngu\u1ed3n n\u0103ng l\u01b0\u1ee3ng t\u00edch c\u1ef1c cho ng\u01b0\u1eddi nh\u00ecn. M\u1ed9t ch\u1eadu<em><strong> v\u1ea1n l\u1ed9c<\/strong><\/em> nh\u1ecf xinh tr\u00ean b\u00e0n kh\u00f4ng ch\u1ec9 l\u00e0m \u0111\u1eb9p m\u00e0 c\u00f2n gi\u00fap tinh th\u1ea7n tho\u1ea3i m\u00e1i, n\u00e2ng cao hi\u1ec7u qu\u1ea3 c\u00f4ng vi\u1ec7c. \u0110\u00e2y ch\u00ednh l\u00e0 l\u1ef1a ch\u1ecdn l\u00fd t\u01b0\u1edfng cho nh\u1eefng ai mu\u1ed1n th\u00eam m\u00e0u s\u1eafc r\u1ef1c r\u1ee1 v\u00e0 h\u01a1i th\u1edf thi\u00ean nhi\u00ean v\u00e0o cu\u1ed9c s\u1ed1ng, h\u01b0\u1edbng \u0111\u1ebfn phong c\u00e1ch <strong data-start=\"1111\" data-end=\"1124\">s\u1ed1ng xanh<\/strong> hi\u1ec7n \u0111\u1ea1i.<\/p>\n<p data-start=\"1138\" data-end=\"1521\">Trong <strong data-start=\"1144\" data-end=\"1158\">phong th\u1ee7y<\/strong>, c\u00e1i t\u00ean &#8220;<em><strong>v\u1ea1n l\u1ed9c<\/strong><\/em>&#8221; \u0111\u00e3 n\u00f3i l\u00ean \u00fd ngh\u0129a may m\u1eafn, t\u00e0i l\u1ed9c d\u1ed3i d\u00e0o v\u00e0 th\u1ecbnh v\u01b0\u1ee3ng. C\u00e2y \u0111\u01b0\u1ee3c tin r\u1eb1ng mang \u0111\u1ebfn s\u1ef1 ph\u00e1t \u0111\u1ea1t trong c\u00f4ng vi\u1ec7c, thu h\u00fat t\u00e0i ch\u00ednh v\u00e0 \u0111em l\u1ea1i cu\u1ed9c s\u1ed1ng sung t\u00fac. \u0110\u1eb7c bi\u1ec7t, m\u00e0u l\u00e1 h\u1ed3ng \u2013 \u0111\u1ecf c\u1ee7a<em><strong> v\u1ea1n l\u1ed9c<\/strong><\/em> t\u01b0\u1ee3ng tr\u01b0ng cho n\u0103ng l\u01b0\u1ee3ng t\u00edch c\u1ef1c, s\u1ef1 nhi\u1ec7t huy\u1ebft v\u00e0 may m\u1eafn. V\u1ec1 ng\u0169 h\u00e0nh, c\u00e2y v\u1ea1n l\u1ed9c \u0111\u1eb7c bi\u1ec7t h\u1ee3p v\u1edbi <strong data-start=\"1488\" data-end=\"1518\">ng\u01b0\u1eddi m\u1ec7nh H\u1ecfa v\u00e0 m\u1ec7nh Th\u1ed5<\/strong>:<\/p>\n<ul data-start=\"1522\" data-end=\"1896\">\n<li data-start=\"1522\" data-end=\"1639\">\n<p data-start=\"1524\" data-end=\"1639\"><strong data-start=\"1524\" data-end=\"1536\">M\u1ec7nh H\u1ecfa<\/strong>: s\u1eafc \u0111\u1ecf h\u1ed3ng c\u1ee7a l\u00e1 l\u00e0 m\u00e0u b\u1ea3n m\u1ec7nh, gi\u00fap gia t\u0103ng sinh kh\u00ed, mang \u0111\u1ebfn may m\u1eafn, s\u1ef1 nghi\u1ec7p hanh th\u00f4ng.<\/p>\n<\/li>\n<li data-start=\"1640\" data-end=\"1896\">\n<p data-start=\"1642\" data-end=\"1896\"><strong data-start=\"1642\" data-end=\"1654\">M\u1ec7nh Th\u1ed5<\/strong>: H\u1ecfa sinh Th\u1ed5, c\u00e2y v\u1ea1n l\u1ed9c h\u1ed7 tr\u1ee3 t\u0103ng v\u01b0\u1ee3ng kh\u00ed, gi\u00fap \u1ed5n \u0111\u1ecbnh v\u00e0 b\u1ec1n v\u1eefng.<br data-start=\"1730\" data-end=\"1733\" \/>Ch\u00ednh v\u00ec v\u1eady, v\u1ea1n l\u1ed9c th\u01b0\u1eddng \u0111\u01b0\u1ee3c ch\u1ecdn l\u00e0m qu\u00e0 t\u1eb7ng trong d\u1ecbp khai tr\u01b0\u01a1ng, t\u00e2n gia, l\u1ec5 T\u1ebft, v\u1edbi mong mu\u1ed1n ng\u01b0\u1eddi nh\u1eadn s\u1ebd g\u1eb7p nhi\u1ec1u may m\u1eafn, thu\u1eadn l\u1ee3i v\u00e0 sung t\u00fac.<\/p>\n<\/li>\n<\/ul>\n<p data-start=\"1898\" data-end=\"2438\">V\u1ec1 <strong data-start=\"1901\" data-end=\"1918\">c\u00e1ch ch\u0103m s\u00f3c<\/strong>, <em><strong>v\u1ea1n l\u1ed9c<\/strong><\/em> l\u00e0 lo\u1ea1i c\u00e2y d\u1ec5 tr\u1ed3ng, ph\u00f9 h\u1ee3p cho c\u1ea3 ng\u01b0\u1eddi m\u1edbi ch\u01a1i c\u00e2y c\u1ea3nh. C\u00e2y \u01b0a s\u00e1ng nh\u1eb9, th\u00edch h\u1ee3p \u0111\u1eb7t \u1edf n\u01a1i c\u00f3 \u00e1nh s\u00e1ng gi\u00e1n ti\u1ebfp, tr\u00e1nh n\u1eafng g\u1eaft l\u00e0m ch\u00e1y l\u00e1. N\u1ebfu tr\u1ed3ng trong ph\u00f2ng k\u00edn, n\u00ean \u0111\u01b0a c\u00e2y ra n\u01a1i c\u00f3 \u00e1nh s\u00e1ng t\u1ef1 nhi\u00ean v\u00e0i gi\u1edd m\u1ed7i tu\u1ea7n. C\u00e2y \u01b0a \u1ea9m, c\u1ea7n t\u01b0\u1edbi n\u01b0\u1edbc 2\u20133 l\u1ea7n\/tu\u1ea7n, gi\u1eef \u0111\u1ea5t \u1ea9m v\u1eeba \u0111\u1ee7, kh\u00f4ng \u0111\u1ec3 \u00fang. Ngo\u00e0i ra, n\u00ean lau l\u00e1 th\u01b0\u1eddng xuy\u00ean \u0111\u1ec3 gi\u1eef m\u00e0u s\u1eafc r\u1ef1c r\u1ee1 v\u00e0 gi\u00fap c\u00e2y quang h\u1ee3p t\u1ed1t. \u0110\u1ecbnh k\u1ef3 1\u20132 th\u00e1ng, c\u00f3 th\u1ec3 b\u00f3n ph\u00e2n h\u1eefu c\u01a1 lo\u00e3ng ho\u1eb7c ph\u00e2n tan ch\u1eadm \u0111\u1ec3 c\u00e2y lu\u00f4n t\u01b0\u01a1i t\u1ed1t v\u00e0 gi\u1eef \u0111\u01b0\u1ee3c s\u1eafc m\u00e0u \u0111\u1eb7c tr\u01b0ng.<\/p>\n<p data-start=\"2440\" data-end=\"2849\"><span data-start=\"2449\" data-end=\"2476\">V\u1edbi m\u1ed9t <em><strong>c<\/strong><\/em><\/span><em><strong data-start=\"2449\" data-end=\"2476\">h\u1eadu c\u00e2y v\u1ea1n l\u1ed9c \u0111\u1ec3 b\u00e0n<\/strong><\/em> kh\u00f4ng ch\u1ec9 g\u00e2y \u1ea5n t\u01b0\u1ee3ng b\u1edfi m\u00e0u s\u1eafc \u0111\u1eb9p m\u1eaft, r\u1ef1c r\u1ee1 m\u00e0 c\u00f2n mang l\u1ea1i c\u00f4ng d\u1ee5ng thanh l\u1ecdc kh\u00f4ng kh\u00ed, t\u1ea1o c\u1ea3m gi\u00e1c th\u01b0 gi\u00e3n v\u00e0 t\u01b0\u01a1i m\u1edbi. V\u1edbi \u00fd ngh\u0129a phong th\u1ee7y thu h\u00fat t\u00e0i l\u1ed9c, may m\u1eafn, \u0111\u1eb7c bi\u1ec7t h\u1ee3p v\u1edbi ng\u01b0\u1eddi m\u1ec7nh H\u1ecfa v\u00e0 Th\u1ed5, c\u00f9ng c\u00e1ch ch\u0103m s\u00f3c d\u1ec5 d\u00e0ng, v\u1ea1n l\u1ed9c l\u00e0 l\u1ef1a ch\u1ecdn ho\u00e0n h\u1ea3o \u0111\u1ec3 trang tr\u00ed kh\u00f4ng gian, l\u00e0m qu\u00e0 t\u1eb7ng hay g\u1eedi g\u1eafm l\u1eddi ch\u00fac ph\u00e1t \u0111\u1ea1t \u0111\u1ebfn ng\u01b0\u1eddi th\u00e2n, b\u1ea1n b\u00e8.<\/p>\n<p data-start=\"2283\" data-end=\"2658\">M\u1ed9t c\u00e2y v\u1ea1n l\u1ed9c xinh x\u1eafn v\u1edbi ch\u1eadu g\u1ed1m \u0111\u00e1ng y\u00eau s\u1ebd gi\u00fap kh\u00f4ng gian s\u1ed1ng c\u1ee7a b\u1ea1n th\u00eam m\u00e0u s\u1eafc. V\u01b0\u1eddn c\u00f3 nhi\u1ec1u m\u1eabu ch\u1eadu kh\u00e1c nhau cho b\u1ea1n l\u1ef1a ch\u1ecdn \u2013 gi\u00e1 s\u1ea3n ph\u1ea9m c\u00f3 th\u1ec3 thay \u0111\u1ed5i t\u00f9y m\u1eabu ch\u1eadu c\u1ee5 th\u1ec3.<\/p>\n<div class=\"\" data-block=\"true\" data-editor=\"2snst\" data-offset-key=\"7gfnn-0-0\">\n<div data-offset-key=\"7gfnn-0-0\">\n<p data-start=\"1528\" data-end=\"1797\"><strong>V\u01b0\u1eddn c\u00f3 ship h\u1ecfa t\u1ed1c n\u1ed9i th\u00e0nh H\u00e0 N\u1ed9i \u2013 h\u00e3y li\u00ean h\u1ec7 ngay v\u1edbi V\u01b0\u1eddn C\u1ea7u V\u1ed3ng \u0111\u1ec3 s\u1edf h\u1eefu m\u1ed9t ch\u1eadu c\u00e2y t\u00e0i l\u1ed9c v\u00e0 may m\u1eafn nh\u00e9!<\/strong><\/p>\n<\/div>\n<div class=\"_1mf _1mj\" data-offset-key=\"7gfnn-0-0\"><span data-offset-key=\"7gfnn-0-0\">\u2014\ud83c\udf42\u2014\u2013\ud83c\udf42\u2014\u2014\u2013\ud83c\udf42\u2014\u2013\ud83c\udf42\u2014\u2013\ud83c\udf42\u2014\u2013<\/span><\/div>\n<\/div>\n<div class=\"\" data-block=\"true\" data-editor=\"2snst\" data-offset-key=\"9skf-0-0\">\n<div class=\"_1mf _1mj\" data-offset-key=\"9skf-0-0\"><span data-offset-key=\"9skf-0-0\">V\u01b0\u1eddn C\u1ea7u V\u1ed3ng \u2013 ng\u00f5 309 Ph\u00fa Di\u1ec5n, B\u1eafc T\u1eeb Li\u00eam, H\u00e0 N\u1ed9i (\u0111i h\u1ebft \u0111\u01b0\u1eddng b\u00ea t\u00f4ng, nh\u00ecn b\u00ean tr\u00e1i l\u00e0 V\u01b0\u1eddn C\u1ea7u V\u1ed3ng<\/span><\/div>\n<\/div>\n<div class=\"\" data-block=\"true\" data-editor=\"2snst\" data-offset-key=\"9rv5h-0-0\">\n<div class=\"_1mf _1mj\" data-offset-key=\"9rv5h-0-0\"><span data-offset-key=\"9rv5h-0-0\">\u0110T: 03.8284.6606 \u2013 03.4884.6606<\/span><\/div>\n<\/div>\n<div class=\"\" data-block=\"true\" data-editor=\"2snst\" data-offset-key=\"95tua-0-0\">\n<div class=\"_1mf _1mj\" data-offset-key=\"95tua-0-0\"><span data-offset-key=\"95tua-0-0\">\ud835\udde0\ud835\uddee\ud835\uddfd: https:\/\/maps.app.goo.gl\/1A5ujusTfaw8iw5YA<\/span><\/div>\n<\/div>\n<div class=\"\" data-block=\"true\" data-editor=\"2snst\" data-offset-key=\"4nl6u-0-0\">\n<div class=\"_1mf _1mj\" data-offset-key=\"4nl6u-0-0\"><span data-offset-key=\"4nl6u-0-0\">\ud835\udddf\ud835\uddf6\ud835\uddfb\ud835\uddf8 \ud835\uddfa\ud835\ude02\ud835\uddee \ud835\uddfc\ud835\uddfb\ud835\uddf9\ud835\uddf6\ud835\uddfb\ud835\uddf2:<\/span><\/div>\n<\/div>\n<div class=\"\" data-block=\"true\" data-editor=\"2snst\" data-offset-key=\"an7nu-0-0\">\n<div class=\"_1mf _1mj\" data-offset-key=\"an7nu-0-0\"><span data-offset-key=\"an7nu-0-0\">Website: https:\/\/vuoncauvong.com<\/span><\/div>\n<\/div>\n<div class=\"\" data-block=\"true\" data-editor=\"2snst\" data-offset-key=\"2i8dj-0-0\">\n<div class=\"_1mf _1mj\" data-offset-key=\"2i8dj-0-0\"><span data-offset-key=\"2i8dj-0-0\">Tiktok: https:\/\/vt.tiktok.com\/vuoncauvong<\/span><\/div>\n<\/div>\n<div class=\"\" data-block=\"true\" data-editor=\"2snst\" data-offset-key=\"6496n-0-0\">\n<div class=\"_1mf _1mj\" data-offset-key=\"6496n-0-0\"><span data-offset-key=\"6496n-0-0\">Shopee: https:\/\/s.shopee.vn\/BJdCo1OW8<\/span><\/div>\n<\/div>\n","protected":false},"excerpt":{"rendered":"<p data-start=\"2440\" data-end=\"2849\"><span data-start=\"2449\" data-end=\"2476\">M\u1ed9t <em><strong>c<\/strong><\/em><\/span><em><strong data-start=\"2449\" data-end=\"2476\">h\u1eadu c\u00e2y v\u1ea1n l\u1ed9c \u0111\u1ec3 b\u00e0n<\/strong><\/em> kh\u00f4ng ch\u1ec9 g\u00e2y \u1ea5n t\u01b0\u1ee3ng b\u1edfi m\u00e0u s\u1eafc \u0111\u1eb9p m\u1eaft, r\u1ef1c r\u1ee1 m\u00e0 c\u00f2n mang l\u1ea1i c\u00f4ng d\u1ee5ng thanh l\u1ecdc kh\u00f4ng kh\u00ed, t\u1ea1o c\u1ea3m gi\u00e1c th\u01b0 gi\u00e3n v\u00e0 t\u01b0\u01a1i m\u1edbi. V\u1edbi \u00fd ngh\u0129a phong th\u1ee7y thu h\u00fat t\u00e0i l\u1ed9c, may m\u1eafn, \u0111\u1eb7c bi\u1ec7t h\u1ee3p v\u1edbi ng\u01b0\u1eddi m\u1ec7nh H\u1ecfa v\u00e0 Th\u1ed5, c\u00f9ng c\u00e1ch ch\u0103m s\u00f3c d\u1ec5 d\u00e0ng, v\u1ea1n l\u1ed9c l\u00e0 l\u1ef1a ch\u1ecdn ho\u00e0n h\u1ea3o \u0111\u1ec3 trang tr\u00ed kh\u00f4ng gian, l\u00e0m qu\u00e0 t\u1eb7ng hay g\u1eedi g\u1eafm l\u1eddi ch\u00fac ph\u00e1t \u0111\u1ea1t \u0111\u1ebfn ng\u01b0\u1eddi th\u00e2n, b\u1ea1n b\u00e8.<\/p>\n<p data-start=\"2283\" data-end=\"2658\">V\u01b0\u1eddn c\u00f3 nhi\u1ec1u m\u1eabu ch\u1eadu kh\u00e1c nhau cho b\u1ea1n l\u1ef1a ch\u1ecdn \u2013 gi\u00e1 s\u1ea3n ph\u1ea9m c\u00f3 th\u1ec3 thay \u0111\u1ed5i t\u00f9y m\u1eabu ch\u1eadu c\u1ee5 th\u1ec3.<\/p>\n<div class=\"\" data-block=\"true\" data-editor=\"2snst\" data-offset-key=\"7gfnn-0-0\">\n<div data-offset-key=\"7gfnn-0-0\">\n<p data-start=\"1528\" data-end=\"1797\"><strong>V\u01b0\u1eddn c\u00f3 ship h\u1ecfa t\u1ed1c n\u1ed9i th\u00e0nh H\u00e0 N\u1ed9i \u2013 h\u00e3y li\u00ean h\u1ec7 ngay v\u1edbi V\u01b0\u1eddn C\u1ea7u V\u1ed3ng \u0111\u1ec3 s\u1edf h\u1eefu m\u1ed9t ch\u1eadu c\u00e2y t\u00e0i l\u1ed9c v\u00e0 may m\u1eafn nh\u00e9!<\/strong><\/p>\n<\/div>\n<\/div>\n","protected":false},"featured_media":881,"comment_status":"open","ping_status":"closed","template":"","meta":[],"product_brand":[],"product_cat":[38],"product_tag":[],"class_list":{"0":"post-898","1":"product","2":"type-product","3":"status-publish","4":"has-post-thumbnail","6":"product_cat-cay-de-ban","8":"first","9":"instock","10":"sale","11":"shipping-taxable","12":"purchasable","13":"product-type-simple"},"jetpack_sharing_enabled":true,"_links":{"self":[{"href":"https:\/\/vuoncauvong.com\/index.php\/wp-json\/wp\/v2\/product\/898","targetHints":{"allow":["GET"]}}],"collection":[{"href":"https:\/\/vuoncauvong.com\/index.php\/wp-json\/wp\/v2\/product"}],"about":[{"href":"https:\/\/vuoncauvong.com\/index.php\/wp-json\/wp\/v2\/types\/product"}],"replies":[{"embeddable":true,"href":"https:\/\/vuoncauvong.com\/index.php\/wp-json\/wp\/v2\/comments?post=898"}],"wp:featuredmedia":[{"embeddable":true,"href":"https:\/\/vuoncauvong.com\/index.php\/wp-json\/wp\/v2\/media\/881"}],"wp:attachment":[{"href":"https:\/\/vuoncauvong.com\/index.php\/wp-json\/wp\/v2\/media?parent=898"}],"wp:term":[{"taxonomy":"product_brand","embeddable":true,"href":"https:\/\/vuoncauvong.com\/index.php\/wp-json\/wp\/v2\/product_brand?post=898"},{"taxonomy":"product_cat","embeddable":true,"href":"https:\/\/vuoncauvong.com\/index.php\/wp-json\/wp\/v2\/product_cat?post=898"},{"taxonomy":"product_tag","embeddable":true,"href":"https:\/\/vuoncauvong.com\/index.php\/wp-json\/wp\/v2\/product_tag?post=898"}],"curies":[{"name":"wp","href":"https:\/\/api.w.org\/{rel}","templated":true}]}}