{"id":896,"date":"2025-09-09T00:39:41","date_gmt":"2025-09-08T17:39:41","guid":{"rendered":"https:\/\/vuoncauvong.com\/?post_type=product&#038;p=896"},"modified":"2026-04-14T15:34:50","modified_gmt":"2026-04-14T08:34:50","slug":"cay-binh-an-phong-thuy-thuy-sinh-de-ban","status":"publish","type":"product","link":"https:\/\/vuoncauvong.com\/index.php\/san-pham\/cay-binh-an-phong-thuy-thuy-sinh-de-ban\/","title":{"rendered":"C\u00e2y b\u00ecnh an phong th\u1ee7y th\u1ee7y sinh \u0111\u1ec3 b\u00e0n"},"content":{"rendered":"<p data-start=\"196\" data-end=\"630\"><em><strong data-start=\"196\" data-end=\"218\">C\u00e2y b\u00ecnh an \u0111\u1ec3 b\u00e0n<\/strong><\/em> l\u00e0 lo\u1ea1i c\u00e2y c\u1ea3nh mini \u0111\u01b0\u1ee3c nhi\u1ec1u ng\u01b0\u1eddi y\u00eau th\u00edch nh\u1edd d\u00e1ng v\u1ebb nh\u1ecf g\u1ecdn, thanh tho\u00e1t c\u00f9ng \u00fd ngh\u0129a phong th\u1ee7y \u0111\u1eb7c bi\u1ec7t. C\u00e2y c\u00f3 nh\u1eefng chi\u1ebfc l\u00e1 xanh b\u00f3ng, d\u00e0y, m\u1ecdc v\u01b0\u01a1n l\u00ean t\u1eeb g\u1ed1c v\u1edbi m\u00e0u xanh m\u01b0\u1edbt m\u00e1t, t\u1ea1o c\u1ea3m gi\u00e1c t\u01b0\u01a1i m\u1edbi v\u00e0 y\u00ean b\u00ecnh ngay t\u1eeb c\u00e1i nh\u00ecn \u0111\u1ea7u ti\u00ean. M\u1ed9t <em><strong>ch\u1eadu b\u00ecnh an<\/strong><\/em> nh\u1ecf \u0111\u1eb7t tr\u00ean b\u00e0n l\u00e0m vi\u1ec7c, b\u00e0n h\u1ecdc hay ph\u00f2ng kh\u00e1ch s\u1ebd gi\u00fap kh\u00f4ng gian th\u00eam \u0111i\u1ec3m nh\u1ea5n xanh t\u01b0\u01a1i, sang tr\u1ecdng v\u00e0 g\u1ea7n g\u0169i v\u1edbi thi\u00ean nhi\u00ean.<\/p>\n<p data-start=\"632\" data-end=\"1045\">V\u1ec1 <strong data-start=\"635\" data-end=\"647\">t\u00e1c d\u1ee5ng<\/strong>, <em><strong>c\u00e2y b\u00ecnh an<\/strong><\/em> kh\u00f4ng ch\u1ec9 l\u00e0m \u0111\u1eb9p kh\u00f4ng gian m\u00e0 c\u00f2n c\u00f3 kh\u1ea3 n\u0103ng thanh l\u1ecdc kh\u00f4ng kh\u00ed, h\u1ea5p th\u1ee5 b\u1ee5i b\u1ea9n, gi\u00fap m\u00f4i tr\u01b0\u1eddng trong l\u00e0nh v\u00e0 d\u1ec5 ch\u1ecbu h\u01a1n. S\u1eafc xanh b\u00f3ng m\u00e1t c\u1ee7a l\u00e1 gi\u00fap l\u00e0m d\u1ecbu m\u1eaft, xua tan c\u0103ng th\u1eb3ng v\u00e0 mang l\u1ea1i c\u1ea3m gi\u00e1c th\u01b0 gi\u00e3n sau nh\u1eefng gi\u1edd l\u00e0m vi\u1ec7c c\u0103ng th\u1eb3ng. \u0110\u00e2y l\u00e0 l\u1ef1a ch\u1ecdn l\u00fd t\u01b0\u1edfng cho nh\u1eefng ai mu\u1ed1n theo \u0111u\u1ed5i phong c\u00e1ch <strong data-start=\"981\" data-end=\"994\">s\u1ed1ng xanh<\/strong>, mang h\u01a1i th\u1edf thi\u00ean nhi\u00ean v\u00e0o g\u00f3c nh\u1ecf h\u00e0ng ng\u00e0y.<\/p>\n<p data-start=\"1047\" data-end=\"1439\">Trong <strong data-start=\"1053\" data-end=\"1067\">phong th\u1ee7y<\/strong>, \u0111\u00fang nh\u01b0 t\u00ean g\u1ecdi, <em><strong>c\u00e2y b\u00ecnh an<\/strong><\/em> l\u00e0 bi\u1ec3u t\u01b0\u1ee3ng c\u1ee7a s\u1ef1 an l\u00e0nh, may m\u1eafn v\u00e0 h\u1ea1nh ph\u00fac. Ng\u01b0\u1eddi ta tin r\u1eb1ng tr\u1ed3ng c\u00e2y b\u00ecnh an trong nh\u00e0 s\u1ebd gi\u00fap xua tan nh\u1eefng lo \u00e2u, mang l\u1ea1i s\u1ef1 b\u00ecnh y\u00ean trong t\u00e2m h\u1ed3n v\u00e0 thu h\u00fat n\u0103ng l\u01b0\u1ee3ng t\u00edch c\u1ef1c. C\u00e2y c\u00f2n t\u01b0\u1ee3ng tr\u01b0ng cho s\u1ef1 b\u1ec1n v\u1eefng, \u1ed5n \u0111\u1ecbnh trong cu\u1ed9c s\u1ed1ng v\u00e0 c\u00f4ng vi\u1ec7c. V\u1ec1 ng\u0169 h\u00e0nh, c\u00e2y b\u00ecnh an h\u1ee3p nh\u1ea5t v\u1edbi <strong data-start=\"1406\" data-end=\"1436\">ng\u01b0\u1eddi m\u1ec7nh M\u1ed9c v\u00e0 m\u1ec7nh H\u1ecfa<\/strong>:<\/p>\n<ul data-start=\"1440\" data-end=\"1823\">\n<li data-start=\"1440\" data-end=\"1554\">\n<p data-start=\"1442\" data-end=\"1554\"><strong data-start=\"1442\" data-end=\"1454\">M\u1ec7nh M\u1ed9c<\/strong>: c\u00e2y xanh l\u00e1 thu\u1ed9c b\u1ea3n m\u1ec7nh, gi\u00fap gia t\u0103ng v\u01b0\u1ee3ng kh\u00ed, mang l\u1ea1i may m\u1eafn v\u00e0 s\u1ef1 ph\u00e1t tri\u1ec3n b\u1ec1n v\u1eefng.<\/p>\n<\/li>\n<li data-start=\"1555\" data-end=\"1823\">\n<p data-start=\"1557\" data-end=\"1823\"><strong data-start=\"1557\" data-end=\"1569\">M\u1ec7nh H\u1ecfa<\/strong>: M\u1ed9c sinh H\u1ecfa, tr\u1ed3ng c\u00e2y xanh gi\u00fap b\u1ed5 tr\u1ee3 cho s\u1ef1 nghi\u1ec7p hanh th\u00f4ng, thu\u1eadn l\u1ee3i v\u00e0 th\u0103ng ti\u1ebfn.<br data-start=\"1662\" data-end=\"1665\" \/>V\u1edbi \u00fd ngh\u0129a n\u00e0y, c\u00e2y b\u00ecnh an th\u01b0\u1eddng \u0111\u01b0\u1ee3c d\u00f9ng l\u00e0m qu\u00e0 t\u1eb7ng trong c\u00e1c d\u1ecbp khai tr\u01b0\u01a1ng, t\u00e2n gia, hay \u0111\u01a1n gi\u1ea3n l\u00e0 l\u1eddi ch\u00fac t\u1ed1t l\u00e0nh g\u1eedi \u0111\u1ebfn ng\u01b0\u1eddi th\u00e2n, b\u1ea1n b\u00e8.<\/p>\n<\/li>\n<\/ul>\n<p data-start=\"1825\" data-end=\"2320\">V\u1ec1 <strong data-start=\"1828\" data-end=\"1845\">c\u00e1ch ch\u0103m s\u00f3c<\/strong>, <em><strong>b\u00ecnh an<\/strong><\/em> l\u00e0 lo\u1ea1i c\u00e2y d\u1ec5 tr\u1ed3ng, \u00edt t\u1ed1n c\u00f4ng ch\u0103m. C\u00e2y \u01b0a s\u00e1ng nh\u1eb9, th\u00edch h\u1ee3p v\u1edbi \u00e1nh s\u00e1ng gi\u00e1n ti\u1ebfp, c\u00f3 th\u1ec3 \u0111\u1eb7t trong nh\u00e0, v\u0103n ph\u00f2ng ho\u1eb7c g\u1ea7n c\u1eeda s\u1ed5. Tr\u00e1nh \u00e1nh n\u1eafng g\u1eaft tr\u1ef1c ti\u1ebfp v\u00ec c\u00f3 th\u1ec3 l\u00e0m ch\u00e1y l\u00e1. V\u1ec1 n\u01b0\u1edbc, ch\u1ec9 c\u1ea7n t\u01b0\u1edbi 2\u20133 l\u1ea7n\/tu\u1ea7n khi \u0111\u1ea5t kh\u00f4 m\u1eb7t, gi\u1eef \u0111\u1ea5t \u1ea9m v\u1eeba \u0111\u1ee7, kh\u00f4ng \u0111\u1ec3 \u00fang. Th\u1ec9nh tho\u1ea3ng n\u00ean lau s\u1ea1ch b\u1ee5i tr\u00ean l\u00e1 \u0111\u1ec3 c\u00e2y quang h\u1ee3p t\u1ed1t v\u00e0 gi\u1eef v\u1ebb xanh b\u00f3ng. \u0110\u1ecbnh k\u1ef3 1\u20132 th\u00e1ng, c\u00f3 th\u1ec3 b\u00f3n th\u00eam ph\u00e2n h\u1eefu c\u01a1 lo\u00e3ng ho\u1eb7c ph\u00e2n tan ch\u1eadm \u0111\u1ec3 c\u00e2y lu\u00f4n kh\u1ecfe m\u1ea1nh v\u00e0 t\u01b0\u01a1i t\u1ed1t.<\/p>\n<p data-start=\"2322\" data-end=\"2674\"><em><strong>Ch\u1eadu c\u00e2y b\u00ecnh an th\u1ee7y sinh<\/strong><\/em> v\u1eeba \u0111\u1eb9p m\u1eaft, v\u1eeba c\u00f3 c\u00f4ng d\u1ee5ng thanh l\u1ecdc kh\u00f4ng kh\u00ed, mang l\u1ea1i s\u1ef1 th\u01b0 gi\u00e3n v\u00e0 phong c\u00e1ch s\u1ed1ng xanh. \u0110\u1eb7c bi\u1ec7t, b\u1ea1n kh\u00f4ng c\u1ea7n t\u01b0\u1edbi cho c\u00e2y trong m\u1ed9t th\u1eddi gian d\u00e0i b\u1edfi c\u00e2y s\u1eb5n ch\u1eadu v\u1edbi c\u01a1 ch\u1ebf h\u00fat \u1ea9m, t\u1ef1 cung c\u1ea5p \u0111\u1ed9 \u1ea9m c\u1ea7n thi\u1ebft cho c\u00e2y. V\u1edbi \u00fd ngh\u0129a phong th\u1ee7y may m\u1eafn, an l\u00e0nh, \u0111\u1eb7c bi\u1ec7t h\u1ee3p v\u1edbi ng\u01b0\u1eddi m\u1ec7nh M\u1ed9c v\u00e0 H\u1ecfa, c\u00f9ng c\u00e1ch ch\u0103m s\u00f3c d\u1ec5 d\u00e0ng, <strong><em>c\u00e2y b\u00ecnh an<\/em><\/strong> l\u00e0 l\u1ef1a ch\u1ecdn tuy\u1ec7t v\u1eddi \u0111\u1ec3 trang tr\u00ed, t\u1ea1o \u0111i\u1ec3m nh\u1ea5n cho kh\u00f4ng gian ho\u1eb7c l\u00e0m qu\u00e0 t\u1eb7ng \u0111\u1ea7y \u00fd ngh\u0129a.<\/p>\n<p data-start=\"2283\" data-end=\"2658\">V\u01b0\u1eddn c\u00f3 nhi\u1ec1u m\u1eabu ch\u1eadu kh\u00e1c nhau cho b\u1ea1n l\u1ef1a ch\u1ecdn \u2013 gi\u00e1 s\u1ea3n ph\u1ea9m c\u00f3 th\u1ec3 thay \u0111\u1ed5i t\u00f9y m\u1eabu ch\u1eadu c\u1ee5 th\u1ec3.<\/p>\n<div class=\"\" data-block=\"true\" data-editor=\"2snst\" data-offset-key=\"7gfnn-0-0\">\n<div data-offset-key=\"7gfnn-0-0\">\n<p data-start=\"1528\" data-end=\"1797\"><strong>V\u01b0\u1eddn c\u00f3 ship h\u1ecfa t\u1ed1c n\u1ed9i th\u00e0nh H\u00e0 N\u1ed9i \u2013 h\u00e3y li\u00ean h\u1ec7 ngay v\u1edbi V\u01b0\u1eddn C\u1ea7u V\u1ed3ng \u0111\u1ec3 s\u1edf h\u1eefu m\u1ed9t ch\u1eadu c\u00e2y t\u00e0i l\u1ed9c v\u00e0 may m\u1eafn nh\u00e9!<\/strong><\/p>\n<\/div>\n<div class=\"_1mf _1mj\" data-offset-key=\"7gfnn-0-0\"><span data-offset-key=\"7gfnn-0-0\">\u2014\ud83c\udf42\u2014\u2013\ud83c\udf42\u2014\u2014\u2013\ud83c\udf42\u2014\u2013\ud83c\udf42\u2014\u2013\ud83c\udf42\u2014\u2013<\/span><\/div>\n<\/div>\n<div class=\"\" data-block=\"true\" data-editor=\"2snst\" data-offset-key=\"9skf-0-0\">\n<div class=\"_1mf _1mj\" data-offset-key=\"9skf-0-0\"><span data-offset-key=\"9skf-0-0\">V\u01b0\u1eddn C\u1ea7u V\u1ed3ng \u2013 ng\u00f5 309 Ph\u00fa Di\u1ec5n, B\u1eafc T\u1eeb Li\u00eam, H\u00e0 N\u1ed9i (\u0111i h\u1ebft \u0111\u01b0\u1eddng b\u00ea t\u00f4ng, nh\u00ecn b\u00ean tr\u00e1i l\u00e0 V\u01b0\u1eddn C\u1ea7u V\u1ed3ng<\/span><\/div>\n<\/div>\n<div class=\"\" data-block=\"true\" data-editor=\"2snst\" data-offset-key=\"9rv5h-0-0\">\n<div class=\"_1mf _1mj\" data-offset-key=\"9rv5h-0-0\"><span data-offset-key=\"9rv5h-0-0\">\u0110T: 03.8284.6606 \u2013 03.4884.6606<\/span><\/div>\n<\/div>\n<div class=\"\" data-block=\"true\" data-editor=\"2snst\" data-offset-key=\"95tua-0-0\">\n<div class=\"_1mf _1mj\" data-offset-key=\"95tua-0-0\"><span data-offset-key=\"95tua-0-0\">\ud835\udde0\ud835\uddee\ud835\uddfd: https:\/\/maps.app.goo.gl\/1A5ujusTfaw8iw5YA<\/span><\/div>\n<\/div>\n<div class=\"\" data-block=\"true\" data-editor=\"2snst\" data-offset-key=\"4nl6u-0-0\">\n<div class=\"_1mf _1mj\" data-offset-key=\"4nl6u-0-0\"><span data-offset-key=\"4nl6u-0-0\">\ud835\udddf\ud835\uddf6\ud835\uddfb\ud835\uddf8 \ud835\uddfa\ud835\ude02\ud835\uddee \ud835\uddfc\ud835\uddfb\ud835\uddf9\ud835\uddf6\ud835\uddfb\ud835\uddf2:<\/span><\/div>\n<\/div>\n<div class=\"\" data-block=\"true\" data-editor=\"2snst\" data-offset-key=\"an7nu-0-0\">\n<div class=\"_1mf _1mj\" data-offset-key=\"an7nu-0-0\"><span data-offset-key=\"an7nu-0-0\">Website: https:\/\/vuoncauvong.com<\/span><\/div>\n<\/div>\n<div class=\"\" data-block=\"true\" data-editor=\"2snst\" data-offset-key=\"2i8dj-0-0\">\n<div class=\"_1mf _1mj\" data-offset-key=\"2i8dj-0-0\"><span data-offset-key=\"2i8dj-0-0\">Tiktok: https:\/\/vt.tiktok.com\/vuoncauvong<\/span><\/div>\n<\/div>\n<div class=\"\" data-block=\"true\" data-editor=\"2snst\" data-offset-key=\"6496n-0-0\">\n<div class=\"_1mf _1mj\" data-offset-key=\"6496n-0-0\"><span data-offset-key=\"6496n-0-0\">Shopee: https:\/\/s.shopee.vn\/BJdCo1OW8<\/span><\/div>\n<\/div>\n","protected":false},"excerpt":{"rendered":"<p data-start=\"2322\" data-end=\"2674\"><span data-start=\"2331\" data-end=\"2358\">C<\/span><strong data-start=\"2331\" data-end=\"2358\">h\u1eadu c\u00e2y b\u00ecnh an th\u1ee7y sinh<\/strong> v\u1eeba \u0111\u1eb9p m\u1eaft, v\u1eeba c\u00f3 c\u00f4ng d\u1ee5ng thanh l\u1ecdc kh\u00f4ng kh\u00ed, mang l\u1ea1i s\u1ef1 th\u01b0 gi\u00e3n v\u00e0 phong c\u00e1ch s\u1ed1ng xanh. \u0110\u1eb7c bi\u1ec7t, b\u1ea1n kh\u00f4ng c\u1ea7n t\u01b0\u1edbi cho c\u00e2y trong m\u1ed9t th\u1eddi gian d\u00e0i b\u1edfi c\u00e2y s\u1eb5n ch\u1eadu v\u1edbi c\u01a1 ch\u1ebf h\u00fat \u1ea9m, t\u1ef1 cung c\u1ea5p \u0111\u1ed9 \u1ea9m c\u1ea7n thi\u1ebft cho c\u00e2y. V\u1edbi \u00fd ngh\u0129a phong th\u1ee7y may m\u1eafn, an l\u00e0nh, \u0111\u1eb7c bi\u1ec7t h\u1ee3p v\u1edbi ng\u01b0\u1eddi m\u1ec7nh M\u1ed9c v\u00e0 H\u1ecfa, c\u00f9ng c\u00e1ch ch\u0103m s\u00f3c d\u1ec5 d\u00e0ng, c\u00e2y b\u00ecnh an l\u00e0 l\u1ef1a ch\u1ecdn tuy\u1ec7t v\u1eddi \u0111\u1ec3 trang tr\u00ed, t\u1ea1o \u0111i\u1ec3m nh\u1ea5n cho kh\u00f4ng gian ho\u1eb7c l\u00e0m qu\u00e0 t\u1eb7ng \u0111\u1ea7y \u00fd ngh\u0129a.<\/p>\n<p data-start=\"2283\" data-end=\"2658\">V\u01b0\u1eddn c\u00f3 nhi\u1ec1u m\u1eabu ch\u1eadu kh\u00e1c nhau cho b\u1ea1n l\u1ef1a ch\u1ecdn \u2013 gi\u00e1 s\u1ea3n ph\u1ea9m c\u00f3 th\u1ec3 thay \u0111\u1ed5i t\u00f9y m\u1eabu ch\u1eadu c\u1ee5 th\u1ec3.<\/p>\n<div class=\"\" data-block=\"true\" data-editor=\"2snst\" data-offset-key=\"7gfnn-0-0\">\n<div data-offset-key=\"7gfnn-0-0\">\n<p data-start=\"1528\" data-end=\"1797\"><strong>V\u01b0\u1eddn c\u00f3 ship h\u1ecfa t\u1ed1c n\u1ed9i th\u00e0nh H\u00e0 N\u1ed9i \u2013 h\u00e3y li\u00ean h\u1ec7 ngay v\u1edbi V\u01b0\u1eddn C\u1ea7u V\u1ed3ng \u0111\u1ec3 s\u1edf h\u1eefu m\u1ed9t ch\u1eadu c\u00e2y t\u00e0i l\u1ed9c v\u00e0 may m\u1eafn nh\u00e9!<\/strong><\/p>\n<\/div>\n<\/div>\n","protected":false},"featured_media":880,"comment_status":"open","ping_status":"closed","template":"","meta":[],"product_brand":[],"product_cat":[38],"product_tag":[],"class_list":{"0":"post-896","1":"product","2":"type-product","3":"status-publish","4":"has-post-thumbnail","6":"product_cat-cay-de-ban","8":"first","9":"instock","10":"sale","11":"shipping-taxable","12":"purchasable","13":"product-type-simple"},"jetpack_sharing_enabled":true,"_links":{"self":[{"href":"https:\/\/vuoncauvong.com\/index.php\/wp-json\/wp\/v2\/product\/896","targetHints":{"allow":["GET"]}}],"collection":[{"href":"https:\/\/vuoncauvong.com\/index.php\/wp-json\/wp\/v2\/product"}],"about":[{"href":"https:\/\/vuoncauvong.com\/index.php\/wp-json\/wp\/v2\/types\/product"}],"replies":[{"embeddable":true,"href":"https:\/\/vuoncauvong.com\/index.php\/wp-json\/wp\/v2\/comments?post=896"}],"wp:featuredmedia":[{"embeddable":true,"href":"https:\/\/vuoncauvong.com\/index.php\/wp-json\/wp\/v2\/media\/880"}],"wp:attachment":[{"href":"https:\/\/vuoncauvong.com\/index.php\/wp-json\/wp\/v2\/media?parent=896"}],"wp:term":[{"taxonomy":"product_brand","embeddable":true,"href":"https:\/\/vuoncauvong.com\/index.php\/wp-json\/wp\/v2\/product_brand?post=896"},{"taxonomy":"product_cat","embeddable":true,"href":"https:\/\/vuoncauvong.com\/index.php\/wp-json\/wp\/v2\/product_cat?post=896"},{"taxonomy":"product_tag","embeddable":true,"href":"https:\/\/vuoncauvong.com\/index.php\/wp-json\/wp\/v2\/product_tag?post=896"}],"curies":[{"name":"wp","href":"https:\/\/api.w.org\/{rel}","templated":true}]}}