{"id":894,"date":"2025-09-09T00:11:50","date_gmt":"2025-09-08T17:11:50","guid":{"rendered":"https:\/\/vuoncauvong.com\/?post_type=product&#038;p=894"},"modified":"2026-04-14T15:35:25","modified_gmt":"2026-04-14T08:35:25","slug":"chau-cay-ngoc-ngan-de-ban-size-lon","status":"publish","type":"product","link":"https:\/\/vuoncauvong.com\/index.php\/san-pham\/chau-cay-ngoc-ngan-de-ban-size-lon\/","title":{"rendered":"Ch\u1eadu c\u00e2y ng\u1ecdc ng\u00e2n \u0111\u1ec3 b\u00e0n (size l\u1edbn)"},"content":{"rendered":"<p data-start=\"204\" data-end=\"653\"><em><strong data-start=\"204\" data-end=\"228\">C\u00e2y ng\u1ecdc ng\u00e2n \u0111\u1ec3 b\u00e0n<\/strong><\/em> l\u00e0 m\u1ed9t trong nh\u1eefng lo\u1ea1i c\u00e2y c\u1ea3nh n\u1ed9i th\u1ea5t \u0111\u01b0\u1ee3c nhi\u1ec1u ng\u01b0\u1eddi y\u00eau th\u00edch nh\u1edd v\u1ebb ngo\u00e0i sang tr\u1ecdng v\u00e0 \u00fd ngh\u0129a phong th\u1ee7y may m\u1eafn. C\u00e2y n\u1ed5i b\u1eadt v\u1edbi nh\u1eefng chi\u1ebfc l\u00e1 xanh pha tr\u1eafng \u0111\u1ed9c \u0111\u00e1o, c\u00e1c \u0111\u1ed1m tr\u1eafng b\u1ea1c loang tr\u00ean n\u1ec1n xanh t\u1ea1o n\u00ean s\u1ef1 h\u00e0i h\u00f2a v\u00e0 b\u1eaft m\u1eaft. Nh\u1edd d\u00e1ng nh\u1ecf g\u1ecdn, thanh tho\u00e1t, <em><strong>ng\u1ecdc ng\u00e2n<\/strong><\/em> th\u01b0\u1eddng \u0111\u01b0\u1ee3c tr\u01b0ng b\u00e0y tr\u00ean b\u00e0n l\u00e0m vi\u1ec7c, b\u00e0n h\u1ecdc, ph\u00f2ng kh\u00e1ch hay qu\u1ea7y l\u1ec5 t\u00e2n, v\u1eeba l\u00e0m \u0111\u1eb9p kh\u00f4ng gian v\u1eeba mang l\u1ea1i c\u1ea3m gi\u00e1c t\u01b0\u01a1i m\u00e1t.<\/p>\n<p data-start=\"655\" data-end=\"1060\">V\u1ec1 <strong data-start=\"658\" data-end=\"670\">t\u00e1c d\u1ee5ng<\/strong>, <em><strong>c\u00e2y ng\u1ecdc ng\u00e2n<\/strong><\/em> c\u00f3 kh\u1ea3 n\u0103ng l\u1ecdc kh\u00f4ng kh\u00ed, h\u1ea5p th\u1ee5 b\u1ee5i b\u1ea9n v\u00e0 gi\u00fap m\u00f4i tr\u01b0\u1eddng trong l\u00e0nh h\u01a1n. S\u1eafc l\u00e1 xanh \u2013 tr\u1eafng thanh khi\u1ebft c\u0169ng \u0111em l\u1ea1i c\u1ea3m gi\u00e1c d\u1ec5 ch\u1ecbu, xua tan c\u0103ng th\u1eb3ng, gi\u00fap tinh th\u1ea7n th\u01b0 gi\u00e3n v\u00e0 t\u0103ng hi\u1ec7u qu\u1ea3 t\u1eadp trung. M\u1ed9t ch\u1eadu ng\u1ecdc ng\u00e2n \u0111\u1eb7t tr\u00ean b\u00e0n nh\u01b0 \u201cchi\u1ebfc m\u00e1y \u0111i\u1ec1u h\u00f2a t\u1ef1 nhi\u00ean\u201d g\u00f3p ph\u1ea7n mang thi\u00ean nhi\u00ean l\u1ea1i g\u1ea7n h\u01a1n, r\u1ea5t ph\u00f9 h\u1ee3p cho nh\u1eefng ai \u0111ang theo \u0111u\u1ed5i l\u1ed1i s\u1ed1ng xanh.<\/p>\n<p data-start=\"1062\" data-end=\"1253\">Trong <strong data-start=\"1068\" data-end=\"1082\">phong th\u1ee7y<\/strong>, <em><strong>c\u00e2y ng\u1ecdc ng\u00e2n<\/strong><\/em> mang \u00fd ngh\u0129a c\u1ee7a s\u1ef1 may m\u1eafn, th\u1ecbnh v\u01b0\u1ee3ng v\u00e0 t\u00ecnh y\u00eau b\u1ec1n ch\u1eb7t. V\u1edbi m\u00e0u s\u1eafc ch\u1ee7 \u0111\u1ea1o l\u00e0 xanh \u2013 tr\u1eafng, c\u00e2y \u0111\u1eb7c bi\u1ec7t h\u1ee3p v\u1edbi <strong data-start=\"1219\" data-end=\"1250\">ng\u01b0\u1eddi m\u1ec7nh Kim v\u00e0 m\u1ec7nh Th\u1ee7y<\/strong>:<\/p>\n<ul data-start=\"1254\" data-end=\"1732\">\n<li data-start=\"1254\" data-end=\"1367\">\n<p data-start=\"1256\" data-end=\"1367\"><strong data-start=\"1256\" data-end=\"1268\">M\u1ec7nh Kim<\/strong>: m\u00e0u tr\u1eafng t\u01b0\u1ee3ng tr\u01b0ng cho b\u1ea3n m\u1ec7nh, mang \u0111\u1ebfn may m\u1eafn, t\u00e0i l\u1ed9c v\u00e0 s\u1ef1 hanh th\u00f4ng trong c\u00f4ng vi\u1ec7c.<\/p>\n<\/li>\n<li data-start=\"1368\" data-end=\"1732\">\n<p data-start=\"1370\" data-end=\"1732\"><strong data-start=\"1370\" data-end=\"1383\">M\u1ec7nh Th\u1ee7y<\/strong>: s\u1eafc tr\u1eafng k\u1ebft h\u1ee3p c\u00f9ng xanh l\u00e1 gi\u00fap t\u01b0\u01a1ng sinh, thu h\u00fat n\u0103ng l\u01b0\u1ee3ng t\u00edch c\u1ef1c, mang l\u1ea1i b\u00ecnh an v\u00e0 thu\u1eadn l\u1ee3i.<br data-start=\"1492\" data-end=\"1495\" \/>Ngo\u00e0i ra, ng\u1ecdc ng\u00e2n c\u00f2n \u0111\u01b0\u1ee3c xem l\u00e0 bi\u1ec3u t\u01b0\u1ee3ng c\u1ee7a t\u00ecnh y\u00eau \u0111\u00f4i l\u1ee9a, g\u1eafn k\u1ebft b\u1ec1n ch\u1eb7t v\u00e0 th\u1ee7y chung. Ch\u00ednh v\u00ec th\u1ebf, nhi\u1ec1u ng\u01b0\u1eddi l\u1ef1a ch\u1ecdn c\u00e2y ng\u1ecdc ng\u00e2n l\u00e0m qu\u00e0 t\u1eb7ng cho ng\u01b0\u1eddi y\u00eau ho\u1eb7c b\u1ea1n \u0111\u1eddi, nh\u01b0 m\u1ed9t l\u1eddi ch\u00fac v\u1ec1 s\u1ef1 h\u1ea1nh ph\u00fac v\u00e0 l\u00e2u b\u1ec1n.<\/p>\n<\/li>\n<\/ul>\n<p data-start=\"1734\" data-end=\"2329\">V\u1ec1 <strong data-start=\"1737\" data-end=\"1754\">c\u00e1ch ch\u0103m s\u00f3c<\/strong>, <em><strong>ng\u1ecdc ng\u00e2n<\/strong><\/em> l\u00e0 lo\u00e0i c\u00e2y d\u1ec5 tr\u1ed3ng, ph\u00f9 h\u1ee3p c\u1ea3 trong nh\u00e0 v\u00e0 n\u01a1i l\u00e0m vi\u1ec7c. C\u00e2y \u01b0a s\u00e1ng nh\u1eb9, th\u00edch h\u1ee3p \u0111\u1eb7t \u1edf n\u01a1i c\u00f3 \u00e1nh s\u00e1ng gi\u00e1n ti\u1ebfp, tr\u00e1nh n\u1eafng g\u1eaft tr\u1ef1c ti\u1ebfp v\u00ec c\u00f3 th\u1ec3 l\u00e0m ch\u00e1y l\u00e1. N\u1ebfu tr\u1ed3ng trong ph\u00f2ng k\u00edn, n\u00ean \u0111\u01b0a c\u00e2y ra ngo\u00e0i tr\u1eddi s\u00e1ng v\u00e0i gi\u1edd m\u1ed7i tu\u1ea7n \u0111\u1ec3 c\u00e2y quang h\u1ee3p t\u1ed1t. Ng\u1ecdc ng\u00e2n \u01b0a \u1ea9m n\u00ean c\u1ea7n t\u01b0\u1edbi 2\u20133 l\u1ea7n\/tu\u1ea7n, gi\u1eef \u0111\u1ea5t \u1ea9m v\u1eeba ph\u1ea3i nh\u01b0ng kh\u00f4ng \u0111\u1ec3 \u00fang n\u01b0\u1edbc. Th\u1ec9nh tho\u1ea3ng lau s\u1ea1ch b\u1ee5i tr\u00ean l\u00e1 \u0111\u1ec3 c\u00e2y quang h\u1ee3p t\u1ed1t v\u00e0 gi\u1eef \u0111\u01b0\u1ee3c v\u1ebb b\u00f3ng \u0111\u1eb9p. Ngo\u00e0i ra, c\u00f3 th\u1ec3 b\u00f3n th\u00eam ph\u00e2n h\u1eefu c\u01a1 lo\u00e3ng ho\u1eb7c ph\u00e2n tan ch\u1eadm \u0111\u1ecbnh k\u1ef3 1\u20132 th\u00e1ng\/l\u1ea7n \u0111\u1ec3 c\u00e2y kh\u1ecfe m\u1ea1nh, gi\u1eef l\u00e1 xanh tr\u1eafng r\u1ef1c r\u1ee1.<\/p>\n<p data-start=\"2331\" data-end=\"2692\">V\u1edbi m\u1ed9t <em><strong data-start=\"2340\" data-end=\"2369\">ch\u1eadu c\u00e2y ng\u1ecdc ng\u00e2n \u0111\u1ec3 b\u00e0n<\/strong><\/em> kh\u00f4ng ch\u1ec9 c\u00f3 gi\u00e1 tr\u1ecb th\u1ea9m m\u1ef9 cao, mang l\u1ea1i c\u1ea3m gi\u00e1c th\u01b0 gi\u00e3n v\u00e0 kh\u00f4ng gian xanh m\u00e1t, m\u00e0 c\u00f2n \u1ea9n ch\u1ee9a \u00fd ngh\u0129a phong th\u1ee7y may m\u1eafn, \u0111\u1eb7c bi\u1ec7t h\u1ee3p v\u1edbi ng\u01b0\u1eddi m\u1ec7nh Kim v\u00e0 m\u1ec7nh Th\u1ee7y. V\u1edbi c\u00e1ch ch\u0103m s\u00f3c \u0111\u01a1n gi\u1ea3n, \u0111\u00e2y l\u00e0 l\u1ef1a ch\u1ecdn l\u00fd t\u01b0\u1edfng \u0111\u1ec3 trang tr\u00ed, l\u00e0m qu\u00e0 t\u1eb7ng ho\u1eb7c g\u1eedi g\u1eafm l\u1eddi ch\u00fac t\u00e0i l\u1ed9c, h\u1ea1nh ph\u00fac \u0111\u1ebfn ng\u01b0\u1eddi th\u00e2n v\u00e0 b\u1ea1n b\u00e8.<\/p>\n<p data-start=\"2091\" data-end=\"2456\">Ch\u1eadu c\u00e2y size l\u1edbn c\u00f3 k\u00edch th\u01b0\u1edbc 15x14cm, ph\u00f9 h\u1ee3p \u0111\u1ec3 ban c\u00f4ng, c\u1eeda s\u1ed5, b\u00e0n l\u00e0m vi\u1ec7c r\u1ed9ng.<\/p>\n<p data-start=\"2283\" data-end=\"2658\">V\u01b0\u1eddn c\u00f3 nhi\u1ec1u m\u1eabu ch\u1eadu kh\u00e1c nhau cho b\u1ea1n l\u1ef1a ch\u1ecdn \u2013 gi\u00e1 s\u1ea3n ph\u1ea9m c\u00f3 th\u1ec3 thay \u0111\u1ed5i t\u00f9y m\u1eabu ch\u1eadu c\u1ee5 th\u1ec3.<\/p>\n<div class=\"\" data-block=\"true\" data-editor=\"2snst\" data-offset-key=\"7gfnn-0-0\">\n<div data-offset-key=\"7gfnn-0-0\">\n<p data-start=\"1528\" data-end=\"1797\"><strong>V\u01b0\u1eddn c\u00f3 ship h\u1ecfa t\u1ed1c n\u1ed9i th\u00e0nh H\u00e0 N\u1ed9i \u2013 h\u00e3y li\u00ean h\u1ec7 ngay v\u1edbi V\u01b0\u1eddn C\u1ea7u V\u1ed3ng \u0111\u1ec3 s\u1edf h\u1eefu m\u1ed9t ch\u1eadu c\u00e2y t\u00e0i l\u1ed9c v\u00e0 may m\u1eafn nh\u00e9!<\/strong><\/p>\n<\/div>\n<div class=\"_1mf _1mj\" data-offset-key=\"7gfnn-0-0\"><span data-offset-key=\"7gfnn-0-0\">\u2014\ud83c\udf42\u2014\u2013\ud83c\udf42\u2014\u2014\u2013\ud83c\udf42\u2014\u2013\ud83c\udf42\u2014\u2013\ud83c\udf42\u2014\u2013<\/span><\/div>\n<\/div>\n<div class=\"\" data-block=\"true\" data-editor=\"2snst\" data-offset-key=\"9skf-0-0\">\n<div class=\"_1mf _1mj\" data-offset-key=\"9skf-0-0\"><span data-offset-key=\"9skf-0-0\">V\u01b0\u1eddn C\u1ea7u V\u1ed3ng \u2013 ng\u00f5 309 Ph\u00fa Di\u1ec5n, B\u1eafc T\u1eeb Li\u00eam, H\u00e0 N\u1ed9i (\u0111i h\u1ebft \u0111\u01b0\u1eddng b\u00ea t\u00f4ng, nh\u00ecn b\u00ean tr\u00e1i l\u00e0 V\u01b0\u1eddn C\u1ea7u V\u1ed3ng<\/span><\/div>\n<\/div>\n<div class=\"\" data-block=\"true\" data-editor=\"2snst\" data-offset-key=\"9rv5h-0-0\">\n<div class=\"_1mf _1mj\" data-offset-key=\"9rv5h-0-0\"><span data-offset-key=\"9rv5h-0-0\">\u0110T: 03.8284.6606 \u2013 03.4884.6606<\/span><\/div>\n<\/div>\n<div class=\"\" data-block=\"true\" data-editor=\"2snst\" data-offset-key=\"95tua-0-0\">\n<div class=\"_1mf _1mj\" data-offset-key=\"95tua-0-0\"><span data-offset-key=\"95tua-0-0\">\ud835\udde0\ud835\uddee\ud835\uddfd: https:\/\/maps.app.goo.gl\/1A5ujusTfaw8iw5YA<\/span><\/div>\n<\/div>\n<div class=\"\" data-block=\"true\" data-editor=\"2snst\" data-offset-key=\"4nl6u-0-0\">\n<div class=\"_1mf _1mj\" data-offset-key=\"4nl6u-0-0\"><span data-offset-key=\"4nl6u-0-0\">\ud835\udddf\ud835\uddf6\ud835\uddfb\ud835\uddf8 \ud835\uddfa\ud835\ude02\ud835\uddee \ud835\uddfc\ud835\uddfb\ud835\uddf9\ud835\uddf6\ud835\uddfb\ud835\uddf2:<\/span><\/div>\n<\/div>\n<div class=\"\" data-block=\"true\" data-editor=\"2snst\" data-offset-key=\"an7nu-0-0\">\n<div class=\"_1mf _1mj\" data-offset-key=\"an7nu-0-0\"><span data-offset-key=\"an7nu-0-0\">Website: https:\/\/vuoncauvong.com<\/span><\/div>\n<\/div>\n<div class=\"\" data-block=\"true\" data-editor=\"2snst\" data-offset-key=\"2i8dj-0-0\">\n<div class=\"_1mf _1mj\" data-offset-key=\"2i8dj-0-0\"><span data-offset-key=\"2i8dj-0-0\">Tiktok: https:\/\/vt.tiktok.com\/vuoncauvong<\/span><\/div>\n<\/div>\n<div class=\"\" data-block=\"true\" data-editor=\"2snst\" data-offset-key=\"6496n-0-0\">\n<div class=\"_1mf _1mj\" data-offset-key=\"6496n-0-0\"><span data-offset-key=\"6496n-0-0\">Shopee: https:\/\/s.shopee.vn\/BJdCo1OW8<\/span><\/div>\n<\/div>\n","protected":false},"excerpt":{"rendered":"<p data-start=\"2331\" data-end=\"2692\">V\u1edbi m\u1ed9t <em><strong data-start=\"2340\" data-end=\"2369\">ch\u1eadu c\u00e2y ng\u1ecdc ng\u00e2n \u0111\u1ec3 b\u00e0n<\/strong><\/em> kh\u00f4ng ch\u1ec9 c\u00f3 gi\u00e1 tr\u1ecb th\u1ea9m m\u1ef9 cao, mang l\u1ea1i c\u1ea3m gi\u00e1c th\u01b0 gi\u00e3n v\u00e0 kh\u00f4ng gian xanh m\u00e1t, m\u00e0 c\u00f2n \u1ea9n ch\u1ee9a \u00fd ngh\u0129a phong th\u1ee7y may m\u1eafn, \u0111\u1eb7c bi\u1ec7t h\u1ee3p v\u1edbi ng\u01b0\u1eddi m\u1ec7nh Kim v\u00e0 m\u1ec7nh Th\u1ee7y. V\u1edbi c\u00e1ch ch\u0103m s\u00f3c \u0111\u01a1n gi\u1ea3n, \u0111\u00e2y l\u00e0 l\u1ef1a ch\u1ecdn l\u00fd t\u01b0\u1edfng \u0111\u1ec3 trang tr\u00ed, l\u00e0m qu\u00e0 t\u1eb7ng ho\u1eb7c g\u1eedi g\u1eafm l\u1eddi ch\u00fac t\u00e0i l\u1ed9c, h\u1ea1nh ph\u00fac \u0111\u1ebfn ng\u01b0\u1eddi th\u00e2n v\u00e0 b\u1ea1n b\u00e8.<\/p>\n<p data-start=\"2091\" data-end=\"2456\">Ch\u1eadu c\u00e2y size l\u1edbn c\u00f3 k\u00edch th\u01b0\u1edbc 15x14cm, ph\u00f9 h\u1ee3p \u0111\u1ec3 ban c\u00f4ng, c\u1eeda s\u1ed5, b\u00e0n l\u00e0m vi\u1ec7c r\u1ed9ng.<\/p>\n<p data-start=\"2283\" data-end=\"2658\">V\u01b0\u1eddn c\u00f3 nhi\u1ec1u m\u1eabu ch\u1eadu kh\u00e1c nhau cho b\u1ea1n l\u1ef1a ch\u1ecdn \u2013 gi\u00e1 s\u1ea3n ph\u1ea9m c\u00f3 th\u1ec3 thay \u0111\u1ed5i t\u00f9y m\u1eabu ch\u1eadu c\u1ee5 th\u1ec3.<\/p>\n<div class=\"\" data-block=\"true\" data-editor=\"2snst\" data-offset-key=\"7gfnn-0-0\">\n<div data-offset-key=\"7gfnn-0-0\">\n<p data-start=\"1528\" data-end=\"1797\"><strong>V\u01b0\u1eddn c\u00f3 ship h\u1ecfa t\u1ed1c n\u1ed9i th\u00e0nh H\u00e0 N\u1ed9i \u2013 h\u00e3y li\u00ean h\u1ec7 ngay v\u1edbi V\u01b0\u1eddn C\u1ea7u V\u1ed3ng \u0111\u1ec3 s\u1edf h\u1eefu m\u1ed9t ch\u1eadu c\u00e2y t\u00e0i l\u1ed9c v\u00e0 may m\u1eafn nh\u00e9!<\/strong><\/p>\n<\/div>\n<\/div>\n","protected":false},"featured_media":876,"comment_status":"open","ping_status":"closed","template":"","meta":[],"product_brand":[],"product_cat":[38],"product_tag":[],"class_list":{"0":"post-894","1":"product","2":"type-product","3":"status-publish","4":"has-post-thumbnail","6":"product_cat-cay-de-ban","8":"first","9":"instock","10":"sale","11":"shipping-taxable","12":"purchasable","13":"product-type-simple"},"jetpack_sharing_enabled":true,"_links":{"self":[{"href":"https:\/\/vuoncauvong.com\/index.php\/wp-json\/wp\/v2\/product\/894","targetHints":{"allow":["GET"]}}],"collection":[{"href":"https:\/\/vuoncauvong.com\/index.php\/wp-json\/wp\/v2\/product"}],"about":[{"href":"https:\/\/vuoncauvong.com\/index.php\/wp-json\/wp\/v2\/types\/product"}],"replies":[{"embeddable":true,"href":"https:\/\/vuoncauvong.com\/index.php\/wp-json\/wp\/v2\/comments?post=894"}],"wp:featuredmedia":[{"embeddable":true,"href":"https:\/\/vuoncauvong.com\/index.php\/wp-json\/wp\/v2\/media\/876"}],"wp:attachment":[{"href":"https:\/\/vuoncauvong.com\/index.php\/wp-json\/wp\/v2\/media?parent=894"}],"wp:term":[{"taxonomy":"product_brand","embeddable":true,"href":"https:\/\/vuoncauvong.com\/index.php\/wp-json\/wp\/v2\/product_brand?post=894"},{"taxonomy":"product_cat","embeddable":true,"href":"https:\/\/vuoncauvong.com\/index.php\/wp-json\/wp\/v2\/product_cat?post=894"},{"taxonomy":"product_tag","embeddable":true,"href":"https:\/\/vuoncauvong.com\/index.php\/wp-json\/wp\/v2\/product_tag?post=894"}],"curies":[{"name":"wp","href":"https:\/\/api.w.org\/{rel}","templated":true}]}}