{"id":891,"date":"2025-09-08T23:52:02","date_gmt":"2025-09-08T16:52:02","guid":{"rendered":"https:\/\/vuoncauvong.com\/?post_type=product&#038;p=891"},"modified":"2025-09-09T01:01:06","modified_gmt":"2025-09-08T18:01:06","slug":"chau-cay-duong-xi-o-phung-decor-de-ban","status":"publish","type":"product","link":"https:\/\/vuoncauvong.com\/index.php\/san-pham\/chau-cay-duong-xi-o-phung-decor-de-ban\/","title":{"rendered":"Ch\u1eadu c\u00e2y d\u01b0\u01a1ng x\u1ec9 \u1ed5 ph\u1ee5ng decor, \u0111\u1ec3 b\u00e0n"},"content":{"rendered":"<p data-start=\"196\" data-end=\"629\"><strong><em>C\u00e2y d\u01b0\u01a1ng x\u1ec9 \u1ed5 ph\u1ee5ng<\/em><\/strong> \u0111\u1ec3 b\u00e0n (c\u00f2n g\u1ecdi l\u00e0 d\u01b0\u01a1ng x\u1ec9 t\u1ed5 chim, t\u1ed5 ph\u1ee5ng) l\u00e0 m\u1ed9t lo\u1ea1i c\u00e2y c\u1ea3nh \u0111\u1ed9c \u0111\u00e1o, g\u00e2y \u1ea5n t\u01b0\u1ee3ng m\u1ea1nh m\u1ebd b\u1edfi d\u00e1ng l\u00e1 xanh m\u01b0\u1edbt v\u00e0 c\u00e1ch m\u1ecdc kh\u00e1c bi\u1ec7t. L\u00e1 c\u00e2y d\u00e0i, b\u00f3ng, m\u1ecdc x\u00f2e ra t\u1eeb t\u00e2m nh\u01b0 h\u00ecnh chi\u1ebfc t\u1ed5, nh\u00ecn v\u1eeba m\u1ec1m m\u1ea1i v\u1eeba kh\u1ecfe kho\u1eafn. Khi \u0111\u1eb7t tr\u00ean ban c\u00f4ng b\u00e0n l\u00e0m vi\u1ec7c, b\u00e0n tr\u00e0 ho\u1eb7c k\u1ec7 s\u00e1ch, ch\u1eadu <em><strong>d\u01b0\u01a1ng x\u1ec9 \u1ed5 ph\u1ee5ng<\/strong><\/em> mang \u0111\u1ebfn c\u1ea3m gi\u00e1c m\u00e1t l\u00e0nh, g\u1ea7n g\u0169i v\u1edbi thi\u00ean nhi\u00ean v\u00e0 t\u1ea1o n\u00ean m\u1ed9t \u0111i\u1ec3m nh\u1ea5n s\u1ed1ng \u0111\u1ed9ng trong kh\u00f4ng gian hi\u1ec7n \u0111\u1ea1i.<\/p>\n<p data-start=\"631\" data-end=\"1103\">V\u1ec1 <strong data-start=\"634\" data-end=\"646\">t\u00e1c d\u1ee5ng<\/strong>, <em><strong>c\u00e2y d\u01b0\u01a1ng x\u1ec9 \u1ed5 ph\u1ee5ng<\/strong><\/em> n\u1ed5i ti\u1ebfng v\u1edbi kh\u1ea3 n\u0103ng thanh l\u1ecdc kh\u00f4ng kh\u00ed, h\u1ea5p th\u1ee5 b\u1ee5i b\u1ea9n v\u00e0 m\u1ed9t s\u1ed1 ch\u1ea5t \u0111\u1ed9c h\u1ea1i, gi\u00fap m\u00f4i tr\u01b0\u1eddng s\u1ed1ng trong l\u00e0nh h\u01a1n. Kh\u00f4ng ch\u1ec9 v\u1eady, s\u1eafc xanh \u0111\u1eadm, t\u01b0\u01a1i m\u00e1t c\u1ee7a l\u00e1 c\u00f2n mang \u0111\u1ebfn c\u1ea3m gi\u00e1c d\u1ecbu m\u1eaft, gi\u00fap th\u01b0 gi\u00e3n tinh th\u1ea7n, gi\u1ea3m c\u0103ng th\u1eb3ng sau nh\u1eefng gi\u1edd l\u00e0m vi\u1ec7c m\u1ec7t m\u1ecfi. Vi\u1ec7c \u0111\u1eb7t m\u1ed9t ch\u1eadu <em><strong>d\u01b0\u01a1ng x\u1ec9 \u1ed5 ph\u1ee5ng<\/strong><\/em> trong ph\u00f2ng l\u00e0 l\u1ef1a ch\u1ecdn l\u00fd t\u01b0\u1edfng cho nh\u1eefng ai mu\u1ed1n x\u00e2y d\u1ef1ng phong c\u00e1ch <strong data-start=\"1045\" data-end=\"1058\">s\u1ed1ng xanh<\/strong>, \u0111em h\u01a1i th\u1edf thi\u00ean nhi\u00ean v\u00e0o t\u1eebng g\u00f3c nh\u1ecf.<\/p>\n<p data-start=\"1105\" data-end=\"1524\">X\u00e9t v\u1ec1 <strong data-start=\"1112\" data-end=\"1134\">\u00fd ngh\u0129a phong th\u1ee7y<\/strong>, <em><strong>c\u00e2y d\u01b0\u01a1ng x\u1ec9 \u1ed5 ph\u1ee5ng<\/strong><\/em> t\u01b0\u1ee3ng tr\u01b0ng cho s\u1ef1 b\u1ea3o v\u1ec7, b\u00ecnh an v\u00e0 v\u1eefng ch\u00e3i. C\u1ea5u tr\u00fac l\u00e1 m\u1ecdc x\u00f2e ra nh\u01b0 chi\u1ebfc t\u1ed5 bao b\u1ecdc \u0111\u01b0\u1ee3c coi l\u00e0 h\u00ecnh \u1ea3nh che ch\u1edf, n\u00e2ng \u0111\u1ee1, \u0111em l\u1ea1i c\u1ea3m gi\u00e1c an to\u00e0n v\u00e0 y\u00ean t\u00e2m. Ngo\u00e0i ra, c\u00e2y c\u00f2n g\u1eafn li\u1ec1n v\u1edbi s\u1ef1 sinh s\u00f4i, ph\u00e1t tri\u1ec3n b\u1ec1n v\u1eefng, r\u1ea5t th\u00edch h\u1ee3p \u0111\u1eb7t \u1edf v\u0103n ph\u00f2ng ho\u1eb7c trong nh\u00e0 \u0111\u1ec3 thu h\u00fat n\u0103ng l\u01b0\u1ee3ng t\u00edch c\u1ef1c, gi\u00fap c\u00f4ng vi\u1ec7c v\u00e0 cu\u1ed9c s\u1ed1ng hanh th\u00f4ng, thu\u1eadn l\u1ee3i h\u01a1n.<\/p>\n<p data-start=\"1526\" data-end=\"2089\">V\u1ec1 <strong data-start=\"1529\" data-end=\"1546\">c\u00e1ch ch\u0103m s\u00f3c<\/strong>, <em><strong>d\u01b0\u01a1ng x\u1ec9 \u1ed5 ph\u1ee5ng<\/strong><\/em> kh\u00e1 d\u1ec5 tr\u1ed3ng, ph\u00f9 h\u1ee3p c\u1ea3 v\u1edbi ng\u01b0\u1eddi m\u1edbi b\u1eaft \u0111\u1ea7u. C\u00e2y \u01b0a b\u00f3ng r\u00e2m v\u00e0 \u00e1nh s\u00e1ng gi\u00e1n ti\u1ebfp, kh\u00f4ng ch\u1ecbu \u0111\u01b0\u1ee3c n\u1eafng g\u1eaft tr\u1ef1c ti\u1ebfp. V\u00ec v\u1eady, b\u1ea1n n\u00ean \u0111\u1eb7t c\u00e2y \u1edf n\u01a1i tho\u00e1ng m\u00e1t, c\u00f3 \u00e1nh s\u00e1ng nh\u1eb9 nh\u01b0 g\u1ea7n c\u1eeda s\u1ed5 ho\u1eb7c trong ph\u00f2ng l\u00e0m vi\u1ec7c s\u00e1ng s\u1ee7a. V\u1ec1 n\u01b0\u1edbc, d\u01b0\u01a1ng x\u1ec9 \u1ed5 ph\u1ee5ng \u01b0a \u1ea9m n\u00ean c\u1ea7n t\u01b0\u1edbi \u0111\u1ec1u 2\u20133 l\u1ea7n\/tu\u1ea7n, gi\u1eef \u0111\u1ea5t \u1ea9m nh\u01b0ng kh\u00f4ng \u0111\u1ec3 ng\u1eadp \u00fang. C\u00e2y c\u0169ng r\u1ea5t th\u00edch \u0111\u1ed9 \u1ea9m kh\u00f4ng kh\u00ed cao, v\u00ec v\u1eady c\u00f3 th\u1ec3 phun s\u01b0\u01a1ng th\u01b0\u1eddng xuy\u00ean \u0111\u1ec3 l\u00e1 lu\u00f4n xanh m\u01b0\u1edbt. \u0110\u1ecbnh k\u1ef3 m\u1ed7i 1\u20132 th\u00e1ng, b\u00f3n th\u00eam ph\u00e2n h\u1eefu c\u01a1 ho\u1eb7c ph\u00e2n tan ch\u1eadm \u0111\u1ec3 c\u00e2y ph\u00e1t tri\u1ec3n kh\u1ecfe m\u1ea1nh.<\/p>\n<p data-start=\"2091\" data-end=\"2456\"><em><strong>C<\/strong><\/em><strong style=\"font-style: italic;\" data-start=\"2100\" data-end=\"2136\">h\u1eadu c\u00e2y d\u01b0\u01a1ng x\u1ec9 \u1ed5 ph\u1ee5ng \u0111\u1ec3 b\u00e0n<\/strong> v\u1eeba mang v\u1ebb \u0111\u1eb9p xanh m\u00e1t \u0111\u1ed9c \u0111\u00e1o, v\u1eeba c\u00f3 c\u00f4ng d\u1ee5ng thanh l\u1ecdc kh\u00f4ng kh\u00ed, \u0111em l\u1ea1i s\u1ef1 th\u01b0 gi\u00e3n cho tinh th\u1ea7n. V\u1edbi \u00fd ngh\u0129a phong th\u1ee7y v\u1ec1 s\u1ef1 b\u1ea3o v\u1ec7, b\u00ecnh an v\u00e0 ph\u00e1t tri\u1ec3n b\u1ec1n v\u1eefng, c\u00f9ng c\u00e1ch ch\u0103m s\u00f3c \u0111\u01a1n gi\u1ea3n, \u0111\u00e2y l\u00e0 l\u1ef1a ch\u1ecdn ho\u00e0n h\u1ea3o \u0111\u1ec3 t\u00f4 \u0111i\u1ec3m kh\u00f4ng gian s\u1ed1ng, l\u00e0m vi\u1ec7c v\u00e0 l\u00e0 m\u00f3n qu\u00e0 t\u1eb7ng \u00fd ngh\u0129a cho b\u1ea1n b\u00e8, ng\u01b0\u1eddi th\u00e2n.<\/p>\n<p data-start=\"2091\" data-end=\"2456\">Ch\u1eadu c\u00e2y g\u1ed1m xu\u1ea5t kh\u1ea9u c\u00f3 k\u00edch th\u01b0\u1edbc 20cm, ph\u00f9 h\u1ee3p \u0111\u1ec3 ban c\u00f4ng, c\u1eeda s\u1ed5.<\/p>\n<p data-start=\"2283\" data-end=\"2658\">V\u01b0\u1eddn c\u00f3 nhi\u1ec1u m\u1eabu ch\u1eadu kh\u00e1c nhau cho b\u1ea1n l\u1ef1a ch\u1ecdn &#8211; gi\u00e1 s\u1ea3n ph\u1ea9m c\u00f3 th\u1ec3 thay \u0111\u1ed5i t\u00f9y m\u1eabu ch\u1eadu c\u1ee5 th\u1ec3.<\/p>\n<div class=\"\" data-block=\"true\" data-editor=\"2snst\" data-offset-key=\"7gfnn-0-0\">\n<div data-offset-key=\"7gfnn-0-0\">\n<p data-start=\"1528\" data-end=\"1797\"><strong>V\u01b0\u1eddn c\u00f3 ship h\u1ecfa t\u1ed1c n\u1ed9i th\u00e0nh H\u00e0 N\u1ed9i \u2013 h\u00e3y li\u00ean h\u1ec7 ngay v\u1edbi V\u01b0\u1eddn C\u1ea7u V\u1ed3ng \u0111\u1ec3 s\u1edf h\u1eefu m\u1ed9t ch\u1eadu c\u00e2y t\u00e0i l\u1ed9c v\u00e0 may m\u1eafn nh\u00e9!<\/strong><\/p>\n<\/div>\n<div class=\"_1mf _1mj\" data-offset-key=\"7gfnn-0-0\"><span data-offset-key=\"7gfnn-0-0\">\u2014\ud83c\udf42\u2014\u2013\ud83c\udf42\u2014\u2014\u2013\ud83c\udf42\u2014\u2013\ud83c\udf42\u2014\u2013\ud83c\udf42\u2014\u2013<\/span><\/div>\n<\/div>\n<div class=\"\" data-block=\"true\" data-editor=\"2snst\" data-offset-key=\"9skf-0-0\">\n<div class=\"_1mf _1mj\" data-offset-key=\"9skf-0-0\"><span data-offset-key=\"9skf-0-0\">V\u01b0\u1eddn C\u1ea7u V\u1ed3ng \u2013 ng\u00f5 309 Ph\u00fa Di\u1ec5n, B\u1eafc T\u1eeb Li\u00eam, H\u00e0 N\u1ed9i (\u0111i h\u1ebft \u0111\u01b0\u1eddng b\u00ea t\u00f4ng, nh\u00ecn b\u00ean tr\u00e1i l\u00e0 V\u01b0\u1eddn C\u1ea7u V\u1ed3ng<\/span><\/div>\n<\/div>\n<div class=\"\" data-block=\"true\" data-editor=\"2snst\" data-offset-key=\"9rv5h-0-0\">\n<div class=\"_1mf _1mj\" data-offset-key=\"9rv5h-0-0\"><span data-offset-key=\"9rv5h-0-0\">\u0110T: 03.8284.6606 \u2013 03.4884.6606<\/span><\/div>\n<\/div>\n<div class=\"\" data-block=\"true\" data-editor=\"2snst\" data-offset-key=\"95tua-0-0\">\n<div class=\"_1mf _1mj\" data-offset-key=\"95tua-0-0\"><span data-offset-key=\"95tua-0-0\">\ud835\udde0\ud835\uddee\ud835\uddfd: https:\/\/maps.app.goo.gl\/1A5ujusTfaw8iw5YA<\/span><\/div>\n<\/div>\n<div class=\"\" data-block=\"true\" data-editor=\"2snst\" data-offset-key=\"4nl6u-0-0\">\n<div class=\"_1mf _1mj\" data-offset-key=\"4nl6u-0-0\"><span data-offset-key=\"4nl6u-0-0\">\ud835\udddf\ud835\uddf6\ud835\uddfb\ud835\uddf8 \ud835\uddfa\ud835\ude02\ud835\uddee \ud835\uddfc\ud835\uddfb\ud835\uddf9\ud835\uddf6\ud835\uddfb\ud835\uddf2:<\/span><\/div>\n<\/div>\n<div class=\"\" data-block=\"true\" data-editor=\"2snst\" data-offset-key=\"an7nu-0-0\">\n<div class=\"_1mf _1mj\" data-offset-key=\"an7nu-0-0\"><span data-offset-key=\"an7nu-0-0\">Website: https:\/\/vuoncauvong.com<\/span><\/div>\n<\/div>\n<div class=\"\" data-block=\"true\" data-editor=\"2snst\" data-offset-key=\"2i8dj-0-0\">\n<div class=\"_1mf _1mj\" data-offset-key=\"2i8dj-0-0\"><span data-offset-key=\"2i8dj-0-0\">Tiktok: https:\/\/vt.tiktok.com\/vuoncauvong<\/span><\/div>\n<\/div>\n<div class=\"\" data-block=\"true\" data-editor=\"2snst\" data-offset-key=\"6496n-0-0\">\n<div class=\"_1mf _1mj\" data-offset-key=\"6496n-0-0\"><span data-offset-key=\"6496n-0-0\">Shopee: https:\/\/s.shopee.vn\/BJdCo1OW8<\/span><\/div>\n<\/div>\n","protected":false},"excerpt":{"rendered":"<p data-start=\"196\" data-end=\"629\"><strong data-start=\"2100\" data-end=\"2136\">Ch\u1eadu c\u00e2y d\u01b0\u01a1ng x\u1ec9 \u1ed5 ph\u1ee5ng \u0111\u1ec3 b\u00e0n<\/strong> v\u1eeba mang v\u1ebb \u0111\u1eb9p xanh m\u00e1t \u0111\u1ed9c \u0111\u00e1o, v\u1eeba c\u00f3 c\u00f4ng d\u1ee5ng thanh l\u1ecdc kh\u00f4ng kh\u00ed, \u0111em l\u1ea1i s\u1ef1 th\u01b0 gi\u00e3n cho tinh th\u1ea7n. V\u1edbi \u00fd ngh\u0129a phong th\u1ee7y v\u1ec1 s\u1ef1 b\u1ea3o v\u1ec7, b\u00ecnh an v\u00e0 ph\u00e1t tri\u1ec3n b\u1ec1n v\u1eefng, c\u00f9ng c\u00e1ch ch\u0103m s\u00f3c \u0111\u01a1n gi\u1ea3n, \u0111\u00e2y l\u00e0 l\u1ef1a ch\u1ecdn ho\u00e0n h\u1ea3o \u0111\u1ec3 t\u00f4 \u0111i\u1ec3m kh\u00f4ng gian s\u1ed1ng, l\u00e0m vi\u1ec7c v\u00e0 l\u00e0 m\u00f3n qu\u00e0 t\u1eb7ng \u00fd ngh\u0129a cho b\u1ea1n b\u00e8, ng\u01b0\u1eddi th\u00e2n.<\/p>\n<p data-start=\"2283\" data-end=\"2658\">V\u01b0\u1eddn c\u00f3 nhi\u1ec1u m\u1eabu ch\u1eadu kh\u00e1c nhau cho b\u1ea1n l\u1ef1a ch\u1ecdn &#8211; gi\u00e1 s\u1ea3n ph\u1ea9m c\u00f3 th\u1ec3 thay \u0111\u1ed5i t\u00f9y m\u1eabu ch\u1eadu c\u1ee5 th\u1ec3.<\/p>\n<div class=\"\" data-block=\"true\" data-editor=\"2snst\" data-offset-key=\"7gfnn-0-0\">\n<div data-offset-key=\"7gfnn-0-0\">\n<p data-start=\"1528\" data-end=\"1797\"><strong>V\u01b0\u1eddn c\u00f3 ship h\u1ecfa t\u1ed1c n\u1ed9i th\u00e0nh H\u00e0 N\u1ed9i \u2013 h\u00e3y li\u00ean h\u1ec7 ngay v\u1edbi V\u01b0\u1eddn C\u1ea7u V\u1ed3ng \u0111\u1ec3 s\u1edf h\u1eefu m\u1ed9t ch\u1eadu c\u00e2y t\u00e0i l\u1ed9c v\u00e0 may m\u1eafn nh\u00e9!<\/strong><\/p>\n<\/div>\n<\/div>\n<div class=\"\" data-block=\"true\" data-editor=\"2snst\" data-offset-key=\"6496n-0-0\">\n<div class=\"_1mf _1mj\" data-offset-key=\"6496n-0-0\"><\/div>\n<\/div>\n","protected":false},"featured_media":870,"comment_status":"open","ping_status":"closed","template":"","meta":[],"product_brand":[],"product_cat":[38],"product_tag":[],"class_list":{"0":"post-891","1":"product","2":"type-product","3":"status-publish","4":"has-post-thumbnail","6":"product_cat-cay-de-ban","8":"first","9":"instock","10":"sale","11":"shipping-taxable","12":"purchasable","13":"product-type-simple"},"jetpack_sharing_enabled":true,"_links":{"self":[{"href":"https:\/\/vuoncauvong.com\/index.php\/wp-json\/wp\/v2\/product\/891","targetHints":{"allow":["GET"]}}],"collection":[{"href":"https:\/\/vuoncauvong.com\/index.php\/wp-json\/wp\/v2\/product"}],"about":[{"href":"https:\/\/vuoncauvong.com\/index.php\/wp-json\/wp\/v2\/types\/product"}],"replies":[{"embeddable":true,"href":"https:\/\/vuoncauvong.com\/index.php\/wp-json\/wp\/v2\/comments?post=891"}],"wp:featuredmedia":[{"embeddable":true,"href":"https:\/\/vuoncauvong.com\/index.php\/wp-json\/wp\/v2\/media\/870"}],"wp:attachment":[{"href":"https:\/\/vuoncauvong.com\/index.php\/wp-json\/wp\/v2\/media?parent=891"}],"wp:term":[{"taxonomy":"product_brand","embeddable":true,"href":"https:\/\/vuoncauvong.com\/index.php\/wp-json\/wp\/v2\/product_brand?post=891"},{"taxonomy":"product_cat","embeddable":true,"href":"https:\/\/vuoncauvong.com\/index.php\/wp-json\/wp\/v2\/product_cat?post=891"},{"taxonomy":"product_tag","embeddable":true,"href":"https:\/\/vuoncauvong.com\/index.php\/wp-json\/wp\/v2\/product_tag?post=891"}],"curies":[{"name":"wp","href":"https:\/\/api.w.org\/{rel}","templated":true}]}}