{"id":868,"date":"2025-09-08T23:44:52","date_gmt":"2025-09-08T16:44:52","guid":{"rendered":"https:\/\/vuoncauvong.com\/?post_type=product&#038;p=868"},"modified":"2026-04-14T15:35:57","modified_gmt":"2026-04-14T08:35:57","slug":"chau-cam-nhung-de-ban","status":"publish","type":"product","link":"https:\/\/vuoncauvong.com\/index.php\/san-pham\/chau-cam-nhung-de-ban\/","title":{"rendered":"Ch\u1eadu c\u1ea9m nhung \u0111\u1ec3 b\u00e0n"},"content":{"rendered":"<p data-start=\"174\" data-end=\"652\"><strong data-start=\"174\" data-end=\"198\">C\u00e2y c\u1ea9m nhung \u0111\u1ec3 b\u00e0n<\/strong> l\u00e0 m\u1ed9t trong nh\u1eefng lo\u1ea1i c\u00e2y c\u1ea3nh mini \u0111\u01b0\u1ee3c \u01b0a chu\u1ed9ng nh\u1edd v\u1ebb ngo\u00e0i nh\u1ecf nh\u1eafn, xinh x\u1eafn v\u00e0 s\u1eafc l\u00e1 n\u1ed5i b\u1eadt. C\u00e2y c\u00f3 nh\u1eefng chi\u1ebfc l\u00e1 nh\u1ecf, d\u00e0y, m\u1ec1m m\u01b0\u1ee3t nh\u1eb9 nh\u00e0ng, tr\u00ean n\u1ec1n l\u00e1 xanh, cam, \u0111\u1ecf ho\u1eb7c h\u1ed3ng \u0111i\u1ec3m nh\u1eefng \u0111\u01b0\u1eddng g\u00e2n tr\u1eafng, h\u1ed3ng hay \u0111\u1ecf r\u1ef1c r\u1ee1, t\u1ea1o n\u00ean n\u00e9t \u0111\u1eb9p tinh t\u1ebf, \u0111\u1ed9c \u0111\u00e1o. Nh\u1edd k\u00edch th\u01b0\u1edbc nh\u1ecf g\u1ecdn, d\u1ec5 b\u1ed1 tr\u00ed, ch\u1eadu c\u1ea9m nhung \u0111\u1ec3 b\u00e0n r\u1ea5t ph\u00f9 h\u1ee3p \u0111\u1ec3 \u0111\u1eb7t tr\u00ean b\u00e0n l\u00e0m vi\u1ec7c, k\u1ec7 s\u00e1ch, b\u00e0n h\u1ecdc hay g\u00f3c trang tr\u00ed, mang \u0111\u1ebfn c\u1ea3m gi\u00e1c t\u01b0\u01a1i m\u1edbi v\u00e0 s\u1ed1ng \u0111\u1ed9ng cho kh\u00f4ng gian.<\/p>\n<p data-start=\"654\" data-end=\"1190\">V\u1ec1 <strong data-start=\"657\" data-end=\"669\">t\u00e1c d\u1ee5ng<\/strong>, <strong>c\u00e2y c\u1ea9m nhung<\/strong> gi\u00fap thanh l\u1ecdc kh\u00f4ng kh\u00ed, h\u1ea5p th\u1ee5 b\u1ee5i b\u1ea9n v\u00e0 kh\u00ed \u0111\u1ed9c h\u1ea1i t\u1eeb m\u00f4i tr\u01b0\u1eddng, g\u00f3p ph\u1ea7n t\u1ea1o kh\u00f4ng gian trong l\u00e0nh. \u0110\u1ed3ng th\u1eddi, s\u1eafc xanh xen k\u1ebd nh\u1eefng gam m\u00e0u n\u1ed5i b\u1eadt tr\u00ean l\u00e1 gi\u00fap d\u1ecbu m\u1eaft, gi\u1ea3m c\u0103ng th\u1eb3ng v\u00e0 t\u1ea1o c\u1ea3m gi\u00e1c th\u01b0 gi\u00e3n. Ch\u1ec9 c\u1ea7n ng\u1eafm nh\u00ecn m\u1ed9t ch\u1eadu c\u1ea9m nhung nh\u1ecf xinh c\u0169ng c\u00f3 th\u1ec3 khi\u1ebfn tinh th\u1ea7n tho\u1ea3i m\u00e1i, mang \u0111\u1ebfn n\u0103ng l\u01b0\u1ee3ng t\u00edch c\u1ef1c h\u01a1n cho ng\u00e0y d\u00e0i. Ch\u00ednh v\u00ec th\u1ebf, lo\u1ea1i c\u00e2y n\u00e0y r\u1ea5t th\u00edch h\u1ee3p cho nh\u1eefng ai mu\u1ed1n theo \u0111u\u1ed5i phong c\u00e1ch <strong data-start=\"1118\" data-end=\"1131\">s\u1ed1ng xanh<\/strong> \u2013 mang thi\u00ean nhi\u00ean v\u00e0o g\u1ea7n h\u01a1n trong nh\u1ecbp s\u1ed1ng hi\u1ec7n \u0111\u1ea1i.<\/p>\n<p data-start=\"1192\" data-end=\"1692\">Trong <strong data-start=\"1198\" data-end=\"1212\">phong th\u1ee7y<\/strong>, <strong>c\u00e2y<\/strong> <strong>c\u1ea9m nhung<\/strong> mang \u00fd ngh\u0129a c\u1ee7a s\u1ef1 may m\u1eafn, h\u1ea1nh ph\u00fac v\u00e0 t\u00ecnh c\u1ea3m g\u1eafn b\u00f3. Nh\u1eefng chi\u1ebfc l\u00e1 nh\u1ecf, m\u1ecdc san s\u00e1t nhau t\u01b0\u1ee3ng tr\u01b0ng cho s\u1ef1 \u0111o\u00e0n k\u1ebft, t\u00ecnh th\u00e2n m\u1eadt v\u00e0 h\u00f2a thu\u1eadn trong c\u00e1c m\u1ed1i quan h\u1ec7. M\u00e0u s\u1eafc \u0111a d\u1ea1ng c\u1ee7a c\u1ea9m nhung c\u0169ng \u0111\u01b0\u1ee3c xem l\u00e0 bi\u1ec3u t\u01b0\u1ee3ng c\u1ee7a s\u1ef1 vui v\u1ebb, t\u01b0\u01a1i m\u1edbi v\u00e0 tr\u00e0n \u0111\u1ea7y hy v\u1ecdng. \u0110\u1eb7t m\u1ed9t ch\u1eadu c\u1ea9m nhung tr\u00ean b\u00e0n l\u00e0m vi\u1ec7c kh\u00f4ng ch\u1ec9 gi\u00fap t\u1ea1o \u0111i\u1ec3m nh\u1ea5n sinh \u0111\u1ed9ng m\u00e0 c\u00f2n \u0111\u01b0\u1ee3c tin r\u1eb1ng s\u1ebd thu h\u00fat n\u0103ng l\u01b0\u1ee3ng t\u00edch c\u1ef1c, mang l\u1ea1i b\u00ecnh an v\u00e0 thu\u1eadn l\u1ee3i trong c\u00f4ng vi\u1ec7c, h\u1ecdc t\u1eadp.<\/p>\n<p data-start=\"1694\" data-end=\"2281\">V\u1ec1 <strong data-start=\"1697\" data-end=\"1714\">c\u00e1ch ch\u0103m s\u00f3c<\/strong>, <strong>c\u1ea9m nhung<\/strong> l\u00e0 lo\u1ea1i c\u00e2y d\u1ec5 tr\u1ed3ng, ph\u00f9 h\u1ee3p c\u1ea3 v\u1edbi ng\u01b0\u1eddi m\u1edbi b\u1eaft \u0111\u1ea7u. C\u00e2y \u01b0a s\u00e1ng nh\u1eb9, th\u00edch h\u1ee3p v\u1edbi \u00e1nh s\u00e1ng gi\u00e1n ti\u1ebfp, kh\u00f4ng ch\u1ecbu \u0111\u01b0\u1ee3c n\u1eafng g\u1eaft tr\u1ef1c ti\u1ebfp. B\u1ea1n c\u00f3 th\u1ec3 \u0111\u1eb7t c\u00e2y \u1edf c\u1eeda s\u1ed5 c\u00f3 \u00e1nh s\u00e1ng d\u1ecbu ho\u1eb7c trong ph\u00f2ng l\u00e0m vi\u1ec7c c\u00f3 \u0111\u00e8n hu\u1ef3nh quang. V\u1ec1 t\u01b0\u1edbi n\u01b0\u1edbc, c\u1ea9m nhung \u01b0a \u1ea9m n\u00ean c\u1ea7n t\u01b0\u1edbi \u0111\u1ec1u 2\u20133 l\u1ea7n\/tu\u1ea7n, gi\u1eef cho \u0111\u1ea5t lu\u00f4n \u1ea9m nh\u01b0ng kh\u00f4ng \u0111\u1ec3 ng\u1eadp \u00fang. Ngo\u00e0i ra, c\u00e2y c\u0169ng th\u00edch m\u00f4i tr\u01b0\u1eddng tho\u00e1ng m\u00e1t, \u0111\u1ed9 \u1ea9m cao n\u00ean th\u1ec9nh tho\u1ea3ng c\u00f3 th\u1ec3 phun s\u01b0\u01a1ng \u0111\u1ec3 l\u00e1 lu\u00f4n xanh t\u01b0\u01a1i. \u0110\u1ecbnh k\u1ef3 1\u20132 th\u00e1ng b\u00f3n th\u00eam ph\u00e2n h\u1eefu c\u01a1 ho\u1eb7c ph\u00e2n tan ch\u1eadm li\u1ec1u l\u01b0\u1ee3ng nh\u1eb9 \u0111\u1ec3 c\u00e2y ph\u00e1t tri\u1ec3n t\u1ed1t h\u01a1n.<\/p>\n<p data-start=\"2283\" data-end=\"2658\">V\u1edbi m\u1ed9t <strong data-start=\"2292\" data-end=\"2321\">ch\u1eadu c\u00e2y c\u1ea9m nhung \u0111\u1ec3 b\u00e0n<\/strong> kh\u00f4ng ch\u1ec9 \u0111\u1eb9p m\u1eaft, d\u1ec5 th\u01b0\u01a1ng m\u00e0 c\u00f2n mang nhi\u1ec1u c\u00f4ng d\u1ee5ng: thanh l\u1ecdc kh\u00f4ng kh\u00ed, t\u1ea1o c\u1ea3m gi\u00e1c th\u01b0 gi\u00e3n, gi\u00fap tinh th\u1ea7n tho\u1ea3i m\u00e1i v\u00e0 lan t\u1ecfa phong c\u00e1ch s\u1ed1ng xanh. V\u1edbi \u00fd ngh\u0129a phong th\u1ee7y t\u1ed1t l\u00e0nh v\u00e0 c\u00e1ch ch\u0103m s\u00f3c \u0111\u01a1n gi\u1ea3n, <strong>c\u1ea9m nhung<\/strong> l\u00e0 l\u1ef1a ch\u1ecdn tuy\u1ec7t v\u1eddi \u0111\u1ec3 l\u00e0m qu\u00e0 t\u1eb7ng, t\u00f4 \u0111i\u1ec3m kh\u00f4ng gian v\u00e0 mang \u0111\u1ebfn ngu\u1ed3n n\u0103ng l\u01b0\u1ee3ng t\u00edch c\u1ef1c m\u1ed7i ng\u00e0y.<br \/>\nV\u01b0\u1eddn c\u00f3 nhi\u1ec1u m\u1eabu ch\u1eadu kh\u00e1c nhau cho b\u1ea1n l\u1ef1a ch\u1ecdn &#8211; gi\u00e1 s\u1ea3n ph\u1ea9m c\u00f3 th\u1ec3 thay \u0111\u1ed5i t\u00f9y m\u1eabu ch\u1eadu c\u1ee5 th\u1ec3.<\/p>\n<div class=\"\" data-block=\"true\" data-editor=\"2snst\" data-offset-key=\"7gfnn-0-0\">\n<div data-offset-key=\"7gfnn-0-0\">\n<p data-start=\"1528\" data-end=\"1797\"><strong>V\u01b0\u1eddn c\u00f3 ship h\u1ecfa t\u1ed1c n\u1ed9i th\u00e0nh H\u00e0 N\u1ed9i \u2013 h\u00e3y li\u00ean h\u1ec7 ngay v\u1edbi V\u01b0\u1eddn C\u1ea7u V\u1ed3ng \u0111\u1ec3 s\u1edf h\u1eefu m\u1ed9t ch\u1eadu c\u00e2y t\u00e0i l\u1ed9c v\u00e0 may m\u1eafn nh\u00e9!<\/strong><\/p>\n<\/div>\n<div class=\"_1mf _1mj\" data-offset-key=\"7gfnn-0-0\"><span data-offset-key=\"7gfnn-0-0\">\u2014\ud83c\udf42\u2014\u2013\ud83c\udf42\u2014\u2014\u2013\ud83c\udf42\u2014\u2013\ud83c\udf42\u2014\u2013\ud83c\udf42\u2014\u2013<\/span><\/div>\n<\/div>\n<div class=\"\" data-block=\"true\" data-editor=\"2snst\" data-offset-key=\"9skf-0-0\">\n<div class=\"_1mf _1mj\" data-offset-key=\"9skf-0-0\"><span data-offset-key=\"9skf-0-0\">V\u01b0\u1eddn C\u1ea7u V\u1ed3ng \u2013 ng\u00f5 309 Ph\u00fa Di\u1ec5n, B\u1eafc T\u1eeb Li\u00eam, H\u00e0 N\u1ed9i (\u0111i h\u1ebft \u0111\u01b0\u1eddng b\u00ea t\u00f4ng, nh\u00ecn b\u00ean tr\u00e1i l\u00e0 V\u01b0\u1eddn C\u1ea7u V\u1ed3ng<\/span><\/div>\n<\/div>\n<div class=\"\" data-block=\"true\" data-editor=\"2snst\" data-offset-key=\"9rv5h-0-0\">\n<div class=\"_1mf _1mj\" data-offset-key=\"9rv5h-0-0\"><span data-offset-key=\"9rv5h-0-0\">\u0110T: 03.8284.6606 \u2013 03.4884.6606<\/span><\/div>\n<\/div>\n<div class=\"\" data-block=\"true\" data-editor=\"2snst\" data-offset-key=\"95tua-0-0\">\n<div class=\"_1mf _1mj\" data-offset-key=\"95tua-0-0\"><span data-offset-key=\"95tua-0-0\">\ud835\udde0\ud835\uddee\ud835\uddfd: https:\/\/maps.app.goo.gl\/1A5ujusTfaw8iw5YA<\/span><\/div>\n<\/div>\n<div class=\"\" data-block=\"true\" data-editor=\"2snst\" data-offset-key=\"4nl6u-0-0\">\n<div class=\"_1mf _1mj\" data-offset-key=\"4nl6u-0-0\"><span data-offset-key=\"4nl6u-0-0\">\ud835\udddf\ud835\uddf6\ud835\uddfb\ud835\uddf8 \ud835\uddfa\ud835\ude02\ud835\uddee \ud835\uddfc\ud835\uddfb\ud835\uddf9\ud835\uddf6\ud835\uddfb\ud835\uddf2:<\/span><\/div>\n<\/div>\n<div class=\"\" data-block=\"true\" data-editor=\"2snst\" data-offset-key=\"an7nu-0-0\">\n<div class=\"_1mf _1mj\" data-offset-key=\"an7nu-0-0\"><span data-offset-key=\"an7nu-0-0\">Website: https:\/\/vuoncauvong.com<\/span><\/div>\n<\/div>\n<div class=\"\" data-block=\"true\" data-editor=\"2snst\" data-offset-key=\"2i8dj-0-0\">\n<div class=\"_1mf _1mj\" data-offset-key=\"2i8dj-0-0\"><span data-offset-key=\"2i8dj-0-0\">Tiktok: https:\/\/vt.tiktok.com\/vuoncauvong<\/span><\/div>\n<\/div>\n<div class=\"\" data-block=\"true\" data-editor=\"2snst\" data-offset-key=\"6496n-0-0\">\n<div class=\"_1mf _1mj\" data-offset-key=\"6496n-0-0\"><span data-offset-key=\"6496n-0-0\">Shopee: https:\/\/s.shopee.vn\/BJdCo1OW8<\/span><\/div>\n<\/div>\n","protected":false},"excerpt":{"rendered":"<p data-start=\"2283\" data-end=\"2658\">V\u1edbi m\u1ed9t <strong data-start=\"2292\" data-end=\"2321\">ch\u1eadu c\u00e2y c\u1ea9m nhung \u0111\u1ec3 b\u00e0n<\/strong> kh\u00f4ng ch\u1ec9 \u0111\u1eb9p m\u1eaft, d\u1ec5 th\u01b0\u01a1ng m\u00e0 c\u00f2n mang nhi\u1ec1u c\u00f4ng d\u1ee5ng: thanh l\u1ecdc kh\u00f4ng kh\u00ed, t\u1ea1o c\u1ea3m gi\u00e1c th\u01b0 gi\u00e3n, gi\u00fap tinh th\u1ea7n tho\u1ea3i m\u00e1i v\u00e0 lan t\u1ecfa phong c\u00e1ch s\u1ed1ng xanh. V\u1edbi \u00fd ngh\u0129a phong th\u1ee7y t\u1ed1t l\u00e0nh v\u00e0 c\u00e1ch ch\u0103m s\u00f3c \u0111\u01a1n gi\u1ea3n, <strong>c\u1ea9m nhung<\/strong> l\u00e0 l\u1ef1a ch\u1ecdn tuy\u1ec7t v\u1eddi \u0111\u1ec3 l\u00e0m qu\u00e0 t\u1eb7ng, t\u00f4 \u0111i\u1ec3m kh\u00f4ng gian v\u00e0 mang \u0111\u1ebfn ngu\u1ed3n n\u0103ng l\u01b0\u1ee3ng t\u00edch c\u1ef1c m\u1ed7i ng\u00e0y.<\/p>\n<p data-start=\"2283\" data-end=\"2658\">V\u01b0\u1eddn c\u00f3 nhi\u1ec1u m\u1eabu ch\u1eadu kh\u00e1c nhau cho b\u1ea1n l\u1ef1a ch\u1ecdn &#8211; gi\u00e1 s\u1ea3n ph\u1ea9m c\u00f3 th\u1ec3 thay \u0111\u1ed5i t\u00f9y m\u1eabu ch\u1eadu c\u1ee5 th\u1ec3.<\/p>\n<div class=\"\" data-block=\"true\" data-editor=\"2snst\" data-offset-key=\"7gfnn-0-0\">\n<div data-offset-key=\"7gfnn-0-0\">\n<p data-start=\"1528\" data-end=\"1797\"><strong>V\u01b0\u1eddn c\u00f3 ship h\u1ecfa t\u1ed1c n\u1ed9i th\u00e0nh H\u00e0 N\u1ed9i \u2013 h\u00e3y li\u00ean h\u1ec7 ngay v\u1edbi V\u01b0\u1eddn C\u1ea7u V\u1ed3ng \u0111\u1ec3 s\u1edf h\u1eefu m\u1ed9t ch\u1eadu c\u00e2y t\u00e0i l\u1ed9c v\u00e0 may m\u1eafn nh\u00e9!<\/strong><\/p>\n<\/div>\n<\/div>\n","protected":false},"featured_media":869,"comment_status":"open","ping_status":"closed","template":"","meta":[],"product_brand":[],"product_cat":[38],"product_tag":[],"class_list":{"0":"post-868","1":"product","2":"type-product","3":"status-publish","4":"has-post-thumbnail","6":"product_cat-cay-de-ban","8":"first","9":"instock","10":"sale","11":"shipping-taxable","12":"purchasable","13":"product-type-simple"},"jetpack_sharing_enabled":true,"_links":{"self":[{"href":"https:\/\/vuoncauvong.com\/index.php\/wp-json\/wp\/v2\/product\/868","targetHints":{"allow":["GET"]}}],"collection":[{"href":"https:\/\/vuoncauvong.com\/index.php\/wp-json\/wp\/v2\/product"}],"about":[{"href":"https:\/\/vuoncauvong.com\/index.php\/wp-json\/wp\/v2\/types\/product"}],"replies":[{"embeddable":true,"href":"https:\/\/vuoncauvong.com\/index.php\/wp-json\/wp\/v2\/comments?post=868"}],"wp:featuredmedia":[{"embeddable":true,"href":"https:\/\/vuoncauvong.com\/index.php\/wp-json\/wp\/v2\/media\/869"}],"wp:attachment":[{"href":"https:\/\/vuoncauvong.com\/index.php\/wp-json\/wp\/v2\/media?parent=868"}],"wp:term":[{"taxonomy":"product_brand","embeddable":true,"href":"https:\/\/vuoncauvong.com\/index.php\/wp-json\/wp\/v2\/product_brand?post=868"},{"taxonomy":"product_cat","embeddable":true,"href":"https:\/\/vuoncauvong.com\/index.php\/wp-json\/wp\/v2\/product_cat?post=868"},{"taxonomy":"product_tag","embeddable":true,"href":"https:\/\/vuoncauvong.com\/index.php\/wp-json\/wp\/v2\/product_tag?post=868"}],"curies":[{"name":"wp","href":"https:\/\/api.w.org\/{rel}","templated":true}]}}