{"id":865,"date":"2025-08-26T22:43:55","date_gmt":"2025-08-26T15:43:55","guid":{"rendered":"https:\/\/vuoncauvong.com\/?post_type=product&#038;p=865"},"modified":"2025-08-26T22:43:55","modified_gmt":"2025-08-26T15:43:55","slug":"ngoi-nha-tuyet-phu-kien-sen-da-xuong-rong","status":"publish","type":"product","link":"https:\/\/vuoncauvong.com\/index.php\/san-pham\/ngoi-nha-tuyet-phu-kien-sen-da-xuong-rong\/","title":{"rendered":"Ng\u00f4i nh\u00e0 tuy\u1ebft &#8211; ph\u1ee5 ki\u1ec7n sen \u0111\u00e1 x\u01b0\u01a1ng r\u1ed3ng"},"content":{"rendered":"<p data-start=\"156\" data-end=\"430\">Ngo\u00e0i vi\u1ec7c ch\u1ecdn l\u1ef1a c\u00e2y v\u00e0 ch\u1eadu ph\u00f9 h\u1ee3p,\u00a0<strong data-start=\"197\" data-end=\"219\">ph\u1ee5 ki\u1ec7n trang tr\u00ed<\/strong>\u00a0c\u0169ng \u0111\u00f3ng vai tr\u00f2 quan tr\u1ecdng gi\u00fap ch\u1eadu c\u00e2y tr\u1edf n\u00ean sinh \u0111\u1ed9ng, \u1ea5n t\u01b0\u1ee3ng v\u00e0 mang d\u1ea5u \u1ea5n c\u00e1 nh\u00e2n. Nh\u1edd nh\u1eefng ph\u1ee5 ki\u1ec7n trang tr\u00ed n\u00e0y, ch\u1eadu c\u00e2y kh\u00f4ng ch\u1ec9 c\u00f2n l\u00e0 m\u1ed9t m\u1ea3ng xanh trong nh\u00e0 m\u00e0 tr\u1edf th\u00e0nh\u00a0<strong data-start=\"1536\" data-end=\"1567\">t\u00e1c ph\u1ea9m ngh\u1ec7 thu\u1eadt thu nh\u1ecf<\/strong>, v\u1eeba \u0111\u1eb9p m\u1eaft v\u1eeba mang \u00fd ngh\u0129a tinh th\u1ea7n.<\/p>\n<p data-start=\"432\" data-end=\"470\">C\u00e1c ph\u1ee5 ki\u1ec7n V\u01b0\u1eddn C\u1ea7u V\u1ed3ng c\u00f3 s\u1eb5n:<\/p>\n<ul data-start=\"471\" data-end=\"1019\">\n<li data-start=\"471\" data-end=\"589\">\n<p data-start=\"473\" data-end=\"589\"><strong data-start=\"473\" data-end=\"490\">\u0110\u00e1 trang tr\u00ed:<\/strong>\u00a0g\u1ed3m s\u1ecfi tr\u1eafng, \u0111\u00e1 c\u1ea7u v\u1ed3ng, \u0111\u00e1 lava \u0111\u1ecf, pumice\u2026 v\u1eeba l\u00e0m \u0111\u1eb9p b\u1ec1 m\u1eb7t, v\u1eeba gi\u1eef \u1ea9m, h\u1ea1n ch\u1ebf r\u00eau m\u1ed1c.<\/p>\n<\/li>\n<li data-start=\"590\" data-end=\"716\">\n<p data-start=\"592\" data-end=\"716\"><strong data-start=\"592\" data-end=\"617\">T\u01b0\u1ee3ng mini \u2013 m\u00f4 h\u00ecnh:<\/strong>\u00a0nh\u01b0 ng\u00f4i nh\u00e0, con v\u1eadt, nh\u00e2n v\u1eadt ho\u1ea1t h\u00ecnh\u2026 t\u1ea1o c\u1ea3m gi\u00e1c ch\u1eadu c\u00e2y l\u00e0 m\u1ed9t ti\u1ec3u c\u1ea3nh nh\u1ecf s\u1ed1ng \u0111\u1ed9ng.<\/p>\n<\/li>\n<li data-start=\"717\" data-end=\"817\">\n<p data-start=\"719\" data-end=\"817\"><strong data-start=\"719\" data-end=\"741\">Que c\u1eafm trang tr\u00ed:<\/strong>\u00a0que g\u1ed7, th\u1ebb nh\u1ef1a in h\u00ecnh d\u1ec5 th\u01b0\u01a1ng, slogan t\u1ea1o s\u1ef1 tr\u1ebb trung cho ch\u1eadu c\u00e2y.<\/p>\n<\/li>\n<li data-start=\"818\" data-end=\"926\">\n<p data-start=\"820\" data-end=\"926\"><strong data-start=\"820\" data-end=\"843\">Ph\u1ee5 ki\u1ec7n ti\u1ec3u c\u1ea3nh:<\/strong>\u00a0h\u00e0ng r\u00e0o mini, c\u1ea7u g\u1ed7, gh\u1ebf \u0111\u00e1, x\u00edch \u0111u\u2026 ph\u00f9 h\u1ee3p v\u1edbi bonsai ho\u1eb7c ch\u1eadu c\u00e2y \u0111\u1ec3 b\u00e0n.<\/p>\n<\/li>\n<li data-start=\"927\" data-end=\"1019\">\n<p data-start=\"929\" data-end=\"1019\"><strong data-start=\"929\" data-end=\"955\">V\u1eadt li\u1ec7u ph\u1ee7 m\u1eb7t kh\u00e1c:<\/strong>\u00a0nh\u01b0 m\u00f9n c\u01b0a m\u00e0u, h\u1ea1t g\u1ed1m nung, c\u00e1t m\u00e0u\u2026 t\u0103ng th\u00eam s\u1ef1 \u0111\u1ed9c \u0111\u00e1o.<\/p>\n<\/li>\n<\/ul>\n<h4 data-start=\"1021\" data-end=\"1039\">V\u1edbi nh\u1eefng ph\u1ee5 ki\u1ec7n xinh x\u1eafn n\u00e0y, ch\u1eadu c\u00e2y c\u1ee7a b\u1ea1n s\u1ebd:<\/h4>\n<ul data-start=\"1040\" data-end=\"1434\">\n<li data-start=\"1040\" data-end=\"1126\">\n<p data-start=\"1042\" data-end=\"1126\"><strong data-start=\"1042\" data-end=\"1064\">T\u0103ng t\u00ednh th\u1ea9m m\u1ef9:<\/strong>\u00a0bi\u1ebfn m\u1ed9t ch\u1eadu c\u00e2y \u0111\u01a1n gi\u1ea3n th\u00e0nh m\u00f3n qu\u00e0 trang tr\u00ed tinh t\u1ebf.<\/p>\n<\/li>\n<li data-start=\"1127\" data-end=\"1206\">\n<p data-start=\"1129\" data-end=\"1206\"><strong data-start=\"1129\" data-end=\"1148\">B\u1ea3o v\u1ec7 gi\u00e1 th\u1ec3:<\/strong>\u00a0l\u1edbp \u0111\u00e1 ph\u1ee7 gi\u00fap \u0111\u1ea5t kh\u00f4ng b\u1ecb \u0111\u00f3ng v\u00e1ng, gi\u1eef \u1ea9m t\u1ed1t h\u01a1n.<\/p>\n<\/li>\n<li data-start=\"1207\" data-end=\"1320\">\n<p data-start=\"1209\" data-end=\"1320\"><strong data-start=\"1209\" data-end=\"1235\">T\u1ea1o \u0111i\u1ec3m nh\u1ea5n c\u00e1 nh\u00e2n:<\/strong>\u00a0m\u1ed7i ph\u1ee5 ki\u1ec7n th\u1ec3 hi\u1ec7n phong c\u00e1ch ri\u00eang, t\u1eeb d\u1ec5 th\u01b0\u01a1ng, t\u1ed1i gi\u1ea3n cho \u0111\u1ebfn ngh\u1ec7 thu\u1eadt.<\/p>\n<\/li>\n<li data-start=\"1321\" data-end=\"1434\">\n<p style=\"text-align: left;\" data-start=\"1323\" data-end=\"1434\"><strong data-start=\"1323\" data-end=\"1344\">\u1ee8ng d\u1ee5ng \u0111a d\u1ea1ng:<\/strong>\u00a0ph\u00f9 h\u1ee3p cho sen \u0111\u00e1, x\u01b0\u01a1ng r\u1ed3ng, bonsai, c\u00e2y phong th\u1ee7y hay ch\u1eadu c\u00e2y trang tr\u00ed n\u1ed9i th\u1ea5t.<\/p>\n<\/li>\n<\/ul>\n<p><img loading=\"lazy\" decoding=\"async\" class=\"alignnone size-medium wp-image-860 aligncenter\" src=\"https:\/\/vuoncauvong.com\/wp-content\/uploads\/2025\/08\/78-300x300.jpg\" alt=\"\" width=\"300\" height=\"300\" srcset=\"https:\/\/vuoncauvong.com\/wp-content\/uploads\/2025\/08\/78-300x300.jpg 300w, https:\/\/vuoncauvong.com\/wp-content\/uploads\/2025\/08\/78-1024x1024.jpg 1024w, https:\/\/vuoncauvong.com\/wp-content\/uploads\/2025\/08\/78-150x150.jpg 150w, https:\/\/vuoncauvong.com\/wp-content\/uploads\/2025\/08\/78-768x768.jpg 768w, https:\/\/vuoncauvong.com\/wp-content\/uploads\/2025\/08\/78-100x100.jpg 100w, https:\/\/vuoncauvong.com\/wp-content\/uploads\/2025\/08\/78.jpg 1080w\" sizes=\"auto, (max-width: 300px) 100vw, 300px\" \/><\/p>\n<p style=\"text-align: center;\"><span style=\"color: #555555;\">\u2014\u2013<\/span>\ud83c\udf42<span style=\"color: #555555;\">\u2014\u2014\u2013<\/span>\ud83c\udf42<span style=\"color: #555555;\">\u2014\u2013<\/span>\ud83c\udf42<span style=\"color: #555555;\">\u2014\u2013<\/span>\ud83c\udf42<span style=\"color: #555555;\">\u2014\u2013<\/span><\/p>\n<div class=\"\" style=\"text-align: center;\" data-block=\"true\" data-editor=\"2snst\" data-offset-key=\"9skf-0-0\">\n<div class=\"_1mf _1mj\" data-offset-key=\"9skf-0-0\"><span data-offset-key=\"9skf-0-0\">V\u01b0\u1eddn C\u1ea7u V\u1ed3ng \u2013 ng\u00f5 309 Ph\u00fa Di\u1ec5n, B\u1eafc T\u1eeb Li\u00eam, H\u00e0 N\u1ed9i (\u0111i h\u1ebft \u0111\u01b0\u1eddng b\u00ea t\u00f4ng, nh\u00ecn b\u00ean tr\u00e1i l\u00e0 V\u01b0\u1eddn C\u1ea7u V\u1ed3ng<\/span><\/div>\n<\/div>\n<div class=\"\" style=\"text-align: center;\" data-block=\"true\" data-editor=\"2snst\" data-offset-key=\"9rv5h-0-0\">\n<div class=\"_1mf _1mj\" data-offset-key=\"9rv5h-0-0\"><span data-offset-key=\"9rv5h-0-0\">\u0110T: 03.8284.6606 \u2013 03.4884.6606<\/span><\/div>\n<\/div>\n<div class=\"\" style=\"text-align: center;\" data-block=\"true\" data-editor=\"2snst\" data-offset-key=\"95tua-0-0\">\n<div class=\"_1mf _1mj\" data-offset-key=\"95tua-0-0\"><span data-offset-key=\"95tua-0-0\">\ud835\udde0\ud835\uddee\ud835\uddfd: https:\/\/maps.app.goo.gl\/1A5ujusTfaw8iw5YA<\/span><\/div>\n<\/div>\n<div class=\"\" style=\"text-align: center;\" data-block=\"true\" data-editor=\"2snst\" data-offset-key=\"4nl6u-0-0\">\n<div class=\"_1mf _1mj\" data-offset-key=\"4nl6u-0-0\"><span data-offset-key=\"4nl6u-0-0\">\ud835\udddf\ud835\uddf6\ud835\uddfb\ud835\uddf8 \ud835\uddfa\ud835\ude02\ud835\uddee \ud835\uddfc\ud835\uddfb\ud835\uddf9\ud835\uddf6\ud835\uddfb\ud835\uddf2:<\/span><\/div>\n<\/div>\n<div class=\"\" style=\"text-align: center;\" data-block=\"true\" data-editor=\"2snst\" data-offset-key=\"an7nu-0-0\">\n<div class=\"_1mf _1mj\" data-offset-key=\"an7nu-0-0\"><span data-offset-key=\"an7nu-0-0\">Website: https:\/\/vuoncauvong.com<\/span><\/div>\n<\/div>\n<div class=\"\" style=\"text-align: center;\" data-block=\"true\" data-editor=\"2snst\" data-offset-key=\"2i8dj-0-0\">\n<div class=\"_1mf _1mj\" data-offset-key=\"2i8dj-0-0\"><span data-offset-key=\"2i8dj-0-0\">Tiktok: https:\/\/vt.tiktok.com\/vuoncauvong<\/span><\/div>\n<\/div>\n<div class=\"\" data-block=\"true\" data-editor=\"2snst\" data-offset-key=\"6496n-0-0\">\n<div class=\"_1mf _1mj\" style=\"text-align: center;\" data-offset-key=\"6496n-0-0\"><span data-offset-key=\"6496n-0-0\">Shopee: https:\/\/s.shopee.vn\/BJdCo1OW8<\/span><\/div>\n<\/div>\n","protected":false},"excerpt":{"rendered":"<p data-start=\"156\" data-end=\"430\">Ngo\u00e0i vi\u1ec7c ch\u1ecdn l\u1ef1a c\u00e2y v\u00e0 ch\u1eadu ph\u00f9 h\u1ee3p,\u00a0<strong data-start=\"197\" data-end=\"219\">ph\u1ee5 ki\u1ec7n trang tr\u00ed<\/strong>\u00a0c\u0169ng \u0111\u00f3ng vai tr\u00f2 quan tr\u1ecdng gi\u00fap ch\u1eadu c\u00e2y tr\u1edf n\u00ean sinh \u0111\u1ed9ng, \u1ea5n t\u01b0\u1ee3ng v\u00e0 mang d\u1ea5u \u1ea5n c\u00e1 nh\u00e2n. Nh\u1edd nh\u1eefng ph\u1ee5 ki\u1ec7n trang tr\u00ed n\u00e0y, ch\u1eadu c\u00e2y kh\u00f4ng ch\u1ec9 c\u00f2n l\u00e0 m\u1ed9t m\u1ea3ng xanh trong nh\u00e0 m\u00e0 tr\u1edf th\u00e0nh\u00a0<strong data-start=\"1536\" data-end=\"1567\">t\u00e1c ph\u1ea9m ngh\u1ec7 thu\u1eadt thu nh\u1ecf<\/strong>, v\u1eeba \u0111\u1eb9p m\u1eaft v\u1eeba mang \u00fd ngh\u0129a tinh th\u1ea7n.<\/p>\n<div class=\"\" data-block=\"true\" data-editor=\"2snst\" data-offset-key=\"6496n-0-0\">\n<div class=\"_1mf _1mj\" data-offset-key=\"6496n-0-0\"><\/div>\n<\/div>\n","protected":false},"featured_media":860,"comment_status":"open","ping_status":"closed","template":"","meta":[],"product_brand":[],"product_cat":[36],"product_tag":[],"class_list":{"0":"post-865","1":"product","2":"type-product","3":"status-publish","4":"has-post-thumbnail","6":"product_cat-phu-kien-decor","8":"first","9":"instock","10":"sale","11":"shipping-taxable","12":"purchasable","13":"product-type-simple"},"jetpack_sharing_enabled":true,"_links":{"self":[{"href":"https:\/\/vuoncauvong.com\/index.php\/wp-json\/wp\/v2\/product\/865","targetHints":{"allow":["GET"]}}],"collection":[{"href":"https:\/\/vuoncauvong.com\/index.php\/wp-json\/wp\/v2\/product"}],"about":[{"href":"https:\/\/vuoncauvong.com\/index.php\/wp-json\/wp\/v2\/types\/product"}],"replies":[{"embeddable":true,"href":"https:\/\/vuoncauvong.com\/index.php\/wp-json\/wp\/v2\/comments?post=865"}],"wp:featuredmedia":[{"embeddable":true,"href":"https:\/\/vuoncauvong.com\/index.php\/wp-json\/wp\/v2\/media\/860"}],"wp:attachment":[{"href":"https:\/\/vuoncauvong.com\/index.php\/wp-json\/wp\/v2\/media?parent=865"}],"wp:term":[{"taxonomy":"product_brand","embeddable":true,"href":"https:\/\/vuoncauvong.com\/index.php\/wp-json\/wp\/v2\/product_brand?post=865"},{"taxonomy":"product_cat","embeddable":true,"href":"https:\/\/vuoncauvong.com\/index.php\/wp-json\/wp\/v2\/product_cat?post=865"},{"taxonomy":"product_tag","embeddable":true,"href":"https:\/\/vuoncauvong.com\/index.php\/wp-json\/wp\/v2\/product_tag?post=865"}],"curies":[{"name":"wp","href":"https:\/\/api.w.org\/{rel}","templated":true}]}}