{"id":779,"date":"2025-08-26T20:55:34","date_gmt":"2025-08-26T13:55:34","guid":{"rendered":"https:\/\/vuoncauvong.com\/?post_type=product&#038;p=779"},"modified":"2025-08-26T20:55:35","modified_gmt":"2025-08-26T13:55:35","slug":"da-zeolite","status":"publish","type":"product","link":"https:\/\/vuoncauvong.com\/index.php\/san-pham\/da-zeolite\/","title":{"rendered":"\u0110\u00e1 zeolite, \u0111\u00e1 kho\u00e1ng tr\u1ed9n gi\u00e1 th\u1ec3, r\u1ea3i ch\u1eadu"},"content":{"rendered":"<p data-start=\"152\" data-end=\"715\">\u0110\u00e1 Zeolite l\u00e0 m\u1ed9t lo\u1ea1i kho\u00e1ng t\u1ef1 nhi\u00ean thu\u1ed9c nh\u00f3m aluminosilicate c\u00f3 c\u1ea5u tr\u00fac tinh th\u1ec3 x\u1ed1p \u0111\u1eb7c bi\u1ec7t, \u0111\u01b0\u1ee3c h\u00ecnh th\u00e0nh t\u1eeb qu\u00e1 tr\u00ecnh bi\u1ebfn \u0111\u1ed5i c\u1ee7a tro n\u00fai l\u1eeda khi ti\u1ebfp x\u00fac v\u1edbi n\u01b0\u1edbc ng\u1ea7m trong th\u1eddi gian d\u00e0i. V\u1edbi c\u1ea5u tr\u00fac d\u1ea1ng \u201ct\u1ed5 ong\u201d g\u1ed3m v\u00f4 s\u1ed1 l\u1ed7 r\u1ed7ng li ti, Zeolite c\u00f3 kh\u1ea3 n\u0103ng trao \u0111\u1ed5i ion v\u00e0 h\u1ea5p th\u1ee5 m\u1ea1nh m\u1ebd, nh\u1edd \u0111\u00f3 \u0111\u01b0\u1ee3c \u1ee9ng d\u1ee5ng r\u1ed9ng r\u00e3i trong n\u00f4ng nghi\u1ec7p, nu\u00f4i tr\u1ed3ng th\u1ee7y s\u1ea3n v\u00e0 x\u1eed l\u00fd m\u00f4i tr\u01b0\u1eddng. Trong l\u0129nh v\u1ef1c tr\u1ed3ng c\u00e2y c\u1ea3nh v\u00e0 bonsai, Zeolite \u0111\u01b0\u1ee3c \u0111\u00e1nh gi\u00e1 l\u00e0 m\u1ed9t trong nh\u1eefng lo\u1ea1i \u0111\u00e1 \u2013 gi\u00e1 th\u1ec3 cao c\u1ea5p mang l\u1ea1i nhi\u1ec1u l\u1ee3i \u00edch cho s\u1ef1 ph\u00e1t tri\u1ec3n c\u1ee7a c\u00e2y tr\u1ed3ng.<\/p>\n<p data-start=\"152\" data-end=\"715\">V\u01b0\u1eddn C\u1ea7u V\u1ed3ng c\u00f3 \u0111\u00e1 zeolite \u0111\u00f3ng g\u00f3i 1kg, r\u1ea5t ph\u00f9 h\u1ee3p cho ng\u01b0\u1eddi d\u00f9ng nhu c\u1ea7u nh\u1ecf.<\/p>\n<h3 data-start=\"722\" data-end=\"754\">\ud83c\udf3f \u0110\u1eb7c \u0111i\u1ec3m c\u1ee7a \u0111\u00e1 Zeolite<\/h3>\n<ul data-start=\"756\" data-end=\"1415\">\n<li data-start=\"756\" data-end=\"832\">\n<p data-start=\"758\" data-end=\"832\"><strong data-start=\"758\" data-end=\"771\">C\u1ea5u tr\u00fac:<\/strong> x\u1ed1p, nh\u1eb9, ch\u1ee9a nhi\u1ec1u l\u1ed7 r\u1ed7ng li ti, gi\u1ed1ng nh\u01b0 b\u1ecdt \u0111\u00e1 c\u1ee9ng.<\/p>\n<\/li>\n<li data-start=\"833\" data-end=\"923\">\n<p data-start=\"835\" data-end=\"923\"><strong data-start=\"835\" data-end=\"847\">M\u00e0u s\u1eafc:<\/strong> th\u01b0\u1eddng c\u00f3 m\u00e0u xanh nh\u1ea1t, x\u00e1m, tr\u1eafng ho\u1eb7c n\u00e2u \u0111\u1ecf t\u00f9y lo\u1ea1i v\u00e0 m\u1ecf khai th\u00e1c.<\/p>\n<\/li>\n<li data-start=\"924\" data-end=\"1003\">\n<p data-start=\"926\" data-end=\"1003\"><strong data-start=\"926\" data-end=\"936\">\u0110\u1ed9 pH:<\/strong> trung t\u00ednh \u0111\u1ebfn h\u01a1i ki\u1ec1m (6,5 \u2013 7,5), an to\u00e0n cho \u0111a s\u1ed1 lo\u1ea1i c\u00e2y.<\/p>\n<\/li>\n<li data-start=\"1004\" data-end=\"1117\">\n<p data-start=\"1006\" data-end=\"1117\"><strong data-start=\"1006\" data-end=\"1028\">Th\u00e0nh ph\u1ea7n kho\u00e1ng:<\/strong> gi\u00e0u silic (SiO\u2082), nh\u00f4m (Al\u2082O\u2083), c\u00f9ng nhi\u1ec1u nguy\u00ean t\u1ed1 vi l\u01b0\u1ee3ng nh\u01b0 canxi, kali, magie\u2026<\/p>\n<\/li>\n<li data-start=\"1118\" data-end=\"1415\">\n<p data-start=\"1120\" data-end=\"1145\"><strong data-start=\"1120\" data-end=\"1143\">T\u00ednh ch\u1ea5t \u0111\u1eb7c bi\u1ec7t:<\/strong><\/p>\n<ul data-start=\"1148\" data-end=\"1415\">\n<li data-start=\"1148\" data-end=\"1246\">\n<p data-start=\"1150\" data-end=\"1246\"><strong data-start=\"1150\" data-end=\"1172\">Trao \u0111\u1ed5i ion m\u1ea1nh:<\/strong> c\u00f3 kh\u1ea3 n\u0103ng gi\u1eef l\u1ea1i amoni, nit\u01a1, kali\u2026 v\u00e0 nh\u1ea3 ra t\u1eeb t\u1eeb cho c\u00e2y s\u1eed d\u1ee5ng.<\/p>\n<\/li>\n<li data-start=\"1249\" data-end=\"1341\">\n<p data-start=\"1251\" data-end=\"1341\"><strong data-start=\"1251\" data-end=\"1267\">H\u1ea5p ph\u1ee5 cao:<\/strong> gi\u1eef \u1ea9m t\u1ed1t nh\u01b0ng v\u1eabn tho\u00e1ng kh\u00ed, \u0111\u1ed3ng th\u1eddi l\u1ecdc s\u1ea1ch t\u1ea1p ch\u1ea5t trong \u0111\u1ea5t.<\/p>\n<\/li>\n<li data-start=\"1344\" data-end=\"1415\">\n<p data-start=\"1346\" data-end=\"1415\"><strong data-start=\"1346\" data-end=\"1357\">\u0110\u1ed9 b\u1ec1n:<\/strong> kh\u00f4ng m\u1ee5c n\u00e1t, kh\u00f4ng tan r\u00e3 trong m\u00f4i tr\u01b0\u1eddng tr\u1ed3ng c\u00e2y.<\/p>\n<\/li>\n<\/ul>\n<\/li>\n<\/ul>\n<h3 data-start=\"1422\" data-end=\"1471\">\ud83c\udf3f C\u00f4ng d\u1ee5ng c\u1ee7a \u0111\u00e1 Zeolite trong tr\u1ed3ng c\u00e2y<\/h3>\n<ol data-start=\"1473\" data-end=\"2792\">\n<li data-start=\"1473\" data-end=\"1756\">\n<p data-start=\"1476\" data-end=\"1756\"><strong data-start=\"1476\" data-end=\"1502\">Gi\u1eef v\u00e0 nh\u1ea3 dinh d\u01b0\u1ee1ng:<\/strong><br data-start=\"1502\" data-end=\"1505\" \/>Zeolite ho\u1ea1t \u0111\u1ed9ng nh\u01b0 m\u1ed9t \u201cng\u00e2n h\u00e0ng dinh d\u01b0\u1ee1ng\u201d trong gi\u00e1 th\u1ec3. N\u00f3 gi\u1eef l\u1ea1i c\u00e1c ion dinh d\u01b0\u1ee1ng d\u1ec5 b\u1ecb r\u1eeda tr\u00f4i nh\u01b0 amoni (NH\u2084\u207a), kali (K\u207a), canxi (Ca\u00b2\u207a) r\u1ed3i gi\u1ea3i ph\u00f3ng t\u1eeb t\u1eeb theo nhu c\u1ea7u c\u1ee7a c\u00e2y, gi\u00fap ti\u1ebft ki\u1ec7m ph\u00e2n b\u00f3n v\u00e0 c\u00e2y h\u1ea5p th\u1ee5 hi\u1ec7u qu\u1ea3 h\u01a1n.<\/p>\n<\/li>\n<li data-start=\"1758\" data-end=\"1971\">\n<p data-start=\"1761\" data-end=\"1971\"><strong data-start=\"1761\" data-end=\"1798\">C\u1ea3i thi\u1ec7n \u0111\u1ed9 tho\u00e1ng kh\u00ed v\u00e0 \u0111\u1ed9 \u1ea9m:<\/strong><br data-start=\"1798\" data-end=\"1801\" \/>C\u1ea5u tr\u00fac r\u1ed7ng c\u1ee7a Zeolite v\u1eeba c\u00f3 kh\u1ea3 n\u0103ng h\u00fat n\u01b0\u1edbc, v\u1eeba gi\u1eef \u0111\u01b0\u1ee3c \u0111\u1ed9 th\u00f4ng tho\u00e1ng, gi\u00fap r\u1ec5 c\u00e2y lu\u00f4n trong tr\u1ea1ng th\u00e1i c\u00e2n b\u1eb1ng \u2013 kh\u00f4ng qu\u00e1 kh\u00f4 nh\u01b0ng c\u0169ng kh\u00f4ng b\u1ecb \u00fang.<\/p>\n<\/li>\n<li data-start=\"1973\" data-end=\"2147\">\n<p data-start=\"1976\" data-end=\"2147\"><strong data-start=\"1976\" data-end=\"1999\">Ng\u0103n ng\u1eeba n\u1ea5m b\u1ec7nh:<\/strong><br data-start=\"1999\" data-end=\"2002\" \/>Nh\u1edd kh\u1ea3 n\u0103ng h\u1ea5p th\u1ee5 kh\u00ed \u0111\u1ed9c v\u00e0 h\u1ea1n ch\u1ebf s\u1ef1 ph\u00e1t tri\u1ec3n c\u1ee7a vi sinh v\u1eadt g\u00e2y h\u1ea1i, Zeolite gi\u00fap gi\u00e1 th\u1ec3 s\u1ea1ch h\u01a1n, gi\u1ea3m nguy c\u01a1 th\u1ed1i r\u1ec5, n\u1ea5m m\u1ed1c.<\/p>\n<\/li>\n<li data-start=\"2149\" data-end=\"2328\">\n<p data-start=\"2152\" data-end=\"2328\"><strong data-start=\"2152\" data-end=\"2182\">\u0110i\u1ec1u h\u00f2a pH v\u00e0 l\u1ecdc \u0111\u1ed9c t\u1ed1:<\/strong><br data-start=\"2182\" data-end=\"2185\" \/>Zeolite c\u00f3 kh\u1ea3 n\u0103ng h\u1ea5p ph\u1ee5 kim lo\u1ea1i n\u1eb7ng, \u0111\u1ed9c t\u1ed1, \u0111\u1ed3ng th\u1eddi gi\u1eef cho m\u00f4i tr\u01b0\u1eddng \u0111\u1ea5t \u1ed5n \u0111\u1ecbnh v\u1ec1 pH, r\u1ea5t c\u00f3 l\u1ee3i cho nh\u1eefng lo\u1ea1i c\u00e2y nh\u1ea1y c\u1ea3m.<\/p>\n<\/li>\n<li data-start=\"2330\" data-end=\"2595\">\n<p data-start=\"2333\" data-end=\"2595\"><strong data-start=\"2333\" data-end=\"2382\">\u1ee8ng d\u1ee5ng trong bonsai v\u00e0 sen \u0111\u00e1 \u2013 x\u01b0\u01a1ng r\u1ed3ng:<\/strong><br data-start=\"2382\" data-end=\"2385\" \/>Khi tr\u1ed9n v\u00e0o gi\u00e1 th\u1ec3 bonsai, Zeolite gi\u00fap r\u1ec5 kh\u1ecfe m\u1ea1nh, c\u00e2y sinh tr\u01b0\u1edfng b\u1ec1n v\u1eefng. V\u1edbi sen \u0111\u00e1 v\u00e0 x\u01b0\u01a1ng r\u1ed3ng, lo\u1ea1i \u0111\u00e1 n\u00e0y v\u1eeba t\u1ea1o \u0111\u1ed9 tho\u00e1ng kh\u00ed v\u1eeba h\u1ea1n ch\u1ebf \u00fang n\u01b0\u1edbc \u2013 nguy\u00ean nh\u00e2n ph\u1ed5 bi\u1ebfn khi\u1ebfn c\u00e2y ch\u1ebft y\u1ec3u.<\/p>\n<\/li>\n<li data-start=\"2597\" data-end=\"2792\">\n<p data-start=\"2600\" data-end=\"2792\"><strong data-start=\"2600\" data-end=\"2629\">\u1ee8ng d\u1ee5ng trong th\u1ee7y sinh:<\/strong><br data-start=\"2629\" data-end=\"2632\" \/>Zeolite c\u00f2n \u0111\u01b0\u1ee3c d\u00f9ng l\u00e0m l\u1edbp l\u00f3t trong b\u1ec3 th\u1ee7y sinh, ti\u1ec3u c\u1ea3nh n\u01b0\u1edbc, gi\u00fap l\u1ecdc n\u01b0\u1edbc, gi\u1eef vi sinh c\u00f3 l\u1ee3i v\u00e0 duy tr\u00ec m\u00f4i tr\u01b0\u1eddng trong l\u00e0nh cho c\u1ea3 c\u00e2y l\u1eabn c\u00e1.<\/p>\n<\/li>\n<\/ol>\n<p data-start=\"2818\" data-end=\"3327\">\u0110\u00e1 Zeolite kh\u00f4ng ch\u1ec9 \u0111\u01a1n thu\u1ea7n l\u00e0 m\u1ed9t lo\u1ea1i v\u1eadt li\u1ec7u kho\u00e1ng m\u00e0 c\u00f2n l\u00e0 \u201cng\u01b0\u1eddi b\u1ea1n \u0111\u1ed3ng h\u00e0nh\u201d c\u1ee7a c\u00e2y tr\u1ed3ng nh\u1edd kh\u1ea3 n\u0103ng gi\u1eef dinh d\u01b0\u1ee1ng, \u0111i\u1ec1u h\u00f2a m\u00f4i tr\u01b0\u1eddng v\u00e0 b\u1ea3o v\u1ec7 b\u1ed9 r\u1ec5. So v\u1edbi nhi\u1ec1u lo\u1ea1i \u0111\u00e1 gi\u00e1 th\u1ec3 kh\u00e1c, Zeolite n\u1ed5i b\u1eadt b\u1edfi kh\u1ea3 n\u0103ng trao \u0111\u1ed5i ion v\u00e0 l\u1ecdc \u0111\u1ed9c t\u1ed1, r\u1ea5t th\u00edch h\u1ee3p \u0111\u1ec3 ph\u1ed1i tr\u1ed9n trong gi\u00e1 th\u1ec3 bonsai, sen \u0111\u00e1, x\u01b0\u01a1ng r\u1ed3ng hay c\u00e1c lo\u1ea1i c\u00e2y c\u1ea3nh c\u1ea7n m\u00f4i tr\u01b0\u1eddng s\u1ea1ch v\u00e0 b\u1ec1n v\u1eefng. Ch\u00ednh v\u00ec v\u1eady, Zeolite ng\u00e0y c\u00e0ng tr\u1edf th\u00e0nh l\u1ef1a ch\u1ecdn quen thu\u1ed9c c\u1ee7a ng\u01b0\u1eddi ch\u01a1i c\u00e2y c\u1ea3nh c\u0169ng nh\u01b0 n\u00f4ng nghi\u1ec7p c\u00f4ng ngh\u1ec7 cao.<\/p>\n","protected":false},"excerpt":{"rendered":"<p data-start=\"152\" data-end=\"715\">\u0110\u00e1 Zeolite l\u00e0 m\u1ed9t lo\u1ea1i kho\u00e1ng t\u1ef1 nhi\u00ean thu\u1ed9c nh\u00f3m aluminosilicate c\u00f3 c\u1ea5u tr\u00fac tinh th\u1ec3 x\u1ed1p \u0111\u1eb7c bi\u1ec7t, \u0111\u01b0\u1ee3c h\u00ecnh th\u00e0nh t\u1eeb qu\u00e1 tr\u00ecnh bi\u1ebfn \u0111\u1ed5i c\u1ee7a tro n\u00fai l\u1eeda khi ti\u1ebfp x\u00fac v\u1edbi n\u01b0\u1edbc ng\u1ea7m trong th\u1eddi gian d\u00e0i. V\u1edbi c\u1ea5u tr\u00fac d\u1ea1ng \u201ct\u1ed5 ong\u201d g\u1ed3m v\u00f4 s\u1ed1 l\u1ed7 r\u1ed7ng li ti, Zeolite c\u00f3 kh\u1ea3 n\u0103ng trao \u0111\u1ed5i ion v\u00e0 h\u1ea5p th\u1ee5 m\u1ea1nh m\u1ebd, nh\u1edd \u0111\u00f3 \u0111\u01b0\u1ee3c \u1ee9ng d\u1ee5ng r\u1ed9ng r\u00e3i trong n\u00f4ng nghi\u1ec7p, nu\u00f4i tr\u1ed3ng th\u1ee7y s\u1ea3n v\u00e0 x\u1eed l\u00fd m\u00f4i tr\u01b0\u1eddng. Trong l\u0129nh v\u1ef1c tr\u1ed3ng c\u00e2y c\u1ea3nh v\u00e0 bonsai, Zeolite \u0111\u01b0\u1ee3c \u0111\u00e1nh gi\u00e1 l\u00e0 m\u1ed9t trong nh\u1eefng lo\u1ea1i \u0111\u00e1 \u2013 gi\u00e1 th\u1ec3 cao c\u1ea5p mang l\u1ea1i nhi\u1ec1u l\u1ee3i \u00edch cho s\u1ef1 ph\u00e1t tri\u1ec3n c\u1ee7a c\u00e2y tr\u1ed3ng.<\/p>\n<p data-start=\"152\" data-end=\"715\">V\u01b0\u1eddn C\u1ea7u V\u1ed3ng c\u00f3 \u0111\u00e1 zeolite \u0111\u00f3ng g\u00f3i 1kg, r\u1ea5t ph\u00f9 h\u1ee3p cho ng\u01b0\u1eddi d\u00f9ng nhu c\u1ea7u nh\u1ecf.<\/p>\n","protected":false},"featured_media":762,"comment_status":"open","ping_status":"closed","template":"","meta":[],"product_brand":[],"product_cat":[40],"product_tag":[],"class_list":{"0":"post-779","1":"product","2":"type-product","3":"status-publish","4":"has-post-thumbnail","6":"product_cat-da-khoang","8":"first","9":"instock","10":"sale","11":"shipping-taxable","12":"purchasable","13":"product-type-simple"},"jetpack_sharing_enabled":true,"_links":{"self":[{"href":"https:\/\/vuoncauvong.com\/index.php\/wp-json\/wp\/v2\/product\/779","targetHints":{"allow":["GET"]}}],"collection":[{"href":"https:\/\/vuoncauvong.com\/index.php\/wp-json\/wp\/v2\/product"}],"about":[{"href":"https:\/\/vuoncauvong.com\/index.php\/wp-json\/wp\/v2\/types\/product"}],"replies":[{"embeddable":true,"href":"https:\/\/vuoncauvong.com\/index.php\/wp-json\/wp\/v2\/comments?post=779"}],"wp:featuredmedia":[{"embeddable":true,"href":"https:\/\/vuoncauvong.com\/index.php\/wp-json\/wp\/v2\/media\/762"}],"wp:attachment":[{"href":"https:\/\/vuoncauvong.com\/index.php\/wp-json\/wp\/v2\/media?parent=779"}],"wp:term":[{"taxonomy":"product_brand","embeddable":true,"href":"https:\/\/vuoncauvong.com\/index.php\/wp-json\/wp\/v2\/product_brand?post=779"},{"taxonomy":"product_cat","embeddable":true,"href":"https:\/\/vuoncauvong.com\/index.php\/wp-json\/wp\/v2\/product_cat?post=779"},{"taxonomy":"product_tag","embeddable":true,"href":"https:\/\/vuoncauvong.com\/index.php\/wp-json\/wp\/v2\/product_tag?post=779"}],"curies":[{"name":"wp","href":"https:\/\/api.w.org\/{rel}","templated":true}]}}