{"id":757,"date":"2025-08-26T19:51:49","date_gmt":"2025-08-26T12:51:49","guid":{"rendered":"https:\/\/vuoncauvong.com\/?post_type=product&#038;p=757"},"modified":"2025-08-26T20:43:09","modified_gmt":"2025-08-26T13:43:09","slug":"da-perlite-tron-gia-the-cay-trong-sen-da-xuong-rong","status":"publish","type":"product","link":"https:\/\/vuoncauvong.com\/index.php\/san-pham\/da-perlite-tron-gia-the-cay-trong-sen-da-xuong-rong\/","title":{"rendered":"\u0110\u00e1 perlite tr\u1ed9n gi\u00e1 th\u1ec3 c\u00e2y tr\u1ed3ng, sen \u0111\u00e1, x\u01b0\u01a1ng r\u1ed3ng"},"content":{"rendered":"<p data-start=\"0\" data-end=\"268\">\u0110\u00e1 <strong data-start=\"3\" data-end=\"14\">Perlite<\/strong> (hay c\u00f2n g\u1ecdi l\u00e0 <strong data-start=\"31\" data-end=\"47\">\u0111\u00e1 tr\u00e2n ch\u00e2u<\/strong>) l\u00e0 m\u1ed9t lo\u1ea1i kho\u00e1ng ch\u1ea5t n\u00fai l\u1eeda \u0111\u00e3 \u0111\u01b0\u1ee3c x\u1eed l\u00fd \u1edf nhi\u1ec7t \u0111\u1ed9 cao, t\u1ea1o th\u00e0nh nh\u1eefng h\u1ea1t x\u1ed1p, nh\u1eb9, m\u00e0u tr\u1eafng. \u0110\u00e2y l\u00e0 nguy\u00ean li\u1ec7u r\u1ea5t ph\u1ed5 bi\u1ebfn trong ph\u1ed1i tr\u1ed9n gi\u00e1 th\u1ec3 tr\u1ed3ng c\u00e2y, \u0111\u1eb7c bi\u1ec7t trong tr\u1ed3ng hoa, rau s\u1ea1ch v\u00e0 c\u00e2y c\u1ea3nh.<br \/>\nV\u01b0\u1eddn C\u1ea7u V\u1ed3ng c\u00f3 b\u00e1n perlite \u0111\u00f3ng theo t\u00fai 1 l\u00edt. Gi\u00e1 hi\u1ec3n th\u1ecb l\u00e0 gi\u00e1 1 t\u00fai\/ 1 l\u00edt<\/p>\n<h3 data-start=\"270\" data-end=\"301\">\ud83c\udf31 \u0110\u1eb7c \u0111i\u1ec3m c\u1ee7a \u0111\u00e1 Perlite:<\/h3>\n<ul data-start=\"302\" data-end=\"780\">\n<li data-start=\"302\" data-end=\"342\">\n<p data-start=\"304\" data-end=\"342\"><strong data-start=\"304\" data-end=\"316\">M\u00e0u s\u1eafc:<\/strong> tr\u1eafng, nh\u1eb9, x\u1ed1p, h\u1ea1t nh\u1ecf.<\/p>\n<\/li>\n<li data-start=\"343\" data-end=\"424\">\n<p data-start=\"345\" data-end=\"424\"><strong data-start=\"345\" data-end=\"360\">Kh\u1ed1i l\u01b0\u1ee3ng:<\/strong> c\u1ef1c k\u1ef3 nh\u1eb9, ch\u1ec9 kho\u1ea3ng 100 \u2013 150 kg\/m\u00b3 (nh\u1eb9 h\u01a1n \u0111\u1ea5t nhi\u1ec1u l\u1ea7n).<\/p>\n<\/li>\n<li data-start=\"425\" data-end=\"502\">\n<p data-start=\"427\" data-end=\"502\"><strong data-start=\"427\" data-end=\"437\">\u0110\u1ed9 pH:<\/strong> trung t\u00ednh (kho\u1ea3ng 6.5 \u2013 7.5), ph\u00f9 h\u1ee3p cho h\u1ea7u h\u1ebft c\u00e1c lo\u1ea1i c\u00e2y.<\/p>\n<\/li>\n<li data-start=\"503\" data-end=\"594\">\n<p data-start=\"505\" data-end=\"594\"><strong data-start=\"505\" data-end=\"519\">T\u00ednh ch\u1ea5t:<\/strong> gi\u1eef \u1ea9m t\u1ed1t nh\u01b0ng kh\u00f4ng g\u00e2y \u00fang, c\u00f3 kh\u1ea3 n\u0103ng tho\u00e1t n\u01b0\u1edbc v\u00e0 th\u00f4ng kh\u00ed cao.<\/p>\n<\/li>\n<li data-start=\"595\" data-end=\"684\">\n<p data-start=\"597\" data-end=\"684\"><strong data-start=\"597\" data-end=\"620\">Tr\u01a1 v\u1ec1 m\u1eb7t h\u00f3a h\u1ecdc:<\/strong> kh\u00f4ng b\u1ecb ph\u00e2n h\u1ee7y trong \u0111\u1ea5t, kh\u00f4ng g\u00e2y ph\u1ea3n \u1ee9ng v\u1edbi ph\u00e2n b\u00f3n.<\/p>\n<\/li>\n<li data-start=\"685\" data-end=\"780\">\n<p data-start=\"687\" data-end=\"780\"><strong data-start=\"687\" data-end=\"700\">V\u00f4 tr\u00f9ng:<\/strong> sau khi nung, perlite s\u1ea1ch, kh\u00f4ng ch\u1ee9a m\u1ea7m b\u1ec7nh, n\u1ea5m, vi khu\u1ea9n hay c\u00f4n tr\u00f9ng.<\/p>\n<\/li>\n<\/ul>\n<h3 data-start=\"782\" data-end=\"826\">\ud83c\udf3f C\u00f4ng d\u1ee5ng khi tr\u1ed9n gi\u00e1 th\u1ec3 tr\u1ed3ng c\u00e2y:<\/h3>\n<ol data-start=\"827\" data-end=\"1546\">\n<li data-start=\"827\" data-end=\"923\">\n<p data-start=\"830\" data-end=\"923\"><strong data-start=\"830\" data-end=\"857\">C\u1ea3i thi\u1ec7n \u0111\u1ed9 tho\u00e1ng kh\u00ed<\/strong>: Gi\u00fap r\u1ec5 c\u00e2y h\u00f4 h\u1ea5p t\u1ed1t, kh\u00f4ng b\u1ecb ng\u1ea1t trong m\u00f4i tr\u01b0\u1eddng \u1ea9m \u01b0\u1edbt.<\/p>\n<\/li>\n<li data-start=\"924\" data-end=\"1022\">\n<p data-start=\"927\" data-end=\"1022\"><strong data-start=\"927\" data-end=\"946\">Gi\u1eef \u1ea9m v\u1eeba ph\u1ea3i<\/strong>: H\u1ea1t perlite gi\u1eef \u0111\u01b0\u1ee3c n\u01b0\u1edbc v\u00e0 d\u01b0\u1ee1ng ch\u1ea5t, sau \u0111\u00f3 nh\u1ea3 d\u1ea7n cho c\u00e2y h\u1ea5p th\u1ee5.<\/p>\n<\/li>\n<li data-start=\"1023\" data-end=\"1093\">\n<p data-start=\"1026\" data-end=\"1093\"><strong data-start=\"1026\" data-end=\"1051\">Gi\u00fap tho\u00e1t n\u01b0\u1edbc nhanh<\/strong>: Ng\u0103n ng\u1eeba t\u00ecnh tr\u1ea1ng \u00fang r\u1ec5, th\u1ed1i g\u1ed1c.<\/p>\n<\/li>\n<li data-start=\"1094\" data-end=\"1194\">\n<p data-start=\"1097\" data-end=\"1194\"><strong data-start=\"1097\" data-end=\"1116\">T\u1ea1o gi\u00e1 th\u1ec3 nh\u1eb9<\/strong>: D\u00f9ng cho c\u00e2y tr\u1ed3ng trong ch\u1eadu, khay, ho\u1eb7c tr\u1ed3ng th\u1ee7y canh, gi\u1ea3m t\u1ea3i tr\u1ecdng.<\/p>\n<\/li>\n<li data-start=\"1195\" data-end=\"1282\">\n<p data-start=\"1198\" data-end=\"1282\"><strong data-start=\"1198\" data-end=\"1222\">Gi\u1eef ph\u00e2n b\u00f3n t\u1ed1t h\u01a1n<\/strong>: H\u1ea1n ch\u1ebf r\u1eeda tr\u00f4i, gi\u00fap c\u00e2y t\u1eadn d\u1ee5ng dinh d\u01b0\u1ee1ng hi\u1ec7u qu\u1ea3.<\/p>\n<\/li>\n<li data-start=\"1283\" data-end=\"1546\">\n<p data-start=\"1286\" data-end=\"1309\"><strong data-start=\"1286\" data-end=\"1306\">\u1ee8ng d\u1ee5ng \u0111a d\u1ea1ng<\/strong>:<\/p>\n<ul data-start=\"1313\" data-end=\"1546\">\n<li data-start=\"1313\" data-end=\"1369\">\n<p data-start=\"1315\" data-end=\"1369\">Tr\u1ed9n v\u1edbi x\u01a1 d\u1eeba, than b\u00f9n, tr\u1ea5u hun\u2026 \u0111\u1ec3 l\u00e0m gi\u00e1 th\u1ec3.<\/p>\n<\/li>\n<li data-start=\"1373\" data-end=\"1418\">\n<p data-start=\"1375\" data-end=\"1418\">\u1ee6 c\u00f9ng h\u1ea1t gi\u1ed1ng, gi\u00fap t\u1ec9 l\u1ec7 n\u1ea3y m\u1ea7m cao.<\/p>\n<\/li>\n<li data-start=\"1422\" data-end=\"1482\">\n<p data-start=\"1424\" data-end=\"1482\">Ph\u1ee7 tr\u00ean b\u1ec1 m\u1eb7t \u0111\u1ea5t \u0111\u1ec3 ch\u1ed1ng \u0111\u00f3ng v\u00e1ng, h\u1ea1n ch\u1ebf r\u00eau m\u1ed1c.<\/p>\n<\/li>\n<li data-start=\"1486\" data-end=\"1546\">\n<p data-start=\"1488\" data-end=\"1546\">D\u00f9ng trong tr\u1ed3ng th\u1ee7y canh l\u00e0m gi\u00e1 th\u1ec3 thay th\u1ebf s\u1ecfi nh\u1eb9.<\/p>\n<\/li>\n<\/ul>\n<\/li>\n<\/ol>\n<div class=\"\" data-block=\"true\" data-editor=\"2snst\" data-offset-key=\"7gfnn-0-0\">\n<div class=\"_1mf _1mj\" data-offset-key=\"7gfnn-0-0\"><span data-offset-key=\"7gfnn-0-0\">\u2014\ud83c\udf42\u2014\u2013\ud83c\udf42\u2014\u2014\u2013\ud83c\udf42\u2014\u2013\ud83c\udf42\u2014\u2013\ud83c\udf42\u2014\u2013<\/span><\/div>\n<\/div>\n<div class=\"\" data-block=\"true\" data-editor=\"2snst\" data-offset-key=\"9skf-0-0\">\n<div class=\"_1mf _1mj\" data-offset-key=\"9skf-0-0\"><span data-offset-key=\"9skf-0-0\">V\u01b0\u1eddn C\u1ea7u V\u1ed3ng \u2013 ng\u00f5 309 Ph\u00fa Di\u1ec5n, B\u1eafc T\u1eeb Li\u00eam, H\u00e0 N\u1ed9i (\u0111i h\u1ebft \u0111\u01b0\u1eddng b\u00ea t\u00f4ng, nh\u00ecn b\u00ean tr\u00e1i l\u00e0 V\u01b0\u1eddn C\u1ea7u V\u1ed3ng<\/span><\/div>\n<\/div>\n<div class=\"\" data-block=\"true\" data-editor=\"2snst\" data-offset-key=\"9rv5h-0-0\">\n<div class=\"_1mf _1mj\" data-offset-key=\"9rv5h-0-0\"><span data-offset-key=\"9rv5h-0-0\">\u0110T: 03.8284.6606 \u2013 03.4884.6606<\/span><\/div>\n<\/div>\n<div class=\"\" data-block=\"true\" data-editor=\"2snst\" data-offset-key=\"95tua-0-0\">\n<div class=\"_1mf _1mj\" data-offset-key=\"95tua-0-0\"><span data-offset-key=\"95tua-0-0\">\ud835\udde0\ud835\uddee\ud835\uddfd: https:\/\/maps.app.goo.gl\/1A5ujusTfaw8iw5YA<\/span><\/div>\n<\/div>\n<div class=\"\" data-block=\"true\" data-editor=\"2snst\" data-offset-key=\"4nl6u-0-0\">\n<div class=\"_1mf _1mj\" data-offset-key=\"4nl6u-0-0\"><span data-offset-key=\"4nl6u-0-0\">\ud835\udddf\ud835\uddf6\ud835\uddfb\ud835\uddf8 \ud835\uddfa\ud835\ude02\ud835\uddee \ud835\uddfc\ud835\uddfb\ud835\uddf9\ud835\uddf6\ud835\uddfb\ud835\uddf2:<\/span><\/div>\n<\/div>\n<div class=\"\" data-block=\"true\" data-editor=\"2snst\" data-offset-key=\"an7nu-0-0\">\n<div class=\"_1mf _1mj\" data-offset-key=\"an7nu-0-0\"><span data-offset-key=\"an7nu-0-0\">Website: https:\/\/vuoncauvong.com<\/span><\/div>\n<\/div>\n<div class=\"\" data-block=\"true\" data-editor=\"2snst\" data-offset-key=\"2i8dj-0-0\">\n<div class=\"_1mf _1mj\" data-offset-key=\"2i8dj-0-0\"><span data-offset-key=\"2i8dj-0-0\">Tiktok: https:\/\/vt.tiktok.com\/vuoncauvong<\/span><\/div>\n<\/div>\n<div class=\"\" data-block=\"true\" data-editor=\"2snst\" data-offset-key=\"6496n-0-0\">\n<div class=\"_1mf _1mj\" data-offset-key=\"6496n-0-0\"><span data-offset-key=\"6496n-0-0\">Shopee: https:\/\/s.shopee.vn\/BJdCo1OW8<\/span><\/div>\n<\/div>\n","protected":false},"excerpt":{"rendered":"<p>\u0110\u00e1 <strong data-start=\"3\" data-end=\"14\">Perlite<\/strong> (hay c\u00f2n g\u1ecdi l\u00e0 <strong data-start=\"31\" data-end=\"47\">\u0111\u00e1 tr\u00e2n ch\u00e2u<\/strong>) l\u00e0 m\u1ed9t lo\u1ea1i kho\u00e1ng ch\u1ea5t n\u00fai l\u1eeda \u0111\u00e3 \u0111\u01b0\u1ee3c x\u1eed l\u00fd \u1edf nhi\u1ec7t \u0111\u1ed9 cao, t\u1ea1o th\u00e0nh nh\u1eefng h\u1ea1t x\u1ed1p, nh\u1eb9, m\u00e0u tr\u1eafng. \u0110\u00e2y l\u00e0 nguy\u00ean li\u1ec7u r\u1ea5t ph\u1ed5 bi\u1ebfn trong ph\u1ed1i tr\u1ed9n gi\u00e1 th\u1ec3 tr\u1ed3ng c\u00e2y, \u0111\u1eb7c bi\u1ec7t trong tr\u1ed3ng hoa, rau s\u1ea1ch v\u00e0 c\u00e2y c\u1ea3nh.<br \/>\nV\u01b0\u1eddn C\u1ea7u V\u1ed3ng c\u00f3 b\u00e1n perlite \u0111\u00f3ng theo t\u00fai 1 l\u00edt. Gi\u00e1 hi\u1ec3n th\u1ecb l\u00e0 gi\u00e1 1 t\u00fai\/ 1 l\u00edt<\/p>\n","protected":false},"featured_media":758,"comment_status":"open","ping_status":"closed","template":"","meta":[],"product_brand":[],"product_cat":[40],"product_tag":[],"class_list":{"0":"post-757","1":"product","2":"type-product","3":"status-publish","4":"has-post-thumbnail","6":"product_cat-da-khoang","8":"first","9":"instock","10":"sale","11":"shipping-taxable","12":"purchasable","13":"product-type-simple"},"jetpack_sharing_enabled":true,"_links":{"self":[{"href":"https:\/\/vuoncauvong.com\/index.php\/wp-json\/wp\/v2\/product\/757","targetHints":{"allow":["GET"]}}],"collection":[{"href":"https:\/\/vuoncauvong.com\/index.php\/wp-json\/wp\/v2\/product"}],"about":[{"href":"https:\/\/vuoncauvong.com\/index.php\/wp-json\/wp\/v2\/types\/product"}],"replies":[{"embeddable":true,"href":"https:\/\/vuoncauvong.com\/index.php\/wp-json\/wp\/v2\/comments?post=757"}],"wp:featuredmedia":[{"embeddable":true,"href":"https:\/\/vuoncauvong.com\/index.php\/wp-json\/wp\/v2\/media\/758"}],"wp:attachment":[{"href":"https:\/\/vuoncauvong.com\/index.php\/wp-json\/wp\/v2\/media?parent=757"}],"wp:term":[{"taxonomy":"product_brand","embeddable":true,"href":"https:\/\/vuoncauvong.com\/index.php\/wp-json\/wp\/v2\/product_brand?post=757"},{"taxonomy":"product_cat","embeddable":true,"href":"https:\/\/vuoncauvong.com\/index.php\/wp-json\/wp\/v2\/product_cat?post=757"},{"taxonomy":"product_tag","embeddable":true,"href":"https:\/\/vuoncauvong.com\/index.php\/wp-json\/wp\/v2\/product_tag?post=757"}],"curies":[{"name":"wp","href":"https:\/\/api.w.org\/{rel}","templated":true}]}}