{"id":699,"date":"2025-08-19T23:26:43","date_gmt":"2025-08-19T16:26:43","guid":{"rendered":"https:\/\/vuoncauvong.com\/?post_type=product&#038;p=699"},"modified":"2025-08-19T23:27:53","modified_gmt":"2025-08-19T16:27:53","slug":"chau-cay-kim-ngan-tet-than-de-ban","status":"publish","type":"product","link":"https:\/\/vuoncauvong.com\/index.php\/san-pham\/chau-cay-kim-ngan-tet-than-de-ban\/","title":{"rendered":"Ch\u1eadu c\u00e2y kim ng\u00e2n t\u1ebft th\u00e2n \u0111\u1ec3 b\u00e0n"},"content":{"rendered":"<p data-start=\"129\" data-end=\"580\"><em><strong data-start=\"129\" data-end=\"152\">C\u00e2y kim ng\u00e2n \u0111\u1ec3 b\u00e0n<\/strong><\/em> l\u00e0 m\u1ed9t trong nh\u1eefng lo\u1ea1i c\u00e2y c\u1ea3nh \u0111\u01b0\u1ee3c y\u00eau th\u00edch nh\u1ea5t hi\u1ec7n nay nh\u1edd d\u00e1ng v\u1ebb xanh t\u01b0\u01a1i, sang tr\u1ecdng c\u00f9ng \u00fd ngh\u0129a phong th\u1ee7y \u0111\u1eb7c bi\u1ec7t. V\u1edbi th\u00e2n c\u00e2y d\u1ebbo dai th\u01b0\u1eddng \u0111\u01b0\u1ee3c t\u1ebft l\u1ea1i th\u00e0nh h\u00ecnh b\u00edm ch\u1eafc ch\u1eafn, k\u1ebft h\u1ee3p c\u00f9ng t\u00e1n l\u00e1 xanh m\u01b0\u1edbt, <em><strong>kim ng\u00e2n<\/strong><\/em> mang \u0111\u1ebfn c\u1ea3m gi\u00e1c v\u1eefng ch\u00e3i, \u0111\u1ea7y s\u1ee9c s\u1ed1ng. \u0110\u1eb7t tr\u00ean b\u00e0n l\u00e0m vi\u1ec7c, b\u00e0n ti\u1ebfp kh\u00e1ch hay k\u1ec7 tr\u01b0ng b\u00e0y, c\u00e2y kh\u00f4ng ch\u1ec9 gi\u00fap kh\u00f4ng gian tr\u1edf n\u00ean t\u01b0\u01a1i m\u1edbi m\u00e0 c\u00f2n to\u00e1t l\u00ean s\u1ef1 thanh l\u1ecbch v\u00e0 hi\u1ec7n \u0111\u1ea1i.\u00a0 Ch\u1eadu c\u00e2y kim ng\u00e2n t\u1ebft th\u00e2n v\u1eeba duy\u00ean d\u00e1ng v\u1eeba v\u1eefng ch\u00e3i, r\u1ea5t th\u00edch h\u1ee3p l\u00e0m qu\u00e0 t\u1eb7ng cho d\u00e2n v\u0103n ph\u00f2ng, c\u00f4ng s\u1edf.<\/p>\n<p data-start=\"582\" data-end=\"1022\">V\u1ec1 <strong data-start=\"585\" data-end=\"598\">c\u00f4ng d\u1ee5ng<\/strong>, <em><strong>c\u00e2y kim ng\u00e2n<\/strong><\/em> c\u00f3 kh\u1ea3 n\u0103ng thanh l\u1ecdc kh\u00f4ng kh\u00ed, h\u1ea5p th\u1ee5 kh\u00ed \u0111\u1ed9c t\u1eeb m\u00f4i tr\u01b0\u1eddng v\u00e0 \u0111i\u1ec1u h\u00f2a \u0111\u1ed9 \u1ea9m, gi\u00fap kh\u00f4ng gian s\u1ed1ng trong l\u00e0nh v\u00e0 d\u1ec5 ch\u1ecbu h\u01a1n. \u0110\u1eb7c bi\u1ec7t, s\u1eafc xanh c\u1ee7a c\u00e2y c\u00f2n g\u00f3p ph\u1ea7n gi\u1ea3m c\u0103ng th\u1eb3ng, t\u1ea1o s\u1ef1 tho\u1ea3i m\u00e1i tinh th\u1ea7n, t\u1eeb \u0111\u00f3 t\u0103ng n\u0103ng su\u1ea5t l\u00e0m vi\u1ec7c v\u00e0 kh\u1ea3 n\u0103ng s\u00e1ng t\u1ea1o. M\u1ed9t ch\u1eadu Kim Ng\u00e2n nh\u1ecf g\u1ecdn tr\u00ean b\u00e0n s\u1ebd mang \u0111\u1ebfn ngu\u1ed3n n\u0103ng l\u01b0\u1ee3ng t\u00edch c\u1ef1c, gi\u00fap b\u1ea1n th\u00eam t\u1eadp trung v\u00e0 th\u01b0 gi\u00e3n sau nh\u1eefng gi\u1edd l\u00e0m vi\u1ec7c c\u0103ng th\u1eb3ng.<\/p>\n<p data-start=\"1024\" data-end=\"1529\">Trong <strong data-start=\"1030\" data-end=\"1044\">phong th\u1ee7y<\/strong>,<em><strong> c\u00e2y kim ng\u00e2n<\/strong><\/em> \u0111\u01b0\u1ee3c m\u1ec7nh danh l\u00e0 \u201cc\u00e2y t\u00e0i l\u1ed9c\u201d \u2013 bi\u1ec3u t\u01b0\u1ee3ng c\u1ee7a s\u1ef1 gi\u00e0u sang, ph\u00fa qu\u00fd v\u00e0 may m\u1eafn. C\u00e1i t\u00ean \u201cKim Ng\u00e2n\u201d \u0111\u00e3 g\u1ee3i l\u00ean s\u1ef1 sung t\u00fac, ti\u1ec1n t\u00e0i d\u1ed3i d\u00e0o. Ng\u01b0\u1eddi ta tin r\u1eb1ng \u0111\u1eb7t c\u00e2y Kim Ng\u00e2n trong nh\u00e0 hay n\u01a1i l\u00e0m vi\u1ec7c s\u1ebd gi\u00fap thu h\u00fat t\u00e0i l\u1ed9c, th\u1ecbnh v\u01b0\u1ee3ng v\u00e0 c\u01a1 h\u1ed9i ph\u00e1t tri\u1ec3n. Ngo\u00e0i ra, c\u00e2y c\u00f2n t\u01b0\u1ee3ng tr\u01b0ng cho s\u1ef1 \u0111o\u00e0n k\u1ebft, g\u1eafn b\u00f3 v\u00e0 b\u1ec1n ch\u1eb7t trong c\u00e1c m\u1ed1i quan h\u1ec7, r\u1ea5t th\u00edch h\u1ee3p l\u00e0m qu\u00e0 t\u1eb7ng \u0111\u1ed1i t\u00e1c, b\u1ea1n b\u00e8 ho\u1eb7c ng\u01b0\u1eddi th\u00e2n trong c\u00e1c d\u1ecbp khai tr\u01b0\u01a1ng, t\u00e2n gia hay ch\u00fac m\u1eebng s\u1ef1 nghi\u1ec7p.<\/p>\n<p data-start=\"1531\" data-end=\"2079\">V\u1ec1 <strong data-start=\"1534\" data-end=\"1551\">c\u00e1ch ch\u0103m s\u00f3c<\/strong>, <em><strong>c\u00e2y kim ng\u00e2n<\/strong><\/em> l\u00e0 lo\u1ea1i c\u00e2y d\u1ec5 tr\u1ed3ng, ph\u00f9 h\u1ee3p c\u1ea3 v\u1edbi ng\u01b0\u1eddi b\u1eadn r\u1ed9n. C\u00e2y \u01b0a s\u00e1ng nh\u1eb9 nh\u01b0ng tr\u00e1nh \u00e1nh n\u1eafng g\u1eaft tr\u1ef1c ti\u1ebfp, th\u00edch h\u1ee3p \u0111\u1eb7t \u1edf n\u01a1i c\u00f3 \u00e1nh s\u00e1ng t\u1ef1 nhi\u00ean gi\u00e1n ti\u1ebfp ho\u1eb7c \u00e1nh s\u00e1ng \u0111\u00e8n hu\u1ef3nh quang. N\u01b0\u1edbc t\u01b0\u1edbi v\u1eeba ph\u1ea3i, trung b\u00ecnh 1\u20132 l\u1ea7n\/tu\u1ea7n, khi th\u1ea5y \u0111\u1ea5t kh\u00f4 kho\u1ea3ng 2\u20133 cm th\u00ec b\u1ed5 sung n\u01b0\u1edbc. Tr\u00e1nh \u0111\u1ec3 c\u00e2y ng\u1eadp \u00fang v\u00ec s\u1ebd l\u00e0m th\u1ed1i r\u1ec5. Ngo\u00e0i ra, n\u00ean lau b\u1ee5i tr\u00ean l\u00e1 \u0111\u1ecbnh k\u1ef3 \u0111\u1ec3 c\u00e2y quang h\u1ee3p t\u1ed1t h\u01a1n. C\u00e2y <strong><em>kim ng\u00e2n<\/em><\/strong> c\u0169ng kh\u00f4ng c\u1ea7n b\u00f3n ph\u00e2n th\u01b0\u1eddng xuy\u00ean, ch\u1ec9 c\u1ea7n b\u1ed5 sung ph\u00e2n h\u1eefu c\u01a1 ho\u1eb7c ph\u00e2n ch\u1eadm tan 1\u20132 th\u00e1ng\/l\u1ea7n \u0111\u1ec3 c\u00e2y lu\u00f4n xanh kh\u1ecfe.<\/p>\n<p data-start=\"2081\" data-end=\"2380\"><strong data-start=\"2090\" data-end=\"2113\">C\u00e2y kim ng\u00e2n \u0111\u1ec3 b\u00e0n<\/strong> kh\u00f4ng ch\u1ec9 l\u00e0 v\u1eadt trang tr\u00ed \u0111\u1eb9p m\u1eaft m\u00e0 c\u00f2n mang \u00fd ngh\u0129a phong th\u1ee7y may m\u1eafn, t\u00e0i l\u1ed9c v\u00e0 s\u1ef1 th\u1ecbnh v\u01b0\u1ee3ng. V\u1edbi v\u1ebb \u0111\u1eb9p xanh m\u00e1t c\u00f9ng c\u00e1ch ch\u0103m s\u00f3c \u0111\u01a1n gi\u1ea3n, \u0111\u00e2y l\u00e0 l\u1ef1a ch\u1ecdn l\u00fd t\u01b0\u1edfng \u0111\u1ec3 t\u00f4 \u0111i\u1ec3m cho kh\u00f4ng gian s\u1ed1ng, l\u00e0m vi\u1ec7c v\u00e0 mang l\u1ea1i ngu\u1ed3n n\u0103ng l\u01b0\u1ee3ng t\u00edch c\u1ef1c m\u1ed7i ng\u00e0y.<\/p>\n<div class=\"\" data-block=\"true\" data-editor=\"2snst\" data-offset-key=\"7gfnn-0-0\">\n<div data-offset-key=\"7gfnn-0-0\">\n<div class=\"zMgcWd dSKvsb\" data-il=\"\">\n<div data-crb-p=\"\">\n<div class=\"xFTqob\">\n<div class=\"vM0jzc\">\n<div class=\"NPrrbc\" data-cid=\"c273eeaf-24b5-4f44-98c4-03431f63ae59\" data-uuids=\"15351665740996798021,15351665740996797498,15351665740996796975\">\n<div class=\"BMebGe btku5b fCrZyc LwdV0e FR7ZSc qVhvac OJeuxf\" tabindex=\"0\" role=\"button\" aria-label=\"Xem c\u00e1c \u0111\u01b0\u1eddng li\u00ean k\u1ebft c\u00f3 li\u00ean quan\" data-hveid=\"CCYQAQ\" data-ved=\"2ahUKEwjl2Nn3oJePAxUwRmcHHZ5sIhoQ3fYKegQIJhAB\">\n<div class=\"niO4u\">\n<div class=\"kHtcsd\"><span style=\"color: #555555;\">Ch\u1eadu kim ng\u00e2n \u0111\u1ec3 b\u00e0n<\/span><em style=\"color: #555555;\"><strong>\u00a0<\/strong><\/em><span style=\"color: #555555;\">c\u1ee7a V\u01b0\u1eddn C\u1ea7u V\u1ed3ng c\u00f3 k\u00edch th\u01b0\u1edbc <\/span><strong style=\"color: #555555;\">10x12cm<\/strong><span style=\"color: #555555;\">, nh\u1ecf xinh ph\u00f9 h\u1ee3p \u0111\u1ec3 b\u00e0n l\u00e0m vi\u1ec7c.<\/span><\/div>\n<\/div>\n<\/div>\n<\/div>\n<\/div>\n<\/div>\n<\/div>\n<\/div>\n<p data-start=\"1528\" data-end=\"1797\"><strong>V\u01b0\u1eddn c\u00f3 ship h\u1ecfa t\u1ed1c n\u1ed9i th\u00e0nh H\u00e0 N\u1ed9i &#8211; h\u00e3y li\u00ean h\u1ec7 ngay v\u1edbi V\u01b0\u1eddn C\u1ea7u V\u1ed3ng \u0111\u1ec3 s\u1edf h\u1eefu m\u1ed9t ch\u1eadu c\u00e2y t\u00e0i l\u1ed9c v\u00e0 may m\u1eafn nh\u00e9!<\/strong><\/p>\n<\/div>\n<div class=\"_1mf _1mj\" data-offset-key=\"7gfnn-0-0\"><span data-offset-key=\"7gfnn-0-0\">&#8212;\ud83c\udf42&#8212;&#8211;\ud83c\udf42&#8212;&#8212;&#8211;\ud83c\udf42&#8212;&#8211;\ud83c\udf42&#8212;&#8211;\ud83c\udf42&#8212;&#8211;<\/span><\/div>\n<\/div>\n<div class=\"\" data-block=\"true\" data-editor=\"2snst\" data-offset-key=\"9skf-0-0\">\n<div class=\"_1mf _1mj\" data-offset-key=\"9skf-0-0\"><span data-offset-key=\"9skf-0-0\">V\u01b0\u1eddn C\u1ea7u V\u1ed3ng &#8211; ng\u00f5 309 Ph\u00fa Di\u1ec5n, B\u1eafc T\u1eeb Li\u00eam, H\u00e0 N\u1ed9i (\u0111i h\u1ebft \u0111\u01b0\u1eddng b\u00ea t\u00f4ng, nh\u00ecn b\u00ean tr\u00e1i l\u00e0 V\u01b0\u1eddn C\u1ea7u V\u1ed3ng<\/span><\/div>\n<\/div>\n<div class=\"\" data-block=\"true\" data-editor=\"2snst\" data-offset-key=\"9rv5h-0-0\">\n<div class=\"_1mf _1mj\" data-offset-key=\"9rv5h-0-0\"><span data-offset-key=\"9rv5h-0-0\">\u0110T: 03.8284.6606 &#8211; 03.4884.6606<\/span><\/div>\n<\/div>\n<div class=\"\" data-block=\"true\" data-editor=\"2snst\" data-offset-key=\"95tua-0-0\">\n<div class=\"_1mf _1mj\" data-offset-key=\"95tua-0-0\"><span data-offset-key=\"95tua-0-0\">\ud835\udde0\ud835\uddee\ud835\uddfd: https:\/\/maps.app.goo.gl\/1A5ujusTfaw8iw5YA<\/span><\/div>\n<\/div>\n<div class=\"\" data-block=\"true\" data-editor=\"2snst\" data-offset-key=\"4nl6u-0-0\">\n<div class=\"_1mf _1mj\" data-offset-key=\"4nl6u-0-0\"><span data-offset-key=\"4nl6u-0-0\">\ud835\udddf\ud835\uddf6\ud835\uddfb\ud835\uddf8 \ud835\uddfa\ud835\ude02\ud835\uddee \ud835\uddfc\ud835\uddfb\ud835\uddf9\ud835\uddf6\ud835\uddfb\ud835\uddf2: <\/span><\/div>\n<\/div>\n<div class=\"\" data-block=\"true\" data-editor=\"2snst\" data-offset-key=\"an7nu-0-0\">\n<div class=\"_1mf _1mj\" data-offset-key=\"an7nu-0-0\"><span data-offset-key=\"an7nu-0-0\">Website: https:\/\/vuoncauvong.com<\/span><\/div>\n<\/div>\n<div class=\"\" data-block=\"true\" data-editor=\"2snst\" data-offset-key=\"2i8dj-0-0\">\n<div class=\"_1mf _1mj\" data-offset-key=\"2i8dj-0-0\"><span data-offset-key=\"2i8dj-0-0\">Tiktok: https:\/\/vt.tiktok.com\/vuoncauvong<\/span><\/div>\n<\/div>\n<div class=\"\" data-block=\"true\" data-editor=\"2snst\" data-offset-key=\"6496n-0-0\">\n<div class=\"_1mf _1mj\" data-offset-key=\"6496n-0-0\"><span data-offset-key=\"6496n-0-0\">Shopee: https:\/\/s.shopee.vn\/BJdCo1OW8<\/span><\/div>\n<\/div>\n","protected":false},"excerpt":{"rendered":"<p style=\"text-align: left;\" data-start=\"2081\" data-end=\"2380\"><strong data-start=\"2090\" data-end=\"2113\">C\u00e2y kim ng\u00e2n \u0111\u1ec3 b\u00e0n<\/strong> kh\u00f4ng ch\u1ec9 l\u00e0 v\u1eadt trang tr\u00ed \u0111\u1eb9p m\u1eaft m\u00e0 c\u00f2n mang \u00fd ngh\u0129a phong th\u1ee7y may m\u1eafn, t\u00e0i l\u1ed9c v\u00e0 s\u1ef1 th\u1ecbnh v\u01b0\u1ee3ng. V\u1edbi v\u1ebb \u0111\u1eb9p xanh m\u00e1t c\u00f9ng c\u00e1ch ch\u0103m s\u00f3c \u0111\u01a1n gi\u1ea3n, \u0111\u00e2y l\u00e0 l\u1ef1a ch\u1ecdn l\u00fd t\u01b0\u1edfng \u0111\u1ec3 t\u00f4 \u0111i\u1ec3m cho kh\u00f4ng gian s\u1ed1ng, l\u00e0m vi\u1ec7c v\u00e0 mang l\u1ea1i ngu\u1ed3n n\u0103ng l\u01b0\u1ee3ng t\u00edch c\u1ef1c m\u1ed7i ng\u00e0y.<\/p>\n<div class=\"\" data-block=\"true\" data-editor=\"2snst\" data-offset-key=\"7gfnn-0-0\">\n<div data-offset-key=\"7gfnn-0-0\">\n<div class=\"zMgcWd dSKvsb\" style=\"text-align: left;\" data-il=\"\">\n<div data-crb-p=\"\">\n<div class=\"xFTqob\">\n<div class=\"vM0jzc\">\n<div class=\"NPrrbc\" data-cid=\"c273eeaf-24b5-4f44-98c4-03431f63ae59\" data-uuids=\"15351665740996798021,15351665740996797498,15351665740996796975\">\n<div class=\"BMebGe btku5b fCrZyc LwdV0e FR7ZSc qVhvac OJeuxf\" tabindex=\"0\" role=\"button\" aria-label=\"Xem c\u00e1c \u0111\u01b0\u1eddng li\u00ean k\u1ebft c\u00f3 li\u00ean quan\" data-hveid=\"CCYQAQ\" data-ved=\"2ahUKEwjl2Nn3oJePAxUwRmcHHZ5sIhoQ3fYKegQIJhAB\">\n<div class=\"niO4u\">\n<div class=\"kHtcsd\"><span style=\"color: #555555;\">Ch\u1eadu kim ng\u00e2n \u0111\u1ec3 b\u00e0n<\/span><em style=\"color: #555555;\"><strong>\u00a0<\/strong><\/em><span style=\"color: #555555;\">c\u1ee7a V\u01b0\u1eddn C\u1ea7u V\u1ed3ng c\u00f3 k\u00edch th\u01b0\u1edbc <\/span><strong style=\"color: #555555;\">10x12cm<\/strong><span style=\"color: #555555;\">, nh\u1ecf xinh ph\u00f9 h\u1ee3p \u0111\u1ec3 b\u00e0n l\u00e0m vi\u1ec7c.<\/span><\/div>\n<\/div>\n<\/div>\n<\/div>\n<\/div>\n<\/div>\n<\/div>\n<\/div>\n<p style=\"text-align: left;\" data-start=\"1528\" data-end=\"1797\"><strong>V\u01b0\u1eddn c\u00f3 ship h\u1ecfa t\u1ed1c n\u1ed9i th\u00e0nh H\u00e0 N\u1ed9i &#8211; h\u00e3y li\u00ean h\u1ec7 ngay v\u1edbi V\u01b0\u1eddn C\u1ea7u V\u1ed3ng \u0111\u1ec3 s\u1edf h\u1eefu m\u1ed9t ch\u1eadu c\u00e2y t\u00e0i l\u1ed9c v\u00e0 may m\u1eafn nh\u00e9!<\/strong><\/p>\n<\/div>\n<\/div>\n","protected":false},"featured_media":697,"comment_status":"open","ping_status":"closed","template":"","meta":[],"product_brand":[],"product_cat":[38],"product_tag":[],"class_list":{"0":"post-699","1":"product","2":"type-product","3":"status-publish","4":"has-post-thumbnail","6":"product_cat-cay-de-ban","8":"first","9":"instock","10":"sale","11":"shipping-taxable","12":"purchasable","13":"product-type-simple"},"jetpack_sharing_enabled":true,"_links":{"self":[{"href":"https:\/\/vuoncauvong.com\/index.php\/wp-json\/wp\/v2\/product\/699","targetHints":{"allow":["GET"]}}],"collection":[{"href":"https:\/\/vuoncauvong.com\/index.php\/wp-json\/wp\/v2\/product"}],"about":[{"href":"https:\/\/vuoncauvong.com\/index.php\/wp-json\/wp\/v2\/types\/product"}],"replies":[{"embeddable":true,"href":"https:\/\/vuoncauvong.com\/index.php\/wp-json\/wp\/v2\/comments?post=699"}],"wp:featuredmedia":[{"embeddable":true,"href":"https:\/\/vuoncauvong.com\/index.php\/wp-json\/wp\/v2\/media\/697"}],"wp:attachment":[{"href":"https:\/\/vuoncauvong.com\/index.php\/wp-json\/wp\/v2\/media?parent=699"}],"wp:term":[{"taxonomy":"product_brand","embeddable":true,"href":"https:\/\/vuoncauvong.com\/index.php\/wp-json\/wp\/v2\/product_brand?post=699"},{"taxonomy":"product_cat","embeddable":true,"href":"https:\/\/vuoncauvong.com\/index.php\/wp-json\/wp\/v2\/product_cat?post=699"},{"taxonomy":"product_tag","embeddable":true,"href":"https:\/\/vuoncauvong.com\/index.php\/wp-json\/wp\/v2\/product_tag?post=699"}],"curies":[{"name":"wp","href":"https:\/\/api.w.org\/{rel}","templated":true}]}}