{"id":691,"date":"2025-08-19T23:09:37","date_gmt":"2025-08-19T16:09:37","guid":{"rendered":"https:\/\/vuoncauvong.com\/?post_type=product&#038;p=691"},"modified":"2025-08-19T23:29:05","modified_gmt":"2025-08-19T16:29:05","slug":"chau-cay-de-vuong-kim-cuong-de-ban","status":"publish","type":"product","link":"https:\/\/vuoncauvong.com\/index.php\/san-pham\/chau-cay-de-vuong-kim-cuong-de-ban\/","title":{"rendered":"Ch\u1eadu c\u00e2y \u0111\u1ebf v\u01b0\u01a1ng kim c\u01b0\u01a1ng \u0111\u1ec3 b\u00e0n"},"content":{"rendered":"<div class=\"\" data-block=\"true\" data-editor=\"2snst\" data-offset-key=\"7gfnn-0-0\">\n<div data-offset-key=\"7gfnn-0-0\">\n<p data-start=\"0\" data-end=\"585\">Ch\u1eadu c\u00e2y <em><strong>\u0111\u1ebf v\u01b0\u01a1ng kim c\u01b0\u01a1ng<\/strong><\/em> l\u00e0 m\u1ed9t trong nh\u1eefng lo\u1ea1i c\u00e2y c\u1ea3nh \u0111\u1ec3 b\u00e0n \u0111\u01b0\u1ee3c \u01b0a chu\u1ed9ng b\u1edfi v\u1ebb \u0111\u1eb9p sang tr\u1ecdng, qu\u00fd ph\u00e1i v\u00e0 nh\u1eefng gi\u00e1 tr\u1ecb phong th\u1ee7y t\u00edch c\u1ef1c m\u00e0 n\u00f3 mang l\u1ea1i. C\u00e2y c\u00f3 d\u00e1ng v\u1ebb m\u1ea1nh m\u1ebd, b\u1ec1 th\u1ebf nh\u01b0ng v\u1eabn to\u00e1t l\u00ean s\u1ef1 tinh t\u1ebf nh\u1edd ph\u1ea7n l\u00e1 to b\u1ea3n, b\u00f3ng m\u01b0\u1ee3t v\u00e0 d\u00e0y d\u1eb7n. M\u00e0u xanh \u0111\u1eadm k\u1ebft h\u1ee3p c\u00f9ng s\u1eafc tr\u1eafng \u00e1nh kim \u0111\u1eb7c tr\u01b0ng tr\u00ean phi\u1ebfn l\u00e1 khi\u1ebfn c\u00e2y tr\u1edf th\u00e0nh \u0111i\u1ec3m nh\u1ea5n n\u1ed5i b\u1eadt trong kh\u00f4ng gian s\u1ed1ng v\u00e0 l\u00e0m vi\u1ec7c. Khi \u0111\u1eb7t tr\u00ean b\u00e0n l\u00e0m vi\u1ec7c, ph\u00f2ng kh\u00e1ch hay qu\u1ea7y l\u1ec5 t\u00e2n, c\u00e2y <em><strong>\u0111\u1ebf v\u01b0\u01a1ng kim c\u01b0\u01a1ng<\/strong><\/em> kh\u00f4ng ch\u1ec9 mang t\u00ednh th\u1ea9m m\u1ef9 cao m\u00e0 c\u00f2n th\u1ec3 hi\u1ec7n gu th\u1ea9m m\u1ef9 tinh t\u1ebf v\u00e0 s\u1ef1 \u0111\u1eb3ng c\u1ea5p c\u1ee7a gia ch\u1ee7.<\/p>\n<p data-start=\"587\" data-end=\"977\">V\u1ec1 t\u00e1c d\u1ee5ng, c\u00e2y <em><strong>\u0111\u1ebf v\u01b0\u01a1ng kim c\u01b0\u01a1ng<\/strong><\/em> gi\u00fap thanh l\u1ecdc kh\u00f4ng kh\u00ed, h\u1ea5p th\u1ee5 kh\u00ed \u0111\u1ed9c t\u1eeb m\u00f4i tr\u01b0\u1eddng, mang l\u1ea1i kh\u00f4ng gian trong l\u00e0nh, d\u1ec5 ch\u1ecbu. C\u00e2y xanh t\u01b0\u01a1i m\u00e1t c\u0169ng g\u00f3p ph\u1ea7n gi\u1ea3m c\u0103ng th\u1eb3ng, t\u0103ng s\u1ef1 t\u1eadp trung v\u00e0 c\u1ea3m gi\u00e1c th\u01b0 gi\u00e3n khi l\u00e0m vi\u1ec7c. \u0110\u1eb7t m\u1ed9t ch\u1eadu c\u00e2y nh\u1ecf xinh ngay tr\u00ean b\u00e0n l\u00e0m vi\u1ec7c hay g\u00f3c h\u1ecdc t\u1eadp s\u1ebd gi\u00fap tinh th\u1ea7n lu\u00f4n ph\u1ea5n ch\u1ea5n, s\u00e1ng t\u1ea1o h\u01a1n trong c\u00f4ng vi\u1ec7c l\u1eabn cu\u1ed9c s\u1ed1ng h\u00e0ng ng\u00e0y.<\/p>\n<p data-start=\"979\" data-end=\"1526\">X\u00e9t v\u1ec1 phong th\u1ee7y, <em><strong>\u0111\u1ebf v\u01b0\u01a1ng kim c\u01b0\u01a1ng<\/strong><\/em> \u0111\u01b0\u1ee3c coi l\u00e0 bi\u1ec3u t\u01b0\u1ee3ng c\u1ee7a s\u1ef1 quy\u1ec1n l\u1ef1c, may m\u1eafn v\u00e0 th\u1ecbnh v\u01b0\u1ee3ng. C\u00e1i t\u00ean \u201c\u0110\u1ebf V\u01b0\u01a1ng\u201d \u0111\u00e3 g\u1ee3i l\u00ean s\u1ef1 uy nghi, v\u1eefng ch\u00e3i, mang \u00fd ngh\u0129a c\u1ee7ng c\u1ed1 v\u1ecb th\u1ebf v\u00e0 n\u00e2ng cao s\u1ef1 nghi\u1ec7p cho gia ch\u1ee7. C\u00e2y c\u00f2n \u0111\u01b0\u1ee3c xem l\u00e0 l\u00e1 b\u00f9a phong th\u1ee7y gi\u00fap thu h\u00fat t\u00e0i l\u1ed9c, mang l\u1ea1i ngu\u1ed3n n\u0103ng l\u01b0\u1ee3ng t\u00edch c\u1ef1c, h\u00f3a gi\u1ea3i \u0111i\u1ec1u xui r\u1ee7i v\u00e0 t\u1ea1o s\u1ef1 c\u00e2n b\u1eb1ng trong kh\u00f4ng gian. \u0110\u1eb7c bi\u1ec7t, nh\u1eefng ai l\u00e0m vi\u1ec7c trong m\u00f4i tr\u01b0\u1eddng c\u00f4ng s\u1edf, kinh doanh ho\u1eb7c gi\u1eef v\u1ecb tr\u00ed l\u00e3nh \u0111\u1ea1o s\u1ebd r\u1ea5t ph\u00f9 h\u1ee3p v\u1edbi lo\u1ea1i c\u00e2y n\u00e0y, b\u1edfi n\u00f3 t\u01b0\u1ee3ng tr\u01b0ng cho s\u1ef1 th\u00e0nh \u0111\u1ea1t v\u00e0 quy\u1ec1n uy.<\/p>\n<p data-start=\"1528\" data-end=\"1797\">M\u1ed9t ch\u1eadu <em><strong>\u0111\u1ebf v\u01b0\u01a1ng kim c\u01b0\u01a1ng <\/strong><\/em>\u0111\u1ec3 b\u00e0n v\u1eeba mang v\u1ebb \u0111\u1eb9p sang tr\u1ecdng, v\u1eeba \u0111em l\u1ea1i l\u1ee3i \u00edch cho s\u1ee9c kh\u1ecfe v\u00e0 phong th\u1ee7y, l\u00e0 l\u1ef1a ch\u1ecdn l\u00fd t\u01b0\u1edfng \u0111\u1ec3 t\u00f4 \u0111i\u1ec3m cho kh\u00f4ng gian s\u1ed1ng c\u0169ng nh\u01b0 c\u00f4ng vi\u1ec7c, \u0111\u1ed3ng th\u1eddi g\u1eedi g\u1eafm th\u00f4ng \u0111i\u1ec7p may m\u1eafn, th\u00e0nh c\u00f4ng v\u00e0 h\u01b0ng th\u1ecbnh \u0111\u1ebfn ng\u01b0\u1eddi s\u1edf h\u1eefu.<\/p>\n<ul data-hveid=\"CCsQAQ\" data-ved=\"2ahUKEwjl2Nn3oJePAxUwRmcHHZ5sIhoQm_YKegQIKxAB\">\n<li class=\"K3KsMc\">\n<div class=\"zMgcWd dSKvsb\" data-il=\"\">\n<div data-crb-p=\"\">\n<div class=\"xFTqob\">\n<div class=\"Gur8Ad\"><span data-huuid=\"15351665740996796628\"><strong>\u00c1nh s\u00e1ng:<\/strong><\/span><\/div>\n<div class=\"vM0jzc\">\n<p><span data-huuid=\"15351665740996800201\">C\u00e2y \u0110\u1ebf V\u01b0\u01a1ng Kim C\u01b0\u01a1ng \u01b0a b\u00f3ng r\u00e2m, th\u00edch \u00e1nh s\u00e1ng gi\u00e1n ti\u1ebfp.\u00a0<\/span><span data-huuid=\"15351665740996799678\">Tr\u00e1nh \u00e1nh n\u1eafng tr\u1ef1c ti\u1ebfp, c\u00f3 th\u1ec3 \u0111\u1eb7t c\u00e2y \u1edf c\u1eeda s\u1ed5, ban c\u00f4ng ho\u1eb7c d\u01b0\u1edbi b\u00f3ng r\u00e2m c\u1ee7a c\u00e2y l\u1edbn.<span class=\"pjBG2e\" data-cid=\"3e4dd78b-516e-4286-a200-38dd94c35634\"><span class=\"UV3uM\">\u00a0<\/span><\/span><\/span><\/p>\n<div class=\"NPrrbc\" data-cid=\"3e4dd78b-516e-4286-a200-38dd94c35634\" data-uuids=\"15351665740996796628,15351665740996800201,15351665740996799678\">\n<div class=\"BMebGe btku5b fCrZyc LwdV0e FR7ZSc qVhvac OJeuxf\" tabindex=\"0\" role=\"button\" aria-label=\"Xem c\u00e1c \u0111\u01b0\u1eddng li\u00ean k\u1ebft c\u00f3 li\u00ean quan\" data-hveid=\"CCAQAQ\" data-ved=\"2ahUKEwjl2Nn3oJePAxUwRmcHHZ5sIhoQ3fYKegQIIBAB\">\n<div class=\"niO4u\">\n<div class=\"kHtcsd\"><\/div>\n<\/div>\n<\/div>\n<\/div>\n<\/div>\n<\/div>\n<\/div>\n<\/div>\n<\/li>\n<li class=\"K3KsMc\">\n<div class=\"zMgcWd dSKvsb\" data-il=\"\">\n<div data-crb-p=\"\">\n<div class=\"xFTqob\">\n<div class=\"Gur8Ad\"><span data-huuid=\"15351665740996798632\"><strong>N\u01b0\u1edbc:<\/strong><\/span><\/div>\n<div class=\"vM0jzc\">\n<p><span data-huuid=\"15351665740996798109\">C\u1ea7n t\u01b0\u1edbi n\u01b0\u1edbc \u0111\u1ec1u \u0111\u1eb7n, gi\u1eef \u0111\u1ea5t \u1ea9m nh\u01b0ng kh\u00f4ng \u0111\u1ec3 b\u1ecb ng\u1eadp \u00fang.\u00a0<\/span><span data-huuid=\"15351665740996797586\">L\u01b0\u1ee3ng n\u01b0\u1edbc t\u01b0\u1edbi ph\u1ee5 thu\u1ed9c v\u00e0o th\u1eddi ti\u1ebft v\u00e0 m\u00f9a.\u00a0<\/span><span data-huuid=\"15351665740996797063\">M\u00f9a kh\u00f4 c\u00f3 th\u1ec3 t\u01b0\u1edbi 1 l\u1ea7n\/ng\u00e0y, m\u00f9a m\u01b0a t\u01b0\u1edbi 2-3 ng\u00e0y\/l\u1ea7n.<span class=\"pjBG2e\" data-cid=\"7ed5c4a8-33be-477b-9feb-c5dab9bebadf\"><span class=\"UV3uM\">\u00a0<\/span><\/span><\/span><\/p>\n<div class=\"NPrrbc\" data-cid=\"7ed5c4a8-33be-477b-9feb-c5dab9bebadf\" data-uuids=\"15351665740996798632,15351665740996798109,15351665740996797586,15351665740996797063\">\n<div class=\"BMebGe btku5b fCrZyc LwdV0e FR7ZSc qVhvac OJeuxf\" tabindex=\"0\" role=\"button\" aria-label=\"Xem c\u00e1c \u0111\u01b0\u1eddng li\u00ean k\u1ebft c\u00f3 li\u00ean quan\" data-hveid=\"CCcQAQ\" data-ved=\"2ahUKEwjl2Nn3oJePAxUwRmcHHZ5sIhoQ3fYKegQIJxAB\">\n<div class=\"niO4u\">\n<div class=\"kHtcsd\"><\/div>\n<\/div>\n<\/div>\n<\/div>\n<\/div>\n<\/div>\n<\/div>\n<\/div>\n<\/li>\n<li class=\"K3KsMc\">\n<div class=\"zMgcWd dSKvsb\" data-il=\"\">\n<div data-crb-p=\"\">\n<div class=\"xFTqob\">\n<div class=\"Gur8Ad\"><span data-huuid=\"15351665740996800113\"><strong>\u0110\u1ea5t:<\/strong><\/span><\/div>\n<div class=\"vM0jzc\">\n<p><span data-huuid=\"15351665740996799590\">Ch\u1ecdn \u0111\u1ea5t t\u01a1i x\u1ed1p, tho\u00e1t n\u01b0\u1edbc t\u1ed1t, gi\u00e0u dinh d\u01b0\u1ee1ng.\u00a0<\/span><span data-huuid=\"15351665740996799067\">C\u00f3 th\u1ec3 tr\u1ed9n \u0111\u1ea5t th\u1ecbt, m\u00f9n, x\u01a1 d\u1eeba v\u00e0 ph\u00e2n h\u1eefu c\u01a1.<span class=\"pjBG2e\" data-cid=\"54ee2a20-491a-4494-87c1-f04b2915ee19\"><span class=\"UV3uM\">\u00a0<\/span><\/span><\/span><\/p>\n<div class=\"NPrrbc\" data-cid=\"54ee2a20-491a-4494-87c1-f04b2915ee19\" data-uuids=\"15351665740996800113,15351665740996799590,15351665740996799067\">\n<div class=\"BMebGe btku5b fCrZyc LwdV0e FR7ZSc qVhvac OJeuxf\" tabindex=\"0\" role=\"button\" aria-label=\"Xem c\u00e1c \u0111\u01b0\u1eddng li\u00ean k\u1ebft c\u00f3 li\u00ean quan\" data-hveid=\"CCMQAQ\" data-ved=\"2ahUKEwjl2Nn3oJePAxUwRmcHHZ5sIhoQ3fYKegQIIxAB\">\n<div class=\"niO4u\">\n<div class=\"kHtcsd\"><\/div>\n<\/div>\n<\/div>\n<\/div>\n<\/div>\n<\/div>\n<\/div>\n<\/div>\n<\/li>\n<li class=\"K3KsMc\">\n<div class=\"zMgcWd dSKvsb\" data-il=\"\">\n<div data-crb-p=\"\">\n<div class=\"xFTqob\">\n<div class=\"Gur8Ad\"><span data-huuid=\"15351665740996798021\"><strong>Ph\u00e2n b\u00f3n:<\/strong><\/span><\/div>\n<div class=\"vM0jzc\">\n<p><span data-huuid=\"15351665740996797498\">B\u00f3n ph\u00e2n h\u1eefu c\u01a1 ho\u1eb7c ph\u00e2n tan ch\u1eadm 2 l\u1ea7n\/th\u00e1ng.\u00a0<\/span><span data-huuid=\"15351665740996796975\">C\u00f3 th\u1ec3 s\u1eed d\u1ee5ng ph\u00e2n NPK \u0111\u1ecbnh k\u1ef3 3-4 th\u00e1ng\/l\u1ea7n \u0111\u1ec3 c\u00e2y ph\u00e1t tri\u1ec3n t\u1ed1t, l\u00e1 xanh t\u01b0\u01a1i.<span class=\"pjBG2e\" data-cid=\"c273eeaf-24b5-4f44-98c4-03431f63ae59\"><span class=\"UV3uM\">\u00a0<\/span><\/span><\/span><\/p>\n<div class=\"NPrrbc\" data-cid=\"c273eeaf-24b5-4f44-98c4-03431f63ae59\" data-uuids=\"15351665740996798021,15351665740996797498,15351665740996796975\">\n<div class=\"BMebGe btku5b fCrZyc LwdV0e FR7ZSc qVhvac OJeuxf\" tabindex=\"0\" role=\"button\" aria-label=\"Xem c\u00e1c \u0111\u01b0\u1eddng li\u00ean k\u1ebft c\u00f3 li\u00ean quan\" data-hveid=\"CCYQAQ\" data-ved=\"2ahUKEwjl2Nn3oJePAxUwRmcHHZ5sIhoQ3fYKegQIJhAB\">\n<div class=\"niO4u\">\n<div><\/div>\n<div class=\"kHtcsd\"><span style=\"color: #555555;\">Ch\u1eadu <\/span><em style=\"color: #555555;\"><strong>\u0111\u1ebf v\u01b0\u01a1ng kim c\u01b0\u01a1ng\u00a0<\/strong><\/em><span style=\"color: #555555;\">c\u1ee7a V\u01b0\u1eddn C\u1ea7u V\u1ed3ng c\u00f3 k\u00edch th\u01b0\u1edbc <\/span><strong style=\"color: #555555;\">10x12cm<\/strong><span style=\"color: #555555;\">, nh\u1ecf xinh ph\u00f9 h\u1ee3p \u0111\u1ec3 b\u00e0n l\u00e0m vi\u1ec7c.<\/span><\/div>\n<\/div>\n<\/div>\n<\/div>\n<\/div>\n<\/div>\n<\/div>\n<\/div>\n<\/li>\n<\/ul>\n<p data-start=\"1528\" data-end=\"1797\">V\u01b0\u1eddn c\u00f3 ship h\u1ecfa t\u1ed1c n\u1ed9i th\u00e0nh H\u00e0 N\u1ed9i &#8211; h\u00e3y li\u00ean h\u1ec7 ngay v\u1edbi V\u01b0\u1eddn C\u1ea7u V\u1ed3ng \u0111\u1ec3 s\u1edf h\u1eefu m\u1ed9t ch\u1eadu \u0111\u1ebf v\u01b0\u01a1ng kim c\u01b0\u01a1ng may m\u1eafn nh\u00e9!<\/p>\n<\/div>\n<div class=\"_1mf _1mj\" data-offset-key=\"7gfnn-0-0\"><span data-offset-key=\"7gfnn-0-0\">&#8212;\ud83c\udf42&#8212;&#8211;\ud83c\udf42&#8212;&#8212;&#8211;\ud83c\udf42&#8212;&#8211;\ud83c\udf42&#8212;&#8211;\ud83c\udf42&#8212;&#8211;<\/span><\/div>\n<\/div>\n<div class=\"\" data-block=\"true\" data-editor=\"2snst\" data-offset-key=\"9skf-0-0\">\n<div class=\"_1mf _1mj\" data-offset-key=\"9skf-0-0\"><span data-offset-key=\"9skf-0-0\">V\u01b0\u1eddn C\u1ea7u V\u1ed3ng &#8211; ng\u00f5 309 Ph\u00fa Di\u1ec5n, B\u1eafc T\u1eeb Li\u00eam, H\u00e0 N\u1ed9i (\u0111i h\u1ebft \u0111\u01b0\u1eddng b\u00ea t\u00f4ng, nh\u00ecn b\u00ean tr\u00e1i l\u00e0 V\u01b0\u1eddn C\u1ea7u V\u1ed3ng<\/span><\/div>\n<\/div>\n<div class=\"\" data-block=\"true\" data-editor=\"2snst\" data-offset-key=\"9rv5h-0-0\">\n<div class=\"_1mf _1mj\" data-offset-key=\"9rv5h-0-0\"><span data-offset-key=\"9rv5h-0-0\">\u0110T: 03.8284.6606 &#8211; 03.4884.6606<\/span><\/div>\n<\/div>\n<div class=\"\" data-block=\"true\" data-editor=\"2snst\" data-offset-key=\"95tua-0-0\">\n<div class=\"_1mf _1mj\" data-offset-key=\"95tua-0-0\"><span data-offset-key=\"95tua-0-0\">\ud835\udde0\ud835\uddee\ud835\uddfd: https:\/\/maps.app.goo.gl\/1A5ujusTfaw8iw5YA<\/span><\/div>\n<\/div>\n<div class=\"\" data-block=\"true\" data-editor=\"2snst\" data-offset-key=\"4nl6u-0-0\">\n<div class=\"_1mf _1mj\" data-offset-key=\"4nl6u-0-0\"><span data-offset-key=\"4nl6u-0-0\">\ud835\udddf\ud835\uddf6\ud835\uddfb\ud835\uddf8 \ud835\uddfa\ud835\ude02\ud835\uddee \ud835\uddfc\ud835\uddfb\ud835\uddf9\ud835\uddf6\ud835\uddfb\ud835\uddf2: <\/span><\/div>\n<\/div>\n<div class=\"\" data-block=\"true\" data-editor=\"2snst\" data-offset-key=\"an7nu-0-0\">\n<div class=\"_1mf _1mj\" data-offset-key=\"an7nu-0-0\"><span data-offset-key=\"an7nu-0-0\">Website: https:\/\/vuoncauvong.com<\/span><\/div>\n<\/div>\n<div class=\"\" data-block=\"true\" data-editor=\"2snst\" data-offset-key=\"2i8dj-0-0\">\n<div class=\"_1mf _1mj\" data-offset-key=\"2i8dj-0-0\"><span data-offset-key=\"2i8dj-0-0\">Tiktok: https:\/\/vt.tiktok.com\/vuoncauvong<\/span><\/div>\n<\/div>\n<div class=\"\" data-block=\"true\" data-editor=\"2snst\" data-offset-key=\"6496n-0-0\">\n<div class=\"_1mf _1mj\" data-offset-key=\"6496n-0-0\"><span data-offset-key=\"6496n-0-0\">Shopee: https:\/\/s.shopee.vn\/BJdCo1OW8<\/span><\/div>\n<\/div>\n","protected":false},"excerpt":{"rendered":"<p style=\"text-align: left;\">M\u1ed9t ch\u1eadu <em><strong>\u0111\u1ebf v\u01b0\u01a1ng kim c\u01b0\u01a1ng <\/strong><\/em>\u0111\u1ec3 b\u00e0n v\u1eeba mang v\u1ebb \u0111\u1eb9p sang tr\u1ecdng, v\u1eeba \u0111em l\u1ea1i l\u1ee3i \u00edch cho s\u1ee9c kh\u1ecfe v\u00e0 phong th\u1ee7y, l\u00e0 l\u1ef1a ch\u1ecdn l\u00fd t\u01b0\u1edfng \u0111\u1ec3 t\u00f4 \u0111i\u1ec3m cho kh\u00f4ng gian s\u1ed1ng c\u0169ng nh\u01b0 c\u00f4ng vi\u1ec7c, \u0111\u1ed3ng th\u1eddi g\u1eedi g\u1eafm th\u00f4ng \u0111i\u1ec7p may m\u1eafn, th\u00e0nh c\u00f4ng v\u00e0 h\u01b0ng th\u1ecbnh \u0111\u1ebfn ng\u01b0\u1eddi s\u1edf h\u1eefu.<\/p>\n<div class=\"zMgcWd dSKvsb\" style=\"text-align: left;\" data-il=\"\">\n<div data-crb-p=\"\">\n<div class=\"xFTqob\">\n<div class=\"vM0jzc\">\n<div class=\"NPrrbc\" data-cid=\"c273eeaf-24b5-4f44-98c4-03431f63ae59\" data-uuids=\"15351665740996798021,15351665740996797498,15351665740996796975\">\n<div class=\"BMebGe btku5b fCrZyc LwdV0e FR7ZSc qVhvac OJeuxf\" tabindex=\"0\" role=\"button\" aria-label=\"Xem c\u00e1c \u0111\u01b0\u1eddng li\u00ean k\u1ebft c\u00f3 li\u00ean quan\" data-hveid=\"CCYQAQ\" data-ved=\"2ahUKEwjl2Nn3oJePAxUwRmcHHZ5sIhoQ3fYKegQIJhAB\">\n<div class=\"niO4u\">\n<div class=\"kHtcsd\"><span style=\"color: #555555;\">Ch\u1eadu <\/span><em style=\"color: #555555;\"><strong>\u0111\u1ebf v\u01b0\u01a1ng kim c\u01b0\u01a1ng\u00a0<\/strong><\/em><span style=\"color: #555555;\">c\u1ee7a V\u01b0\u1eddn C\u1ea7u V\u1ed3ng c\u00f3 k\u00edch th\u01b0\u1edbc <\/span><strong style=\"color: #555555;\">10x12cm<\/strong><span style=\"color: #555555;\">, nh\u1ecf xinh ph\u00f9 h\u1ee3p \u0111\u1ec3 b\u00e0n l\u00e0m vi\u1ec7c.<\/span><\/div>\n<\/div>\n<\/div>\n<\/div>\n<\/div>\n<\/div>\n<\/div>\n<\/div>\n<p style=\"text-align: left;\" data-start=\"1528\" data-end=\"1797\">V\u01b0\u1eddn c\u00f3 ship h\u1ecfa t\u1ed1c n\u1ed9i th\u00e0nh H\u00e0 N\u1ed9i &#8211; h\u00e3y li\u00ean h\u1ec7 ngay v\u1edbi V\u01b0\u1eddn C\u1ea7u V\u1ed3ng \u0111\u1ec3 s\u1edf h\u1eefu m\u1ed9t ch\u1eadu \u0111\u1ebf v\u01b0\u01a1ng kim c\u01b0\u01a1ng may m\u1eafn nh\u00e9!<\/p>\n","protected":false},"featured_media":696,"comment_status":"open","ping_status":"closed","template":"","meta":[],"product_brand":[],"product_cat":[38],"product_tag":[],"class_list":{"0":"post-691","1":"product","2":"type-product","3":"status-publish","4":"has-post-thumbnail","6":"product_cat-cay-de-ban","8":"first","9":"instock","10":"sale","11":"shipping-taxable","12":"purchasable","13":"product-type-simple"},"jetpack_sharing_enabled":true,"_links":{"self":[{"href":"https:\/\/vuoncauvong.com\/index.php\/wp-json\/wp\/v2\/product\/691","targetHints":{"allow":["GET"]}}],"collection":[{"href":"https:\/\/vuoncauvong.com\/index.php\/wp-json\/wp\/v2\/product"}],"about":[{"href":"https:\/\/vuoncauvong.com\/index.php\/wp-json\/wp\/v2\/types\/product"}],"replies":[{"embeddable":true,"href":"https:\/\/vuoncauvong.com\/index.php\/wp-json\/wp\/v2\/comments?post=691"}],"wp:featuredmedia":[{"embeddable":true,"href":"https:\/\/vuoncauvong.com\/index.php\/wp-json\/wp\/v2\/media\/696"}],"wp:attachment":[{"href":"https:\/\/vuoncauvong.com\/index.php\/wp-json\/wp\/v2\/media?parent=691"}],"wp:term":[{"taxonomy":"product_brand","embeddable":true,"href":"https:\/\/vuoncauvong.com\/index.php\/wp-json\/wp\/v2\/product_brand?post=691"},{"taxonomy":"product_cat","embeddable":true,"href":"https:\/\/vuoncauvong.com\/index.php\/wp-json\/wp\/v2\/product_cat?post=691"},{"taxonomy":"product_tag","embeddable":true,"href":"https:\/\/vuoncauvong.com\/index.php\/wp-json\/wp\/v2\/product_tag?post=691"}],"curies":[{"name":"wp","href":"https:\/\/api.w.org\/{rel}","templated":true}]}}