{"id":689,"date":"2025-08-19T22:49:30","date_gmt":"2025-08-19T15:49:30","guid":{"rendered":"https:\/\/vuoncauvong.com\/?post_type=product&#038;p=689"},"modified":"2025-08-19T22:49:30","modified_gmt":"2025-08-19T15:49:30","slug":"chau-cay-sao-bang-de-ban","status":"publish","type":"product","link":"https:\/\/vuoncauvong.com\/index.php\/san-pham\/chau-cay-sao-bang-de-ban\/","title":{"rendered":"Ch\u1eadu c\u00e2y sao b\u0103ng \u0111\u1ec3 b\u00e0n"},"content":{"rendered":"<div class=\"\" data-block=\"true\" data-editor=\"2snst\" data-offset-key=\"a8rbt-0-0\">\n<div class=\"_1mf _1mj\" data-offset-key=\"a8rbt-0-0\"><span data-offset-key=\"a8rbt-0-0\">\ud83c\udf40Ch\u1eadu SAO B\u0102NG \u0111\u1ec3 b\u00e0n &#8211; thay ng\u00e0n \u0111i\u1ec1u \u01b0\u1edbc<\/span><\/div>\n<\/div>\n<div class=\"\" data-block=\"true\" data-editor=\"2snst\" data-offset-key=\"6ep3e-0-0\">\n<div class=\"_1mf _1mj\" data-offset-key=\"6ep3e-0-0\"><span data-offset-key=\"6ep3e-0-0\">C\u00e2y <em><strong>sao b\u0103ng<\/strong><\/em>\u00a0l\u00e0 l\u1ef1a ch\u1ecdn tuy\u1ec7t v\u1eddi \u0111\u1ec3 trang tr\u00ed n\u1ed9i th\u1ea5t. B\u1ea1n c\u00f3 th\u1ec3 \u0111\u1eb7t tr\u00ean b\u00e0n l\u00e0m vi\u1ec7c, k\u1ec7 s\u00e1ch hay b\u00e0n \u0103n \u0111\u1ec3 t\u1ea1o \u0111i\u1ec3m nh\u1ea5n tinh t\u1ebf v\u00e0 sang tr\u1ecdng cho kh\u00f4ng gian. Ngo\u00e0i ra, c\u00e2y c\u00f2n l\u00e0 m\u00f3n qu\u00e0 \u00fd ngh\u0129a d\u00e0nh t\u1eb7ng b\u1ea1n b\u00e8 ng\u01b0\u1eddi th\u00e2n.<\/span><\/div>\n<\/div>\n<div class=\"\" data-block=\"true\" data-editor=\"2snst\" data-offset-key=\"990d-0-0\">\n<div class=\"_1mf _1mj\" data-offset-key=\"990d-0-0\"><span data-offset-key=\"990d-0-0\">M\u1ed9t ch\u1eadu<em><strong> sao b\u0103ng<\/strong><\/em> nh\u1ecf xinh gi\u00fap t\u1ea1o n\u00ean m\u1ed9t kh\u00f4ng gian xanh, g\u1ea7n g\u0169i v\u1edbi thi\u00ean nhi\u00ean. G\u00f3p ph\u1ea7n c\u1ea3i thi\u1ec7n ch\u1ea5t l\u01b0\u1ee3ng kh\u00f4ng kh\u00ed v\u00e0 n\u00e2ng cao tinh th\u1ea7n s\u1ed1ng. <\/span><\/div>\n<\/div>\n<div class=\"\" data-block=\"true\" data-editor=\"2snst\" data-offset-key=\"86c8q-0-0\">\n<div class=\"_1mf _1mj\" data-offset-key=\"86c8q-0-0\"><span data-offset-key=\"86c8q-0-0\">B\u00ean c\u1ea1nh \u00fd ngh\u0129a v\u1ec1 may m\u1eafn t\u00e0i l\u1ed9c, c\u00e2y <em><strong>sao b\u0103ng<\/strong><\/em> n\u00e0y c\u00f2n \u0111\u01b0\u1ee3c cho l\u00e0 c\u00f3 kh\u1ea3 n\u0103ng h\u1ea5p th\u1ee5 n\u0103ng l\u01b0\u1ee3ng \u00e2m, mang l\u1ea1i c\u1ea3m gi\u00e1c b\u00ecnh y\u00ean, th\u01b0 th\u00e1i cho gia ch\u1ee7.<\/span><\/div>\n<div data-offset-key=\"86c8q-0-0\">\n<p data-start=\"193\" data-end=\"324\">Nh\u1ecf nh\u1eafn, xanh t\u01b0\u01a1i v\u00e0 c\u1ef1c k\u1ef3 d\u1ec5 th\u01b0\u01a1ng, c\u00e2y <strong data-start=\"238\" data-end=\"250\">Sao B\u0103ng<\/strong> l\u00e0 l\u1ef1a ch\u1ecdn ho\u00e0n h\u1ea3o \u0111\u1ec3 \u0111\u1eb7t tr\u00ean b\u00e0n l\u00e0m vi\u1ec7c hay trong v\u0103n ph\u00f2ng. \ud83c\udf3f<\/p>\n<p data-start=\"326\" data-end=\"504\">V\u1edbi nh\u1eefng chi\u1ebfc l\u00e1 m\u1ec1m m\u1ea1i mang \u0111\u1ed1m tr\u1eafng nh\u01b0 d\u1ea3i sao, c\u00e2y sao b\u0103ng kh\u00f4ng ch\u1ec9 gi\u00fap <strong data-start=\"390\" data-end=\"419\">kh\u00f4ng gian th\u00eam sinh \u0111\u1ed9ng<\/strong> m\u00e0 c\u00f2n mang l\u1ea1i <strong data-start=\"436\" data-end=\"470\">c\u1ea3m gi\u00e1c th\u01b0 gi\u00e3n, gi\u1ea3m stress<\/strong> gi\u1eefa gi\u1edd l\u00e0m vi\u1ec7c c\u0103ng th\u1eb3ng.<\/p>\n<p data-start=\"506\" data-end=\"628\">\u0110\u1eb7c bi\u1ec7t, c\u00e2y r\u1ea5t <strong data-start=\"524\" data-end=\"535\">d\u1ec5 ch\u0103m<\/strong>, ph\u00f9 h\u1ee3p v\u1edbi d\u00e2n v\u0103n ph\u00f2ng b\u1eadn r\u1ed9n \u2013 ch\u1ec9 c\u1ea7n ch\u00fat \u00e1nh s\u00e1ng v\u00e0 \u00edt n\u01b0\u1edbc l\u00e0 lu\u00f4n xanh m\u00e1t. \ud83c\udf40<\/p>\n<p data-start=\"630\" data-end=\"736\">\ud83d\udc49 M\u1ed9t ch\u1eadu nh\u1ecf th\u00f4i c\u0169ng \u0111\u1ee7 bi\u1ebfn b\u00e0n l\u00e0m vi\u1ec7c c\u1ee7a b\u1ea1n th\u00e0nh g\u00f3c xanh \u0111\u00e1ng y\u00eau, \u0111\u1ea7y n\u0103ng l\u01b0\u1ee3ng t\u00edch c\u1ef1c!<\/p>\n<\/div>\n<\/div>\n<div class=\"\" data-block=\"true\" data-editor=\"2snst\" data-offset-key=\"7gfnn-0-0\">\n<div class=\"_1mf _1mj\" data-offset-key=\"7gfnn-0-0\"><span data-offset-key=\"7gfnn-0-0\">&#8212;\ud83c\udf42&#8212;&#8211;\ud83c\udf42&#8212;&#8212;&#8211;\ud83c\udf42&#8212;&#8211;\ud83c\udf42&#8212;&#8211;\ud83c\udf42&#8212;&#8211;<\/span><\/div>\n<\/div>\n<div class=\"\" data-block=\"true\" data-editor=\"2snst\" data-offset-key=\"9skf-0-0\">\n<div class=\"_1mf _1mj\" data-offset-key=\"9skf-0-0\"><span data-offset-key=\"9skf-0-0\">V\u01b0\u1eddn C\u1ea7u V\u1ed3ng &#8211; ng\u00f5 309 Ph\u00fa Di\u1ec5n, B\u1eafc T\u1eeb Li\u00eam, H\u00e0 N\u1ed9i (\u0111i h\u1ebft \u0111\u01b0\u1eddng b\u00ea t\u00f4ng, nh\u00ecn b\u00ean tr\u00e1i l\u00e0 V\u01b0\u1eddn C\u1ea7u V\u1ed3ng<\/span><\/div>\n<\/div>\n<div class=\"\" data-block=\"true\" data-editor=\"2snst\" data-offset-key=\"9rv5h-0-0\">\n<div class=\"_1mf _1mj\" data-offset-key=\"9rv5h-0-0\"><span data-offset-key=\"9rv5h-0-0\">\u0110T: 03.8284.6606 &#8211; 03.4884.6606<\/span><\/div>\n<\/div>\n<div class=\"\" data-block=\"true\" data-editor=\"2snst\" data-offset-key=\"95tua-0-0\">\n<div class=\"_1mf _1mj\" data-offset-key=\"95tua-0-0\"><span data-offset-key=\"95tua-0-0\">\ud835\udde0\ud835\uddee\ud835\uddfd: https:\/\/maps.app.goo.gl\/1A5ujusTfaw8iw5YA<\/span><\/div>\n<\/div>\n<div class=\"\" data-block=\"true\" data-editor=\"2snst\" data-offset-key=\"4nl6u-0-0\">\n<div class=\"_1mf _1mj\" data-offset-key=\"4nl6u-0-0\"><span data-offset-key=\"4nl6u-0-0\">\ud835\udddf\ud835\uddf6\ud835\uddfb\ud835\uddf8 \ud835\uddfa\ud835\ude02\ud835\uddee \ud835\uddfc\ud835\uddfb\ud835\uddf9\ud835\uddf6\ud835\uddfb\ud835\uddf2: <\/span><\/div>\n<\/div>\n<div class=\"\" data-block=\"true\" data-editor=\"2snst\" data-offset-key=\"an7nu-0-0\">\n<div class=\"_1mf _1mj\" data-offset-key=\"an7nu-0-0\"><span data-offset-key=\"an7nu-0-0\">Website: https:\/\/vuoncauvong.com<\/span><\/div>\n<\/div>\n<div class=\"\" data-block=\"true\" data-editor=\"2snst\" data-offset-key=\"2i8dj-0-0\">\n<div class=\"_1mf _1mj\" data-offset-key=\"2i8dj-0-0\"><span data-offset-key=\"2i8dj-0-0\">Tiktok: https:\/\/vt.tiktok.com\/vuoncauvong<\/span><\/div>\n<\/div>\n<div class=\"\" data-block=\"true\" data-editor=\"2snst\" data-offset-key=\"6496n-0-0\">\n<div class=\"_1mf _1mj\" data-offset-key=\"6496n-0-0\"><span data-offset-key=\"6496n-0-0\">Shopee: https:\/\/s.shopee.vn\/BJdCo1OW8<\/span><\/div>\n<\/div>\n","protected":false},"excerpt":{"rendered":"<p>\ud83c\udf40Ch\u1eadu SAO B\u0102NG \u0111\u1ec3 b\u00e0n &#8211; thay ng\u00e0n \u0111i\u1ec1u \u01b0\u1edbc C\u00e2y sao b\u0103ng\u00a0l\u00e0 l\u1ef1a ch\u1ecdn tuy\u1ec7t v\u1eddi \u0111\u1ec3 trang tr\u00ed n\u1ed9i th\u1ea5t. B\u1ea1n c\u00f3 th\u1ec3 \u0111\u1eb7t tr\u00ean b\u00e0n l\u00e0m vi\u1ec7c, k\u1ec7 s\u00e1ch hay b\u00e0n \u0103n \u0111\u1ec3 t\u1ea1o \u0111i\u1ec3m nh\u1ea5n tinh t\u1ebf v\u00e0 sang tr\u1ecdng cho kh\u00f4ng gian. Ngo\u00e0i ra, c\u00e2y c\u00f2n l\u00e0 m\u00f3n qu\u00e0 \u00fd [&#8230;]\n","protected":false},"featured_media":690,"comment_status":"open","ping_status":"closed","template":"","meta":[],"product_brand":[],"product_cat":[38],"product_tag":[],"class_list":{"0":"post-689","1":"product","2":"type-product","3":"status-publish","4":"has-post-thumbnail","6":"product_cat-cay-de-ban","8":"first","9":"instock","10":"sale","11":"shipping-taxable","12":"purchasable","13":"product-type-simple"},"jetpack_sharing_enabled":true,"_links":{"self":[{"href":"https:\/\/vuoncauvong.com\/index.php\/wp-json\/wp\/v2\/product\/689","targetHints":{"allow":["GET"]}}],"collection":[{"href":"https:\/\/vuoncauvong.com\/index.php\/wp-json\/wp\/v2\/product"}],"about":[{"href":"https:\/\/vuoncauvong.com\/index.php\/wp-json\/wp\/v2\/types\/product"}],"replies":[{"embeddable":true,"href":"https:\/\/vuoncauvong.com\/index.php\/wp-json\/wp\/v2\/comments?post=689"}],"wp:featuredmedia":[{"embeddable":true,"href":"https:\/\/vuoncauvong.com\/index.php\/wp-json\/wp\/v2\/media\/690"}],"wp:attachment":[{"href":"https:\/\/vuoncauvong.com\/index.php\/wp-json\/wp\/v2\/media?parent=689"}],"wp:term":[{"taxonomy":"product_brand","embeddable":true,"href":"https:\/\/vuoncauvong.com\/index.php\/wp-json\/wp\/v2\/product_brand?post=689"},{"taxonomy":"product_cat","embeddable":true,"href":"https:\/\/vuoncauvong.com\/index.php\/wp-json\/wp\/v2\/product_cat?post=689"},{"taxonomy":"product_tag","embeddable":true,"href":"https:\/\/vuoncauvong.com\/index.php\/wp-json\/wp\/v2\/product_tag?post=689"}],"curies":[{"name":"wp","href":"https:\/\/api.w.org\/{rel}","templated":true}]}}