{"id":621,"date":"2025-05-04T22:57:12","date_gmt":"2025-05-04T15:57:12","guid":{"rendered":"https:\/\/vuoncauvong.com\/?post_type=product&#038;p=621"},"modified":"2025-05-04T23:04:24","modified_gmt":"2025-05-04T16:04:24","slug":"sen-da-hong-map-var","status":"publish","type":"product","link":"https:\/\/vuoncauvong.com\/index.php\/san-pham\/sen-da-hong-map-var\/","title":{"rendered":"Sen \u0111\u00e1 h\u1ed3ng m\u1eadp var size trung"},"content":{"rendered":"<p>Sen \u0111\u00e1 h\u1ed3ng m\u1eadp var l\u00e0 sen \u0111\u00e1 h\u1ed3ng m\u1eadp \u0111\u1ed9t bi\u1ebfn l\u00e1, tr\u00ean m\u1ed7i l\u00e1 c\u00f3 nh\u1eefng s\u1ecdc xanh, v\u00e0ng \u0111\u1eb9p m\u1eaft. C\u0169ng mang \u0111\u1eb7c t\u00ednh c\u1ee7a h\u1ed3ng m\u1eadp, h\u1ed3ng m\u1eadp var \u0111\u01b0\u1ee3c coi l\u00e0 kh\u1ecfe so v\u1edbi nh\u1eefng lo\u1ea1i sen \u0111\u00e1 var kh\u00e1c.<\/p>\n<p>Sen \u0111\u00e1 h\u1ed3ng m\u1eadp var c\u1ee7a V\u01b0\u1eddn C\u1ea7u V\u1ed3ng \u0111\u01b0\u1ee3c nh\u1eadp kh\u1ea9u v\u00e0 d\u01b0\u1ee1ng thu\u1ea7n kh\u00ed h\u1eadu t\u1ea1i v\u01b0\u1eddn, c\u00e2y kh\u1ecfe v\u00e0 ph\u00e1t tri\u1ec3n \u1ed5n \u0111\u1ecbnh.<\/p>\n<p><img loading=\"lazy\" decoding=\"async\" class=\"alignnone size-medium wp-image-623\" src=\"https:\/\/vuoncauvong.com\/wp-content\/uploads\/2025\/05\/12-2-300x300.png\" alt=\"\" width=\"300\" height=\"300\" srcset=\"https:\/\/vuoncauvong.com\/wp-content\/uploads\/2025\/05\/12-2-300x300.png 300w, https:\/\/vuoncauvong.com\/wp-content\/uploads\/2025\/05\/12-2-150x150.png 150w, https:\/\/vuoncauvong.com\/wp-content\/uploads\/2025\/05\/12-2-768x768.png 768w, https:\/\/vuoncauvong.com\/wp-content\/uploads\/2025\/05\/12-2-100x100.png 100w, https:\/\/vuoncauvong.com\/wp-content\/uploads\/2025\/05\/12-2.png 900w\" sizes=\"auto, (max-width: 300px) 100vw, 300px\" \/> <img loading=\"lazy\" decoding=\"async\" class=\"alignnone size-medium wp-image-622\" src=\"https:\/\/vuoncauvong.com\/wp-content\/uploads\/2025\/05\/9-1-300x300.png\" alt=\"\" width=\"300\" height=\"300\" srcset=\"https:\/\/vuoncauvong.com\/wp-content\/uploads\/2025\/05\/9-1-300x300.png 300w, https:\/\/vuoncauvong.com\/wp-content\/uploads\/2025\/05\/9-1-150x150.png 150w, https:\/\/vuoncauvong.com\/wp-content\/uploads\/2025\/05\/9-1-768x768.png 768w, https:\/\/vuoncauvong.com\/wp-content\/uploads\/2025\/05\/9-1-100x100.png 100w, https:\/\/vuoncauvong.com\/wp-content\/uploads\/2025\/05\/9-1.png 900w\" sizes=\"auto, (max-width: 300px) 100vw, 300px\" \/><\/p>\n<p>&nbsp;<\/p>\n<p><strong>\u0110\u1ecba ch\u1ec9: V\u01b0\u1eddn C\u1ea7u V\u1ed3ng \u2013 cu\u1ed1i ng\u00f5 309 Ph\u00fa<\/strong><strong>\u00a0Di\u1ec5n \u2013 B\u1eafc T\u1eeb Li\u00eam \u2013 H\u00e0 N\u1ed9i<\/strong><\/p>\n<p>Th\u1eddi gian m\u1edf c\u1eeda: 8h30 -18h<\/p>\n<p>\u0110T: 03.4884.6606 \u2013 03.8284.6606<\/p>\n<p>\ud835\udde0\ud835\uddee\ud835\uddfd: https:\/\/goo.gl\/maps\/dgkwvkpfxyJttKKS9<\/p>\n<p>\ud835\udddf\ud835\uddf6\ud835\uddfb\ud835\uddf8 \ud835\uddfa\ud835\ude02\ud835\uddee \ud835\uddfc\ud835\uddfb\ud835\uddf9\ud835\uddf6\ud835\uddfb\ud835\uddf2: https:\/\/vuoncauvong.com<\/p>\n<p>\ud835\udddf\ud835\uddf6\ud835\uddfb\ud835\uddf8 \ud835\udde6\ud835\uddf5\ud835\uddfc\ud835\uddfd\ud835\uddf2\ud835\uddf2 https:\/\/shope.ee\/8eubYh9rNq<\/p>\n<p>#sen\u0111\u00e1 #v\u01b0\u1eddnc\u1ea7uv\u1ed3ng #vuoncauvong #309Ph\u00faDi\u1ec5n<\/p>\n","protected":false},"excerpt":{"rendered":"<p>Sen \u0111\u00e1 h\u1ed3ng m\u1eadp var l\u00e0 sen \u0111\u00e1 h\u1ed3ng m\u1eadp \u0111\u1ed9t bi\u1ebfn l\u00e1, tr\u00ean m\u1ed7i l\u00e1 c\u00f3 nh\u1eefng s\u1ecdc xanh, v\u00e0ng \u0111\u1eb9p m\u1eaft. C\u0169ng mang \u0111\u1eb7c t\u00ednh c\u1ee7a h\u1ed3ng m\u1eadp, h\u1ed3ng m\u1eadp var \u0111\u01b0\u1ee3c coi l\u00e0 kh\u1ecfe so v\u1edbi nh\u1eefng lo\u1ea1i sen \u0111\u00e1 var kh\u00e1c.<\/p>\n","protected":false},"featured_media":622,"comment_status":"open","ping_status":"closed","template":"","meta":[],"product_brand":[],"product_cat":[37,22],"product_tag":[],"class_list":{"0":"post-621","1":"product","2":"type-product","3":"status-publish","4":"has-post-thumbnail","6":"product_cat-sen-da-nhap-khau","7":"product_cat-sen-da","9":"first","10":"instock","11":"sale","12":"shipping-taxable","13":"purchasable","14":"product-type-simple"},"jetpack_sharing_enabled":true,"_links":{"self":[{"href":"https:\/\/vuoncauvong.com\/index.php\/wp-json\/wp\/v2\/product\/621","targetHints":{"allow":["GET"]}}],"collection":[{"href":"https:\/\/vuoncauvong.com\/index.php\/wp-json\/wp\/v2\/product"}],"about":[{"href":"https:\/\/vuoncauvong.com\/index.php\/wp-json\/wp\/v2\/types\/product"}],"replies":[{"embeddable":true,"href":"https:\/\/vuoncauvong.com\/index.php\/wp-json\/wp\/v2\/comments?post=621"}],"wp:featuredmedia":[{"embeddable":true,"href":"https:\/\/vuoncauvong.com\/index.php\/wp-json\/wp\/v2\/media\/622"}],"wp:attachment":[{"href":"https:\/\/vuoncauvong.com\/index.php\/wp-json\/wp\/v2\/media?parent=621"}],"wp:term":[{"taxonomy":"product_brand","embeddable":true,"href":"https:\/\/vuoncauvong.com\/index.php\/wp-json\/wp\/v2\/product_brand?post=621"},{"taxonomy":"product_cat","embeddable":true,"href":"https:\/\/vuoncauvong.com\/index.php\/wp-json\/wp\/v2\/product_cat?post=621"},{"taxonomy":"product_tag","embeddable":true,"href":"https:\/\/vuoncauvong.com\/index.php\/wp-json\/wp\/v2\/product_tag?post=621"}],"curies":[{"name":"wp","href":"https:\/\/api.w.org\/{rel}","templated":true}]}}