{"id":613,"date":"2025-05-04T22:46:53","date_gmt":"2025-05-04T15:46:53","guid":{"rendered":"https:\/\/vuoncauvong.com\/?post_type=product&#038;p=613"},"modified":"2025-05-04T22:56:33","modified_gmt":"2025-05-04T15:56:33","slug":"sen-da-thach-lan","status":"publish","type":"product","link":"https:\/\/vuoncauvong.com\/index.php\/san-pham\/sen-da-thach-lan\/","title":{"rendered":"Sen \u0111\u00e1 th\u1ea1ch lan (sen m\u00f4ng)"},"content":{"rendered":"<p>Sen \u0111\u00e1 th\u1ea1ch lan, lithop hay c\u00f2n c\u00f3 t\u00ean d\u00e2n d\u00e3 l\u00e0 &#8220;sen m\u00f4ng&#8221; &#8211; c\u00f3 h\u00ecnh d\u00e1ng nh\u01b0 nh\u1eefng vi\u00ean s\u1ecfi \u0111\u1ea7y m\u00e0u s\u1eafc. Th\u1ea1ch lan v\u1ed1n l\u00e0 m\u1ed9t lo\u00e0i c\u00e2y m\u1ecdng n\u01b0\u1edbc tr\u00ean sa m\u1ea1c, do \u0111\u00f3 c\u00e2y c\u1ea7n \u00edt n\u01b0\u1edbc. Hoa th\u1ea1ch lan c\u00f3 m\u00f9i th\u01a1m d\u1ec5 ch\u1ecbu, th\u01b0\u1eddng n\u1edf v\u00e0o cu\u1ed1i m\u00f9a \u0111\u00f4ng.<\/p>\n<p>Th\u1ea1ch lan V\u01b0\u1eddn C\u1ea7u V\u1ed3ng l\u00e0 h\u00e0ng nh\u1eadp kh\u1ea9u, c\u00f3 m\u00e0u s\u1eafc \u0111a d\u1ea1ng, v\u00e2n \u0111\u1eb9p. \u0110\u01b0\u1eddng k\u00ednh ch\u1eadu kho\u1ea3ng 6cm. T\u00f9y v\u00e0o \u0111\u1ed9 l\u1edbn c\u1ee7a c\u00e2y, m\u1ed7i ch\u1eadu c\u00f3 th\u1ec3 c\u00f3 t\u1eeb 8-13 c\u00e2y kh\u00e1c nhau.<\/p>\n<p><img loading=\"lazy\" decoding=\"async\" class=\"alignnone size-medium wp-image-620\" src=\"https:\/\/vuoncauvong.com\/wp-content\/uploads\/2025\/05\/7-1-300x300.png\" alt=\"\" width=\"300\" height=\"300\" srcset=\"https:\/\/vuoncauvong.com\/wp-content\/uploads\/2025\/05\/7-1-300x300.png 300w, https:\/\/vuoncauvong.com\/wp-content\/uploads\/2025\/05\/7-1-150x150.png 150w, https:\/\/vuoncauvong.com\/wp-content\/uploads\/2025\/05\/7-1-768x768.png 768w, https:\/\/vuoncauvong.com\/wp-content\/uploads\/2025\/05\/7-1-100x100.png 100w, https:\/\/vuoncauvong.com\/wp-content\/uploads\/2025\/05\/7-1.png 900w\" sizes=\"auto, (max-width: 300px) 100vw, 300px\" \/> <img loading=\"lazy\" decoding=\"async\" class=\"alignnone size-medium wp-image-619\" src=\"https:\/\/vuoncauvong.com\/wp-content\/uploads\/2025\/05\/6-1-300x300.png\" alt=\"\" width=\"300\" height=\"300\" srcset=\"https:\/\/vuoncauvong.com\/wp-content\/uploads\/2025\/05\/6-1-300x300.png 300w, https:\/\/vuoncauvong.com\/wp-content\/uploads\/2025\/05\/6-1-150x150.png 150w, https:\/\/vuoncauvong.com\/wp-content\/uploads\/2025\/05\/6-1-768x768.png 768w, https:\/\/vuoncauvong.com\/wp-content\/uploads\/2025\/05\/6-1-100x100.png 100w, https:\/\/vuoncauvong.com\/wp-content\/uploads\/2025\/05\/6-1.png 900w\" sizes=\"auto, (max-width: 300px) 100vw, 300px\" \/><\/p>\n<p><img loading=\"lazy\" decoding=\"async\" class=\"alignnone size-medium wp-image-617\" src=\"https:\/\/vuoncauvong.com\/wp-content\/uploads\/2025\/05\/4-1-300x300.png\" alt=\"\" width=\"300\" height=\"300\" srcset=\"https:\/\/vuoncauvong.com\/wp-content\/uploads\/2025\/05\/4-1-300x300.png 300w, https:\/\/vuoncauvong.com\/wp-content\/uploads\/2025\/05\/4-1-150x150.png 150w, https:\/\/vuoncauvong.com\/wp-content\/uploads\/2025\/05\/4-1-768x768.png 768w, https:\/\/vuoncauvong.com\/wp-content\/uploads\/2025\/05\/4-1-100x100.png 100w, https:\/\/vuoncauvong.com\/wp-content\/uploads\/2025\/05\/4-1.png 900w\" sizes=\"auto, (max-width: 300px) 100vw, 300px\" \/> <img loading=\"lazy\" decoding=\"async\" class=\"alignnone size-medium wp-image-615\" src=\"https:\/\/vuoncauvong.com\/wp-content\/uploads\/2025\/05\/2-1-300x300.png\" alt=\"\" width=\"300\" height=\"300\" srcset=\"https:\/\/vuoncauvong.com\/wp-content\/uploads\/2025\/05\/2-1-300x300.png 300w, https:\/\/vuoncauvong.com\/wp-content\/uploads\/2025\/05\/2-1-150x150.png 150w, https:\/\/vuoncauvong.com\/wp-content\/uploads\/2025\/05\/2-1-768x768.png 768w, https:\/\/vuoncauvong.com\/wp-content\/uploads\/2025\/05\/2-1-100x100.png 100w, https:\/\/vuoncauvong.com\/wp-content\/uploads\/2025\/05\/2-1.png 900w\" sizes=\"auto, (max-width: 300px) 100vw, 300px\" \/><\/p>\n<p><strong>\u0110\u1ecba ch\u1ec9: V\u01b0\u1eddn C\u1ea7u V\u1ed3ng \u2013 cu\u1ed1i ng\u00f5 309 Ph\u00fa<\/strong><strong>\u00a0Di\u1ec5n \u2013 B\u1eafc T\u1eeb Li\u00eam \u2013 H\u00e0 N\u1ed9i<\/strong><\/p>\n<p>Th\u1eddi gian m\u1edf c\u1eeda: 8h30 -18h<\/p>\n<p>\u0110T: 03.4884.6606 \u2013 03.8284.6606<\/p>\n<p>\ud835\udde0\ud835\uddee\ud835\uddfd: https:\/\/goo.gl\/maps\/dgkwvkpfxyJttKKS9<\/p>\n<p>\ud835\udddf\ud835\uddf6\ud835\uddfb\ud835\uddf8 \ud835\uddfa\ud835\ude02\ud835\uddee \ud835\uddfc\ud835\uddfb\ud835\uddf9\ud835\uddf6\ud835\uddfb\ud835\uddf2: https:\/\/vuoncauvong.com<\/p>\n<p>\ud835\udddf\ud835\uddf6\ud835\uddfb\ud835\uddf8 \ud835\udde6\ud835\uddf5\ud835\uddfc\ud835\uddfd\ud835\uddf2\ud835\uddf2 https:\/\/shope.ee\/8eubYh9rNq<\/p>\n<p>#sen\u0111\u00e1 #v\u01b0\u1eddnc\u1ea7uv\u1ed3ng #vuoncauvong #309Ph\u00faDi\u1ec5n<\/p>\n","protected":false},"excerpt":{"rendered":"<p>Sen \u0111\u00e1 th\u1ea1ch lan hay c\u00f2n c\u00f3 t\u00ean d\u00e2n d\u00e3 l\u00e0 &#8220;sen m\u00f4ng&#8221; &#8211; c\u00f3 h\u00ecnh d\u00e1ng nh\u01b0 nh\u1eefng vi\u00ean s\u1ecfi \u0111\u1ea7y m\u00e0u s\u1eafc. Th\u1ea1ch lan v\u1ed1n l\u00e0 m\u1ed9t lo\u00e0i c\u00e2y m\u1ecdng n\u01b0\u1edbc tr\u00ean sa m\u1ea1c, do \u0111\u00f3 c\u00e2y c\u1ea7n \u00edt n\u01b0\u1edbc. Hoa th\u1ea1ch lan c\u00f3 m\u00f9i th\u01a1m d\u1ec5 ch\u1ecbu, th\u01b0\u1eddng n\u1edf v\u00e0o cu\u1ed1i m\u00f9a \u0111\u00f4ng.<\/p>\n","protected":false},"featured_media":614,"comment_status":"open","ping_status":"closed","template":"","meta":[],"product_brand":[],"product_cat":[37,22],"product_tag":[],"class_list":{"0":"post-613","1":"product","2":"type-product","3":"status-publish","4":"has-post-thumbnail","6":"product_cat-sen-da-nhap-khau","7":"product_cat-sen-da","9":"first","10":"instock","11":"sale","12":"shipping-taxable","13":"purchasable","14":"product-type-simple"},"jetpack_sharing_enabled":true,"_links":{"self":[{"href":"https:\/\/vuoncauvong.com\/index.php\/wp-json\/wp\/v2\/product\/613","targetHints":{"allow":["GET"]}}],"collection":[{"href":"https:\/\/vuoncauvong.com\/index.php\/wp-json\/wp\/v2\/product"}],"about":[{"href":"https:\/\/vuoncauvong.com\/index.php\/wp-json\/wp\/v2\/types\/product"}],"replies":[{"embeddable":true,"href":"https:\/\/vuoncauvong.com\/index.php\/wp-json\/wp\/v2\/comments?post=613"}],"wp:featuredmedia":[{"embeddable":true,"href":"https:\/\/vuoncauvong.com\/index.php\/wp-json\/wp\/v2\/media\/614"}],"wp:attachment":[{"href":"https:\/\/vuoncauvong.com\/index.php\/wp-json\/wp\/v2\/media?parent=613"}],"wp:term":[{"taxonomy":"product_brand","embeddable":true,"href":"https:\/\/vuoncauvong.com\/index.php\/wp-json\/wp\/v2\/product_brand?post=613"},{"taxonomy":"product_cat","embeddable":true,"href":"https:\/\/vuoncauvong.com\/index.php\/wp-json\/wp\/v2\/product_cat?post=613"},{"taxonomy":"product_tag","embeddable":true,"href":"https:\/\/vuoncauvong.com\/index.php\/wp-json\/wp\/v2\/product_tag?post=613"}],"curies":[{"name":"wp","href":"https:\/\/api.w.org\/{rel}","templated":true}]}}