{"id":604,"date":"2025-05-04T22:07:03","date_gmt":"2025-05-04T15:07:03","guid":{"rendered":"https:\/\/vuoncauvong.com\/?post_type=product&#038;p=604"},"modified":"2025-05-04T22:41:07","modified_gmt":"2025-05-04T15:41:07","slug":"sen-da-beo-nhat","status":"publish","type":"product","link":"https:\/\/vuoncauvong.com\/index.php\/san-pham\/sen-da-beo-nhat\/","title":{"rendered":"Sen \u0111\u00e1 b\u00e8o Nh\u1eadt size l\u1edbn 1 \u0111\u1ea7u"},"content":{"rendered":"<p>Sen \u0111\u00e1 b\u00e8o Nh\u1eadt hay c\u00f2n c\u00f3 t\u00ean sen \u0111\u00e1 b\u1ea1ch nguy\u1ec7t quang, c\u00f3 m\u00e0u xanh nh\u1ea1t v\u1edbi l\u1edbp ph\u1ea5n tr\u1eafng v\u00e0 vi\u1ec1n h\u1ed3ng c\u1ef1c \u0111\u1eb9p. Sen \u0111\u00e1 b\u00e8o Nh\u1eadt d\u1ec5 tr\u1ed3ng, d\u1ec5 ch\u0103m, ch\u1ecbu \u0111\u01b0\u1ee3c th\u1eddi ti\u1ebft kh\u1eafc nghi\u1ec7t c\u1ee7a x\u1ee9 n\u00f3ng.. Sen \u0111\u00e1 b\u00e8o Nh\u1eadt c\u1ee7a V\u01b0\u1eddn C\u1ea7u V\u1ed3ng \u0111\u01b0\u1ee3c nh\u1eadp kh\u1ea9u v\u00e0 thu\u1ea7n t\u1ea1i v\u01b0\u1eddn, r\u1ea5t th\u00edch h\u1ee3p v\u1edbi v\u00f9ng kh\u00ed h\u1eadu t\u01b0\u01a1ng t\u1ef1 nh\u01b0 H\u00e0 N\u1ed9i. Sen \u0111\u00e1 b\u00e8o Nh\u1eadt l\u00e0 lo\u1ea1i c\u00e2y phong th\u1ee7y mang l\u1ea1i v\u1eadn kh\u00ed cho t\u00ecnh y\u00eau, th\u01b0\u1eddng \u0111\u01b0\u1ee3c s\u1eed d\u1ee5ng l\u00e0m qu\u00e0 t\u1eb7ng.<\/p>\n<p>C\u00e2y size kh\u1ee7ng, \u0111\u01b0\u1eddng k\u00ednh c\u00e2y kho\u1ea3ng 17-20cm.<\/p>\n<p><img loading=\"lazy\" decoding=\"async\" class=\"alignnone size-medium wp-image-609\" src=\"https:\/\/vuoncauvong.com\/wp-content\/uploads\/2025\/05\/22-1-300x300.png\" alt=\"\" width=\"300\" height=\"300\" srcset=\"https:\/\/vuoncauvong.com\/wp-content\/uploads\/2025\/05\/22-1-300x300.png 300w, https:\/\/vuoncauvong.com\/wp-content\/uploads\/2025\/05\/22-1-150x150.png 150w, https:\/\/vuoncauvong.com\/wp-content\/uploads\/2025\/05\/22-1-768x768.png 768w, https:\/\/vuoncauvong.com\/wp-content\/uploads\/2025\/05\/22-1-100x100.png 100w, https:\/\/vuoncauvong.com\/wp-content\/uploads\/2025\/05\/22-1.png 900w\" sizes=\"auto, (max-width: 300px) 100vw, 300px\" \/> <img loading=\"lazy\" decoding=\"async\" class=\"alignnone size-medium wp-image-608\" src=\"https:\/\/vuoncauvong.com\/wp-content\/uploads\/2025\/05\/21-1-300x300.png\" alt=\"\" width=\"300\" height=\"300\" srcset=\"https:\/\/vuoncauvong.com\/wp-content\/uploads\/2025\/05\/21-1-300x300.png 300w, https:\/\/vuoncauvong.com\/wp-content\/uploads\/2025\/05\/21-1-150x150.png 150w, https:\/\/vuoncauvong.com\/wp-content\/uploads\/2025\/05\/21-1-768x768.png 768w, https:\/\/vuoncauvong.com\/wp-content\/uploads\/2025\/05\/21-1-100x100.png 100w, https:\/\/vuoncauvong.com\/wp-content\/uploads\/2025\/05\/21-1.png 900w\" sizes=\"auto, (max-width: 300px) 100vw, 300px\" \/><\/p>\n<p><img loading=\"lazy\" decoding=\"async\" class=\"alignnone size-medium wp-image-606\" src=\"https:\/\/vuoncauvong.com\/wp-content\/uploads\/2025\/05\/24-300x300.png\" alt=\"\" width=\"300\" height=\"300\" srcset=\"https:\/\/vuoncauvong.com\/wp-content\/uploads\/2025\/05\/24-300x300.png 300w, https:\/\/vuoncauvong.com\/wp-content\/uploads\/2025\/05\/24-150x150.png 150w, https:\/\/vuoncauvong.com\/wp-content\/uploads\/2025\/05\/24-768x768.png 768w, https:\/\/vuoncauvong.com\/wp-content\/uploads\/2025\/05\/24-100x100.png 100w, https:\/\/vuoncauvong.com\/wp-content\/uploads\/2025\/05\/24.png 900w\" sizes=\"auto, (max-width: 300px) 100vw, 300px\" \/> <img loading=\"lazy\" decoding=\"async\" class=\"alignnone size-medium wp-image-605\" src=\"https:\/\/vuoncauvong.com\/wp-content\/uploads\/2025\/05\/23-300x300.png\" alt=\"\" width=\"300\" height=\"300\" srcset=\"https:\/\/vuoncauvong.com\/wp-content\/uploads\/2025\/05\/23-300x300.png 300w, https:\/\/vuoncauvong.com\/wp-content\/uploads\/2025\/05\/23-150x150.png 150w, https:\/\/vuoncauvong.com\/wp-content\/uploads\/2025\/05\/23-768x768.png 768w, https:\/\/vuoncauvong.com\/wp-content\/uploads\/2025\/05\/23-100x100.png 100w, https:\/\/vuoncauvong.com\/wp-content\/uploads\/2025\/05\/23.png 900w\" sizes=\"auto, (max-width: 300px) 100vw, 300px\" \/><\/p>\n<p><strong>\u0110\u1ecba ch\u1ec9: V\u01b0\u1eddn C\u1ea7u V\u1ed3ng \u2013 cu\u1ed1i ng\u00f5 309 Ph\u00fa<\/strong><strong>\u00a0Di\u1ec5n \u2013 B\u1eafc T\u1eeb Li\u00eam \u2013 H\u00e0 N\u1ed9i<\/strong><\/p>\n<p>Th\u1eddi gian m\u1edf c\u1eeda: 8h30 -18h<\/p>\n<p>\u0110T: 03.4884.6606 \u2013 03.8284.6606<\/p>\n<p>\ud835\udde0\ud835\uddee\ud835\uddfd: https:\/\/goo.gl\/maps\/dgkwvkpfxyJttKKS9<\/p>\n<p>\ud835\udddf\ud835\uddf6\ud835\uddfb\ud835\uddf8 \ud835\uddfa\ud835\ude02\ud835\uddee \ud835\uddfc\ud835\uddfb\ud835\uddf9\ud835\uddf6\ud835\uddfb\ud835\uddf2: https:\/\/vuoncauvong.com<\/p>\n<p>\ud835\udddf\ud835\uddf6\ud835\uddfb\ud835\uddf8 \ud835\udde6\ud835\uddf5\ud835\uddfc\ud835\uddfd\ud835\uddf2\ud835\uddf2 https:\/\/shope.ee\/8eubYh9rNq<\/p>\n<p>#sen\u0111\u00e1 #v\u01b0\u1eddnc\u1ea7uv\u1ed3ng #vuoncauvong #309Ph\u00faDi\u1ec5n<\/p>\n","protected":false},"excerpt":{"rendered":"<p>Sen \u0111\u00e1 b\u00e8o Nh\u1eadt hay c\u00f2n c\u00f3 t\u00ean sen \u0111\u00e1 b\u1ea1ch nguy\u1ec7t quang, c\u00f3 m\u00e0u xanh nh\u1ea1t v\u1edbi l\u1edbp ph\u1ea5n tr\u1eafng v\u00e0 vi\u1ec1n h\u1ed3ng c\u1ef1c \u0111\u1eb9p. Sen \u0111\u00e1 b\u00e8o Nh\u1eadt d\u1ec5 tr\u1ed3ng, d\u1ec5 ch\u0103m, ch\u1ecbu \u0111\u01b0\u1ee3c th\u1eddi ti\u1ebft kh\u1eafc nghi\u1ec7t c\u1ee7a x\u1ee9 n\u00f3ng..<\/p>\n","protected":false},"featured_media":609,"comment_status":"open","ping_status":"closed","template":"","meta":[],"product_brand":[],"product_cat":[37,22],"product_tag":[],"class_list":{"0":"post-604","1":"product","2":"type-product","3":"status-publish","4":"has-post-thumbnail","6":"product_cat-sen-da-nhap-khau","7":"product_cat-sen-da","9":"first","10":"instock","11":"sale","12":"shipping-taxable","13":"purchasable","14":"product-type-simple"},"jetpack_sharing_enabled":true,"_links":{"self":[{"href":"https:\/\/vuoncauvong.com\/index.php\/wp-json\/wp\/v2\/product\/604","targetHints":{"allow":["GET"]}}],"collection":[{"href":"https:\/\/vuoncauvong.com\/index.php\/wp-json\/wp\/v2\/product"}],"about":[{"href":"https:\/\/vuoncauvong.com\/index.php\/wp-json\/wp\/v2\/types\/product"}],"replies":[{"embeddable":true,"href":"https:\/\/vuoncauvong.com\/index.php\/wp-json\/wp\/v2\/comments?post=604"}],"wp:featuredmedia":[{"embeddable":true,"href":"https:\/\/vuoncauvong.com\/index.php\/wp-json\/wp\/v2\/media\/609"}],"wp:attachment":[{"href":"https:\/\/vuoncauvong.com\/index.php\/wp-json\/wp\/v2\/media?parent=604"}],"wp:term":[{"taxonomy":"product_brand","embeddable":true,"href":"https:\/\/vuoncauvong.com\/index.php\/wp-json\/wp\/v2\/product_brand?post=604"},{"taxonomy":"product_cat","embeddable":true,"href":"https:\/\/vuoncauvong.com\/index.php\/wp-json\/wp\/v2\/product_cat?post=604"},{"taxonomy":"product_tag","embeddable":true,"href":"https:\/\/vuoncauvong.com\/index.php\/wp-json\/wp\/v2\/product_tag?post=604"}],"curies":[{"name":"wp","href":"https:\/\/api.w.org\/{rel}","templated":true}]}}