{"id":584,"date":"2025-05-04T01:09:25","date_gmt":"2025-05-03T18:09:25","guid":{"rendered":"https:\/\/vuoncauvong.com\/?post_type=product&#038;p=584"},"modified":"2025-05-04T22:41:40","modified_gmt":"2025-05-04T15:41:40","slug":"sen-da-da-beo-var","status":"publish","type":"product","link":"https:\/\/vuoncauvong.com\/index.php\/san-pham\/sen-da-da-beo-var\/","title":{"rendered":"Sen \u0111\u00e1 b\u00e8o var size \u0111\u1ea1i"},"content":{"rendered":"<p>Sen \u0111\u00e1 b\u00e8o var l\u00e0 m\u1ed9t d\u00f2ng sen \u0111\u00e1 b\u00e8o \u0111\u1ed9t bi\u1ebfn l\u00e1, v\u1edbi nh\u1eefng c\u00e1nh l\u00e1 c\u00f3 s\u1ecdc v\u00e0ng th\u1eadt \u0111\u1eb9p. Sen \u0111\u00e1 b\u00e8o var c\u0169ng gi\u1ed1ng nh\u01b0 sen \u0111\u00e1 b\u00e8o, d\u1ec5 tr\u1ed3ng v\u00e0 d\u1ec5 ch\u0103m s\u00f3c. Sen \u0111\u00e1 b\u00e8o var c\u1ee7a V\u01b0\u1eddn C\u1ea7u V\u1ed3ng \u0111\u01b0\u1ee3c nh\u1eadp kh\u1ea9u v\u00e0 thu\u1ea7n t\u1ea1i v\u01b0\u1eddn, r\u1ea5t th\u00edch h\u1ee3p v\u1edbi v\u00f9ng kh\u00ed h\u1eadu t\u01b0\u01a1ng t\u1ef1 nh\u01b0 H\u00e0 N\u1ed9i. Sen \u0111\u00e1 b\u00e8o var l\u00e0 c\u00e2y sen \u0111\u00e1 phong th\u1ee7y ph\u00f9 h\u1ee3p v\u1edbi m\u1ec7nh H\u1ecfa v\u00e0 m\u1ec7nh M\u1ed9c.<\/p>\n<p>C\u00e2y size kh\u1ee7ng, \u0111\u01b0\u1eddng k\u00ednh c\u00e2y kho\u1ea3ng 20cm.<\/p>\n<p><img loading=\"lazy\" decoding=\"async\" class=\"alignnone size-medium wp-image-591\" src=\"https:\/\/vuoncauvong.com\/wp-content\/uploads\/2025\/05\/7-300x300.png\" alt=\"\" width=\"300\" height=\"300\" srcset=\"https:\/\/vuoncauvong.com\/wp-content\/uploads\/2025\/05\/7-300x300.png 300w, https:\/\/vuoncauvong.com\/wp-content\/uploads\/2025\/05\/7-150x150.png 150w, https:\/\/vuoncauvong.com\/wp-content\/uploads\/2025\/05\/7-768x768.png 768w, https:\/\/vuoncauvong.com\/wp-content\/uploads\/2025\/05\/7-100x100.png 100w, https:\/\/vuoncauvong.com\/wp-content\/uploads\/2025\/05\/7.png 900w\" sizes=\"auto, (max-width: 300px) 100vw, 300px\" \/> <img loading=\"lazy\" decoding=\"async\" class=\"alignnone size-medium wp-image-590\" src=\"https:\/\/vuoncauvong.com\/wp-content\/uploads\/2025\/05\/6-300x300.png\" alt=\"\" width=\"300\" height=\"300\" srcset=\"https:\/\/vuoncauvong.com\/wp-content\/uploads\/2025\/05\/6-300x300.png 300w, https:\/\/vuoncauvong.com\/wp-content\/uploads\/2025\/05\/6-150x150.png 150w, https:\/\/vuoncauvong.com\/wp-content\/uploads\/2025\/05\/6-768x768.png 768w, https:\/\/vuoncauvong.com\/wp-content\/uploads\/2025\/05\/6-100x100.png 100w, https:\/\/vuoncauvong.com\/wp-content\/uploads\/2025\/05\/6.png 900w\" sizes=\"auto, (max-width: 300px) 100vw, 300px\" \/><\/p>\n<p><img loading=\"lazy\" decoding=\"async\" class=\"alignnone size-medium wp-image-588\" src=\"https:\/\/vuoncauvong.com\/wp-content\/uploads\/2025\/05\/4-300x300.png\" alt=\"\" width=\"300\" height=\"300\" srcset=\"https:\/\/vuoncauvong.com\/wp-content\/uploads\/2025\/05\/4-300x300.png 300w, https:\/\/vuoncauvong.com\/wp-content\/uploads\/2025\/05\/4-150x150.png 150w, https:\/\/vuoncauvong.com\/wp-content\/uploads\/2025\/05\/4-768x768.png 768w, https:\/\/vuoncauvong.com\/wp-content\/uploads\/2025\/05\/4-100x100.png 100w, https:\/\/vuoncauvong.com\/wp-content\/uploads\/2025\/05\/4.png 900w\" sizes=\"auto, (max-width: 300px) 100vw, 300px\" \/> <img loading=\"lazy\" decoding=\"async\" class=\"alignnone size-medium wp-image-585\" src=\"https:\/\/vuoncauvong.com\/wp-content\/uploads\/2025\/05\/1-300x300.png\" alt=\"\" width=\"300\" height=\"300\" srcset=\"https:\/\/vuoncauvong.com\/wp-content\/uploads\/2025\/05\/1-300x300.png 300w, https:\/\/vuoncauvong.com\/wp-content\/uploads\/2025\/05\/1-150x150.png 150w, https:\/\/vuoncauvong.com\/wp-content\/uploads\/2025\/05\/1-768x768.png 768w, https:\/\/vuoncauvong.com\/wp-content\/uploads\/2025\/05\/1-100x100.png 100w, https:\/\/vuoncauvong.com\/wp-content\/uploads\/2025\/05\/1.png 900w\" sizes=\"auto, (max-width: 300px) 100vw, 300px\" \/><\/p>\n<p><strong>\u0110\u1ecba ch\u1ec9: V\u01b0\u1eddn C\u1ea7u V\u1ed3ng \u2013 cu\u1ed1i ng\u00f5 309 Ph\u00fa<\/strong><strong>\u00a0Di\u1ec5n \u2013 B\u1eafc T\u1eeb Li\u00eam \u2013 H\u00e0 N\u1ed9i<\/strong><\/p>\n<p>Th\u1eddi gian m\u1edf c\u1eeda: 8h30 -18h<\/p>\n<p>\u0110T: 03.4884.6606 \u2013 03.8284.6606<\/p>\n<p>\ud835\udde0\ud835\uddee\ud835\uddfd: https:\/\/goo.gl\/maps\/dgkwvkpfxyJttKKS9<\/p>\n<p>\ud835\udddf\ud835\uddf6\ud835\uddfb\ud835\uddf8 \ud835\uddfa\ud835\ude02\ud835\uddee \ud835\uddfc\ud835\uddfb\ud835\uddf9\ud835\uddf6\ud835\uddfb\ud835\uddf2: https:\/\/vuoncauvong.com<\/p>\n<p>\ud835\udddf\ud835\uddf6\ud835\uddfb\ud835\uddf8 \ud835\udde6\ud835\uddf5\ud835\uddfc\ud835\uddfd\ud835\uddf2\ud835\uddf2 https:\/\/shope.ee\/8eubYh9rNq<\/p>\n<p>#sen\u0111\u00e1 #v\u01b0\u1eddnc\u1ea7uv\u1ed3ng #vuoncauvong #309Ph\u00faDi\u1ec5n<\/p>\n","protected":false},"excerpt":{"rendered":"<p>Sen \u0111\u00e1 b\u00e8o var l\u00e0 m\u1ed9t d\u00f2ng sen \u0111\u00e1 b\u00e8o \u0111\u1ed9t bi\u1ebfn l\u00e1, v\u1edbi nh\u1eefng c\u00e1nh l\u00e1 c\u00f3 s\u1ecdc v\u00e0ng th\u1eadt \u0111\u1eb9p. Sen \u0111\u00e1 b\u00e8o var c\u0169ng gi\u1ed1ng nh\u01b0 sen \u0111\u00e1 b\u00e8o, d\u1ec5 tr\u1ed3ng v\u00e0 d\u1ec5 ch\u0103m s\u00f3c. Sen \u0111\u00e1 b\u00e8o var c\u1ee7a V\u01b0\u1eddn C\u1ea7u V\u1ed3ng \u0111\u01b0\u1ee3c nh\u1eadp kh\u1ea9u v\u00e0 thu\u1ea7n t\u1ea1i v\u01b0\u1eddn, r\u1ea5t th\u00edch h\u1ee3p v\u1edbi v\u00f9ng kh\u00ed h\u1eadu t\u01b0\u01a1ng t\u1ef1 nh\u01b0 H\u00e0 N\u1ed9i. Sen \u0111\u00e1 b\u00e8o var l\u00e0 c\u00e2y sen \u0111\u00e1 phong th\u1ee7y ph\u00f9 h\u1ee3p v\u1edbi m\u1ec7nh H\u1ecfa v\u00e0 m\u1ec7nh M\u1ed9c.<\/p>\n","protected":false},"featured_media":588,"comment_status":"open","ping_status":"closed","template":"","meta":[],"product_brand":[],"product_cat":[37,22],"product_tag":[],"class_list":{"0":"post-584","1":"product","2":"type-product","3":"status-publish","4":"has-post-thumbnail","6":"product_cat-sen-da-nhap-khau","7":"product_cat-sen-da","9":"first","10":"instock","11":"sale","12":"shipping-taxable","13":"purchasable","14":"product-type-simple"},"jetpack_sharing_enabled":true,"_links":{"self":[{"href":"https:\/\/vuoncauvong.com\/index.php\/wp-json\/wp\/v2\/product\/584","targetHints":{"allow":["GET"]}}],"collection":[{"href":"https:\/\/vuoncauvong.com\/index.php\/wp-json\/wp\/v2\/product"}],"about":[{"href":"https:\/\/vuoncauvong.com\/index.php\/wp-json\/wp\/v2\/types\/product"}],"replies":[{"embeddable":true,"href":"https:\/\/vuoncauvong.com\/index.php\/wp-json\/wp\/v2\/comments?post=584"}],"wp:featuredmedia":[{"embeddable":true,"href":"https:\/\/vuoncauvong.com\/index.php\/wp-json\/wp\/v2\/media\/588"}],"wp:attachment":[{"href":"https:\/\/vuoncauvong.com\/index.php\/wp-json\/wp\/v2\/media?parent=584"}],"wp:term":[{"taxonomy":"product_brand","embeddable":true,"href":"https:\/\/vuoncauvong.com\/index.php\/wp-json\/wp\/v2\/product_brand?post=584"},{"taxonomy":"product_cat","embeddable":true,"href":"https:\/\/vuoncauvong.com\/index.php\/wp-json\/wp\/v2\/product_cat?post=584"},{"taxonomy":"product_tag","embeddable":true,"href":"https:\/\/vuoncauvong.com\/index.php\/wp-json\/wp\/v2\/product_tag?post=584"}],"curies":[{"name":"wp","href":"https:\/\/api.w.org\/{rel}","templated":true}]}}