{"id":579,"date":"2025-05-04T01:02:34","date_gmt":"2025-05-03T18:02:34","guid":{"rendered":"https:\/\/vuoncauvong.com\/?post_type=product&#038;p=579"},"modified":"2025-05-04T01:09:15","modified_gmt":"2025-05-03T18:09:15","slug":"sen-da-da-tim-bui","status":"publish","type":"product","link":"https:\/\/vuoncauvong.com\/index.php\/san-pham\/sen-da-da-tim-bui\/","title":{"rendered":"Sen \u0111\u00e1 \u0111\u00e1 t\u00edm th\u1ee5"},"content":{"rendered":"<p>Sen \u0111\u00e1 \u0111\u00e1 t\u00edm c\u00e2y th\u1ee5, \u0111\u01b0\u1eddng k\u00ednh c\u00e2y kho\u1ea3ng 25-30cm. \u0110\u00e2y l\u00e0 d\u00f2ng sen \u0111\u00e1 c\u00f3 m\u00e0u t\u00edm si\u00eau kh\u1ecfe, l\u1ea1i \u0111\u1eb9p, d\u1ec5 ch\u0103m. Sen \u0111\u00e1 \u0111\u00e1 t\u00edm c\u00f3 d\u1ea1ng c\u00e0nh, ph\u00e1t tri\u1ec3n th\u00e0nh b\u1ee5i l\u1edbn, tr\u1ed3ng l\u00e2u n\u0103m c\u00f3 th\u1ec3 l\u00ean th\u00e2n th\u1ee5. \u0110\u1eb7c bi\u1ec7t, sen \u0111\u00e1 \u0111\u00e1 t\u00edm c\u00f3 kh\u1ea3 n\u0103ng ph\u00e1t tri\u1ec3n v\u00e0 l\u00ean m\u00e0u trong m\u00f9a h\u00e8, k\u1ec3 c\u1ea3 khi tr\u1eddi r\u1ea5t n\u00f3ng.<\/p>\n<p><img loading=\"lazy\" decoding=\"async\" class=\"alignnone size-medium wp-image-583\" src=\"https:\/\/vuoncauvong.com\/wp-content\/uploads\/2025\/05\/19-300x300.png\" alt=\"\" width=\"300\" height=\"300\" srcset=\"https:\/\/vuoncauvong.com\/wp-content\/uploads\/2025\/05\/19-300x300.png 300w, https:\/\/vuoncauvong.com\/wp-content\/uploads\/2025\/05\/19-150x150.png 150w, https:\/\/vuoncauvong.com\/wp-content\/uploads\/2025\/05\/19-768x768.png 768w, https:\/\/vuoncauvong.com\/wp-content\/uploads\/2025\/05\/19-100x100.png 100w, https:\/\/vuoncauvong.com\/wp-content\/uploads\/2025\/05\/19.png 900w\" sizes=\"auto, (max-width: 300px) 100vw, 300px\" \/> <img loading=\"lazy\" decoding=\"async\" class=\"alignnone size-medium wp-image-582\" src=\"https:\/\/vuoncauvong.com\/wp-content\/uploads\/2025\/05\/18-300x300.png\" alt=\"\" width=\"300\" height=\"300\" srcset=\"https:\/\/vuoncauvong.com\/wp-content\/uploads\/2025\/05\/18-300x300.png 300w, https:\/\/vuoncauvong.com\/wp-content\/uploads\/2025\/05\/18-150x150.png 150w, https:\/\/vuoncauvong.com\/wp-content\/uploads\/2025\/05\/18-768x768.png 768w, https:\/\/vuoncauvong.com\/wp-content\/uploads\/2025\/05\/18-100x100.png 100w, https:\/\/vuoncauvong.com\/wp-content\/uploads\/2025\/05\/18.png 900w\" sizes=\"auto, (max-width: 300px) 100vw, 300px\" \/><\/p>\n<p><img loading=\"lazy\" decoding=\"async\" class=\"alignnone size-medium wp-image-581\" src=\"https:\/\/vuoncauvong.com\/wp-content\/uploads\/2025\/05\/17-300x300.png\" alt=\"\" width=\"300\" height=\"300\" srcset=\"https:\/\/vuoncauvong.com\/wp-content\/uploads\/2025\/05\/17-300x300.png 300w, https:\/\/vuoncauvong.com\/wp-content\/uploads\/2025\/05\/17-150x150.png 150w, https:\/\/vuoncauvong.com\/wp-content\/uploads\/2025\/05\/17-768x768.png 768w, https:\/\/vuoncauvong.com\/wp-content\/uploads\/2025\/05\/17-100x100.png 100w, https:\/\/vuoncauvong.com\/wp-content\/uploads\/2025\/05\/17.png 900w\" sizes=\"auto, (max-width: 300px) 100vw, 300px\" \/> <img loading=\"lazy\" decoding=\"async\" class=\"alignnone size-medium wp-image-580\" src=\"https:\/\/vuoncauvong.com\/wp-content\/uploads\/2025\/05\/16-300x300.png\" alt=\"\" width=\"300\" height=\"300\" srcset=\"https:\/\/vuoncauvong.com\/wp-content\/uploads\/2025\/05\/16-300x300.png 300w, https:\/\/vuoncauvong.com\/wp-content\/uploads\/2025\/05\/16-150x150.png 150w, https:\/\/vuoncauvong.com\/wp-content\/uploads\/2025\/05\/16-768x768.png 768w, https:\/\/vuoncauvong.com\/wp-content\/uploads\/2025\/05\/16-100x100.png 100w, https:\/\/vuoncauvong.com\/wp-content\/uploads\/2025\/05\/16.png 900w\" sizes=\"auto, (max-width: 300px) 100vw, 300px\" \/><\/p>\n<p>&nbsp;<\/p>\n<p><strong>\u0110\u1ecba ch\u1ec9: V\u01b0\u1eddn C\u1ea7u V\u1ed3ng \u2013 cu\u1ed1i ng\u00f5 309 Ph\u00fa<\/strong><strong>\u00a0Di\u1ec5n \u2013 B\u1eafc T\u1eeb Li\u00eam \u2013 H\u00e0 N\u1ed9i<\/strong><\/p>\n<p>Th\u1eddi gian m\u1edf c\u1eeda: 8h30 -18h<\/p>\n<p>\u0110T: 03.4884.6606 \u2013 03.8284.6606<\/p>\n<p>\ud835\udde0\ud835\uddee\ud835\uddfd: https:\/\/goo.gl\/maps\/dgkwvkpfxyJttKKS9<\/p>\n<p>\ud835\udddf\ud835\uddf6\ud835\uddfb\ud835\uddf8 \ud835\uddfa\ud835\ude02\ud835\uddee \ud835\uddfc\ud835\uddfb\ud835\uddf9\ud835\uddf6\ud835\uddfb\ud835\uddf2: https:\/\/vuoncauvong.com<\/p>\n<p>\ud835\udddf\ud835\uddf6\ud835\uddfb\ud835\uddf8 \ud835\udde6\ud835\uddf5\ud835\uddfc\ud835\uddfd\ud835\uddf2\ud835\uddf2 https:\/\/shope.ee\/8eubYh9rNq<\/p>\n<p>#sen\u0111\u00e1 #v\u01b0\u1eddnc\u1ea7uv\u1ed3ng #vuoncauvong #309Ph\u00faDi\u1ec5n<\/p>\n","protected":false},"excerpt":{"rendered":"<p>Sen \u0111\u00e1 \u0111\u00e1 t\u00edm c\u00e2y th\u1ee5, \u0111\u01b0\u1eddng k\u00ednh c\u00e2y kho\u1ea3ng 25-30cm. \u0110\u00e2y l\u00e0 d\u00f2ng sen \u0111\u00e1 c\u00f3 m\u00e0u t\u00edm si\u00eau kh\u1ecfe, l\u1ea1i \u0111\u1eb9p, d\u1ec5 ch\u0103m. Sen \u0111\u00e1 \u0111\u00e1 t\u00edm c\u00f3 d\u1ea1ng c\u00e0nh, ph\u00e1t tri\u1ec3n th\u00e0nh b\u1ee5i l\u1edbn, tr\u1ed3ng l\u00e2u n\u0103m c\u00f3 th\u1ec3 l\u00ean th\u00e2n th\u1ee5. \u0110\u1eb7c bi\u1ec7t, sen \u0111\u00e1 \u0111\u00e1 t\u00edm c\u00f3 kh\u1ea3 n\u0103ng ph\u00e1t tri\u1ec3n v\u00e0 l\u00ean m\u00e0u trong m\u00f9a h\u00e8, k\u1ec3 c\u1ea3 khi tr\u1eddi r\u1ea5t n\u00f3ng.<\/p>\n","protected":false},"featured_media":580,"comment_status":"open","ping_status":"closed","template":"","meta":[],"product_brand":[],"product_cat":[37],"product_tag":[],"class_list":{"0":"post-579","1":"product","2":"type-product","3":"status-publish","4":"has-post-thumbnail","6":"product_cat-sen-da-nhap-khau","8":"first","9":"instock","10":"shipping-taxable","11":"purchasable","12":"product-type-simple"},"jetpack_sharing_enabled":true,"_links":{"self":[{"href":"https:\/\/vuoncauvong.com\/index.php\/wp-json\/wp\/v2\/product\/579","targetHints":{"allow":["GET"]}}],"collection":[{"href":"https:\/\/vuoncauvong.com\/index.php\/wp-json\/wp\/v2\/product"}],"about":[{"href":"https:\/\/vuoncauvong.com\/index.php\/wp-json\/wp\/v2\/types\/product"}],"replies":[{"embeddable":true,"href":"https:\/\/vuoncauvong.com\/index.php\/wp-json\/wp\/v2\/comments?post=579"}],"wp:featuredmedia":[{"embeddable":true,"href":"https:\/\/vuoncauvong.com\/index.php\/wp-json\/wp\/v2\/media\/580"}],"wp:attachment":[{"href":"https:\/\/vuoncauvong.com\/index.php\/wp-json\/wp\/v2\/media?parent=579"}],"wp:term":[{"taxonomy":"product_brand","embeddable":true,"href":"https:\/\/vuoncauvong.com\/index.php\/wp-json\/wp\/v2\/product_brand?post=579"},{"taxonomy":"product_cat","embeddable":true,"href":"https:\/\/vuoncauvong.com\/index.php\/wp-json\/wp\/v2\/product_cat?post=579"},{"taxonomy":"product_tag","embeddable":true,"href":"https:\/\/vuoncauvong.com\/index.php\/wp-json\/wp\/v2\/product_tag?post=579"}],"curies":[{"name":"wp","href":"https:\/\/api.w.org\/{rel}","templated":true}]}}