{"id":566,"date":"2025-05-04T00:23:15","date_gmt":"2025-05-03T17:23:15","guid":{"rendered":"https:\/\/vuoncauvong.com\/?post_type=product&#038;p=566"},"modified":"2025-05-04T22:42:32","modified_gmt":"2025-05-04T15:42:32","slug":"sen-da-de-vuong-nhap-khau-size-trung-sao-chep","status":"publish","type":"product","link":"https:\/\/vuoncauvong.com\/index.php\/san-pham\/sen-da-de-vuong-nhap-khau-size-trung-sao-chep\/","title":{"rendered":"Sen \u0111\u00e1 \u0111\u1ebf v\u01b0\u01a1ng nh\u1eadp kh\u1ea9u"},"content":{"rendered":"<p>Sen \u0111\u00e1 \u0111\u1ebf v\u01b0\u01a1ng nh\u1eadp kh\u1ea9u, size c\u00e2y kho\u1ea3ng 6cm. Sen \u0111\u00e1 \u0111\u1ebf v\u01b0\u01a1ng l\u00e0 sen \u0111\u00e1 c\u00f3 l\u1edbp l\u00e1 c\u1ee9ng c\u00e1p, kh\u1ecfe kho\u1eafn, r\u1ea5t \u0111\u01b0\u1ee3c \u01b0a chu\u1ed9ng. Theo quan ni\u1ec7m c\u1ee7a ng\u01b0\u1eddi ch\u01a1i sen \u0111\u00e1, sen \u0111\u00e1 \u0111\u1ebf v\u01b0\u01a1ng ph\u00f9 h\u1ee3p v\u1edbi m\u1ec7nh Th\u1ed5, m\u1ec7nh H\u1ecfa. \u0110\u00e2y c\u0169ng l\u00e0 c\u00e2y phong th\u1ee7y mang l\u1ea1i v\u01b0\u1ee3ng kh\u00ed t\u00e0i l\u1ed9c cho ng\u01b0\u1eddi ch\u01a1i.<\/p>\n<p>Sen nh\u1eadp kh\u1ea9u \u0111\u00e3 \u0111\u01b0\u1ee3c \u00e9p m\u00e0u, \u00e9p form c\u00fap, ph\u00f9 h\u1ee3p tr\u1ed3ng ch\u1eadu \u0111\u01a1n (ch\u1eadu 1 c\u00e2y). \u0110\u1ec3 c\u00e2y gi\u1eef form, n\u00ean \u0111\u1ec3 c\u00e2y n\u01a1i c\u00f3 n\u1eafng v\u00e0 h\u1ea1n ch\u1ebf t\u01b0\u1edbi n\u01b0\u1edbc. N\u1ebfu b\u1ea1n mu\u1ed1n c\u00e2y x\u00f2e to, b\u1ea1n ch\u1ec9 c\u1ea7n t\u01b0\u1edbi \u1ea9m l\u00e0 c\u00e2y c\u00f3 th\u1ec3 bung form t\u1edbi 12-13cm.<\/p>\n<p><img loading=\"lazy\" decoding=\"async\" class=\"alignnone size-medium wp-image-567\" src=\"https:\/\/vuoncauvong.com\/wp-content\/uploads\/2025\/05\/z6494303169233_ab77c26971785fa7b7eb00036c38fdba-300x300.jpg\" alt=\"\" width=\"300\" height=\"300\" srcset=\"https:\/\/vuoncauvong.com\/wp-content\/uploads\/2025\/05\/z6494303169233_ab77c26971785fa7b7eb00036c38fdba-300x300.jpg 300w, https:\/\/vuoncauvong.com\/wp-content\/uploads\/2025\/05\/z6494303169233_ab77c26971785fa7b7eb00036c38fdba-150x150.jpg 150w, https:\/\/vuoncauvong.com\/wp-content\/uploads\/2025\/05\/z6494303169233_ab77c26971785fa7b7eb00036c38fdba-768x768.jpg 768w, https:\/\/vuoncauvong.com\/wp-content\/uploads\/2025\/05\/z6494303169233_ab77c26971785fa7b7eb00036c38fdba-100x100.jpg 100w, https:\/\/vuoncauvong.com\/wp-content\/uploads\/2025\/05\/z6494303169233_ab77c26971785fa7b7eb00036c38fdba.jpg 900w\" sizes=\"auto, (max-width: 300px) 100vw, 300px\" \/> <img loading=\"lazy\" decoding=\"async\" class=\"alignnone size-medium wp-image-568\" src=\"https:\/\/vuoncauvong.com\/wp-content\/uploads\/2025\/05\/z6494303169253_d727ef7e377b299fc24990b74489f81d-300x300.jpg\" alt=\"\" width=\"300\" height=\"300\" srcset=\"https:\/\/vuoncauvong.com\/wp-content\/uploads\/2025\/05\/z6494303169253_d727ef7e377b299fc24990b74489f81d-300x300.jpg 300w, https:\/\/vuoncauvong.com\/wp-content\/uploads\/2025\/05\/z6494303169253_d727ef7e377b299fc24990b74489f81d-150x150.jpg 150w, https:\/\/vuoncauvong.com\/wp-content\/uploads\/2025\/05\/z6494303169253_d727ef7e377b299fc24990b74489f81d-768x768.jpg 768w, https:\/\/vuoncauvong.com\/wp-content\/uploads\/2025\/05\/z6494303169253_d727ef7e377b299fc24990b74489f81d-100x100.jpg 100w, https:\/\/vuoncauvong.com\/wp-content\/uploads\/2025\/05\/z6494303169253_d727ef7e377b299fc24990b74489f81d.jpg 900w\" sizes=\"auto, (max-width: 300px) 100vw, 300px\" \/><\/p>\n<p><strong>\u0110\u1ecba ch\u1ec9: V\u01b0\u1eddn C\u1ea7u V\u1ed3ng \u2013 cu\u1ed1i ng\u00f5 309 Ph\u00fa<\/strong><strong>\u00a0Di\u1ec5n \u2013 B\u1eafc T\u1eeb Li\u00eam \u2013 H\u00e0 N\u1ed9i<\/strong><\/p>\n<p>Th\u1eddi gian m\u1edf c\u1eeda: 8h30 -18h<\/p>\n<p>\u0110T: 03.4884.6606 \u2013 03.8284.6606<\/p>\n<p>\ud835\udde0\ud835\uddee\ud835\uddfd: https:\/\/goo.gl\/maps\/dgkwvkpfxyJttKKS9<\/p>\n<p>\ud835\udddf\ud835\uddf6\ud835\uddfb\ud835\uddf8 \ud835\uddfa\ud835\ude02\ud835\uddee \ud835\uddfc\ud835\uddfb\ud835\uddf9\ud835\uddf6\ud835\uddfb\ud835\uddf2: https:\/\/vuoncauvong.com<\/p>\n<p>\ud835\udddf\ud835\uddf6\ud835\uddfb\ud835\uddf8 \ud835\udde6\ud835\uddf5\ud835\uddfc\ud835\uddfd\ud835\uddf2\ud835\uddf2 https:\/\/shope.ee\/8eubYh9rNq<\/p>\n<p>#sen\u0111\u00e1 #v\u01b0\u1eddnc\u1ea7uv\u1ed3ng #vuoncauvong #309Ph\u00faDi\u1ec5n<\/p>\n","protected":false},"excerpt":{"rendered":"<p>Sen \u0111\u00e1 nh\u1eadp kh\u1ea9u, \u0111\u00e3 \u0111\u01b0\u1ee3c \u00e9p form, \u00e9p m\u00e0u. Size c\u00e2y kho\u1ea3ng 8cm.<\/p>\n","protected":false},"featured_media":567,"comment_status":"open","ping_status":"closed","template":"","meta":[],"product_brand":[],"product_cat":[37,22],"product_tag":[],"class_list":{"0":"post-566","1":"product","2":"type-product","3":"status-publish","4":"has-post-thumbnail","6":"product_cat-sen-da-nhap-khau","7":"product_cat-sen-da","9":"first","10":"instock","11":"sale","12":"shipping-taxable","13":"purchasable","14":"product-type-simple"},"jetpack_sharing_enabled":true,"_links":{"self":[{"href":"https:\/\/vuoncauvong.com\/index.php\/wp-json\/wp\/v2\/product\/566","targetHints":{"allow":["GET"]}}],"collection":[{"href":"https:\/\/vuoncauvong.com\/index.php\/wp-json\/wp\/v2\/product"}],"about":[{"href":"https:\/\/vuoncauvong.com\/index.php\/wp-json\/wp\/v2\/types\/product"}],"replies":[{"embeddable":true,"href":"https:\/\/vuoncauvong.com\/index.php\/wp-json\/wp\/v2\/comments?post=566"}],"wp:featuredmedia":[{"embeddable":true,"href":"https:\/\/vuoncauvong.com\/index.php\/wp-json\/wp\/v2\/media\/567"}],"wp:attachment":[{"href":"https:\/\/vuoncauvong.com\/index.php\/wp-json\/wp\/v2\/media?parent=566"}],"wp:term":[{"taxonomy":"product_brand","embeddable":true,"href":"https:\/\/vuoncauvong.com\/index.php\/wp-json\/wp\/v2\/product_brand?post=566"},{"taxonomy":"product_cat","embeddable":true,"href":"https:\/\/vuoncauvong.com\/index.php\/wp-json\/wp\/v2\/product_cat?post=566"},{"taxonomy":"product_tag","embeddable":true,"href":"https:\/\/vuoncauvong.com\/index.php\/wp-json\/wp\/v2\/product_tag?post=566"}],"curies":[{"name":"wp","href":"https:\/\/api.w.org\/{rel}","templated":true}]}}