{"id":554,"date":"2025-04-30T01:04:54","date_gmt":"2025-04-29T18:04:54","guid":{"rendered":"https:\/\/vuoncauvong.com\/?post_type=product&#038;p=554"},"modified":"2025-05-04T22:43:19","modified_gmt":"2025-05-04T15:43:19","slug":"sen-da-banh-bao-lua-size-trung","status":"publish","type":"product","link":"https:\/\/vuoncauvong.com\/index.php\/san-pham\/sen-da-banh-bao-lua-size-trung\/","title":{"rendered":"Sen \u0111\u00e1 b\u00e1nh bao l\u1eeda size trung"},"content":{"rendered":"<p>Sen \u0111\u00e1 b\u00e1nh bao l\u1eeda nh\u1eadp kh\u1ea9u, \u0111\u00e3 \u0111\u01b0\u1ee3c \u00e9p form, \u00e9p m\u00e0u.<\/p>\n<p><img loading=\"lazy\" decoding=\"async\" class=\"alignnone size-medium wp-image-556\" src=\"https:\/\/vuoncauvong.com\/wp-content\/uploads\/2025\/04\/z6491373383194_13e13b3fc661427410e9333b22e5bd5a-300x300.jpg\" alt=\"\" width=\"300\" height=\"300\" srcset=\"https:\/\/vuoncauvong.com\/wp-content\/uploads\/2025\/04\/z6491373383194_13e13b3fc661427410e9333b22e5bd5a-300x300.jpg 300w, https:\/\/vuoncauvong.com\/wp-content\/uploads\/2025\/04\/z6491373383194_13e13b3fc661427410e9333b22e5bd5a-150x150.jpg 150w, https:\/\/vuoncauvong.com\/wp-content\/uploads\/2025\/04\/z6491373383194_13e13b3fc661427410e9333b22e5bd5a-768x768.jpg 768w, https:\/\/vuoncauvong.com\/wp-content\/uploads\/2025\/04\/z6491373383194_13e13b3fc661427410e9333b22e5bd5a-100x100.jpg 100w, https:\/\/vuoncauvong.com\/wp-content\/uploads\/2025\/04\/z6491373383194_13e13b3fc661427410e9333b22e5bd5a.jpg 900w\" sizes=\"auto, (max-width: 300px) 100vw, 300px\" \/> <img loading=\"lazy\" decoding=\"async\" class=\"alignnone size-medium wp-image-555\" src=\"https:\/\/vuoncauvong.com\/wp-content\/uploads\/2025\/04\/z6491373368806_213c7808861192fecabefe0c6c3f27ca-300x300.jpg\" alt=\"\" width=\"300\" height=\"300\" srcset=\"https:\/\/vuoncauvong.com\/wp-content\/uploads\/2025\/04\/z6491373368806_213c7808861192fecabefe0c6c3f27ca-300x300.jpg 300w, https:\/\/vuoncauvong.com\/wp-content\/uploads\/2025\/04\/z6491373368806_213c7808861192fecabefe0c6c3f27ca-150x150.jpg 150w, https:\/\/vuoncauvong.com\/wp-content\/uploads\/2025\/04\/z6491373368806_213c7808861192fecabefe0c6c3f27ca-768x768.jpg 768w, https:\/\/vuoncauvong.com\/wp-content\/uploads\/2025\/04\/z6491373368806_213c7808861192fecabefe0c6c3f27ca-100x100.jpg 100w, https:\/\/vuoncauvong.com\/wp-content\/uploads\/2025\/04\/z6491373368806_213c7808861192fecabefe0c6c3f27ca.jpg 900w\" sizes=\"auto, (max-width: 300px) 100vw, 300px\" \/><\/p>\n<p><strong>\u0110\u1ecba ch\u1ec9: V\u01b0\u1eddn C\u1ea7u V\u1ed3ng \u2013 cu\u1ed1i ng\u00f5 309 Ph\u00fa<\/strong><strong>\u00a0Di\u1ec5n \u2013 B\u1eafc T\u1eeb Li\u00eam \u2013 H\u00e0 N\u1ed9i<\/strong><\/p>\n<p>Th\u1eddi gian m\u1edf c\u1eeda: 8h30 -18h<\/p>\n<p>\u0110T: 03.4884.6606 \u2013 03.8284.6606<\/p>\n<p>\ud835\udde0\ud835\uddee\ud835\uddfd: https:\/\/goo.gl\/maps\/dgkwvkpfxyJttKKS9<\/p>\n<p>\ud835\udddf\ud835\uddf6\ud835\uddfb\ud835\uddf8 \ud835\uddfa\ud835\ude02\ud835\uddee \ud835\uddfc\ud835\uddfb\ud835\uddf9\ud835\uddf6\ud835\uddfb\ud835\uddf2: https:\/\/vuoncauvong.com<\/p>\n<p>\ud835\udddf\ud835\uddf6\ud835\uddfb\ud835\uddf8 \ud835\udde6\ud835\uddf5\ud835\uddfc\ud835\uddfd\ud835\uddf2\ud835\uddf2 https:\/\/shope.ee\/8eubYh9rNq<\/p>\n<p>#sen\u0111\u00e1 #v\u01b0\u1eddnc\u1ea7uv\u1ed3ng #vuoncauvong #309Ph\u00faDi\u1ec5n<\/p>\n","protected":false},"excerpt":{"rendered":"<p>Sen \u0111\u00e1 b\u00e1nh bao l\u1eeda nh\u1eadp kh\u1ea9u, \u0111\u00e3 \u0111\u01b0\u1ee3c \u00e9p form, \u00e9p m\u00e0u. Size c\u00e2y kho\u1ea3ng 8cm.<\/p>\n","protected":false},"featured_media":555,"comment_status":"open","ping_status":"closed","template":"","meta":[],"product_brand":[],"product_cat":[37,22],"product_tag":[],"class_list":{"0":"post-554","1":"product","2":"type-product","3":"status-publish","4":"has-post-thumbnail","6":"product_cat-sen-da-nhap-khau","7":"product_cat-sen-da","9":"first","10":"instock","11":"sale","12":"shipping-taxable","13":"purchasable","14":"product-type-simple"},"jetpack_sharing_enabled":true,"_links":{"self":[{"href":"https:\/\/vuoncauvong.com\/index.php\/wp-json\/wp\/v2\/product\/554","targetHints":{"allow":["GET"]}}],"collection":[{"href":"https:\/\/vuoncauvong.com\/index.php\/wp-json\/wp\/v2\/product"}],"about":[{"href":"https:\/\/vuoncauvong.com\/index.php\/wp-json\/wp\/v2\/types\/product"}],"replies":[{"embeddable":true,"href":"https:\/\/vuoncauvong.com\/index.php\/wp-json\/wp\/v2\/comments?post=554"}],"wp:featuredmedia":[{"embeddable":true,"href":"https:\/\/vuoncauvong.com\/index.php\/wp-json\/wp\/v2\/media\/555"}],"wp:attachment":[{"href":"https:\/\/vuoncauvong.com\/index.php\/wp-json\/wp\/v2\/media?parent=554"}],"wp:term":[{"taxonomy":"product_brand","embeddable":true,"href":"https:\/\/vuoncauvong.com\/index.php\/wp-json\/wp\/v2\/product_brand?post=554"},{"taxonomy":"product_cat","embeddable":true,"href":"https:\/\/vuoncauvong.com\/index.php\/wp-json\/wp\/v2\/product_cat?post=554"},{"taxonomy":"product_tag","embeddable":true,"href":"https:\/\/vuoncauvong.com\/index.php\/wp-json\/wp\/v2\/product_tag?post=554"}],"curies":[{"name":"wp","href":"https:\/\/api.w.org\/{rel}","templated":true}]}}