{"id":546,"date":"2025-04-30T00:53:58","date_gmt":"2025-04-29T17:53:58","guid":{"rendered":"https:\/\/vuoncauvong.com\/?post_type=product&#038;p=546"},"modified":"2025-05-04T10:41:31","modified_gmt":"2025-05-04T03:41:31","slug":"sen-da-monroe-hong-4cm","status":"publish","type":"product","link":"https:\/\/vuoncauvong.com\/index.php\/san-pham\/sen-da-monroe-hong-4cm\/","title":{"rendered":"Sen \u0111\u00e1 monroe h\u1ed3ng (~4cm)"},"content":{"rendered":"<p>Sen \u0111\u00e1 monroe h\u1ed3ng r\u1ea5t xinh x\u1eafn. \u0110\u00e2y l\u00e0 lo\u1ea1i sen \u0111\u00e1 \u0111\u00e0i c\u00e1nh d\u00e0y c\u1ee9ng c\u00e1p v\u1edbi m\u1ed9t l\u1edbp ph\u1ea5n m\u1ecfng tr\u00ean n\u1ec1n c\u00e1nh m\u00e0u h\u1ed3ng cam. Khi \u0111\u1ee7 n\u1eafng v\u00e0 l\u1ea1nh, sen \u0111\u00e1 monroe l\u00ean m\u00e0u h\u1ed3ng c\u00e0ng \u0111\u1eadm, n\u1ebfu t\u01b0\u1edbi nhi\u1ec1u ho\u1eb7c \u0111\u1ec3 c\u00e2y thi\u1ebfu s\u00e1ng, l\u00e1 c\u00f3 m\u00e0u xanh nhi\u1ec1u h\u01a1n v\u00e0 l\u00e1 d\u00e0i h\u01a1n.<\/p>\n<p>Sen \u0111\u00e1 monroe nh\u1eadp kh\u1ea9u c\u1ee7a v\u01b0\u1eddn c\u00f3 size kho\u1ea3ng 3.5-4cm<\/p>\n<p><img loading=\"lazy\" decoding=\"async\" class=\"alignnone size-medium wp-image-549\" src=\"https:\/\/vuoncauvong.com\/wp-content\/uploads\/2025\/04\/z6473785695644_45ce1242ee29c703f04bf8af6663ae5a-300x300.jpg\" alt=\"\" width=\"300\" height=\"300\" srcset=\"https:\/\/vuoncauvong.com\/wp-content\/uploads\/2025\/04\/z6473785695644_45ce1242ee29c703f04bf8af6663ae5a-300x300.jpg 300w, https:\/\/vuoncauvong.com\/wp-content\/uploads\/2025\/04\/z6473785695644_45ce1242ee29c703f04bf8af6663ae5a-150x150.jpg 150w, https:\/\/vuoncauvong.com\/wp-content\/uploads\/2025\/04\/z6473785695644_45ce1242ee29c703f04bf8af6663ae5a-768x768.jpg 768w, https:\/\/vuoncauvong.com\/wp-content\/uploads\/2025\/04\/z6473785695644_45ce1242ee29c703f04bf8af6663ae5a-100x100.jpg 100w, https:\/\/vuoncauvong.com\/wp-content\/uploads\/2025\/04\/z6473785695644_45ce1242ee29c703f04bf8af6663ae5a.jpg 1013w\" sizes=\"auto, (max-width: 300px) 100vw, 300px\" \/> <img loading=\"lazy\" decoding=\"async\" class=\"alignnone size-medium wp-image-548\" src=\"https:\/\/vuoncauvong.com\/wp-content\/uploads\/2025\/04\/z6473785695614_027f80e004fcd9740d83c49ca4b89bd8-300x300.jpg\" alt=\"\" width=\"300\" height=\"300\" srcset=\"https:\/\/vuoncauvong.com\/wp-content\/uploads\/2025\/04\/z6473785695614_027f80e004fcd9740d83c49ca4b89bd8-300x300.jpg 300w, https:\/\/vuoncauvong.com\/wp-content\/uploads\/2025\/04\/z6473785695614_027f80e004fcd9740d83c49ca4b89bd8-150x150.jpg 150w, https:\/\/vuoncauvong.com\/wp-content\/uploads\/2025\/04\/z6473785695614_027f80e004fcd9740d83c49ca4b89bd8-768x768.jpg 768w, https:\/\/vuoncauvong.com\/wp-content\/uploads\/2025\/04\/z6473785695614_027f80e004fcd9740d83c49ca4b89bd8-100x100.jpg 100w, https:\/\/vuoncauvong.com\/wp-content\/uploads\/2025\/04\/z6473785695614_027f80e004fcd9740d83c49ca4b89bd8.jpg 1013w\" sizes=\"auto, (max-width: 300px) 100vw, 300px\" \/><\/p>\n<p><strong>\u0110\u1ecba ch\u1ec9: V\u01b0\u1eddn C\u1ea7u V\u1ed3ng \u2013 cu\u1ed1i ng\u00f5 309 Ph\u00fa<\/strong><strong>\u00a0Di\u1ec5n \u2013 B\u1eafc T\u1eeb Li\u00eam \u2013 H\u00e0 N\u1ed9i<\/strong><\/p>\n<p>Th\u1eddi gian m\u1edf c\u1eeda: 8h30 -18h<\/p>\n<p>\u0110T: 03.4884.6606 \u2013 03.8284.6606<\/p>\n<p>\ud835\udde0\ud835\uddee\ud835\uddfd: https:\/\/goo.gl\/maps\/dgkwvkpfxyJttKKS9<\/p>\n<p>\ud835\udddf\ud835\uddf6\ud835\uddfb\ud835\uddf8 \ud835\uddfa\ud835\ude02\ud835\uddee \ud835\uddfc\ud835\uddfb\ud835\uddf9\ud835\uddf6\ud835\uddfb\ud835\uddf2: https:\/\/vuoncauvong.com<\/p>\n<p>\ud835\udddf\ud835\uddf6\ud835\uddfb\ud835\uddf8 \ud835\udde6\ud835\uddf5\ud835\uddfc\ud835\uddfd\ud835\uddf2\ud835\uddf2 https:\/\/shope.ee\/8eubYh9rNq<\/p>\n<p>#sen\u0111\u00e1 #v\u01b0\u1eddnc\u1ea7uv\u1ed3ng #vuoncauvong #309Ph\u00faDi\u1ec5n<\/p>\n","protected":false},"excerpt":{"rendered":"<p>Sen \u0111\u00e1 monroe h\u1ed3ng r\u1ea5t xinh x\u1eafn. \u0110\u00e2y l\u00e0 lo\u1ea1i sen \u0111\u00e1 \u0111\u00e0i c\u00e1nh d\u00e0y c\u1ee9ng c\u00e1p v\u1edbi m\u1ed9t l\u1edbp ph\u1ea5n m\u1ecfng tr\u00ean n\u1ec1n c\u00e1nh m\u00e0u h\u1ed3ng cam.<\/p>\n","protected":false},"featured_media":548,"comment_status":"open","ping_status":"closed","template":"","meta":[],"product_brand":[],"product_cat":[37,22],"product_tag":[],"class_list":{"0":"post-546","1":"product","2":"type-product","3":"status-publish","4":"has-post-thumbnail","6":"product_cat-sen-da-nhap-khau","7":"product_cat-sen-da","9":"first","10":"instock","11":"sale","12":"shipping-taxable","13":"purchasable","14":"product-type-simple"},"jetpack_sharing_enabled":true,"_links":{"self":[{"href":"https:\/\/vuoncauvong.com\/index.php\/wp-json\/wp\/v2\/product\/546","targetHints":{"allow":["GET"]}}],"collection":[{"href":"https:\/\/vuoncauvong.com\/index.php\/wp-json\/wp\/v2\/product"}],"about":[{"href":"https:\/\/vuoncauvong.com\/index.php\/wp-json\/wp\/v2\/types\/product"}],"replies":[{"embeddable":true,"href":"https:\/\/vuoncauvong.com\/index.php\/wp-json\/wp\/v2\/comments?post=546"}],"wp:featuredmedia":[{"embeddable":true,"href":"https:\/\/vuoncauvong.com\/index.php\/wp-json\/wp\/v2\/media\/548"}],"wp:attachment":[{"href":"https:\/\/vuoncauvong.com\/index.php\/wp-json\/wp\/v2\/media?parent=546"}],"wp:term":[{"taxonomy":"product_brand","embeddable":true,"href":"https:\/\/vuoncauvong.com\/index.php\/wp-json\/wp\/v2\/product_brand?post=546"},{"taxonomy":"product_cat","embeddable":true,"href":"https:\/\/vuoncauvong.com\/index.php\/wp-json\/wp\/v2\/product_cat?post=546"},{"taxonomy":"product_tag","embeddable":true,"href":"https:\/\/vuoncauvong.com\/index.php\/wp-json\/wp\/v2\/product_tag?post=546"}],"curies":[{"name":"wp","href":"https:\/\/api.w.org\/{rel}","templated":true}]}}