{"id":537,"date":"2025-04-30T00:43:57","date_gmt":"2025-04-29T17:43:57","guid":{"rendered":"https:\/\/vuoncauvong.com\/?post_type=product&#038;p=537"},"modified":"2025-05-04T22:45:04","modified_gmt":"2025-05-04T15:45:04","slug":"sen-da-haworthia-kim-cuong-trong-suot","status":"publish","type":"product","link":"https:\/\/vuoncauvong.com\/index.php\/san-pham\/sen-da-haworthia-kim-cuong-trong-suot\/","title":{"rendered":"Sen \u0111\u00e1 haworthia (kim c\u01b0\u01a1ng trong su\u1ed1t)"},"content":{"rendered":"<p>Sen \u0111\u00e1 haworthia cooperi &#8211; hay c\u00f2n g\u1ecdi kim c\u01b0\u01a1ng trong su\u1ed1t, m\u1ed9t lo\u1ea1i sen \u0111\u00e1 \u0111\u1eb9p v\u1edbi \u0111\u01b0\u1eddng g\u00e2n xanh tr\u00ean nh\u1eefng c\u00e1nh l\u00e1 m\u1ecdng n\u01b0\u1edbc trong su\u1ed1t.<\/p>\n<p>\u0110\u00e2y l\u00e0 d\u00f2ng sen \u0111\u00e1 hi\u1ebfm hoi kh\u00f4ng c\u1ea7n nhi\u1ec1u n\u1eafng, c\u00f3 th\u1ec3 s\u1ed1ng trong nh\u00e0 m\u1ed9t th\u1eddi gian d\u00e0i.<\/p>\n<p>C\u00e2y trong \u0111i\u1ec1u ki\u1ec7n \u00edt n\u01b0\u1edbc, n\u1eafng nhi\u1ec1u s\u1ebd c\u00f3 m\u00e0u ng\u1ea3 t\u00edm \u1edf l\u00e1 non, n\u1ebfu nhi\u1ec1u n\u01b0\u1edbc, \u00edt n\u1eafng s\u1ebd c\u00f3 m\u00e0u tr\u1eafng xanh. Haworthia d\u1ec5 tr\u1ed3ng, d\u1ec5 ch\u0103m s\u00f3c.<br \/>\nHaworthia l\u00e0 d\u00f2ng sen \u0111\u00e1 ch\u1eadm l\u1edbn, do \u0111\u00f3 \u0111\u01b0\u1eddng k\u00ednh c\u00e2y ch\u1ec9 v\u00e0o kho\u1ea3ng 3-4cm.<\/p>\n<p><img loading=\"lazy\" decoding=\"async\" class=\"alignnone size-medium wp-image-538\" src=\"https:\/\/vuoncauvong.com\/wp-content\/uploads\/2025\/04\/z6491371716809_b7f777ce7939aa8d896a313eee46e8c9-300x300.jpg\" alt=\"\" width=\"300\" height=\"300\" srcset=\"https:\/\/vuoncauvong.com\/wp-content\/uploads\/2025\/04\/z6491371716809_b7f777ce7939aa8d896a313eee46e8c9-300x300.jpg 300w, https:\/\/vuoncauvong.com\/wp-content\/uploads\/2025\/04\/z6491371716809_b7f777ce7939aa8d896a313eee46e8c9-150x150.jpg 150w, https:\/\/vuoncauvong.com\/wp-content\/uploads\/2025\/04\/z6491371716809_b7f777ce7939aa8d896a313eee46e8c9-768x768.jpg 768w, https:\/\/vuoncauvong.com\/wp-content\/uploads\/2025\/04\/z6491371716809_b7f777ce7939aa8d896a313eee46e8c9-100x100.jpg 100w, https:\/\/vuoncauvong.com\/wp-content\/uploads\/2025\/04\/z6491371716809_b7f777ce7939aa8d896a313eee46e8c9.jpg 900w\" sizes=\"auto, (max-width: 300px) 100vw, 300px\" \/> <img loading=\"lazy\" decoding=\"async\" class=\"alignnone size-medium wp-image-539\" src=\"https:\/\/vuoncauvong.com\/wp-content\/uploads\/2025\/04\/z6491371731909_e988669293a8cb103e996b9290620205-300x300.jpg\" alt=\"\" width=\"300\" height=\"300\" srcset=\"https:\/\/vuoncauvong.com\/wp-content\/uploads\/2025\/04\/z6491371731909_e988669293a8cb103e996b9290620205-300x300.jpg 300w, https:\/\/vuoncauvong.com\/wp-content\/uploads\/2025\/04\/z6491371731909_e988669293a8cb103e996b9290620205-150x150.jpg 150w, https:\/\/vuoncauvong.com\/wp-content\/uploads\/2025\/04\/z6491371731909_e988669293a8cb103e996b9290620205-768x768.jpg 768w, https:\/\/vuoncauvong.com\/wp-content\/uploads\/2025\/04\/z6491371731909_e988669293a8cb103e996b9290620205-100x100.jpg 100w, https:\/\/vuoncauvong.com\/wp-content\/uploads\/2025\/04\/z6491371731909_e988669293a8cb103e996b9290620205.jpg 900w\" sizes=\"auto, (max-width: 300px) 100vw, 300px\" \/> <img loading=\"lazy\" decoding=\"async\" class=\"alignnone size-medium wp-image-540\" src=\"https:\/\/vuoncauvong.com\/wp-content\/uploads\/2025\/04\/z6491371748328_08383fac9ad36e8862ecbd2b8d4825a7-300x300.jpg\" alt=\"\" width=\"300\" height=\"300\" srcset=\"https:\/\/vuoncauvong.com\/wp-content\/uploads\/2025\/04\/z6491371748328_08383fac9ad36e8862ecbd2b8d4825a7-300x300.jpg 300w, https:\/\/vuoncauvong.com\/wp-content\/uploads\/2025\/04\/z6491371748328_08383fac9ad36e8862ecbd2b8d4825a7-150x150.jpg 150w, https:\/\/vuoncauvong.com\/wp-content\/uploads\/2025\/04\/z6491371748328_08383fac9ad36e8862ecbd2b8d4825a7-768x768.jpg 768w, https:\/\/vuoncauvong.com\/wp-content\/uploads\/2025\/04\/z6491371748328_08383fac9ad36e8862ecbd2b8d4825a7-100x100.jpg 100w, https:\/\/vuoncauvong.com\/wp-content\/uploads\/2025\/04\/z6491371748328_08383fac9ad36e8862ecbd2b8d4825a7.jpg 900w\" sizes=\"auto, (max-width: 300px) 100vw, 300px\" \/><\/p>\n<p><img loading=\"lazy\" decoding=\"async\" class=\"alignnone size-medium wp-image-541\" src=\"https:\/\/vuoncauvong.com\/wp-content\/uploads\/2025\/04\/z6491371762171_b572dbf6933fb66dcedd0d7e676feb99-300x300.jpg\" alt=\"\" width=\"300\" height=\"300\" srcset=\"https:\/\/vuoncauvong.com\/wp-content\/uploads\/2025\/04\/z6491371762171_b572dbf6933fb66dcedd0d7e676feb99-300x300.jpg 300w, https:\/\/vuoncauvong.com\/wp-content\/uploads\/2025\/04\/z6491371762171_b572dbf6933fb66dcedd0d7e676feb99-150x150.jpg 150w, https:\/\/vuoncauvong.com\/wp-content\/uploads\/2025\/04\/z6491371762171_b572dbf6933fb66dcedd0d7e676feb99-768x768.jpg 768w, https:\/\/vuoncauvong.com\/wp-content\/uploads\/2025\/04\/z6491371762171_b572dbf6933fb66dcedd0d7e676feb99-100x100.jpg 100w, https:\/\/vuoncauvong.com\/wp-content\/uploads\/2025\/04\/z6491371762171_b572dbf6933fb66dcedd0d7e676feb99.jpg 900w\" sizes=\"auto, (max-width: 300px) 100vw, 300px\" \/> <img loading=\"lazy\" decoding=\"async\" class=\"alignnone size-medium wp-image-542\" src=\"https:\/\/vuoncauvong.com\/wp-content\/uploads\/2025\/04\/z6491371762249_a665f483b2cc3c14d56185ae539b36c2-300x300.jpg\" alt=\"\" width=\"300\" height=\"300\" srcset=\"https:\/\/vuoncauvong.com\/wp-content\/uploads\/2025\/04\/z6491371762249_a665f483b2cc3c14d56185ae539b36c2-300x300.jpg 300w, https:\/\/vuoncauvong.com\/wp-content\/uploads\/2025\/04\/z6491371762249_a665f483b2cc3c14d56185ae539b36c2-150x150.jpg 150w, https:\/\/vuoncauvong.com\/wp-content\/uploads\/2025\/04\/z6491371762249_a665f483b2cc3c14d56185ae539b36c2-768x768.jpg 768w, https:\/\/vuoncauvong.com\/wp-content\/uploads\/2025\/04\/z6491371762249_a665f483b2cc3c14d56185ae539b36c2-100x100.jpg 100w, https:\/\/vuoncauvong.com\/wp-content\/uploads\/2025\/04\/z6491371762249_a665f483b2cc3c14d56185ae539b36c2.jpg 900w\" sizes=\"auto, (max-width: 300px) 100vw, 300px\" \/> <img loading=\"lazy\" decoding=\"async\" class=\"alignnone size-medium wp-image-543\" src=\"https:\/\/vuoncauvong.com\/wp-content\/uploads\/2025\/04\/z6504912160667_fdefaed563113657a93b7915852840da-300x300.jpg\" alt=\"\" width=\"300\" height=\"300\" srcset=\"https:\/\/vuoncauvong.com\/wp-content\/uploads\/2025\/04\/z6504912160667_fdefaed563113657a93b7915852840da-300x300.jpg 300w, https:\/\/vuoncauvong.com\/wp-content\/uploads\/2025\/04\/z6504912160667_fdefaed563113657a93b7915852840da-1024x1024.jpg 1024w, https:\/\/vuoncauvong.com\/wp-content\/uploads\/2025\/04\/z6504912160667_fdefaed563113657a93b7915852840da-150x150.jpg 150w, https:\/\/vuoncauvong.com\/wp-content\/uploads\/2025\/04\/z6504912160667_fdefaed563113657a93b7915852840da-768x768.jpg 768w, https:\/\/vuoncauvong.com\/wp-content\/uploads\/2025\/04\/z6504912160667_fdefaed563113657a93b7915852840da-100x100.jpg 100w, https:\/\/vuoncauvong.com\/wp-content\/uploads\/2025\/04\/z6504912160667_fdefaed563113657a93b7915852840da.jpg 1125w\" sizes=\"auto, (max-width: 300px) 100vw, 300px\" \/><\/p>\n<p><strong>\u0110\u1ecba ch\u1ec9: V\u01b0\u1eddn C\u1ea7u V\u1ed3ng \u2013 cu\u1ed1i ng\u00f5 309 Ph\u00fa<\/strong><strong>\u00a0Di\u1ec5n \u2013 B\u1eafc T\u1eeb Li\u00eam \u2013 H\u00e0 N\u1ed9i<\/strong><\/p>\n<p>Th\u1eddi gian m\u1edf c\u1eeda: 8h30 -18h<\/p>\n<p>\u0110T: 03.4884.6606 \u2013 03.8284.6606<\/p>\n<p>\ud835\udde0\ud835\uddee\ud835\uddfd: https:\/\/goo.gl\/maps\/dgkwvkpfxyJttKKS9<\/p>\n<p>\ud835\udddf\ud835\uddf6\ud835\uddfb\ud835\uddf8 \ud835\uddfa\ud835\ude02\ud835\uddee \ud835\uddfc\ud835\uddfb\ud835\uddf9\ud835\uddf6\ud835\uddfb\ud835\uddf2: https:\/\/vuoncauvong.com<\/p>\n<p>\ud835\udddf\ud835\uddf6\ud835\uddfb\ud835\uddf8 \ud835\udde6\ud835\uddf5\ud835\uddfc\ud835\uddfd\ud835\uddf2\ud835\uddf2 https:\/\/shope.ee\/8eubYh9rNq<\/p>\n<p>#sen\u0111\u00e1 #v\u01b0\u1eddnc\u1ea7uv\u1ed3ng #vuoncauvong #309Ph\u00faDi\u1ec5n<\/p>\n","protected":false},"excerpt":{"rendered":"<p>Sen \u0111\u00e1 haworthia cooperi &#8211; hay c\u00f2n g\u1ecdi kim c\u01b0\u01a1ng trong su\u1ed1t, m\u1ed9t lo\u1ea1i sen \u0111\u00e1 \u0111\u1eb9p v\u1edbi \u0111\u01b0\u1eddng g\u00e2n xanh tr\u00ean nh\u1eefng c\u00e1nh l\u00e1 m\u1ecdng n\u01b0\u1edbc trong su\u1ed1t.<\/p>\n<p>\u0110\u00e2y l\u00e0 d\u00f2ng sen \u0111\u00e1 hi\u1ebfm hoi kh\u00f4ng c\u1ea7n nhi\u1ec1u n\u1eafng, c\u00f3 th\u1ec3 s\u1ed1ng trong nh\u00e0 m\u1ed9t th\u1eddi gian d\u00e0i.<\/p>\n<p>C\u00e2y trong \u0111i\u1ec1u ki\u1ec7n \u00edt n\u01b0\u1edbc, n\u1eafng nhi\u1ec1u s\u1ebd c\u00f3 m\u00e0u ng\u1ea3 t\u00edm \u1edf l\u00e1 non, n\u1ebfu nhi\u1ec1u n\u01b0\u1edbc, \u00edt n\u1eafng s\u1ebd c\u00f3 m\u00e0u tr\u1eafng xanh. Haworthia d\u1ec5 tr\u1ed3ng, d\u1ec5 ch\u0103m s\u00f3c.<\/p>\n","protected":false},"featured_media":538,"comment_status":"open","ping_status":"closed","template":"","meta":[],"product_brand":[],"product_cat":[37,22],"product_tag":[],"class_list":{"0":"post-537","1":"product","2":"type-product","3":"status-publish","4":"has-post-thumbnail","6":"product_cat-sen-da-nhap-khau","7":"product_cat-sen-da","9":"first","10":"instock","11":"sale","12":"shipping-taxable","13":"purchasable","14":"product-type-simple"},"jetpack_sharing_enabled":true,"_links":{"self":[{"href":"https:\/\/vuoncauvong.com\/index.php\/wp-json\/wp\/v2\/product\/537","targetHints":{"allow":["GET"]}}],"collection":[{"href":"https:\/\/vuoncauvong.com\/index.php\/wp-json\/wp\/v2\/product"}],"about":[{"href":"https:\/\/vuoncauvong.com\/index.php\/wp-json\/wp\/v2\/types\/product"}],"replies":[{"embeddable":true,"href":"https:\/\/vuoncauvong.com\/index.php\/wp-json\/wp\/v2\/comments?post=537"}],"wp:featuredmedia":[{"embeddable":true,"href":"https:\/\/vuoncauvong.com\/index.php\/wp-json\/wp\/v2\/media\/538"}],"wp:attachment":[{"href":"https:\/\/vuoncauvong.com\/index.php\/wp-json\/wp\/v2\/media?parent=537"}],"wp:term":[{"taxonomy":"product_brand","embeddable":true,"href":"https:\/\/vuoncauvong.com\/index.php\/wp-json\/wp\/v2\/product_brand?post=537"},{"taxonomy":"product_cat","embeddable":true,"href":"https:\/\/vuoncauvong.com\/index.php\/wp-json\/wp\/v2\/product_cat?post=537"},{"taxonomy":"product_tag","embeddable":true,"href":"https:\/\/vuoncauvong.com\/index.php\/wp-json\/wp\/v2\/product_tag?post=537"}],"curies":[{"name":"wp","href":"https:\/\/api.w.org\/{rel}","templated":true}]}}