{"id":524,"date":"2025-04-30T00:02:44","date_gmt":"2025-04-29T17:02:44","guid":{"rendered":"https:\/\/vuoncauvong.com\/?post_type=product&#038;p=524"},"modified":"2025-04-30T00:02:44","modified_gmt":"2025-04-29T17:02:44","slug":"chau-su-vo-oc-1-bst-dai-duong","status":"publish","type":"product","link":"https:\/\/vuoncauvong.com\/index.php\/san-pham\/chau-su-vo-oc-1-bst-dai-duong\/","title":{"rendered":"Ch\u1eadu s\u1ee9 v\u1ecf \u1ed1c 1 (BST \u0110\u1ea1i d\u01b0\u01a1ng)"},"content":{"rendered":"<p>Ch\u1eadu s\u1ee9 nh\u1eadp kh\u1ea9u men cao c\u1ea5p h\u00ecnh v\u1ecf \u1ed1c. C\u00f3 nhi\u1ec1u m\u1eabu kh\u00e1c nhau cho b\u1ea1n tham kh\u1ea3o.<\/p>\n<p>Size ch\u1eadu v\u1eeba ph\u1ea3i, ph\u00f9 h\u1ee3p \u0111\u1ec3 b\u00e0n l\u00e0m vi\u1ec7c, th\u00edch h\u1ee3p \u0111\u1ec3 tr\u1ed3ng sen \u0111\u00e1, c\u00e2y v\u0103n ph\u00f2ng\u2026<\/p>\n<p><img loading=\"lazy\" decoding=\"async\" class=\"alignnone size-medium wp-image-514\" src=\"https:\/\/vuoncauvong.com\/wp-content\/uploads\/2025\/04\/1-300x300.png\" alt=\"\" width=\"300\" height=\"300\" srcset=\"https:\/\/vuoncauvong.com\/wp-content\/uploads\/2025\/04\/1-300x300.png 300w, https:\/\/vuoncauvong.com\/wp-content\/uploads\/2025\/04\/1-150x150.png 150w, https:\/\/vuoncauvong.com\/wp-content\/uploads\/2025\/04\/1-768x768.png 768w, https:\/\/vuoncauvong.com\/wp-content\/uploads\/2025\/04\/1-100x100.png 100w, https:\/\/vuoncauvong.com\/wp-content\/uploads\/2025\/04\/1.png 900w\" sizes=\"auto, (max-width: 300px) 100vw, 300px\" \/> \u00a0<img loading=\"lazy\" decoding=\"async\" class=\"alignnone size-medium wp-image-516\" src=\"https:\/\/vuoncauvong.com\/wp-content\/uploads\/2025\/04\/3-300x300.png\" alt=\"\" width=\"300\" height=\"300\" srcset=\"https:\/\/vuoncauvong.com\/wp-content\/uploads\/2025\/04\/3-300x300.png 300w, https:\/\/vuoncauvong.com\/wp-content\/uploads\/2025\/04\/3-150x150.png 150w, https:\/\/vuoncauvong.com\/wp-content\/uploads\/2025\/04\/3-768x768.png 768w, https:\/\/vuoncauvong.com\/wp-content\/uploads\/2025\/04\/3-100x100.png 100w, https:\/\/vuoncauvong.com\/wp-content\/uploads\/2025\/04\/3.png 900w\" sizes=\"auto, (max-width: 300px) 100vw, 300px\" \/><\/p>\n<p><strong>\u0110\u1ecba ch\u1ec9: V\u01b0\u1eddn C\u1ea7u V\u1ed3ng \u2013 cu\u1ed1i ng\u00f5 309 Ph\u00fa<\/strong><strong> Di\u1ec5n &#8211; B\u1eafc T\u1eeb Li\u00eam &#8211; H\u00e0 N\u1ed9i<\/strong><\/p>\n<p>Th\u1eddi gian m\u1edf c\u1eeda: 8h30 -18h<\/p>\n<p>\u0110T: 03.4884.6606 \u2013 03.8284.6606<\/p>\n<p>\ud835\udde0\ud835\uddee\ud835\uddfd: https:\/\/goo.gl\/maps\/dgkwvkpfxyJttKKS9<\/p>\n<p>\ud835\udddf\ud835\uddf6\ud835\uddfb\ud835\uddf8 \ud835\uddfa\ud835\ude02\ud835\uddee \ud835\uddfc\ud835\uddfb\ud835\uddf9\ud835\uddf6\ud835\uddfb\ud835\uddf2: https:\/\/vuoncauvong.com<\/p>\n<p>\ud835\udddf\ud835\uddf6\ud835\uddfb\ud835\uddf8 \ud835\udde6\ud835\uddf5\ud835\uddfc\ud835\uddfd\ud835\uddf2\ud835\uddf2 https:\/\/shope.ee\/8eubYh9rNq<\/p>\n<p>#sen\u0111\u00e1 #v\u01b0\u1eddnc\u1ea7uv\u1ed3ng #vuoncauvong #309Ph\u00faDi\u1ec5n<\/p>\n","protected":false},"excerpt":{"rendered":"<p>Ch\u1eadu s\u1ee9 nh\u1eadp kh\u1ea9u men cao c\u1ea5p h\u00ecnh v\u1ecf \u1ed1c. C\u00f3 nhi\u1ec1u m\u1eabu kh\u00e1c nhau cho b\u1ea1n tham kh\u1ea3o. Size ch\u1eadu v\u1eeba ph\u1ea3i, ph\u00f9 h\u1ee3p \u0111\u1ec3 b\u00e0n l\u00e0m vi\u1ec7c, th\u00edch h\u1ee3p \u0111\u1ec3 tr\u1ed3ng sen \u0111\u00e1, c\u00e2y v\u0103n ph\u00f2ng\u2026 \u00a0 \u0110\u1ecba ch\u1ec9: V\u01b0\u1eddn C\u1ea7u V\u1ed3ng \u2013 cu\u1ed1i ng\u00f5 309 Ph\u00fa Di\u1ec5n &#8211; B\u1eafc T\u1eeb Li\u00eam &#8211; [&#8230;]\n","protected":false},"featured_media":516,"comment_status":"open","ping_status":"closed","template":"","meta":[],"product_brand":[],"product_cat":[35],"product_tag":[],"class_list":{"0":"post-524","1":"product","2":"type-product","3":"status-publish","4":"has-post-thumbnail","6":"product_cat-chau-trong-cay","8":"first","9":"instock","10":"sale","11":"shipping-taxable","12":"purchasable","13":"product-type-simple"},"jetpack_sharing_enabled":true,"_links":{"self":[{"href":"https:\/\/vuoncauvong.com\/index.php\/wp-json\/wp\/v2\/product\/524","targetHints":{"allow":["GET"]}}],"collection":[{"href":"https:\/\/vuoncauvong.com\/index.php\/wp-json\/wp\/v2\/product"}],"about":[{"href":"https:\/\/vuoncauvong.com\/index.php\/wp-json\/wp\/v2\/types\/product"}],"replies":[{"embeddable":true,"href":"https:\/\/vuoncauvong.com\/index.php\/wp-json\/wp\/v2\/comments?post=524"}],"wp:featuredmedia":[{"embeddable":true,"href":"https:\/\/vuoncauvong.com\/index.php\/wp-json\/wp\/v2\/media\/516"}],"wp:attachment":[{"href":"https:\/\/vuoncauvong.com\/index.php\/wp-json\/wp\/v2\/media?parent=524"}],"wp:term":[{"taxonomy":"product_brand","embeddable":true,"href":"https:\/\/vuoncauvong.com\/index.php\/wp-json\/wp\/v2\/product_brand?post=524"},{"taxonomy":"product_cat","embeddable":true,"href":"https:\/\/vuoncauvong.com\/index.php\/wp-json\/wp\/v2\/product_cat?post=524"},{"taxonomy":"product_tag","embeddable":true,"href":"https:\/\/vuoncauvong.com\/index.php\/wp-json\/wp\/v2\/product_tag?post=524"}],"curies":[{"name":"wp","href":"https:\/\/api.w.org\/{rel}","templated":true}]}}