{"id":513,"date":"2025-04-29T23:57:53","date_gmt":"2025-04-29T16:57:53","guid":{"rendered":"https:\/\/vuoncauvong.com\/?post_type=product&#038;p=513"},"modified":"2025-04-29T23:59:17","modified_gmt":"2025-04-29T16:59:17","slug":"chau-su-nhum-bien-bst-dai-duong","status":"publish","type":"product","link":"https:\/\/vuoncauvong.com\/index.php\/san-pham\/chau-su-nhum-bien-bst-dai-duong\/","title":{"rendered":"Ch\u1eadu s\u1ee9 nhum bi\u1ec3n (BST \u0110\u1ea1i d\u01b0\u01a1ng)"},"content":{"rendered":"<p>Ch\u1eadu s\u1ee9 nh\u1eadp kh\u1ea9u men cao c\u1ea5p trong BST \u0110\u1ea1i d\u01b0\u01a1ng, v\u1edbi nhi\u1ec1u lo\u00e0i sinh v\u1eadt bi\u1ec3n \u0111\u1eb9p m\u1eaft&#8230;<\/p>\n<p>Size ch\u1eadu v\u1eeba ph\u1ea3i, ph\u00f9 h\u1ee3p \u0111\u1ec3 b\u00e0n l\u00e0m vi\u1ec7c, th\u00edch h\u1ee3p \u0111\u1ec3 tr\u1ed3ng sen \u0111\u00e1, c\u00e2y v\u0103n ph\u00f2ng&#8230;<\/p>\n<p>C\u00f3 hai m\u00e0u nh\u01b0 h\u00ecnh.<\/p>\n<p><img loading=\"lazy\" decoding=\"async\" class=\"size-medium wp-image-522 alignleft\" src=\"https:\/\/vuoncauvong.com\/wp-content\/uploads\/2025\/04\/9-300x300.png\" alt=\"\" width=\"300\" height=\"300\" srcset=\"https:\/\/vuoncauvong.com\/wp-content\/uploads\/2025\/04\/9-300x300.png 300w, https:\/\/vuoncauvong.com\/wp-content\/uploads\/2025\/04\/9-150x150.png 150w, https:\/\/vuoncauvong.com\/wp-content\/uploads\/2025\/04\/9-768x768.png 768w, https:\/\/vuoncauvong.com\/wp-content\/uploads\/2025\/04\/9-100x100.png 100w, https:\/\/vuoncauvong.com\/wp-content\/uploads\/2025\/04\/9.png 900w\" sizes=\"auto, (max-width: 300px) 100vw, 300px\" \/><\/p>\n<p><img loading=\"lazy\" decoding=\"async\" class=\"alignnone size-medium wp-image-515\" src=\"https:\/\/vuoncauvong.com\/wp-content\/uploads\/2025\/04\/2-300x300.png\" alt=\"\" width=\"300\" height=\"300\" srcset=\"https:\/\/vuoncauvong.com\/wp-content\/uploads\/2025\/04\/2-300x300.png 300w, https:\/\/vuoncauvong.com\/wp-content\/uploads\/2025\/04\/2-150x150.png 150w, https:\/\/vuoncauvong.com\/wp-content\/uploads\/2025\/04\/2-768x768.png 768w, https:\/\/vuoncauvong.com\/wp-content\/uploads\/2025\/04\/2-100x100.png 100w, https:\/\/vuoncauvong.com\/wp-content\/uploads\/2025\/04\/2.png 900w\" sizes=\"auto, (max-width: 300px) 100vw, 300px\" \/><\/p>\n<p><strong>\u0110\u1ecba ch\u1ec9: V\u01b0\u1eddn C\u1ea7u V\u1ed3ng \u2013 cu\u1ed1i ng\u00f5 309 Ph\u00fa<\/strong><strong> Di\u1ec5n &#8211; B\u1eafc T\u1eeb Li\u00eam &#8211; H\u00e0 N\u1ed9i<\/strong><\/p>\n<p>Th\u1eddi gian m\u1edf c\u1eeda: 8h30 -18h<\/p>\n<p>\u0110T: 03.4884.6606 \u2013 03.8284.6606<\/p>\n<p>\ud835\udde0\ud835\uddee\ud835\uddfd: https:\/\/goo.gl\/maps\/dgkwvkpfxyJttKKS9<\/p>\n<p>\ud835\udddf\ud835\uddf6\ud835\uddfb\ud835\uddf8 \ud835\uddfa\ud835\ude02\ud835\uddee \ud835\uddfc\ud835\uddfb\ud835\uddf9\ud835\uddf6\ud835\uddfb\ud835\uddf2: https:\/\/vuoncauvong.com<\/p>\n<p>\ud835\udddf\ud835\uddf6\ud835\uddfb\ud835\uddf8 \ud835\udde6\ud835\uddf5\ud835\uddfc\ud835\uddfd\ud835\uddf2\ud835\uddf2 https:\/\/shope.ee\/8eubYh9rNq<\/p>\n<p>#sen\u0111\u00e1 #v\u01b0\u1eddnc\u1ea7uv\u1ed3ng #vuoncauvong #309Ph\u00faDi\u1ec5n<\/p>\n","protected":false},"excerpt":{"rendered":"<p>Ch\u1eadu s\u1ee9 nh\u1eadp kh\u1ea9u men cao c\u1ea5p h\u00ecnh sinh v\u1eadt bi\u1ec3n<\/p>\n","protected":false},"featured_media":522,"comment_status":"open","ping_status":"closed","template":"","meta":[],"product_brand":[],"product_cat":[35],"product_tag":[],"class_list":{"0":"post-513","1":"product","2":"type-product","3":"status-publish","4":"has-post-thumbnail","6":"product_cat-chau-trong-cay","8":"first","9":"instock","10":"sale","11":"shipping-taxable","12":"purchasable","13":"product-type-simple"},"jetpack_sharing_enabled":true,"_links":{"self":[{"href":"https:\/\/vuoncauvong.com\/index.php\/wp-json\/wp\/v2\/product\/513","targetHints":{"allow":["GET"]}}],"collection":[{"href":"https:\/\/vuoncauvong.com\/index.php\/wp-json\/wp\/v2\/product"}],"about":[{"href":"https:\/\/vuoncauvong.com\/index.php\/wp-json\/wp\/v2\/types\/product"}],"replies":[{"embeddable":true,"href":"https:\/\/vuoncauvong.com\/index.php\/wp-json\/wp\/v2\/comments?post=513"}],"wp:featuredmedia":[{"embeddable":true,"href":"https:\/\/vuoncauvong.com\/index.php\/wp-json\/wp\/v2\/media\/522"}],"wp:attachment":[{"href":"https:\/\/vuoncauvong.com\/index.php\/wp-json\/wp\/v2\/media?parent=513"}],"wp:term":[{"taxonomy":"product_brand","embeddable":true,"href":"https:\/\/vuoncauvong.com\/index.php\/wp-json\/wp\/v2\/product_brand?post=513"},{"taxonomy":"product_cat","embeddable":true,"href":"https:\/\/vuoncauvong.com\/index.php\/wp-json\/wp\/v2\/product_cat?post=513"},{"taxonomy":"product_tag","embeddable":true,"href":"https:\/\/vuoncauvong.com\/index.php\/wp-json\/wp\/v2\/product_tag?post=513"}],"curies":[{"name":"wp","href":"https:\/\/api.w.org\/{rel}","templated":true}]}}