{"id":465,"date":"2025-02-10T01:04:38","date_gmt":"2025-02-09T18:04:38","guid":{"rendered":"https:\/\/vuoncauvong.com\/?post_type=product&#038;p=465"},"modified":"2025-02-10T01:04:38","modified_gmt":"2025-02-09T18:04:38","slug":"chau-mini-hinh-thu-cute","status":"publish","type":"product","link":"https:\/\/vuoncauvong.com\/index.php\/san-pham\/chau-mini-hinh-thu-cute\/","title":{"rendered":"Ch\u1eadu mini h\u00ecnh th\u00fa cute"},"content":{"rendered":"<p><em><strong>Ch\u1eadu cute<\/strong><\/em> tr\u00e1ng men \u0111\u1eb9p, size mini h\u00ecnh c\u00e1c con th\u00fa xinh x\u1eafn. Size ch\u1eadu nh\u1ecf, ph\u00f9 h\u1ee3p c\u00e2y size b\u1ea7u ho\u1eb7c size v\u1ec9. Ch\u1eadu c\u00f3 nhi\u1ec1u h\u00ecnh t\u00f9y t\u1eebng \u0111\u1ee3t n\u00ean mua online v\u01b0\u1eddn s\u1ebd giao ng\u1eabu nhi\u00ean ho\u1eb7c li\u00ean h\u1ec7 qua Zalo v\u01b0\u1eddn \u0111\u1ec3 \u0111\u01b0\u1ee3c h\u1ed7 tr\u1ee3 ch\u1ecdn m\u1eabu.<\/p>\n<p><strong>\u0110\u1ecba ch\u1ec9: V\u01b0\u1eddn C\u1ea7u V\u1ed3ng \u2013 cu\u1ed1i ng\u00f5 309 Ph\u00fa<\/strong>\u00a0<strong>Di\u1ec5n<\/strong>\u00a0(\u0111i h\u1ebft \u0111\u01b0\u1eddng b\u00ea t\u00f4ng, \u0111i th\u00eam 30m \u0111\u01b0\u1eddng \u0111\u1ea5t, k\u1ecbch ng\u00f5 l\u00e0 V\u01b0\u1eddn C\u1ea7u V\u1ed3ng)<\/p>\n<p>Th\u1eddi gian m\u1edf c\u1eeda: 8h30 -18h<\/p>\n<p>\u0110T: 03.4884.6606 \u2013 03.8284.6606<\/p>\n<p>\ud835\udde0\ud835\uddee\ud835\uddfd: https:\/\/goo.gl\/maps\/dgkwvkpfxyJttKKS9<\/p>\n<p>\ud835\udddf\ud835\uddf6\ud835\uddfb\ud835\uddf8 \ud835\uddfa\ud835\ude02\ud835\uddee \ud835\uddfc\ud835\uddfb\ud835\uddf9\ud835\uddf6\ud835\uddfb\ud835\uddf2: https:\/\/vuoncauvong.com<\/p>\n<p>\ud835\udddf\ud835\uddf6\ud835\uddfb\ud835\uddf8 \ud835\udde6\ud835\uddf5\ud835\uddfc\ud835\uddfd\ud835\uddf2\ud835\uddf2 https:\/\/shope.ee\/8eubYh9rNq<\/p>\n<p>\u26a1\u00a0V\u01b0\u1eddn c\u00f3 tuy\u1ec3n CTV b\u00e1n sen \u0111\u00e1\u00a0\u26a1<\/p>\n<p>#sen\u0111\u00e1 #v\u01b0\u1eddnc\u1ea7uv\u1ed3ng #vuoncauvong #309Ph\u00faDi\u1ec5n<\/p>\n","protected":false},"excerpt":{"rendered":"<p>Ch\u1eadu cute tr\u00e1ng men \u0111\u1eb9p, size mini h\u00ecnh c\u00e1c con th\u00fa xinh x\u1eafn. Size ch\u1eadu nh\u1ecf, ph\u00f9 h\u1ee3p c\u00e2y size b\u1ea7u ho\u1eb7c size v\u1ec9. Ch\u1eadu c\u00f3 nhi\u1ec1u h\u00ecnh t\u00f9y t\u1eebng \u0111\u1ee3t n\u00ean mua online v\u01b0\u1eddn s\u1ebd giao ng\u1eabu nhi\u00ean ho\u1eb7c li\u00ean h\u1ec7 qua Zalo v\u01b0\u1eddn \u0111\u1ec3 \u0111\u01b0\u1ee3c h\u1ed7 tr\u1ee3 ch\u1ecdn m\u1eabu.<\/p>\n","protected":false},"featured_media":454,"comment_status":"open","ping_status":"closed","template":"","meta":[],"product_brand":[],"product_cat":[35,34],"product_tag":[],"class_list":{"0":"post-465","1":"product","2":"type-product","3":"status-publish","4":"has-post-thumbnail","6":"product_cat-chau-trong-cay","7":"product_cat-chau-va-phu-kien","9":"first","10":"instock","11":"sale","12":"shipping-taxable","13":"purchasable","14":"product-type-simple"},"jetpack_sharing_enabled":true,"_links":{"self":[{"href":"https:\/\/vuoncauvong.com\/index.php\/wp-json\/wp\/v2\/product\/465","targetHints":{"allow":["GET"]}}],"collection":[{"href":"https:\/\/vuoncauvong.com\/index.php\/wp-json\/wp\/v2\/product"}],"about":[{"href":"https:\/\/vuoncauvong.com\/index.php\/wp-json\/wp\/v2\/types\/product"}],"replies":[{"embeddable":true,"href":"https:\/\/vuoncauvong.com\/index.php\/wp-json\/wp\/v2\/comments?post=465"}],"wp:featuredmedia":[{"embeddable":true,"href":"https:\/\/vuoncauvong.com\/index.php\/wp-json\/wp\/v2\/media\/454"}],"wp:attachment":[{"href":"https:\/\/vuoncauvong.com\/index.php\/wp-json\/wp\/v2\/media?parent=465"}],"wp:term":[{"taxonomy":"product_brand","embeddable":true,"href":"https:\/\/vuoncauvong.com\/index.php\/wp-json\/wp\/v2\/product_brand?post=465"},{"taxonomy":"product_cat","embeddable":true,"href":"https:\/\/vuoncauvong.com\/index.php\/wp-json\/wp\/v2\/product_cat?post=465"},{"taxonomy":"product_tag","embeddable":true,"href":"https:\/\/vuoncauvong.com\/index.php\/wp-json\/wp\/v2\/product_tag?post=465"}],"curies":[{"name":"wp","href":"https:\/\/api.w.org\/{rel}","templated":true}]}}