{"id":433,"date":"2025-02-09T01:24:23","date_gmt":"2025-02-08T18:24:23","guid":{"rendered":"https:\/\/vuoncauvong.com\/?post_type=product&#038;p=433"},"modified":"2025-02-09T02:18:19","modified_gmt":"2025-02-08T19:18:19","slug":"chau-sen-da-meo-mat-uot","status":"publish","type":"product","link":"https:\/\/vuoncauvong.com\/index.php\/san-pham\/chau-sen-da-meo-mat-uot\/","title":{"rendered":"Ch\u1eadu sen \u0111\u00e1 m\u00e8o m\u1eaft \u01b0\u1edbt"},"content":{"rendered":"<p><em><strong>Ch\u1eadu sen \u0111\u00e1<\/strong><\/em>\u00a0nh\u1ecf xinh h\u00ecnh m\u00e8o ng\u1ed9 ngh\u0129nh, sen \u0111\u00e1 \u0111\u01b0\u1ee3c tr\u1ed3ng s\u1eb5n v\u1edbi gi\u00e1 th\u1ec3 ph\u00f9 h\u1ee3p cho s\u1ef1 ph\u00e1t tri\u1ec3n c\u1ee7a c\u00e2y.\u00a0<em><strong>Ch\u1eadu sen \u0111\u00e1<\/strong><\/em>\u00a0r\u1ea5t ph\u00f9 h\u1ee3p l\u00e0m qu\u00e0 t\u1eb7ng c\u00e1c d\u1ecbp l\u1ec5 nh\u01b0 Valentine, 8\/3, 20\/10, sinh nh\u1eadt hay d\u00e0nh t\u1eb7ng \u0111\u1ed1i t\u00e1c, nh\u00e2n vi\u00ean nh\u00e2n d\u1ecbp k\u1ef7 ni\u1ec7m c\u1ee7a c\u01a1 quan.<\/p>\n<p>Mua ch\u1eadu sen \u0111\u00e1 l\u00e0m qu\u00e0 t\u1eb7ng \u1edf \u0111\u00e2u? \u0110\u1ec3 c\u00f3 m\u1ed9t ch\u1eadu sen kh\u1ecfe, \u0111\u1eb9p, gi\u00e0 c\u00e2y, b\u1ea1n n\u00ean t\u1edbi V\u01b0\u1eddn C\u1ea7u V\u1ed3ng \u2013 m\u1ed9t v\u01b0\u1eddn sen \u0111\u00e1 c\u00f3 uy t\u00edn t\u1ea1i H\u00e0 N\u1ed9i.<br \/>\nN\u1ebfu b\u1ea1n mu\u1ed1n mua\u00a0m\u1ed9t\u00a0<strong><em>ch\u1eadu sen \u0111\u00e1\u00a0<\/em><\/strong>xinh l\u00e0m qu\u00e0 t\u1eb7ng\u00a0m\u00e0 ch\u01b0a r\u00f5 c\u00e1ch ch\u0103m s\u00f3c hay g\u1eb7p v\u1ea5n \u0111\u1ec1 khi ch\u0103m s\u00f3c, \u0111\u1eebng ng\u1ea7n ng\u1ea1i li\u00ean h\u1ec7 V\u01b0\u1eddn C\u1ea7u V\u1ed3ng \u0111\u1ec3 \u0111\u01b0\u1ee3c h\u01b0\u1edbng d\u1eabn mi\u1ec5n ph\u00ed.<\/p>\n<p><strong>C\u00c1CH CH\u0102M S\u00d3C SEN \u0110\u00c1<\/strong><\/p>\n<ul>\n<li>Khi m\u1edbi tr\u1ed3ng l\u1ea1i th\u00ec n\u00ean \u0111\u1ec3 c\u00e2y \u1edf ch\u1ed7 c\u00f3 n\u1eafng nh\u1eb9. Tr\u00e1nh n\u1eafng g\u1eaft s\u1ebd l\u00e0m ch\u00e1y l\u00e1 ho\u1eb7c s\u1ed1c nhi\u1ec7t.<\/li>\n<li>Sen \u0111\u00e1 kh\u00f4ng c\u1ea7n nhi\u1ec1u n\u01b0\u1edbc n\u00ean v\u00e0i ng\u00e0y t\u01b0\u1edbi m\u1ed9t l\u1ea7n. Khi t\u01b0\u1edbi, b\u1ea1n n\u00ean tr\u00e1nh t\u01b0\u1edbi khi tr\u1eddi n\u1eafng g\u1eaft, tr\u00e1nh t\u01b0\u1edbi l\u00ean l\u00e1. V\u1edbi d\u1ea1ng c\u00e2y b\u1ee5i, b\u1ea1n c\u00f3 th\u1ec3 d\u00f9ng m\u1ed9t \u1ea5m tr\u00e0 \u0111\u1ec3 t\u01b0\u1edbi. V\u1edbi d\u1ea1ng c\u00e2y l\u00e1 \u0111\u00e0i che k\u00edn ch\u1eadu, b\u1ea1n c\u00f3 th\u1ec3 nh\u1ea5c c\u1ea3 ch\u1eadu \u0111\u1eb7t v\u00e0o ch\u1eadu n\u01b0\u1edbc v\u00e0i gi\u00e2y \u0111\u1ec3 n\u01b0\u1edbc ng\u1ea5m l\u00ean tr\u00ean.<\/li>\n<li>Sen \u0111\u00e1 khi c\u00f3 n\u1eafng s\u1ebd l\u00ean \u0111\u1eb9p h\u01a1n, khi thi\u1ebfu n\u1eafng c\u00e2y s\u1ebd m\u1ecdc l\u00e1 th\u01b0a h\u01a1n, l\u00e1 b\u1ecb nh\u1ea1t m\u00e0u. N\u1ebfu b\u1ea1n \u0111\u1ec3 sen trong nh\u00e0, m\u1ed7i ng\u00e0y b\u1ea1n n\u00ean cho c\u00e2y t\u1eafm n\u1eafng s\u1edbm 1-2h \u0111\u1ec3 c\u00e2y lu\u00f4n \u0111\u1eb9p.<\/li>\n<li>B\u1ea1n n\u00ean b\u1ed5 sung ph\u00e2n b\u00f3n \u0111\u1ecbnh k\u1ef3 cho sen \u0111\u00e1 \u0111\u1ec3 c\u00e2y c\u00f3 th\u1ec3 ph\u00e1t tri\u1ec3n t\u1ed1t nh\u1ea5t (tr\u1eeb tr\u01b0\u1eddng h\u1ee3p b\u1ea1n mu\u1ed1n gi\u1eef form c\u00e2y kh\u00f4ng l\u1edbn)<\/li>\n<\/ul>\n<p style=\"text-align: center;\"><img loading=\"lazy\" decoding=\"async\" class=\"alignnone wp-image-437\" src=\"https:\/\/vuoncauvong.com\/wp-content\/uploads\/2025\/02\/z6298936832930_b961187bf6be8b0fe2bc8b0dab64fde6-1024x1024.jpg\" alt=\"\" width=\"600\" height=\"600\" srcset=\"https:\/\/vuoncauvong.com\/wp-content\/uploads\/2025\/02\/z6298936832930_b961187bf6be8b0fe2bc8b0dab64fde6-1024x1024.jpg 1024w, https:\/\/vuoncauvong.com\/wp-content\/uploads\/2025\/02\/z6298936832930_b961187bf6be8b0fe2bc8b0dab64fde6-2000x2000.jpg 2000w, https:\/\/vuoncauvong.com\/wp-content\/uploads\/2025\/02\/z6298936832930_b961187bf6be8b0fe2bc8b0dab64fde6-100x100.jpg 100w, https:\/\/vuoncauvong.com\/wp-content\/uploads\/2025\/02\/z6298936832930_b961187bf6be8b0fe2bc8b0dab64fde6-300x300.jpg 300w, https:\/\/vuoncauvong.com\/wp-content\/uploads\/2025\/02\/z6298936832930_b961187bf6be8b0fe2bc8b0dab64fde6-150x150.jpg 150w, https:\/\/vuoncauvong.com\/wp-content\/uploads\/2025\/02\/z6298936832930_b961187bf6be8b0fe2bc8b0dab64fde6-768x768.jpg 768w, https:\/\/vuoncauvong.com\/wp-content\/uploads\/2025\/02\/z6298936832930_b961187bf6be8b0fe2bc8b0dab64fde6-1536x1536.jpg 1536w, https:\/\/vuoncauvong.com\/wp-content\/uploads\/2025\/02\/z6298936832930_b961187bf6be8b0fe2bc8b0dab64fde6-2048x2048.jpg 2048w, https:\/\/vuoncauvong.com\/wp-content\/uploads\/2025\/02\/z6298936832930_b961187bf6be8b0fe2bc8b0dab64fde6-1320x1320.jpg 1320w\" sizes=\"auto, (max-width: 600px) 100vw, 600px\" \/><\/p>\n<p><strong>\u0110\u1ecba ch\u1ec9: V\u01b0\u1eddn C\u1ea7u V\u1ed3ng \u2013 cu\u1ed1i ng\u00f5 309 Ph\u00fa<\/strong>\u00a0<strong>Di\u1ec5n<\/strong>\u00a0(\u0111i h\u1ebft \u0111\u01b0\u1eddng b\u00ea t\u00f4ng, \u0111i th\u00eam 30m \u0111\u01b0\u1eddng \u0111\u1ea5t, k\u1ecbch ng\u00f5 l\u00e0 V\u01b0\u1eddn C\u1ea7u V\u1ed3ng)<\/p>\n<p>Th\u1eddi gian m\u1edf c\u1eeda: 8h30 -18h<\/p>\n<p>\u0110T: 03.4884.6606 \u2013 03.8284.6606<\/p>\n<p>\ud835\udde0\ud835\uddee\ud835\uddfd: https:\/\/goo.gl\/maps\/dgkwvkpfxyJttKKS9<\/p>\n<p>\ud835\udddf\ud835\uddf6\ud835\uddfb\ud835\uddf8 \ud835\uddfa\ud835\ude02\ud835\uddee \ud835\uddfc\ud835\uddfb\ud835\uddf9\ud835\uddf6\ud835\uddfb\ud835\uddf2: https:\/\/vuoncauvong.com<\/p>\n<p>\ud835\udddf\ud835\uddf6\ud835\uddfb\ud835\uddf8 \ud835\udde6\ud835\uddf5\ud835\uddfc\ud835\uddfd\ud835\uddf2\ud835\uddf2 https:\/\/shope.ee\/8eubYh9rNq<\/p>\n<p>\u26a1\u00a0V\u01b0\u1eddn c\u00f3 tuy\u1ec3n CTV b\u00e1n sen \u0111\u00e1\u00a0\u26a1<\/p>\n<p>#sen\u0111\u00e1 #v\u01b0\u1eddnc\u1ea7uv\u1ed3ng #vuoncauvong #309Ph\u00faDi\u1ec5n<\/p>\n","protected":false},"excerpt":{"rendered":"<p><em><strong>Ch\u1eadu sen \u0111\u00e1<\/strong><\/em>\u00a0nh\u1ecf xinh h\u00ecnh m\u00e8o ng\u1ed9 ngh\u0129nh, sen \u0111\u00e1 \u0111\u01b0\u1ee3c tr\u1ed3ng s\u1eb5n v\u1edbi gi\u00e1 th\u1ec3 ph\u00f9 h\u1ee3p cho s\u1ef1 ph\u00e1t tri\u1ec3n c\u1ee7a c\u00e2y.\u00a0<em><strong>Ch\u1eadu sen \u0111\u00e1<\/strong><\/em>\u00a0r\u1ea5t ph\u00f9 h\u1ee3p l\u00e0m qu\u00e0 t\u1eb7ng c\u00e1c d\u1ecbp l\u1ec5 nh\u01b0 Valentine, 8\/3, 20\/10, sinh nh\u1eadt hay d\u00e0nh t\u1eb7ng \u0111\u1ed1i t\u00e1c, nh\u00e2n vi\u00ean nh\u00e2n d\u1ecbp k\u1ef7 ni\u1ec7m c\u1ee7a c\u01a1 quan.<\/p>\n","protected":false},"featured_media":440,"comment_status":"open","ping_status":"closed","template":"","meta":[],"product_brand":[],"product_cat":[33],"product_tag":[],"class_list":{"0":"post-433","1":"product","2":"type-product","3":"status-publish","4":"has-post-thumbnail","6":"product_cat-chau-decor","8":"first","9":"instock","10":"sale","11":"shipping-taxable","12":"purchasable","13":"product-type-simple"},"jetpack_sharing_enabled":true,"_links":{"self":[{"href":"https:\/\/vuoncauvong.com\/index.php\/wp-json\/wp\/v2\/product\/433","targetHints":{"allow":["GET"]}}],"collection":[{"href":"https:\/\/vuoncauvong.com\/index.php\/wp-json\/wp\/v2\/product"}],"about":[{"href":"https:\/\/vuoncauvong.com\/index.php\/wp-json\/wp\/v2\/types\/product"}],"replies":[{"embeddable":true,"href":"https:\/\/vuoncauvong.com\/index.php\/wp-json\/wp\/v2\/comments?post=433"}],"wp:featuredmedia":[{"embeddable":true,"href":"https:\/\/vuoncauvong.com\/index.php\/wp-json\/wp\/v2\/media\/440"}],"wp:attachment":[{"href":"https:\/\/vuoncauvong.com\/index.php\/wp-json\/wp\/v2\/media?parent=433"}],"wp:term":[{"taxonomy":"product_brand","embeddable":true,"href":"https:\/\/vuoncauvong.com\/index.php\/wp-json\/wp\/v2\/product_brand?post=433"},{"taxonomy":"product_cat","embeddable":true,"href":"https:\/\/vuoncauvong.com\/index.php\/wp-json\/wp\/v2\/product_cat?post=433"},{"taxonomy":"product_tag","embeddable":true,"href":"https:\/\/vuoncauvong.com\/index.php\/wp-json\/wp\/v2\/product_tag?post=433"}],"curies":[{"name":"wp","href":"https:\/\/api.w.org\/{rel}","templated":true}]}}