{"id":401,"date":"2024-11-30T00:32:11","date_gmt":"2024-11-29T17:32:11","guid":{"rendered":"https:\/\/vuoncauvong.com\/?post_type=product&#038;p=401"},"modified":"2025-02-09T01:19:57","modified_gmt":"2025-02-08T18:19:57","slug":"cay-giong-dau-tay-hana-ngo-dau-tay","status":"publish","type":"product","link":"https:\/\/vuoncauvong.com\/index.php\/san-pham\/cay-giong-dau-tay-hana-ngo-dau-tay\/","title":{"rendered":"C\u00e2y gi\u1ed1ng d\u00e2u t\u00e2y Hana (ng\u00f3 d\u00e2u t\u00e2y)"},"content":{"rendered":"<p>C\u00e2y gi\u1ed1ng <strong><em>d\u00e2u t\u00e2y<\/em><\/strong> (ng\u00f3 d\u00e2u t\u00e2y) Hana ch\u1ecbu nhi\u1ec7t. C\u00e2y kh\u1ecfe m\u1ea1nh, r\u1ec5 ph\u00e1t tri\u1ec3n t\u1ed1t, d\u1ec5 ch\u0103m, d\u1ec5 tr\u1ed3ng.<\/p>\n<p><strong>\u01afu \u0111i\u1ec3m c\u1ee7a c\u00e2y <em>d\u00e2u t\u00e2y Hana<\/em> gi\u1ed1ng:<\/strong><\/p>\n<ul>\n<li>C\u00e2y kh\u1ecfe m\u1ea1nh: L\u00e0 gi\u1ed1ng <strong><em>d\u00e2u t\u00e2y<\/em><\/strong> ch\u1ecbu nhi\u1ec7t t\u1ed1t, s\u1ed1ng \u0111\u01b0\u1ee3c \u1edf \u0111a d\u1ea1ng v\u00f9ng kh\u00ed h\u1eadu, k\u1ec3 c\u1ea3 th\u1eddi ti\u1ebft n\u00f3ng nh\u01b0 H\u00e0 N\u1ed9i. C\u00e2y \u0111\u01b0\u1ee3c ch\u1ecdn l\u1ecdc k\u1ef9 l\u01b0\u1ee1ng, s\u1ea1ch b\u1ec7nh, d\u1ec5 ch\u0103m s\u00f3c.<\/li>\n<li>M\u00f9a qu\u1ea3 d\u00e0i: <strong><em>D\u00e2u t\u00e2y Hana<\/em><\/strong> ra qu\u1ea3 t\u1eeb kho\u1ea3ng th\u00e1ng 11 d\u01b0\u01a1ng l\u1ecbch \u0111\u1ebfn h\u1ebft th\u00e1ng 5 n\u0103m sau. C\u00e2y v\u1eabn ti\u1ebfp t\u1ee5c s\u1ed1ng qua m\u00f9a h\u00e8, \u0111\u1ebb c\u00e2y con v\u00e0 l\u1ea1i ra qu\u1ea3 v\u00e0o kho\u1ea3ng th\u00e1ng 11 ti\u1ebfp theo.<\/li>\n<li>V\u1ecb ng\u1ecdt t\u1ef1 nhi\u00ean: Qu\u1ea3 <strong><em>d\u00e2u<\/em><\/strong><strong><em> t\u00e2y Hana<\/em><\/strong> ch\u00edn \u0111\u1ecf th\u1eabm, m\u1ecdng n\u01b0\u1edbc, v\u1ecb ng\u1ecdt thanh t\u1ef1 nhi\u00ean, c\u00f3 \u0111\u1ed9 gi\u00f2n ch\u1ee9 kh\u00f4ng qu\u00e1 m\u1ec1m, ph\u00f9 h\u1ee3p cho m\u1ecdi s\u1edf th\u00edch v\u00e0 k\u1ebft h\u1ee3p \u0111\u01b0\u1ee3c v\u1edbi nhi\u1ec1u m\u00f3n \u0103n th\u01a1m ngon.<\/li>\n<li>C\u00e2y d\u1ec5 tr\u1ed3ng: Gi\u1ed1ng <strong><em>d\u00e2u<\/em><\/strong><strong><em> t\u00e2y<\/em><\/strong><strong><em> Hana<\/em><\/strong> hi\u1ec7n nay \u0111\u01b0\u1ee3c m\u1ea1nh danh l\u00e0 vua c\u1ee7a c\u00e1c lo\u1ea1i d\u00e2u \u1edf Vi\u1ec7t Nam v\u00ec \u0111\u1ed9 d\u1ec5 ch\u0103m, kh\u1ecfe v\u00e0 t\u1ec9 l\u1ec7 tr\u00e1i to, ng\u1ecdt, \u00edt chua.<\/li>\n<\/ul>\n<p style=\"text-align: center;\"><img loading=\"lazy\" decoding=\"async\" class=\"alignnone size-large wp-image-403\" src=\"https:\/\/vuoncauvong.com\/wp-content\/uploads\/2024\/11\/z6069111358705_8fbe5b5150bf319d02fbd6d59e582938-1024x680.jpg\" alt=\"\" width=\"1020\" height=\"677\" \/> <img loading=\"lazy\" decoding=\"async\" class=\"alignnone size-large wp-image-404\" src=\"https:\/\/vuoncauvong.com\/wp-content\/uploads\/2024\/11\/z6069111358803_d07e5726ebee3a53b03bdc6873de1b79-1024x680.jpg\" alt=\"\" width=\"1020\" height=\"677\" srcset=\"https:\/\/vuoncauvong.com\/wp-content\/uploads\/2024\/11\/z6069111358803_d07e5726ebee3a53b03bdc6873de1b79-1024x680.jpg 1024w, https:\/\/vuoncauvong.com\/wp-content\/uploads\/2024\/11\/z6069111358803_d07e5726ebee3a53b03bdc6873de1b79-2000x1328.jpg 2000w, https:\/\/vuoncauvong.com\/wp-content\/uploads\/2024\/11\/z6069111358803_d07e5726ebee3a53b03bdc6873de1b79-300x199.jpg 300w, https:\/\/vuoncauvong.com\/wp-content\/uploads\/2024\/11\/z6069111358803_d07e5726ebee3a53b03bdc6873de1b79-768x510.jpg 768w, https:\/\/vuoncauvong.com\/wp-content\/uploads\/2024\/11\/z6069111358803_d07e5726ebee3a53b03bdc6873de1b79-1536x1020.jpg 1536w, https:\/\/vuoncauvong.com\/wp-content\/uploads\/2024\/11\/z6069111358803_d07e5726ebee3a53b03bdc6873de1b79-2048x1360.jpg 2048w, https:\/\/vuoncauvong.com\/wp-content\/uploads\/2024\/11\/z6069111358803_d07e5726ebee3a53b03bdc6873de1b79-1320x877.jpg 1320w\" sizes=\"auto, (max-width: 1020px) 100vw, 1020px\" \/><\/p>\n<p>Mua <strong><em>c<\/em><\/strong><strong><em>\u00e2y gi\u1ed1ng d\u00e2u t\u00e2y <\/em><\/strong>\u1edf \u0111\u00e2u? \u0110\u1ec3 mua \u0111\u01b0\u1ee3c c\u00e2y gi\u1ed1ng <strong><em>c<\/em><\/strong><strong><em>\u00e2y gi\u1ed1ng d\u00e2u t\u00e2y <\/em><\/strong>kh\u1ecfe, gi\u00e0 c\u00e2y, b\u1ea1n n\u00ean t\u1edbi V\u01b0\u1eddn C\u1ea7u V\u1ed3ng &#8211; m\u1ed9t v\u01b0\u1eddn c\u00e2y c\u00f3 uy t\u00edn t\u1ea1i H\u00e0 N\u1ed9i.<br \/>\nN\u1ebfu b\u1ea1n mu\u1ed1n mua <strong><em>c<\/em><\/strong><strong><em>\u00e2y gi\u1ed1ng d\u00e2u t\u00e2y <\/em><\/strong>m\u00e0 ch\u01b0a r\u00f5 c\u00e1ch ch\u0103m s\u00f3c hay g\u1eb7p v\u1ea5n \u0111\u1ec1 khi ch\u0103m s\u00f3c, \u0111\u1eebng ng\u1ea7n ng\u1ea1i li\u00ean h\u1ec7 V\u01b0\u1eddn C\u1ea7u V\u1ed3ng \u0111\u1ec3 \u0111\u01b0\u1ee3c h\u01b0\u1edbng d\u1eabn mi\u1ec5n ph\u00ed.<\/p>\n<p style=\"text-align: center;\"><img loading=\"lazy\" decoding=\"async\" class=\"alignnone size-large wp-image-402\" src=\"https:\/\/vuoncauvong.com\/wp-content\/uploads\/2024\/11\/z6069111364879_5aef48981182884478c8b176dac71824-768x1024.jpg\" alt=\"\" width=\"768\" height=\"1024\" srcset=\"https:\/\/vuoncauvong.com\/wp-content\/uploads\/2024\/11\/z6069111364879_5aef48981182884478c8b176dac71824-768x1024.jpg 768w, https:\/\/vuoncauvong.com\/wp-content\/uploads\/2024\/11\/z6069111364879_5aef48981182884478c8b176dac71824-225x300.jpg 225w, https:\/\/vuoncauvong.com\/wp-content\/uploads\/2024\/11\/z6069111364879_5aef48981182884478c8b176dac71824-1152x1536.jpg 1152w, https:\/\/vuoncauvong.com\/wp-content\/uploads\/2024\/11\/z6069111364879_5aef48981182884478c8b176dac71824-1536x2048.jpg 1536w, https:\/\/vuoncauvong.com\/wp-content\/uploads\/2024\/11\/z6069111364879_5aef48981182884478c8b176dac71824-1320x1760.jpg 1320w, https:\/\/vuoncauvong.com\/wp-content\/uploads\/2024\/11\/z6069111364879_5aef48981182884478c8b176dac71824-100x133.jpg 100w, https:\/\/vuoncauvong.com\/wp-content\/uploads\/2024\/11\/z6069111364879_5aef48981182884478c8b176dac71824.jpg 1920w\" sizes=\"auto, (max-width: 768px) 100vw, 768px\" \/><\/p>\n<p><strong>\u0110\u1ecba ch\u1ec9: V\u01b0\u1eddn C\u1ea7u V\u1ed3ng \u2013 cu\u1ed1i ng\u00f5 309 Ph\u00fa<\/strong><strong> Di\u1ec5n<\/strong> (\u0111i h\u1ebft \u0111\u01b0\u1eddng b\u00ea t\u00f4ng, \u0111i th\u00eam 30m \u0111\u01b0\u1eddng \u0111\u1ea5t, k\u1ecbch ng\u00f5 l\u00e0 V\u01b0\u1eddn C\u1ea7u V\u1ed3ng)<\/p>\n<p>Th\u1eddi gian m\u1edf c\u1eeda: 8h30 -18h<\/p>\n<p>\u0110T: 03.4884.6606 \u2013 03.8284.6606<\/p>\n<p>\ud835\udde0\ud835\uddee\ud835\uddfd: https:\/\/goo.gl\/maps\/dgkwvkpfxyJttKKS9<\/p>\n<p>\ud835\udddf\ud835\uddf6\ud835\uddfb\ud835\uddf8 \ud835\uddfa\ud835\ude02\ud835\uddee \ud835\uddfc\ud835\uddfb\ud835\uddf9\ud835\uddf6\ud835\uddfb\ud835\uddf2: https:\/\/vuoncauvong.com<\/p>\n<p>\ud835\udddf\ud835\uddf6\ud835\uddfb\ud835\uddf8 \ud835\udde6\ud835\uddf5\ud835\uddfc\ud835\uddfd\ud835\uddf2\ud835\uddf2 https:\/\/shope.ee\/8eubYh9rNq<\/p>\n<p>\u26a1 V\u01b0\u1eddn c\u00f3 tuy\u1ec3n CTV b\u00e1n sen \u0111\u00e1 \u26a1<\/p>\n<p>#sen\u0111\u00e1 #v\u01b0\u1eddnc\u1ea7uv\u1ed3ng #vuoncauvong #309Ph\u00faDi\u1ec5n<\/p>\n<p>&nbsp;<\/p>\n","protected":false},"excerpt":{"rendered":"<p>C\u00e2y gi\u1ed1ng <strong><em>d\u00e2u t\u00e2y<\/em><\/strong> (ng\u00f3 d\u00e2u t\u00e2y) Hana ch\u1ecbu nhi\u1ec7t. C\u00e2y kh\u1ecfe m\u1ea1nh, r\u1ec5 ph\u00e1t tri\u1ec3n t\u1ed1t, d\u1ec5 ch\u0103m, d\u1ec5 tr\u1ed3ng.<\/p>\n","protected":false},"featured_media":403,"comment_status":"open","ping_status":"closed","template":"","meta":[],"product_brand":[],"product_cat":[31],"product_tag":[],"class_list":{"0":"post-401","1":"product","2":"type-product","3":"status-publish","4":"has-post-thumbnail","6":"product_cat-cay-giong-an-qua","8":"first","9":"instock","10":"sale","11":"shipping-taxable","12":"purchasable","13":"product-type-simple"},"jetpack_sharing_enabled":true,"_links":{"self":[{"href":"https:\/\/vuoncauvong.com\/index.php\/wp-json\/wp\/v2\/product\/401","targetHints":{"allow":["GET"]}}],"collection":[{"href":"https:\/\/vuoncauvong.com\/index.php\/wp-json\/wp\/v2\/product"}],"about":[{"href":"https:\/\/vuoncauvong.com\/index.php\/wp-json\/wp\/v2\/types\/product"}],"replies":[{"embeddable":true,"href":"https:\/\/vuoncauvong.com\/index.php\/wp-json\/wp\/v2\/comments?post=401"}],"wp:featuredmedia":[{"embeddable":true,"href":"https:\/\/vuoncauvong.com\/index.php\/wp-json\/wp\/v2\/media\/403"}],"wp:attachment":[{"href":"https:\/\/vuoncauvong.com\/index.php\/wp-json\/wp\/v2\/media?parent=401"}],"wp:term":[{"taxonomy":"product_brand","embeddable":true,"href":"https:\/\/vuoncauvong.com\/index.php\/wp-json\/wp\/v2\/product_brand?post=401"},{"taxonomy":"product_cat","embeddable":true,"href":"https:\/\/vuoncauvong.com\/index.php\/wp-json\/wp\/v2\/product_cat?post=401"},{"taxonomy":"product_tag","embeddable":true,"href":"https:\/\/vuoncauvong.com\/index.php\/wp-json\/wp\/v2\/product_tag?post=401"}],"curies":[{"name":"wp","href":"https:\/\/api.w.org\/{rel}","templated":true}]}}