{"id":398,"date":"2024-11-30T00:21:29","date_gmt":"2024-11-29T17:21:29","guid":{"rendered":"https:\/\/vuoncauvong.com\/?post_type=product&#038;p=398"},"modified":"2024-12-22T09:29:54","modified_gmt":"2024-12-22T02:29:54","slug":"cay-huong-thao-rosemary","status":"publish","type":"product","link":"https:\/\/vuoncauvong.com\/index.php\/san-pham\/cay-huong-thao-rosemary\/","title":{"rendered":"C\u00e2y h\u01b0\u01a1ng th\u1ea3o rosemary"},"content":{"rendered":"<p><em><strong>C\u00e2y h\u01b0\u01a1ng th\u1ea3o<\/strong><\/em> ch\u1eadu nh\u1ee1 size ch\u1eadu kho\u1ea3ng 10cm xu\u1ea5t b\u00e1n t\u1ea1i V\u01b0\u1eddn C\u1ea7u V\u1ed3ng.<\/p>\n<p><em><strong>C\u00e2y<\/strong><\/em> <em><strong>h\u01b0\u01a1ng th\u1ea3o<\/strong><\/em> (<strong><em>Rosemary<\/em><\/strong>) c\u00f3 t\u00ean g\u1ecdi kh\u00e1c l\u00e0 c\u00e2y t\u00e2y d\u01b0\u01a1ng ch\u1ed5i thu\u1ed9c h\u1ecd hoa m\u00f4i. <em><strong>C\u00e2y h\u01b0\u01a1ng th\u1ea3o<\/strong><\/em> c\u00f3 ngu\u1ed3n g\u1ed1c \u1edf v\u00f9ng \u0110\u1ecba Trung H\u1ea3i v\u00e0 \u0111\u01b0\u1ee3c tr\u1ed3ng nhi\u1ec1u \u1edf Nam \u00c2u, T\u00e2y \u00c1 v\u00e0 B\u1eafc Phi.<\/p>\n<p>L\u00e0 <em><strong>h\u01b0\u01a1ng th\u1ea3o<\/strong><\/em>\u00a0c\u00f3 l\u00e1 nh\u1ecf, c\u00f3 m\u00e9p g\u1eadp xu\u1ed1ng, m\u00e0u xanh s\u1eabm, ph\u1ee7 l\u00f4ng r\u1ea3i r\u00e1c \u1edf m\u1eb7t d\u01b0\u1edbi.\u00a0L\u00e1 <em><strong>h\u01b0\u01a1ng th\u1ea3o<\/strong><\/em> th\u01b0\u1eddng m\u1ecdc \u1edf n\u01a1i c\u00f3 kh\u00ed h\u1eadu kh\u00f4 v\u00e0 \u1ea5m \u00e1p.<\/p>\n<h4>C\u00e2y <em><strong>h\u01b0\u01a1ng th\u1ea3o<\/strong><\/em> l\u00e0 lo\u00e0i c\u00e2y c\u00f3 nhi\u1ec1u t\u00e1c d\u1ee5ng \u0111\u1ed1i v\u1edbi cu\u1ed9c s\u1ed1ng h\u00e0ng ng\u00e0y c\u1ee7a ch\u00fang ta, nh\u01b0 thanh l\u1ecdc kh\u00f4ng kh\u00ed, \u0111u\u1ed5i mu\u1ed7i, tr\u1ecb b\u1ec7nh ho\u1eb7c d\u00f9ng \u0111\u1ec3 l\u00e0m c\u00e2y c\u1ea3nh phong th\u1ee7y \u0111\u1ec3 trang tr\u00ed \u1edf nh\u00e0. C\u00f3 th\u1ec3 t\u1ef1 tr\u1ed3ng <em><strong>c\u00e2y h\u01b0\u01a1ng th\u1ea3o<\/strong><\/em> theo s\u1edf th\u00edch c\u1ee7a b\u1ea3n th\u00e2n m\u1ed9t c\u00e1ch d\u1ec5 d\u00e0ng.<\/h4>\n<p><em><strong>C\u00e2y h\u01b0\u01a1ng th\u1ea3o<\/strong><\/em> th\u01b0\u1eddng kh\u00f4ng kh\u00f3 tr\u1ed3ng, v\u00e0 m\u1ed9t khi \u0111\u00e3 b\u00e9n r\u1ec5 th\u00ec lo\u00e0i c\u00e2y b\u1ee5i th\u00e2n g\u1ed7 l\u01b0u ni\u00ean n\u00e0y s\u1ebd sinh tr\u01b0\u1edfng t\u1ed1t trong nhi\u1ec1u n\u0103m. V\u1edbi h\u01b0\u01a1ng th\u01a1m lan t\u1ecfa ng\u1ecdt ng\u00e0o m\u00e0 <em><strong>c\u00e2y h\u01b0\u01a1ng th\u1ea3o<\/strong><\/em> mang l\u1ea1i l\u00e0m cho b\u1ea3n th\u00e2n c\u00f3 \u0111\u01b0\u1ee3c nh\u1eefng ph\u00fat gi\u00e2y th\u01b0 gi\u00e3n nh\u1eb9 nh\u00e0ng sau ng\u00e0y \u0111i l\u00e0m m\u1ec7t m\u1ecfi.<\/p>\n<p style=\"text-align: center;\">\u00a0<img loading=\"lazy\" decoding=\"async\" class=\"alignnone size-large wp-image-399\" src=\"https:\/\/vuoncauvong.com\/wp-content\/uploads\/2024\/11\/z6044880157975_dba232ba8c8014b9a548e8924b8a7d0d-680x1024.jpg\" alt=\"\" width=\"680\" height=\"1024\" \/><\/p>\n<p>Mua <b><i>c\u00e2y h\u01b0\u01a1ng th\u1ea3o <\/i><\/b>\u1edf \u0111\u00e2u? \u0110\u1ec3 mua \u0111\u01b0\u1ee3c c\u00e2y gi\u1ed1ng<strong><em> c\u00e2y h\u01b0\u01a1ng th\u1ea3o<\/em><\/strong> kh\u1ecfe, gi\u00e0 c\u00e2y, b\u1ea1n n\u00ean t\u1edbi V\u01b0\u1eddn C\u1ea7u V\u1ed3ng &#8211; m\u1ed9t v\u01b0\u1eddn c\u00e2y c\u00f3 uy t\u00edn t\u1ea1i H\u00e0 N\u1ed9i.<br \/>\nN\u1ebfu b\u1ea1n mu\u1ed1n mua <strong><em>c\u00e2y h\u01b0\u01a1ng th\u1ea3o<\/em><\/strong>\u00a0m\u00e0 ch\u01b0a r\u00f5 c\u00e1ch ch\u0103m s\u00f3c hay g\u1eb7p v\u1ea5n \u0111\u1ec1 khi ch\u0103m s\u00f3c, \u0111\u1eebng ng\u1ea7n ng\u1ea1i li\u00ean h\u1ec7 V\u01b0\u1eddn C\u1ea7u V\u1ed3ng \u0111\u1ec3 \u0111\u01b0\u1ee3c h\u01b0\u1edbng d\u1eabn mi\u1ec5n ph\u00ed.<\/p>\n<p><strong>\u0110\u1ecba ch\u1ec9: V\u01b0\u1eddn C\u1ea7u V\u1ed3ng \u2013 cu\u1ed1i ng\u00f5 309 Ph\u00fa<\/strong><strong> Di\u1ec5n<\/strong> (\u0111i h\u1ebft \u0111\u01b0\u1eddng b\u00ea t\u00f4ng, \u0111i th\u00eam 30m \u0111\u01b0\u1eddng \u0111\u1ea5t, k\u1ecbch ng\u00f5 l\u00e0 V\u01b0\u1eddn C\u1ea7u V\u1ed3ng)<\/p>\n<p>Th\u1eddi gian m\u1edf c\u1eeda: 8h30 -18h<\/p>\n<p>\u0110T: 03.4884.6606 \u2013 03.8284.6606<\/p>\n<p>\ud835\udde0\ud835\uddee\ud835\uddfd: https:\/\/goo.gl\/maps\/dgkwvkpfxyJttKKS9<\/p>\n<p>\ud835\udddf\ud835\uddf6\ud835\uddfb\ud835\uddf8 \ud835\uddfa\ud835\ude02\ud835\uddee \ud835\uddfc\ud835\uddfb\ud835\uddf9\ud835\uddf6\ud835\uddfb\ud835\uddf2: https:\/\/vuoncauvong.com<\/p>\n<p>\ud835\udddf\ud835\uddf6\ud835\uddfb\ud835\uddf8 \ud835\udde6\ud835\uddf5\ud835\uddfc\ud835\uddfd\ud835\uddf2\ud835\uddf2 https:\/\/shope.ee\/8eubYh9rNq<\/p>\n<p>\u26a1 V\u01b0\u1eddn c\u00f3 tuy\u1ec3n CTV b\u00e1n sen \u0111\u00e1 \u26a1<\/p>\n<p>#sen\u0111\u00e1 #v\u01b0\u1eddnc\u1ea7uv\u1ed3ng #vuoncauvong #309Ph\u00faDi\u1ec5n<\/p>\n","protected":false},"excerpt":{"rendered":"<p><em><strong>C\u00e2y<\/strong><\/em> <em><strong>h\u01b0\u01a1ng th\u1ea3o<\/strong><\/em> (<strong><em>Rosemary<\/em><\/strong>) c\u00f3 t\u00ean g\u1ecdi kh\u00e1c l\u00e0 c\u00e2y t\u00e2y d\u01b0\u01a1ng ch\u1ed5i thu\u1ed9c h\u1ecd hoa m\u00f4i. <em><strong>C\u00e2y h\u01b0\u01a1ng th\u1ea3o<\/strong><\/em> c\u00f3 ngu\u1ed3n g\u1ed1c \u1edf v\u00f9ng \u0110\u1ecba Trung H\u1ea3i v\u00e0 \u0111\u01b0\u1ee3c tr\u1ed3ng nhi\u1ec1u \u1edf Nam \u00c2u, T\u00e2y \u00c1 v\u00e0 B\u1eafc Phi.<\/p>\n","protected":false},"featured_media":399,"comment_status":"open","ping_status":"closed","template":"","meta":[],"product_brand":[],"product_cat":[30],"product_tag":[],"class_list":{"0":"post-398","1":"product","2":"type-product","3":"status-publish","4":"has-post-thumbnail","6":"product_cat-cay-gia-vi","8":"first","9":"instock","10":"sale","11":"shipping-taxable","12":"purchasable","13":"product-type-simple"},"jetpack_sharing_enabled":true,"_links":{"self":[{"href":"https:\/\/vuoncauvong.com\/index.php\/wp-json\/wp\/v2\/product\/398","targetHints":{"allow":["GET"]}}],"collection":[{"href":"https:\/\/vuoncauvong.com\/index.php\/wp-json\/wp\/v2\/product"}],"about":[{"href":"https:\/\/vuoncauvong.com\/index.php\/wp-json\/wp\/v2\/types\/product"}],"replies":[{"embeddable":true,"href":"https:\/\/vuoncauvong.com\/index.php\/wp-json\/wp\/v2\/comments?post=398"}],"wp:featuredmedia":[{"embeddable":true,"href":"https:\/\/vuoncauvong.com\/index.php\/wp-json\/wp\/v2\/media\/399"}],"wp:attachment":[{"href":"https:\/\/vuoncauvong.com\/index.php\/wp-json\/wp\/v2\/media?parent=398"}],"wp:term":[{"taxonomy":"product_brand","embeddable":true,"href":"https:\/\/vuoncauvong.com\/index.php\/wp-json\/wp\/v2\/product_brand?post=398"},{"taxonomy":"product_cat","embeddable":true,"href":"https:\/\/vuoncauvong.com\/index.php\/wp-json\/wp\/v2\/product_cat?post=398"},{"taxonomy":"product_tag","embeddable":true,"href":"https:\/\/vuoncauvong.com\/index.php\/wp-json\/wp\/v2\/product_tag?post=398"}],"curies":[{"name":"wp","href":"https:\/\/api.w.org\/{rel}","templated":true}]}}