{"id":396,"date":"2024-11-30T00:11:07","date_gmt":"2024-11-29T17:11:07","guid":{"rendered":"https:\/\/vuoncauvong.com\/?post_type=product&#038;p=396"},"modified":"2024-11-30T00:11:07","modified_gmt":"2024-11-29T17:11:07","slug":"cay-ham-huong","status":"publish","type":"product","link":"https:\/\/vuoncauvong.com\/index.php\/san-pham\/cay-ham-huong\/","title":{"rendered":"C\u00e2y h\u00e0m h\u01b0\u01a1ng"},"content":{"rendered":"<p><em><strong>C\u00e2y h\u00e0m h\u01b0\u01a1ng<\/strong><\/em> l\u00e0 m\u1ed9t lo\u1ea1i c\u00e2y l\u00e2u n\u0103m v\u00e0 b\u1ee5i nh\u1ecf, th\u01b0\u1eddng xanh. <em><strong>C\u00e2y h\u00e0m h\u01b0\u01a1ng<\/strong><\/em> khi tr\u01b0\u1edfng th\u00e0nh c\u00f3 chi\u1ec1u cao l\u00ean \u0111\u1ebfn 2 m\u00e9t v\u00e0 \u0111\u01b0\u1eddng k\u00ednh th\u00e2n c\u00e2y t\u1eeb 5-10 cm. L\u00e1 c\u00e2y r\u1ea5t nh\u1ecf, c\u00f3 chi\u1ec1u d\u00e0i kho\u1ea3ng 5-10 mm, c\u00f3 m\u00f9i th\u01a1m, m\u00e9p l\u00e1 nh\u0103n v\u00e0 cu\u1ed9n l\u1ea1i \u1edf m\u00e9p.<\/p>\n<p><em><strong>C\u00e2y h\u00e0m h\u01b0\u01a1ng<\/strong><\/em> l\u00e0 m\u1ed9t l\u1ef1a ch\u1ecdn ph\u1ed5 bi\u1ebfn cho ng\u01b0\u1eddi y\u00eau c\u00e2y c\u1ea3nh v\u00e0 th\u01b0\u1eddng \u0111\u01b0\u1ee3c s\u1eed d\u1ee5ng l\u00e0m bonsai \u0111\u1ec3 trang tr\u00ed khu v\u01b0\u1eddn. Ngo\u00e0i ra, b\u1ea1n c\u00f3 th\u1ec3 c\u1eaft t\u1ec9a <em><strong>c\u00e2y h\u00e0m h\u01b0\u01a1ng<\/strong><\/em> \u0111\u1ec3 t\u1ea1o h\u00ecnh nh\u1ecf g\u1ecdn v\u00e0 \u0111\u1eb9p m\u1eaft \u0111\u1ec3 l\u00e0m c\u00e2y trang tr\u00ed b\u00e0n.<\/p>\n<p>L\u00e1 v\u00e0 hoa c\u1ee7a <em><strong>c<\/strong><strong>\u00e2y h\u00e0m h\u01b0\u01a1ng<\/strong><\/em> mang h\u01b0\u01a1ng th\u01a1m d\u1ecbu nh\u1eb9, nh\u01b0 s\u1ef1 k\u1ebft h\u1ee3p c\u1ee7a c\u00e1c lo\u1ea1i tr\u00e1i c\u00e2y, th\u00edch h\u1ee3p cho vi\u1ec7c pha tr\u00e0 \u0111\u1ec3 t\u0103ng th\u00eam h\u01b0\u01a1ng v\u1ecb. Ngo\u00e0i ra, nhi\u1ec1u \u0111\u1ea7u b\u1ebfp s\u1eed d\u1ee5ng hoa h\u00e0m h\u01b0\u01a1ng \u0111\u1ec3 t\u00ecm ki\u1ebfm nh\u1eefng h\u01b0\u01a1ng v\u1ecb m\u1edbi cho c\u00e1c m\u00f3n \u0103n.<\/p>\n<p><strong>C\u00e1ch tr\u1ed3ng v\u00e0 ch\u0103m s\u00f3c c\u00e2y h\u00e0m h\u01b0\u01a1ng<\/strong><\/p>\n<p>C\u00e1ch tr\u1ed3ng <em><strong>c\u00e2y h\u00e0m h\u01b0\u01a1ng<\/strong><\/em> t\u1ea1i nh\u00e0<\/p>\n<p><em><strong>C\u00e2y h\u00e0m h\u01b0\u01a1ng<\/strong><\/em> th\u00edch n\u1eafng, th\u00edch h\u1ee3p v\u1edbi th\u1eddi ti\u1ebft m\u00e1t m\u1ebb v\u00e0 \u0111\u1ed9 \u1ea9m cao m\u00e0 kh\u00f4ng th\u00edch kh\u00f4 h\u1ea1n. B\u1ea1n c\u00f3 th\u1ec3 d\u00f9ng m\u00e1i che ho\u1eb7c tr\u1ed3ng c\u00e2y d\u01b0\u1edbi b\u00f3ng c\u00e2y \u0111\u1ec3 c\u00e2y ph\u00e1t tri\u1ec3n trong \u0111i\u1ec1u ki\u1ec7n nhi\u1ec7t \u0111\u1ed9 t\u1ed1t nh\u1ea5t.<\/p>\n<p>\u0110\u1ea5t t\u01a1i x\u1ed1p, gi\u00e0u dinh d\u01b0\u1ee1ng v\u00e0 pH trung t\u00ednh l\u00e0 l\u1ef1a ch\u1ecdn t\u1ed1t \u0111\u1ec3 tr\u1ed3ng <em><strong>c\u00e2y h\u00e0m h\u01b0\u01a1ng<\/strong><\/em>. B\u1ea1n c\u00f3 th\u1ec3 nh\u00e2n gi\u1ed1ng c\u00e2y b\u1eb1ng c\u00e1ch c\u1eaft c\u00e0nh v\u00e0o m\u00f9a xu\u00e2n ho\u1eb7c \u0111\u1ea7u m\u00f9a h\u00e8 trong nh\u1eefng ng\u00e0y m\u00e1t m\u1ebb \u0111\u1ec3 c\u00e2y ph\u00e1t tri\u1ec3n t\u1ed1t nh\u1ea5t.<\/p>\n<p><strong>C\u00e1ch ch\u0103m s\u00f3c c\u00e2y h\u00e0m h\u01b0\u01a1ng<\/strong><\/p>\n<p><em><strong>C\u00e2y h\u00e0m h\u01b0\u01a1ng<\/strong><\/em> kh\u00f4ng th\u1ec3 ch\u1ecbu \u0111\u01b0\u1ee3c kh\u00f4 h\u1ea1n, v\u00ec v\u1eady h\u00e3y \u0111\u1ea3m b\u1ea3o t\u01b0\u1edbi n\u01b0\u1edbc \u0111\u1ec1u \u0111\u1eb7n. Khi <em><strong>c\u00e2y h\u00e0m h\u01b0\u01a1ng<\/strong><\/em> h\u00e9o, th\u1eadm ch\u00ed khi b\u1ea1n t\u01b0\u1edbi n\u01b0\u1edbc, c\u00e2y c\u0169ng kh\u00f3 kh\u00f4i ph\u1ee5c. Sau khi t\u01b0\u1edbi n\u01b0\u1edbc, b\u1ea1n c\u00f3 th\u1ec3 ki\u1ec3m tra \u0111\u1ed9 \u1ea9m c\u1ee7a ch\u1eadu b\u1eb1ng c\u00e1ch n\u00e2ng ch\u1eadu l\u00ean v\u00e0 c\u1ea3m nh\u1eadn tr\u1ecdng l\u01b0\u1ee3ng c\u1ee7a n\u00f3.<\/p>\n<p>N\u00ean thay \u0111\u1ea5t cho ch\u1eadu h\u00e0m h\u01b0\u01a1ng sau 1 \u0111\u1ebfn 2 n\u0103m \u0111\u1ec3 tr\u00e1nh \u0111\u1ea5t tr\u1edf n\u00ean ch\u1eb7t v\u00e0 t\u00edch t\u1ee5 nhi\u1ec1u mu\u1ed1i nitrat sau th\u1eddi gian d\u00e0i s\u1eed d\u1ee5ng. Th\u1eddi gian th\u00edch h\u1ee3p nh\u1ea5t \u0111\u1ec3 thay \u0111\u1ea5t l\u00e0 v\u00e0o \u0111\u1ea7u m\u00f9a h\u00e8.<\/p>\n<p style=\"text-align: center;\"><img loading=\"lazy\" decoding=\"async\" class=\"alignnone size-large wp-image-397\" src=\"https:\/\/vuoncauvong.com\/wp-content\/uploads\/2024\/11\/z6044880175177_66f5c97c2761aeb7633d1f7ded0ff7bd-1024x680.jpg\" alt=\"\" width=\"1020\" height=\"677\" \/><\/p>\n<p><strong>\u0110\u1ecba ch\u1ec9: V\u01b0\u1eddn C\u1ea7u V\u1ed3ng \u2013 cu\u1ed1i ng\u00f5 309 Ph\u00fa<\/strong><strong> Di\u1ec5n<\/strong> (\u0111i h\u1ebft \u0111\u01b0\u1eddng b\u00ea t\u00f4ng, \u0111i th\u00eam 30m \u0111\u01b0\u1eddng \u0111\u1ea5t, k\u1ecbch ng\u00f5 l\u00e0 V\u01b0\u1eddn C\u1ea7u V\u1ed3ng)<\/p>\n<p>Th\u1eddi gian m\u1edf c\u1eeda: 8h30 -18h<\/p>\n<p>\u0110T: 03.4884.6606 \u2013 03.8284.6606<\/p>\n<p>\ud835\udde0\ud835\uddee\ud835\uddfd: https:\/\/goo.gl\/maps\/dgkwvkpfxyJttKKS9<\/p>\n<p>\ud835\udddf\ud835\uddf6\ud835\uddfb\ud835\uddf8 \ud835\uddfa\ud835\ude02\ud835\uddee \ud835\uddfc\ud835\uddfb\ud835\uddf9\ud835\uddf6\ud835\uddfb\ud835\uddf2: https:\/\/vuoncauvong.com<\/p>\n<p>\ud835\udddf\ud835\uddf6\ud835\uddfb\ud835\uddf8 \ud835\udde6\ud835\uddf5\ud835\uddfc\ud835\uddfd\ud835\uddf2\ud835\uddf2 https:\/\/shope.ee\/8eubYh9rNq<\/p>\n<p>\u26a1 V\u01b0\u1eddn c\u00f3 tuy\u1ec3n CTV b\u00e1n sen \u0111\u00e1 \u26a1<\/p>\n<p>#sen\u0111\u00e1 #v\u01b0\u1eddnc\u1ea7uv\u1ed3ng #vuoncauvong #309Ph\u00faDi\u1ec5n<\/p>\n<p>&nbsp;<\/p>\n","protected":false},"excerpt":{"rendered":"<p><em><strong>C\u00e2y h\u00e0m h\u01b0\u01a1ng<\/strong><\/em> l\u00e0 m\u1ed9t l\u1ef1a ch\u1ecdn ph\u1ed5 bi\u1ebfn cho ng\u01b0\u1eddi y\u00eau c\u00e2y c\u1ea3nh v\u00e0 th\u01b0\u1eddng \u0111\u01b0\u1ee3c s\u1eed d\u1ee5ng l\u00e0m bonsai \u0111\u1ec3 trang tr\u00ed khu v\u01b0\u1eddn. Ngo\u00e0i ra, b\u1ea1n c\u00f3 th\u1ec3 c\u1eaft t\u1ec9a <em><strong>c\u00e2y h\u00e0m h\u01b0\u01a1ng<\/strong><\/em> \u0111\u1ec3 t\u1ea1o h\u00ecnh nh\u1ecf g\u1ecdn v\u00e0 \u0111\u1eb9p m\u1eaft \u0111\u1ec3 l\u00e0m c\u00e2y trang tr\u00ed b\u00e0n.<\/p>\n","protected":false},"featured_media":397,"comment_status":"open","ping_status":"closed","template":"","meta":[],"product_brand":[],"product_cat":[30],"product_tag":[],"class_list":{"0":"post-396","1":"product","2":"type-product","3":"status-publish","4":"has-post-thumbnail","6":"product_cat-cay-gia-vi","8":"first","9":"instock","10":"sale","11":"shipping-taxable","12":"purchasable","13":"product-type-simple"},"jetpack_sharing_enabled":true,"_links":{"self":[{"href":"https:\/\/vuoncauvong.com\/index.php\/wp-json\/wp\/v2\/product\/396","targetHints":{"allow":["GET"]}}],"collection":[{"href":"https:\/\/vuoncauvong.com\/index.php\/wp-json\/wp\/v2\/product"}],"about":[{"href":"https:\/\/vuoncauvong.com\/index.php\/wp-json\/wp\/v2\/types\/product"}],"replies":[{"embeddable":true,"href":"https:\/\/vuoncauvong.com\/index.php\/wp-json\/wp\/v2\/comments?post=396"}],"wp:featuredmedia":[{"embeddable":true,"href":"https:\/\/vuoncauvong.com\/index.php\/wp-json\/wp\/v2\/media\/397"}],"wp:attachment":[{"href":"https:\/\/vuoncauvong.com\/index.php\/wp-json\/wp\/v2\/media?parent=396"}],"wp:term":[{"taxonomy":"product_brand","embeddable":true,"href":"https:\/\/vuoncauvong.com\/index.php\/wp-json\/wp\/v2\/product_brand?post=396"},{"taxonomy":"product_cat","embeddable":true,"href":"https:\/\/vuoncauvong.com\/index.php\/wp-json\/wp\/v2\/product_cat?post=396"},{"taxonomy":"product_tag","embeddable":true,"href":"https:\/\/vuoncauvong.com\/index.php\/wp-json\/wp\/v2\/product_tag?post=396"}],"curies":[{"name":"wp","href":"https:\/\/api.w.org\/{rel}","templated":true}]}}