{"id":316,"date":"2024-11-26T22:13:55","date_gmt":"2024-11-26T15:13:55","guid":{"rendered":"https:\/\/vuoncauvong.com\/?post_type=product&#038;p=316"},"modified":"2025-02-09T01:20:41","modified_gmt":"2025-02-08T18:20:41","slug":"cay-la-chua","status":"publish","type":"product","link":"https:\/\/vuoncauvong.com\/index.php\/san-pham\/cay-la-chua\/","title":{"rendered":"C\u00e2y l\u00e1 chua"},"content":{"rendered":"<p><em><strong>C\u00e2y l\u00e1 chua <\/strong><\/em>l\u00e0 lo\u1ea1i c\u00e2y gia v\u1ecb c\u00f3 v\u1ecb chua, \u0111\u1ec3 \u0103n k\u00e8m \u0111\u1ed3 n\u01b0\u1edbng. B\u1ea7u c\u00e2y c\u00f3 \u0111\u01b0\u1eddng k\u00ednh b\u1ea7u \u0111\u1ea5t kho\u1ea3ng 10cm, c\u00e2y b\u1ee5i t\u01b0\u01a1ng t\u1ef1 nh\u01b0 h\u00ecnh.L\u00e1 c\u00e2y c\u0169ng r\u1ea5t \u0111\u1eb9p, ngo\u00e0i vi\u1ec7c c\u00f3 th\u1ec3 \u0103n \u0111\u01b0\u1ee3c, b\u1ea1n c\u0169ng c\u00f3 th\u1ec3 tr\u1ed3ng nh\u01b0 m\u1ed9t lo\u1ea1i c\u00e2y trang tr\u00ed cho ban c\u00f4ng, s\u00e2n v\u01b0\u1eddn th\u00eam m\u00e0u s\u1eafc.<br \/>\n<strong><em>C\u00e2y l\u00e1 <\/em><\/strong>c\u00f3 d\u1ec5 tr\u1ed3ng kh\u00f4ng? C\u00e2y l\u00e1 chua kh\u1ecfe,<strong><em>\u00a0<\/em><\/strong>c\u00f3 s\u1ee9c s\u1ed1ng t\u1ed1t, \u01b0a \u1ea9m. <strong><em>C\u00e2y l\u00e1 chua <\/em><\/strong>kh\u00e1 nhanh l\u1edbn, b\u1ea1n c\u00f3 th\u1ec3 tr\u1ed3ng v\u00e0i b\u1ea7u \u0111\u1ec3 b\u1ed5 sung cho v\u01b0\u1eddn gia v\u1ecb c\u1ee7a m\u00ecnh.<br \/>\nMua <strong><em>c\u00e2y l\u00e1 chua\u00a0<\/em><\/strong>\u1edf \u0111\u00e2u? \u0110\u1ec3 mua \u0111\u01b0\u1ee3c c\u00e2y gi\u1ed1ng<em><strong> c\u00e2y l\u00e1 chua <\/strong><\/em>kh\u1ecfe, \u0111\u1eb9p, b\u1ea1n n\u00ean t\u1edbi V\u01b0\u1eddn C\u1ea7u V\u1ed3ng &#8211; m\u1ed9t v\u01b0\u1eddn c\u00e2y c\u00f3 uy t\u00edn t\u1ea1i H\u00e0 N\u1ed9i. T\u1ea1i \u0111\u00e2y chuy\u00ean cung c\u1ea5p nh\u1eefng lo\u1ea1i c\u00e2y gia v\u1ecb ban c\u00f4ng \u0111a d\u1ea1ng m\u00e0 gi\u00e1 l\u1ea1i r\u1ea5t h\u1ee3p l\u00fd.<br \/>\nN\u1ebfu b\u1ea1n mu\u1ed1n mua <strong><em>c\u00e2y l\u00e1 chua\u00a0<\/em><\/strong>m\u00e0 ch\u01b0a r\u00f5 c\u00e1ch ch\u0103m s\u00f3c hay g\u1eb7p v\u1ea5n \u0111\u1ec1 khi ch\u0103m s\u00f3c, \u0111\u1eebng ng\u1ea7n ng\u1ea1i li\u00ean h\u1ec7 V\u01b0\u1eddn C\u1ea7u V\u1ed3ng \u0111\u1ec3 \u0111\u01b0\u1ee3c h\u01b0\u1edbng d\u1eabn mi\u1ec5n ph\u00ed.<\/p>\n<p><strong>C\u00c1CH TR\u1ed2NG:<\/strong><\/p>\n<ol>\n<li>Chu\u1ea9n b\u1ecb \u0111\u1ea5t: \u0111\u1ea5t tr\u1ed3ng c\u1ea7n t\u01a1i x\u1ed1p, d\u1ec5 tho\u00e1t n\u01b0\u1edbc \u0111\u1ec3 c\u00e2y c\u00f3 b\u1ed9 r\u1ec5 t\u1ed1t nh\u1ea5t. C\u00f3 r\u1ea5t nhi\u1ec1u c\u00f4ng th\u1ee9c tr\u1ed9n \u0111\u1ea5t kh\u00e1c nhau, shop th\u01b0\u1eddng tr\u1ed9n h\u1ed7n h\u1ee3p gi\u00e1 th\u1ec3 g\u1ed3m s\u1ec9 than \u0111\u1eadp nh\u1ecf, tr\u1ea5u hun, x\u01a1 d\u1eeba xay, \u0111\u00e1 perlite, ph\u00e2n b\u00f2 hoai m\u1ee5c, gi\u00e1 th\u1ec3 tribat, trichodemar ch\u1ed1ng n\u1ea5m. C\u0169ng kh\u00f4ng nh\u1ea5t thi\u1ebft ph\u1ea3i c\u00f3 \u0111\u1ee7 c\u00e1c th\u00e0nh ph\u1ea7n tr\u00ean, n\u1ebfu b\u1ea1n kh\u00f4ng c\u00f3 \u0111\u1ee7 t\u1ea5t c\u1ea3 c\u00e1c lo\u1ea1i n\u00e0y, c\u00e1c b\u1ea1n c\u00f3 th\u1ec3 tr\u1ed9n v\u1edbi tr\u1ea5u t\u01b0\u01a1i, s\u1ec9 than (ho\u1eb7c \u0111\u00e1 perlite) v\u00e0 \u0111\u1ea5t th\u1ecbt (m\u1ed9t l\u01b0\u1ee3ng nh\u1ecf). B\u1ea1n c\u00f3 th\u1ec3 gia gi\u1ea3m c\u00e1c ch\u1ea5t tr\u1ed3ng n\u00f3i tr\u00ean t\u00f9y thu\u1ed9c v\u00e0o m\u00f4i tr\u01b0\u1eddng tr\u1ed3ng c\u00e2y.<\/li>\n<li>Khi c\u00e2y m\u1edbi l\u1ea5y v\u1ec1 qua m\u1ed9t qu\u00e1 tr\u00ecnh v\u1eadn chuy\u1ec3n d\u00e0i, r\u1ec5 c\u00e2y c\u00f3 th\u1ec3 b\u1ecb \u1ea3nh h\u01b0\u1edfng, b\u1ea1n n\u00ean tr\u1ed3ng l\u1ea1i b\u1eb1ng c\u00e1ch nh\u1eb7t b\u1ecf c\u00e1c l\u00e1 gi\u00e0, \u00fang. Nh\u1eb9 nh\u00e0ng tr\u1ed3ng l\u1ea1i sang gi\u00e1 th\u1ec3 m\u1edbi \u0111\u00e3 tr\u1ed9n nh\u01b0 tr\u00ean<\/li>\n<li><span style=\"color: #555555;\">Khi m\u1edbi tr\u1ed3ng l\u1ea1i th\u00ec n\u00ean \u0111\u1ec3 c\u00e2y \u1edf ch\u1ed7 c\u00f3 n\u1eafng nh\u1eb9. Tr\u00e1nh n\u1eafng g\u1eaft s\u1ebd l\u00e0m ch\u00e1y l\u00e1 ho\u1eb7c s\u1ed1c nhi\u1ec7t.<\/span><\/li>\n<\/ol>\n<ol start=\"4\">\n<li>B\u1ea1n n\u00ean \u0111\u1ec3 c\u00e2y n\u01a1i kh\u00f4 tho\u00e1ng, c\u00f3 \u00e1nh n\u1eafng m\u1eb7t tr\u1eddi \u0111\u1ec3 c\u00e2y ph\u00e1t tri\u1ec3n t\u1ed1t nh\u1ea5t.<\/li>\n<\/ol>\n<p style=\"text-align: center;\"><img loading=\"lazy\" decoding=\"async\" class=\"alignnone wp-image-325 size-large\" src=\"https:\/\/vuoncauvong.com\/wp-content\/uploads\/2024\/11\/z6068666636908_e21106a7f0241839052bc289720d85d5-1024x724.jpg\" alt=\"\" width=\"1024\" height=\"724\" \/><\/p>\n<p><strong>\u0110\u1ecba ch\u1ec9: V\u01b0\u1eddn C\u1ea7u V\u1ed3ng \u2013 cu\u1ed1i ng\u00f5 309 Ph\u00fa<\/strong> <strong>Di\u1ec5n<\/strong> (\u0111i h\u1ebft \u0111\u01b0\u1eddng b\u00ea t\u00f4ng, \u0111i th\u00eam 30m \u0111\u01b0\u1eddng \u0111\u1ea5t, k\u1ecbch ng\u00f5 l\u00e0 V\u01b0\u1eddn C\u1ea7u V\u1ed3ng)<\/p>\n<p>Th\u1eddi gian m\u1edf c\u1eeda: 8h30 -18h<\/p>\n<p>\u0110T: 03.4884.6606 \u2013 03.8284.6606<\/p>\n<p>\ud835\udde0\ud835\uddee\ud835\uddfd: https:\/\/goo.gl\/maps\/dgkwvkpfxyJttKKS9<\/p>\n<p>\ud835\udddf\ud835\uddf6\ud835\uddfb\ud835\uddf8 \ud835\uddfa\ud835\ude02\ud835\uddee \ud835\uddfc\ud835\uddfb\ud835\uddf9\ud835\uddf6\ud835\uddfb\ud835\uddf2: https:\/\/vuoncauvong.com<\/p>\n<p>\ud835\udddf\ud835\uddf6\ud835\uddfb\ud835\uddf8 \ud835\udde6\ud835\uddf5\ud835\uddfc\ud835\uddfd\ud835\uddf2\ud835\uddf2 https:\/\/shope.ee\/8eubYh9rNq<\/p>\n<p>\u26a1 V\u01b0\u1eddn c\u00f3 tuy\u1ec3n CTV b\u00e1n sen \u0111\u00e1 \u26a1<\/p>\n<p>#sen\u0111\u00e1 #v\u01b0\u1eddnc\u1ea7uv\u1ed3ng #vuoncauvong #309Ph\u00faDi\u1ec5n<\/p>\n","protected":false},"excerpt":{"rendered":"<p><em><strong>C\u00e2y l\u00e1 chua <\/strong><\/em>l\u00e0 lo\u1ea1i c\u00e2y gia v\u1ecb c\u00f3 v\u1ecb chua, \u0111\u1ec3 \u0103n k\u00e8m \u0111\u1ed3 n\u01b0\u1edbng. B\u1ea7u c\u00e2y c\u00f3 \u0111\u01b0\u1eddng k\u00ednh b\u1ea7u \u0111\u1ea5t kho\u1ea3ng 10cm, c\u00e2y b\u1ee5i t\u01b0\u01a1ng t\u1ef1 nh\u01b0 h\u00ecnh.L\u00e1 c\u00e2y c\u0169ng r\u1ea5t \u0111\u1eb9p, ngo\u00e0i vi\u1ec7c c\u00f3 th\u1ec3 \u0103n \u0111\u01b0\u1ee3c, b\u1ea1n c\u0169ng c\u00f3 th\u1ec3 tr\u1ed3ng nh\u01b0 m\u1ed9t lo\u1ea1i c\u00e2y trang tr\u00ed cho ban c\u00f4ng, s\u00e2n v\u01b0\u1eddn th\u00eam m\u00e0u s\u1eafc.<\/p>\n","protected":false},"featured_media":325,"comment_status":"open","ping_status":"closed","template":"","meta":[],"product_brand":[],"product_cat":[30],"product_tag":[],"class_list":{"0":"post-316","1":"product","2":"type-product","3":"status-publish","4":"has-post-thumbnail","6":"product_cat-cay-gia-vi","8":"first","9":"instock","10":"sale","11":"shipping-taxable","12":"purchasable","13":"product-type-simple"},"jetpack_sharing_enabled":true,"_links":{"self":[{"href":"https:\/\/vuoncauvong.com\/index.php\/wp-json\/wp\/v2\/product\/316","targetHints":{"allow":["GET"]}}],"collection":[{"href":"https:\/\/vuoncauvong.com\/index.php\/wp-json\/wp\/v2\/product"}],"about":[{"href":"https:\/\/vuoncauvong.com\/index.php\/wp-json\/wp\/v2\/types\/product"}],"replies":[{"embeddable":true,"href":"https:\/\/vuoncauvong.com\/index.php\/wp-json\/wp\/v2\/comments?post=316"}],"wp:featuredmedia":[{"embeddable":true,"href":"https:\/\/vuoncauvong.com\/index.php\/wp-json\/wp\/v2\/media\/325"}],"wp:attachment":[{"href":"https:\/\/vuoncauvong.com\/index.php\/wp-json\/wp\/v2\/media?parent=316"}],"wp:term":[{"taxonomy":"product_brand","embeddable":true,"href":"https:\/\/vuoncauvong.com\/index.php\/wp-json\/wp\/v2\/product_brand?post=316"},{"taxonomy":"product_cat","embeddable":true,"href":"https:\/\/vuoncauvong.com\/index.php\/wp-json\/wp\/v2\/product_cat?post=316"},{"taxonomy":"product_tag","embeddable":true,"href":"https:\/\/vuoncauvong.com\/index.php\/wp-json\/wp\/v2\/product_tag?post=316"}],"curies":[{"name":"wp","href":"https:\/\/api.w.org\/{rel}","templated":true}]}}