{"id":215,"date":"2024-11-26T19:02:58","date_gmt":"2024-11-26T12:02:58","guid":{"rendered":"https:\/\/vuoncauvong.com\/?post_type=product&#038;p=215"},"modified":"2025-02-11T09:56:21","modified_gmt":"2025-02-11T02:56:21","slug":"sen-da-beo-phap-vi-cay-giong","status":"publish","type":"product","link":"https:\/\/vuoncauvong.com\/index.php\/san-pham\/sen-da-beo-phap-vi-cay-giong\/","title":{"rendered":"Sen \u0111\u00e1 b\u00e8o Ph\u00e1p v\u1ec9 (c\u00e2y gi\u1ed1ng)"},"content":{"rendered":"<p><em><strong>Sen \u0111\u00e1 b\u00e8o Ph\u00e1p v\u1ec9<\/strong><\/em> l\u00e0 lo\u1ea1i c\u00e2y sen gi\u1ed1ng, c\u00f3 \u0111\u01b0\u1eddng k\u00ednh b\u1ea7u \u0111\u1ea5t kho\u1ea3ng 2,5cm, \u0111\u01b0\u1eddng k\u00ednh 4-5cm. <strong><em>Sen \u0111\u00e1 b\u00e8o Ph\u00e1p v\u1ec9<\/em><\/strong> th\u00edch h\u1ee3p d\u00f9ng l\u00e0m c\u00e2y trang tr\u00ed, tr\u1ed3ng ti\u1ec3u c\u1ea3nh, mix ch\u1eadu, c\u0169ng c\u00f3 th\u1ec3 ch\u0103m cho c\u00e2y l\u1edbn th\u00e0nh size b\u1ea7u hay size th\u1ee5.<br \/>\n<strong><em>Sen \u0111\u00e1 b\u00e8o Ph\u00e1p v\u1ec9<\/em><\/strong> c\u00f3 d\u1ec5 tr\u1ed3ng kh\u00f4ng? <strong><em>Sen \u0111\u00e1 b\u00e8o Ph\u00e1p v\u1ec9<\/em><\/strong> c\u00f3 s\u1ee9c s\u1ed1ng t\u1ed1t, ch\u1ecbu \u0111\u01b0\u1ee3c kh\u00f4 h\u1ea1n v\u00e0 n\u1eafng n\u00f3ng. Khi tr\u1eddi tr\u1edf l\u1ea1nh v\u00e0 c\u00f3 n\u1eafng, <em><strong>Sen \u0111\u00e1 b\u00e8o Ph\u00e1p v\u1ec9 <\/strong><\/em>c\u00f3 th\u1ec3 l\u00ean m\u00e0u h\u1ed3ng r\u1ea5t xinh. <strong><em>Sen \u0111\u00e1 b\u00e8o Ph\u00e1p v\u1ec9<\/em><\/strong> c\u0169ng r\u1ea5t nhanh l\u1edbn, c\u00f3 th\u1ec3 tr\u1ed3ng full n\u1eafng m\u01b0a m\u00e0 kh\u00f4ng lo \u00fang b\u1edfi b\u1ed9 r\u1ec5 r\u1ea5t kh\u1ecfe.<br \/>\nMua <strong><em>Sen \u0111\u00e1 b\u00e8o Ph\u00e1p v\u1ec9<\/em><\/strong> \u1edf \u0111\u00e2u? \u0110\u1ec3 mua \u0111\u01b0\u1ee3c c\u00e2y gi\u1ed1ng<em><strong> Sen \u0111\u00e1 b\u00e8o Ph\u00e1p v\u1ec9 v\u00ec<\/strong><\/em> kh\u1ecfe, gi\u00e0 c\u00e2y, b\u1ea1n n\u00ean t\u1edbi V\u01b0\u1eddn C\u1ea7u V\u1ed3ng &#8211; m\u1ed9t v\u01b0\u1eddn sen \u0111\u00e1 c\u00f3 uy t\u00edn t\u1ea1i H\u00e0 N\u1ed9i.<br \/>\nN\u1ebfu b\u1ea1n mu\u1ed1n mua <strong><em>Sen \u0111\u00e1 b\u00e8o Ph\u00e1p v\u1ec9<\/em><\/strong> m\u00e0 ch\u01b0a r\u00f5 c\u00e1ch ch\u0103m s\u00f3c hay g\u1eb7p v\u1ea5n \u0111\u1ec1 khi ch\u0103m s\u00f3c, \u0111\u1eebng ng\u1ea7n ng\u1ea1i li\u00ean h\u1ec7 V\u01b0\u1eddn C\u1ea7u V\u1ed3ng \u0111\u1ec3 \u0111\u01b0\u1ee3c h\u01b0\u1edbng d\u1eabn mi\u1ec5n ph\u00ed.<\/p>\n<p><strong>\u0110\u1ecba ch\u1ec9: V\u01b0\u1eddn C\u1ea7u V\u1ed3ng \u2013 cu\u1ed1i ng\u00f5 309 Ph\u00fa Di\u1ec5n &#8211; B\u1eafc T\u1eeb Li\u00eam &#8211; H\u00e0 N\u1ed9i<\/strong>\u00a0(\u0111i h\u1ebft \u0111\u01b0\u1eddng b\u00ea t\u00f4ng, \u0111i th\u00eam 30m \u0111\u01b0\u1eddng \u0111\u1ea5t, k\u1ecbch ng\u00f5 l\u00e0 V\u01b0\u1eddn C\u1ea7u V\u1ed3ng)<\/p>\n<p>Th\u1eddi gian m\u1edf c\u1eeda: 8h30 -18h<\/p>\n<p>\u0110T: 03.4884.6606 \u2013 03.8284.6606<\/p>\n<p>\ud835\udde0\ud835\uddee\ud835\uddfd: https:\/\/goo.gl\/maps\/dgkwvkpfxyJttKKS9<\/p>\n<p>\ud835\udddf\ud835\uddf6\ud835\uddfb\ud835\uddf8 \ud835\uddfa\ud835\ude02\ud835\uddee \ud835\uddfc\ud835\uddfb\ud835\uddf9\ud835\uddf6\ud835\uddfb\ud835\uddf2: https:\/\/vuoncauvong.com<\/p>\n<p>\ud835\udddf\ud835\uddf6\ud835\uddfb\ud835\uddf8 \ud835\udde6\ud835\uddf5\ud835\uddfc\ud835\uddfd\ud835\uddf2\ud835\uddf2 https:\/\/shope.ee\/8eubYh9rNq<\/p>\n<p>\u26a1 V\u01b0\u1eddn c\u00f3 tuy\u1ec3n CTV b\u00e1n sen \u0111\u00e1 \u26a1<\/p>\n<p>#sen\u0111\u00e1 #v\u01b0\u1eddnc\u1ea7uv\u1ed3ng #vuoncauvong #309Ph\u00faDi\u1ec5n<\/p>\n<p>&nbsp;<\/p>\n<p style=\"text-align: center;\">\n","protected":false},"excerpt":{"rendered":"<p><em><strong>Sen \u0111\u00e1 b\u00e8o Ph\u00e1p v\u1ec9<\/strong><\/em> l\u00e0 lo\u1ea1i c\u00e2y sen gi\u1ed1ng, c\u00f3 \u0111\u01b0\u1eddng k\u00ednh b\u1ea7u \u0111\u1ea5t kho\u1ea3ng 2,5cm, \u0111\u01b0\u1eddng k\u00ednh 4-5cm. <strong><em>Sen \u0111\u00e1 b\u00e8o Ph\u00e1p v\u1ec9<\/em><\/strong> th\u00edch h\u1ee3p d\u00f9ng l\u00e0m c\u00e2y trang tr\u00ed, tr\u1ed3ng ti\u1ec3u c\u1ea3nh, mix ch\u1eadu, c\u0169ng c\u00f3 th\u1ec3 ch\u0103m cho c\u00e2y l\u1edbn th\u00e0nh size b\u1ea7u hay size th\u1ee5.<\/p>\n","protected":false},"featured_media":491,"comment_status":"open","ping_status":"closed","template":"","meta":[],"product_brand":[],"product_cat":[22,23],"product_tag":[],"class_list":{"0":"post-215","1":"product","2":"type-product","3":"status-publish","4":"has-post-thumbnail","6":"product_cat-sen-da","7":"product_cat-sen-vi","9":"first","10":"instock","11":"sale","12":"shipping-taxable","13":"purchasable","14":"product-type-simple"},"jetpack_sharing_enabled":true,"_links":{"self":[{"href":"https:\/\/vuoncauvong.com\/index.php\/wp-json\/wp\/v2\/product\/215","targetHints":{"allow":["GET"]}}],"collection":[{"href":"https:\/\/vuoncauvong.com\/index.php\/wp-json\/wp\/v2\/product"}],"about":[{"href":"https:\/\/vuoncauvong.com\/index.php\/wp-json\/wp\/v2\/types\/product"}],"replies":[{"embeddable":true,"href":"https:\/\/vuoncauvong.com\/index.php\/wp-json\/wp\/v2\/comments?post=215"}],"wp:featuredmedia":[{"embeddable":true,"href":"https:\/\/vuoncauvong.com\/index.php\/wp-json\/wp\/v2\/media\/491"}],"wp:attachment":[{"href":"https:\/\/vuoncauvong.com\/index.php\/wp-json\/wp\/v2\/media?parent=215"}],"wp:term":[{"taxonomy":"product_brand","embeddable":true,"href":"https:\/\/vuoncauvong.com\/index.php\/wp-json\/wp\/v2\/product_brand?post=215"},{"taxonomy":"product_cat","embeddable":true,"href":"https:\/\/vuoncauvong.com\/index.php\/wp-json\/wp\/v2\/product_cat?post=215"},{"taxonomy":"product_tag","embeddable":true,"href":"https:\/\/vuoncauvong.com\/index.php\/wp-json\/wp\/v2\/product_tag?post=215"}],"curies":[{"name":"wp","href":"https:\/\/api.w.org\/{rel}","templated":true}]}}